{"id":25599,"date":"2021-04-16T15:12:45","date_gmt":"2021-04-16T13:12:45","guid":{"rendered":"https:\/\/make-up-factory.com\/product\/mineral-fixing-powder\/"},"modified":"2026-03-20T03:04:46","modified_gmt":"2026-03-20T02:04:46","slug":"mineral-fixing-powder","status":"publish","type":"product","link":"https:\/\/make-up-factory.com\/de\/produkt\/mineral-fixing-powder\/","title":{"rendered":"Mineral Fixing Powder"},"content":{"rendered":"<p>Der transparente Mineral Fixing Powder fixiert unsichtbar jede Art von Foundation. Er hat eine mattierende Wirkung und erh\u00f6ht deutlich die Haltbarkeit des Make ups. Die gepresste Textur aus feinst gemahlenem Puder br\u00f6selt nicht und ist dadurch ideal f\u00fcr unterwegs. Auf der Haut auftragen hinterl\u00e4sst der Puder \u2013 mit hochwertigem Saphirpuder mineralischen Ursprungs \u2013 ein samtiges Hautgef\u00fchl. Das Hautbild wirkt weichgezeichnet  und optisch verfeinert. Hautvertr\u00e4glichkeit dermatologisch best\u00e4tigt. Parabenfrei. <\/p>\n","protected":false},"excerpt":{"rendered":"<p>Transparenter Kompaktpuder zum Fixieren des Make ups.<\/p>\n","protected":false},"featured_media":109031,"template":"","meta":{"_acf_changed":false},"product_cat":[830],"product_tag":[],"class_list":{"0":"post-25599","1":"product","2":"type-product","3":"status-publish","4":"has-post-thumbnail","6":"product_cat-teint-puder","8":"first","9":"instock","10":"sold-individually","11":"shipping-taxable","12":"purchasable","13":"product-type-simple"},"acf":[],"yoast_head":"<!-- This site is optimized with the Yoast SEO plugin v25.6 - https:\/\/yoast.com\/wordpress\/plugins\/seo\/ -->\n<title>Mineral Fixing Powder - Make up Factory<\/title>\n<meta name=\"robots\" content=\"index, follow, max-snippet:-1, max-image-preview:large, max-video-preview:-1\" \/>\n<link rel=\"canonical\" href=\"https:\/\/make-up-factory.com\/de\/produkt\/mineral-fixing-powder\/\" \/>\n<meta property=\"og:locale\" content=\"de_DE\" \/>\n<meta property=\"og:type\" content=\"article\" \/>\n<meta property=\"og:title\" content=\"Mineral Fixing Powder - Make up Factory\" \/>\n<meta property=\"og:description\" content=\"Transparenter Kompaktpuder zum Fixieren des Make ups.\" \/>\n<meta property=\"og:url\" content=\"https:\/\/make-up-factory.com\/de\/produkt\/mineral-fixing-powder\/\" \/>\n<meta property=\"og:site_name\" content=\"Make up Factory\" \/>\n<meta property=\"article:publisher\" content=\"https:\/\/www.facebook.com\/Makeupfactory\/\" \/>\n<meta property=\"article:modified_time\" content=\"2026-03-20T02:04:46+00:00\" \/>\n<meta property=\"og:image\" content=\"https:\/\/make-up-factory.com\/app\/uploads\/2023\/05\/455c90ae1bd8cb3285e3c541915e5e652a74eb80_Website__format_JPG_2669.1_Mineral_Fixing_Powder.jpg\" \/>\n\t<meta property=\"og:image:width\" content=\"1000\" \/>\n\t<meta property=\"og:image:height\" content=\"1000\" \/>\n\t<meta property=\"og:image:type\" content=\"image\/jpeg\" \/>\n<meta name=\"twitter:card\" content=\"summary_large_image\" \/>\n<script type=\"application\/ld+json\" class=\"yoast-schema-graph\">{\"@context\":\"https:\/\/schema.org\",\"@graph\":[{\"@type\":\"WebPage\",\"@id\":\"https:\/\/make-up-factory.com\/de\/produkt\/mineral-fixing-powder\/\",\"url\":\"https:\/\/make-up-factory.com\/de\/produkt\/mineral-fixing-powder\/\",\"name\":\"Mineral Fixing Powder - Make up Factory\",\"isPartOf\":{\"@id\":\"https:\/\/make-up-factory.com\/de\/#website\"},\"primaryImageOfPage\":{\"@id\":\"https:\/\/make-up-factory.com\/de\/produkt\/mineral-fixing-powder\/#primaryimage\"},\"image\":{\"@id\":\"https:\/\/make-up-factory.com\/de\/produkt\/mineral-fixing-powder\/#primaryimage\"},\"thumbnailUrl\":\"https:\/\/make-up-factory.com\/app\/uploads\/2023\/05\/455c90ae1bd8cb3285e3c541915e5e652a74eb80_Website__format_JPG_2669.1_Mineral_Fixing_Powder.jpg\",\"datePublished\":\"2021-04-16T13:12:45+00:00\",\"dateModified\":\"2026-03-20T02:04:46+00:00\",\"breadcrumb\":{\"@id\":\"https:\/\/make-up-factory.com\/de\/produkt\/mineral-fixing-powder\/#breadcrumb\"},\"inLanguage\":\"de\",\"potentialAction\":[{\"@type\":\"ReadAction\",\"target\":[\"https:\/\/make-up-factory.com\/de\/produkt\/mineral-fixing-powder\/\"]}]},{\"@type\":\"ImageObject\",\"inLanguage\":\"de\",\"@id\":\"https:\/\/make-up-factory.com\/de\/produkt\/mineral-fixing-powder\/#primaryimage\",\"url\":\"https:\/\/make-up-factory.com\/app\/uploads\/2023\/05\/455c90ae1bd8cb3285e3c541915e5e652a74eb80_Website__format_JPG_2669.1_Mineral_Fixing_Powder.jpg\",\"contentUrl\":\"https:\/\/make-up-factory.com\/app\/uploads\/2023\/05\/455c90ae1bd8cb3285e3c541915e5e652a74eb80_Website__format_JPG_2669.1_Mineral_Fixing_Powder.jpg\",\"width\":1000,\"height\":1000},{\"@type\":\"BreadcrumbList\",\"@id\":\"https:\/\/make-up-factory.com\/de\/produkt\/mineral-fixing-powder\/#breadcrumb\",\"itemListElement\":[{\"@type\":\"ListItem\",\"position\":1,\"name\":\"Home\",\"item\":\"https:\/\/make-up-factory.com\/de\/\"},{\"@type\":\"ListItem\",\"position\":2,\"name\":\"Produkte\",\"item\":\"https:\/\/make-up-factory.com\/de\/produkte\/\"},{\"@type\":\"ListItem\",\"position\":3,\"name\":\"Teint\",\"item\":\"https:\/\/make-up-factory.com\/de\/produkte\/teint\/\"},{\"@type\":\"ListItem\",\"position\":4,\"name\":\"Puder\",\"item\":\"https:\/\/make-up-factory.com\/de\/produkte\/teint\/teint-puder\/\"},{\"@type\":\"ListItem\",\"position\":5,\"name\":\"Mineral Fixing Powder\"}]},{\"@type\":\"WebSite\",\"@id\":\"https:\/\/make-up-factory.com\/de\/#website\",\"url\":\"https:\/\/make-up-factory.com\/de\/\",\"name\":\"Make up Factory\",\"description\":\"\",\"publisher\":{\"@id\":\"https:\/\/make-up-factory.com\/de\/#organization\"},\"potentialAction\":[{\"@type\":\"SearchAction\",\"target\":{\"@type\":\"EntryPoint\",\"urlTemplate\":\"https:\/\/make-up-factory.com\/de\/?s={search_term_string}\"},\"query-input\":{\"@type\":\"PropertyValueSpecification\",\"valueRequired\":true,\"valueName\":\"search_term_string\"}}],\"inLanguage\":\"de\"},{\"@type\":\"Organization\",\"@id\":\"https:\/\/make-up-factory.com\/de\/#organization\",\"name\":\"ICB innovative cosmetic brands GmbH\",\"url\":\"https:\/\/make-up-factory.com\/de\/\",\"logo\":{\"@type\":\"ImageObject\",\"inLanguage\":\"de\",\"@id\":\"https:\/\/make-up-factory.com\/de\/#\/schema\/logo\/image\/\",\"url\":\"https:\/\/make-up-factory.com\/app\/uploads\/2021\/02\/muf-logo-1.png\",\"contentUrl\":\"https:\/\/make-up-factory.com\/app\/uploads\/2021\/02\/muf-logo-1.png\",\"width\":119,\"height\":209,\"caption\":\"ICB innovative cosmetic brands GmbH\"},\"image\":{\"@id\":\"https:\/\/make-up-factory.com\/de\/#\/schema\/logo\/image\/\"},\"sameAs\":[\"https:\/\/www.facebook.com\/Makeupfactory\/\",\"https:\/\/www.instagram.com\/make_up_factory\/\",\"https:\/\/www.youtube.com\/channel\/UCleVbgsF0ox7ZnTLV6kG5hA\"]}]}<\/script>\n<!-- \/ Yoast SEO plugin. -->","yoast_head_json":{"title":"Mineral Fixing Powder - Make up Factory","robots":{"index":"index","follow":"follow","max-snippet":"max-snippet:-1","max-image-preview":"max-image-preview:large","max-video-preview":"max-video-preview:-1"},"canonical":"https:\/\/make-up-factory.com\/de\/produkt\/mineral-fixing-powder\/","og_locale":"de_DE","og_type":"article","og_title":"Mineral Fixing Powder - Make up Factory","og_description":"Transparenter Kompaktpuder zum Fixieren des Make ups.","og_url":"https:\/\/make-up-factory.com\/de\/produkt\/mineral-fixing-powder\/","og_site_name":"Make up Factory","article_publisher":"https:\/\/www.facebook.com\/Makeupfactory\/","article_modified_time":"2026-03-20T02:04:46+00:00","og_image":[{"width":1000,"height":1000,"url":"https:\/\/make-up-factory.com\/app\/uploads\/2023\/05\/455c90ae1bd8cb3285e3c541915e5e652a74eb80_Website__format_JPG_2669.1_Mineral_Fixing_Powder.jpg","type":"image\/jpeg"}],"twitter_card":"summary_large_image","schema":{"@context":"https:\/\/schema.org","@graph":[{"@type":"WebPage","@id":"https:\/\/make-up-factory.com\/de\/produkt\/mineral-fixing-powder\/","url":"https:\/\/make-up-factory.com\/de\/produkt\/mineral-fixing-powder\/","name":"Mineral Fixing Powder - Make up Factory","isPartOf":{"@id":"https:\/\/make-up-factory.com\/de\/#website"},"primaryImageOfPage":{"@id":"https:\/\/make-up-factory.com\/de\/produkt\/mineral-fixing-powder\/#primaryimage"},"image":{"@id":"https:\/\/make-up-factory.com\/de\/produkt\/mineral-fixing-powder\/#primaryimage"},"thumbnailUrl":"https:\/\/make-up-factory.com\/app\/uploads\/2023\/05\/455c90ae1bd8cb3285e3c541915e5e652a74eb80_Website__format_JPG_2669.1_Mineral_Fixing_Powder.jpg","datePublished":"2021-04-16T13:12:45+00:00","dateModified":"2026-03-20T02:04:46+00:00","breadcrumb":{"@id":"https:\/\/make-up-factory.com\/de\/produkt\/mineral-fixing-powder\/#breadcrumb"},"inLanguage":"de","potentialAction":[{"@type":"ReadAction","target":["https:\/\/make-up-factory.com\/de\/produkt\/mineral-fixing-powder\/"]}]},{"@type":"ImageObject","inLanguage":"de","@id":"https:\/\/make-up-factory.com\/de\/produkt\/mineral-fixing-powder\/#primaryimage","url":"https:\/\/make-up-factory.com\/app\/uploads\/2023\/05\/455c90ae1bd8cb3285e3c541915e5e652a74eb80_Website__format_JPG_2669.1_Mineral_Fixing_Powder.jpg","contentUrl":"https:\/\/make-up-factory.com\/app\/uploads\/2023\/05\/455c90ae1bd8cb3285e3c541915e5e652a74eb80_Website__format_JPG_2669.1_Mineral_Fixing_Powder.jpg","width":1000,"height":1000},{"@type":"BreadcrumbList","@id":"https:\/\/make-up-factory.com\/de\/produkt\/mineral-fixing-powder\/#breadcrumb","itemListElement":[{"@type":"ListItem","position":1,"name":"Home","item":"https:\/\/make-up-factory.com\/de\/"},{"@type":"ListItem","position":2,"name":"Produkte","item":"https:\/\/make-up-factory.com\/de\/produkte\/"},{"@type":"ListItem","position":3,"name":"Teint","item":"https:\/\/make-up-factory.com\/de\/produkte\/teint\/"},{"@type":"ListItem","position":4,"name":"Puder","item":"https:\/\/make-up-factory.com\/de\/produkte\/teint\/teint-puder\/"},{"@type":"ListItem","position":5,"name":"Mineral Fixing Powder"}]},{"@type":"WebSite","@id":"https:\/\/make-up-factory.com\/de\/#website","url":"https:\/\/make-up-factory.com\/de\/","name":"Make up Factory","description":"","publisher":{"@id":"https:\/\/make-up-factory.com\/de\/#organization"},"potentialAction":[{"@type":"SearchAction","target":{"@type":"EntryPoint","urlTemplate":"https:\/\/make-up-factory.com\/de\/?s={search_term_string}"},"query-input":{"@type":"PropertyValueSpecification","valueRequired":true,"valueName":"search_term_string"}}],"inLanguage":"de"},{"@type":"Organization","@id":"https:\/\/make-up-factory.com\/de\/#organization","name":"ICB innovative cosmetic brands GmbH","url":"https:\/\/make-up-factory.com\/de\/","logo":{"@type":"ImageObject","inLanguage":"de","@id":"https:\/\/make-up-factory.com\/de\/#\/schema\/logo\/image\/","url":"https:\/\/make-up-factory.com\/app\/uploads\/2021\/02\/muf-logo-1.png","contentUrl":"https:\/\/make-up-factory.com\/app\/uploads\/2021\/02\/muf-logo-1.png","width":119,"height":209,"caption":"ICB innovative cosmetic brands GmbH"},"image":{"@id":"https:\/\/make-up-factory.com\/de\/#\/schema\/logo\/image\/"},"sameAs":["https:\/\/www.facebook.com\/Makeupfactory\/","https:\/\/www.instagram.com\/make_up_factory\/","https:\/\/www.youtube.com\/channel\/UCleVbgsF0ox7ZnTLV6kG5hA"]}]}},"_links":{"self":[{"href":"https:\/\/make-up-factory.com\/de\/wp-json\/wp\/v2\/product\/25599","targetHints":{"allow":["GET"]}}],"collection":[{"href":"https:\/\/make-up-factory.com\/de\/wp-json\/wp\/v2\/product"}],"about":[{"href":"https:\/\/make-up-factory.com\/de\/wp-json\/wp\/v2\/types\/product"}],"version-history":[{"count":2,"href":"https:\/\/make-up-factory.com\/de\/wp-json\/wp\/v2\/product\/25599\/revisions"}],"predecessor-version":[{"id":117428,"href":"https:\/\/make-up-factory.com\/de\/wp-json\/wp\/v2\/product\/25599\/revisions\/117428"}],"wp:featuredmedia":[{"embeddable":true,"href":"https:\/\/make-up-factory.com\/de\/wp-json\/wp\/v2\/media\/109031"}],"wp:attachment":[{"href":"https:\/\/make-up-factory.com\/de\/wp-json\/wp\/v2\/media?parent=25599"}],"wp:term":[{"taxonomy":"product_cat","embeddable":true,"href":"https:\/\/make-up-factory.com\/de\/wp-json\/wp\/v2\/product_cat?post=25599"},{"taxonomy":"product_tag","embeddable":true,"href":"https:\/\/make-up-factory.com\/de\/wp-json\/wp\/v2\/product_tag?post=25599"}],"curies":[{"name":"wp","href":"https:\/\/api.w.org\/{rel}","templated":true}]}}