{"id":25598,"date":"2021-04-16T15:12:45","date_gmt":"2021-04-16T13:12:45","guid":{"rendered":"https:\/\/make-up-factory.com\/product\/shimmer-lip-stick\/"},"modified":"2026-04-27T21:18:52","modified_gmt":"2026-04-27T19:18:52","slug":"shimmer-lip-stick","status":"publish","type":"product","link":"https:\/\/make-up-factory.com\/de\/produkt\/shimmer-lip-stick\/","title":{"rendered":"Shimmer Lip Stick"},"content":{"rendered":"<p>Der geschmeidige Shimmer Lip Stick zaubert durch seine feinen Glitterpartikel einen edlen Glanz auf den Lippen und bietet durch die cremige Textur gleichzeitig einen hohen Tragekomfort. Dank der hochwertigen Textur l\u00e4sst er sich gleichm\u00e4\u00dfig auftragen und die Lippen sinnlich funkeln &#8211; f\u00fcr ein glamour\u00f6ses Lippen-Make up.<\/p>\n","protected":false},"excerpt":{"rendered":"<p>Geschmeidiger Lippenstift mit kleinen, feinen Glanzpartikeln.<\/p>\n","protected":false},"featured_media":109427,"template":"","meta":{"_acf_changed":false},"product_cat":[909],"product_tag":[],"class_list":{"0":"post-25598","1":"product","2":"type-product","3":"status-publish","4":"has-post-thumbnail","6":"product_cat-lippen-lippenstift","8":"first","9":"instock","10":"sold-individually","11":"shipping-taxable","12":"purchasable","13":"product-type-variable","14":"has-default-attributes"},"acf":[],"yoast_head":"<!-- This site is optimized with the Yoast SEO plugin v25.6 - https:\/\/yoast.com\/wordpress\/plugins\/seo\/ -->\n<title>Shimmer Lip Stick - Make up Factory<\/title>\n<meta name=\"robots\" content=\"index, follow, max-snippet:-1, max-image-preview:large, max-video-preview:-1\" \/>\n<link rel=\"canonical\" href=\"https:\/\/make-up-factory.com\/de\/produkt\/shimmer-lip-stick\/\" \/>\n<meta property=\"og:locale\" content=\"de_DE\" \/>\n<meta property=\"og:type\" content=\"article\" \/>\n<meta property=\"og:title\" content=\"Shimmer Lip Stick - Make up Factory\" \/>\n<meta property=\"og:description\" content=\"Geschmeidiger Lippenstift mit kleinen, feinen Glanzpartikeln.\" \/>\n<meta property=\"og:url\" content=\"https:\/\/make-up-factory.com\/de\/produkt\/shimmer-lip-stick\/\" \/>\n<meta property=\"og:site_name\" content=\"Make up Factory\" \/>\n<meta property=\"article:publisher\" content=\"https:\/\/www.facebook.com\/Makeupfactory\/\" \/>\n<meta property=\"article:modified_time\" content=\"2026-04-27T19:18:52+00:00\" \/>\n<meta property=\"og:image\" content=\"https:\/\/make-up-factory.com\/app\/uploads\/2023\/08\/4370cb944f01e3a258799c48f5e908365f794cd7_Website_format_JPG_224.39_Shimmer_Lipstick.jpg\" \/>\n\t<meta property=\"og:image:width\" content=\"2000\" \/>\n\t<meta property=\"og:image:height\" content=\"2000\" \/>\n\t<meta property=\"og:image:type\" content=\"image\/jpeg\" \/>\n<meta name=\"twitter:card\" content=\"summary_large_image\" \/>\n<script type=\"application\/ld+json\" class=\"yoast-schema-graph\">{\"@context\":\"https:\/\/schema.org\",\"@graph\":[{\"@type\":\"WebPage\",\"@id\":\"https:\/\/make-up-factory.com\/de\/produkt\/shimmer-lip-stick\/\",\"url\":\"https:\/\/make-up-factory.com\/de\/produkt\/shimmer-lip-stick\/\",\"name\":\"Shimmer Lip Stick - Make up Factory\",\"isPartOf\":{\"@id\":\"https:\/\/make-up-factory.com\/de\/#website\"},\"primaryImageOfPage\":{\"@id\":\"https:\/\/make-up-factory.com\/de\/produkt\/shimmer-lip-stick\/#primaryimage\"},\"image\":{\"@id\":\"https:\/\/make-up-factory.com\/de\/produkt\/shimmer-lip-stick\/#primaryimage\"},\"thumbnailUrl\":\"https:\/\/make-up-factory.com\/app\/uploads\/2023\/08\/4370cb944f01e3a258799c48f5e908365f794cd7_Website_format_JPG_224.39_Shimmer_Lipstick.jpg\",\"datePublished\":\"2021-04-16T13:12:45+00:00\",\"dateModified\":\"2026-04-27T19:18:52+00:00\",\"breadcrumb\":{\"@id\":\"https:\/\/make-up-factory.com\/de\/produkt\/shimmer-lip-stick\/#breadcrumb\"},\"inLanguage\":\"de\",\"potentialAction\":[{\"@type\":\"ReadAction\",\"target\":[\"https:\/\/make-up-factory.com\/de\/produkt\/shimmer-lip-stick\/\"]}]},{\"@type\":\"ImageObject\",\"inLanguage\":\"de\",\"@id\":\"https:\/\/make-up-factory.com\/de\/produkt\/shimmer-lip-stick\/#primaryimage\",\"url\":\"https:\/\/make-up-factory.com\/app\/uploads\/2023\/08\/4370cb944f01e3a258799c48f5e908365f794cd7_Website_format_JPG_224.39_Shimmer_Lipstick.jpg\",\"contentUrl\":\"https:\/\/make-up-factory.com\/app\/uploads\/2023\/08\/4370cb944f01e3a258799c48f5e908365f794cd7_Website_format_JPG_224.39_Shimmer_Lipstick.jpg\",\"width\":2000,\"height\":2000},{\"@type\":\"BreadcrumbList\",\"@id\":\"https:\/\/make-up-factory.com\/de\/produkt\/shimmer-lip-stick\/#breadcrumb\",\"itemListElement\":[{\"@type\":\"ListItem\",\"position\":1,\"name\":\"Home\",\"item\":\"https:\/\/make-up-factory.com\/de\/\"},{\"@type\":\"ListItem\",\"position\":2,\"name\":\"Produkte\",\"item\":\"https:\/\/make-up-factory.com\/de\/produkte\/\"},{\"@type\":\"ListItem\",\"position\":3,\"name\":\"Lippen\",\"item\":\"https:\/\/make-up-factory.com\/de\/produkte\/lippen\/\"},{\"@type\":\"ListItem\",\"position\":4,\"name\":\"Lippenstift\",\"item\":\"https:\/\/make-up-factory.com\/de\/produkte\/lippen\/lippen-lippenstift\/\"},{\"@type\":\"ListItem\",\"position\":5,\"name\":\"Shimmer Lip Stick\"}]},{\"@type\":\"WebSite\",\"@id\":\"https:\/\/make-up-factory.com\/de\/#website\",\"url\":\"https:\/\/make-up-factory.com\/de\/\",\"name\":\"Make up Factory\",\"description\":\"\",\"publisher\":{\"@id\":\"https:\/\/make-up-factory.com\/de\/#organization\"},\"potentialAction\":[{\"@type\":\"SearchAction\",\"target\":{\"@type\":\"EntryPoint\",\"urlTemplate\":\"https:\/\/make-up-factory.com\/de\/?s={search_term_string}\"},\"query-input\":{\"@type\":\"PropertyValueSpecification\",\"valueRequired\":true,\"valueName\":\"search_term_string\"}}],\"inLanguage\":\"de\"},{\"@type\":\"Organization\",\"@id\":\"https:\/\/make-up-factory.com\/de\/#organization\",\"name\":\"ICB innovative cosmetic brands GmbH\",\"url\":\"https:\/\/make-up-factory.com\/de\/\",\"logo\":{\"@type\":\"ImageObject\",\"inLanguage\":\"de\",\"@id\":\"https:\/\/make-up-factory.com\/de\/#\/schema\/logo\/image\/\",\"url\":\"https:\/\/make-up-factory.com\/app\/uploads\/2021\/02\/muf-logo-1.png\",\"contentUrl\":\"https:\/\/make-up-factory.com\/app\/uploads\/2021\/02\/muf-logo-1.png\",\"width\":119,\"height\":209,\"caption\":\"ICB innovative cosmetic brands GmbH\"},\"image\":{\"@id\":\"https:\/\/make-up-factory.com\/de\/#\/schema\/logo\/image\/\"},\"sameAs\":[\"https:\/\/www.facebook.com\/Makeupfactory\/\",\"https:\/\/www.instagram.com\/make_up_factory\/\",\"https:\/\/www.youtube.com\/channel\/UCleVbgsF0ox7ZnTLV6kG5hA\"]}]}<\/script>\n<!-- \/ Yoast SEO plugin. -->","yoast_head_json":{"title":"Shimmer Lip Stick - Make up Factory","robots":{"index":"index","follow":"follow","max-snippet":"max-snippet:-1","max-image-preview":"max-image-preview:large","max-video-preview":"max-video-preview:-1"},"canonical":"https:\/\/make-up-factory.com\/de\/produkt\/shimmer-lip-stick\/","og_locale":"de_DE","og_type":"article","og_title":"Shimmer Lip Stick - Make up Factory","og_description":"Geschmeidiger Lippenstift mit kleinen, feinen Glanzpartikeln.","og_url":"https:\/\/make-up-factory.com\/de\/produkt\/shimmer-lip-stick\/","og_site_name":"Make up Factory","article_publisher":"https:\/\/www.facebook.com\/Makeupfactory\/","article_modified_time":"2026-04-27T19:18:52+00:00","og_image":[{"width":2000,"height":2000,"url":"https:\/\/make-up-factory.com\/app\/uploads\/2023\/08\/4370cb944f01e3a258799c48f5e908365f794cd7_Website_format_JPG_224.39_Shimmer_Lipstick.jpg","type":"image\/jpeg"}],"twitter_card":"summary_large_image","schema":{"@context":"https:\/\/schema.org","@graph":[{"@type":"WebPage","@id":"https:\/\/make-up-factory.com\/de\/produkt\/shimmer-lip-stick\/","url":"https:\/\/make-up-factory.com\/de\/produkt\/shimmer-lip-stick\/","name":"Shimmer Lip Stick - Make up Factory","isPartOf":{"@id":"https:\/\/make-up-factory.com\/de\/#website"},"primaryImageOfPage":{"@id":"https:\/\/make-up-factory.com\/de\/produkt\/shimmer-lip-stick\/#primaryimage"},"image":{"@id":"https:\/\/make-up-factory.com\/de\/produkt\/shimmer-lip-stick\/#primaryimage"},"thumbnailUrl":"https:\/\/make-up-factory.com\/app\/uploads\/2023\/08\/4370cb944f01e3a258799c48f5e908365f794cd7_Website_format_JPG_224.39_Shimmer_Lipstick.jpg","datePublished":"2021-04-16T13:12:45+00:00","dateModified":"2026-04-27T19:18:52+00:00","breadcrumb":{"@id":"https:\/\/make-up-factory.com\/de\/produkt\/shimmer-lip-stick\/#breadcrumb"},"inLanguage":"de","potentialAction":[{"@type":"ReadAction","target":["https:\/\/make-up-factory.com\/de\/produkt\/shimmer-lip-stick\/"]}]},{"@type":"ImageObject","inLanguage":"de","@id":"https:\/\/make-up-factory.com\/de\/produkt\/shimmer-lip-stick\/#primaryimage","url":"https:\/\/make-up-factory.com\/app\/uploads\/2023\/08\/4370cb944f01e3a258799c48f5e908365f794cd7_Website_format_JPG_224.39_Shimmer_Lipstick.jpg","contentUrl":"https:\/\/make-up-factory.com\/app\/uploads\/2023\/08\/4370cb944f01e3a258799c48f5e908365f794cd7_Website_format_JPG_224.39_Shimmer_Lipstick.jpg","width":2000,"height":2000},{"@type":"BreadcrumbList","@id":"https:\/\/make-up-factory.com\/de\/produkt\/shimmer-lip-stick\/#breadcrumb","itemListElement":[{"@type":"ListItem","position":1,"name":"Home","item":"https:\/\/make-up-factory.com\/de\/"},{"@type":"ListItem","position":2,"name":"Produkte","item":"https:\/\/make-up-factory.com\/de\/produkte\/"},{"@type":"ListItem","position":3,"name":"Lippen","item":"https:\/\/make-up-factory.com\/de\/produkte\/lippen\/"},{"@type":"ListItem","position":4,"name":"Lippenstift","item":"https:\/\/make-up-factory.com\/de\/produkte\/lippen\/lippen-lippenstift\/"},{"@type":"ListItem","position":5,"name":"Shimmer Lip Stick"}]},{"@type":"WebSite","@id":"https:\/\/make-up-factory.com\/de\/#website","url":"https:\/\/make-up-factory.com\/de\/","name":"Make up Factory","description":"","publisher":{"@id":"https:\/\/make-up-factory.com\/de\/#organization"},"potentialAction":[{"@type":"SearchAction","target":{"@type":"EntryPoint","urlTemplate":"https:\/\/make-up-factory.com\/de\/?s={search_term_string}"},"query-input":{"@type":"PropertyValueSpecification","valueRequired":true,"valueName":"search_term_string"}}],"inLanguage":"de"},{"@type":"Organization","@id":"https:\/\/make-up-factory.com\/de\/#organization","name":"ICB innovative cosmetic brands GmbH","url":"https:\/\/make-up-factory.com\/de\/","logo":{"@type":"ImageObject","inLanguage":"de","@id":"https:\/\/make-up-factory.com\/de\/#\/schema\/logo\/image\/","url":"https:\/\/make-up-factory.com\/app\/uploads\/2021\/02\/muf-logo-1.png","contentUrl":"https:\/\/make-up-factory.com\/app\/uploads\/2021\/02\/muf-logo-1.png","width":119,"height":209,"caption":"ICB innovative cosmetic brands GmbH"},"image":{"@id":"https:\/\/make-up-factory.com\/de\/#\/schema\/logo\/image\/"},"sameAs":["https:\/\/www.facebook.com\/Makeupfactory\/","https:\/\/www.instagram.com\/make_up_factory\/","https:\/\/www.youtube.com\/channel\/UCleVbgsF0ox7ZnTLV6kG5hA"]}]}},"_links":{"self":[{"href":"https:\/\/make-up-factory.com\/de\/wp-json\/wp\/v2\/product\/25598","targetHints":{"allow":["GET"]}}],"collection":[{"href":"https:\/\/make-up-factory.com\/de\/wp-json\/wp\/v2\/product"}],"about":[{"href":"https:\/\/make-up-factory.com\/de\/wp-json\/wp\/v2\/types\/product"}],"version-history":[{"count":3,"href":"https:\/\/make-up-factory.com\/de\/wp-json\/wp\/v2\/product\/25598\/revisions"}],"predecessor-version":[{"id":116388,"href":"https:\/\/make-up-factory.com\/de\/wp-json\/wp\/v2\/product\/25598\/revisions\/116388"}],"wp:featuredmedia":[{"embeddable":true,"href":"https:\/\/make-up-factory.com\/de\/wp-json\/wp\/v2\/media\/109427"}],"wp:attachment":[{"href":"https:\/\/make-up-factory.com\/de\/wp-json\/wp\/v2\/media?parent=25598"}],"wp:term":[{"taxonomy":"product_cat","embeddable":true,"href":"https:\/\/make-up-factory.com\/de\/wp-json\/wp\/v2\/product_cat?post=25598"},{"taxonomy":"product_tag","embeddable":true,"href":"https:\/\/make-up-factory.com\/de\/wp-json\/wp\/v2\/product_tag?post=25598"}],"curies":[{"name":"wp","href":"https:\/\/api.w.org\/{rel}","templated":true}]}}