{"id":25572,"date":"2021-04-16T15:12:40","date_gmt":"2021-04-16T13:12:40","guid":{"rendered":"https:\/\/make-up-factory.com\/product\/dream-eyes-waterproof\/"},"modified":"2026-04-09T15:51:43","modified_gmt":"2026-04-09T13:51:43","slug":"dream-eyes-waterproof","status":"publish","type":"product","link":"https:\/\/make-up-factory.com\/de\/produkt\/dream-eyes-waterproof\/","title":{"rendered":"Dream Eyes waterproof"},"content":{"rendered":"<p>Die Dream Eyes waterproof Mascara verleiht den Wimpern unwiderstehliches Volumen, eleganten Schwung und sorgt f\u00fcr einen traumhaften Augenaufschlag. Die konische B\u00fcrste umh\u00fcllt selbst feinste Wimpern im Innenwinkel der Augen und betont gleichzeitig die l\u00e4ngeren Wimpern im Au\u00dfenwinkel. Die Wimpern werden angehoben &#8211; das Ergebnis sind ein ge\u00f6ffneter Blick und optisch vergr\u00f6\u00dferte Augen.<\/p>\n","protected":false},"excerpt":{"rendered":"<p>Wasserfeste Wimperntusche f\u00fcr einen traumhaften Augenaufschlag mit Puppenwimperneffekt.<\/p>\n","protected":false},"featured_media":113784,"template":"","meta":{"_acf_changed":false},"product_cat":[837],"product_tag":[],"class_list":{"0":"post-25572","1":"product","2":"type-product","3":"status-publish","4":"has-post-thumbnail","6":"product_cat-augen-mascara","8":"first","9":"instock","10":"sold-individually","11":"shipping-taxable","12":"purchasable","13":"product-type-simple"},"acf":[],"yoast_head":"<!-- This site is optimized with the Yoast SEO plugin v25.6 - https:\/\/yoast.com\/wordpress\/plugins\/seo\/ -->\n<title>Dream Eyes waterproof - Make up Factory<\/title>\n<meta name=\"robots\" content=\"index, follow, max-snippet:-1, max-image-preview:large, max-video-preview:-1\" \/>\n<link rel=\"canonical\" href=\"https:\/\/make-up-factory.com\/de\/produkt\/dream-eyes-waterproof\/\" \/>\n<meta property=\"og:locale\" content=\"de_DE\" \/>\n<meta property=\"og:type\" content=\"article\" \/>\n<meta property=\"og:title\" content=\"Dream Eyes waterproof - Make up Factory\" \/>\n<meta property=\"og:description\" content=\"Wasserfeste Wimperntusche f\u00fcr einen traumhaften Augenaufschlag mit Puppenwimperneffekt.\" \/>\n<meta property=\"og:url\" content=\"https:\/\/make-up-factory.com\/de\/produkt\/dream-eyes-waterproof\/\" \/>\n<meta property=\"og:site_name\" content=\"Make up Factory\" \/>\n<meta property=\"article:publisher\" content=\"https:\/\/www.facebook.com\/Makeupfactory\/\" \/>\n<meta property=\"article:modified_time\" content=\"2026-04-09T13:51:43+00:00\" \/>\n<meta property=\"og:image\" content=\"https:\/\/make-up-factory.com\/app\/uploads\/2025\/01\/c3c0914934ee31e2cea45575ca36c940f2897798_Website_format_JPG_2420.01_Dream_Eyes_Waterproof_open.jpg\" \/>\n\t<meta property=\"og:image:width\" content=\"2000\" \/>\n\t<meta property=\"og:image:height\" content=\"2000\" \/>\n\t<meta property=\"og:image:type\" content=\"image\/jpeg\" \/>\n<meta name=\"twitter:card\" content=\"summary_large_image\" \/>\n<script type=\"application\/ld+json\" class=\"yoast-schema-graph\">{\"@context\":\"https:\/\/schema.org\",\"@graph\":[{\"@type\":\"WebPage\",\"@id\":\"https:\/\/make-up-factory.com\/de\/produkt\/dream-eyes-waterproof\/\",\"url\":\"https:\/\/make-up-factory.com\/de\/produkt\/dream-eyes-waterproof\/\",\"name\":\"Dream Eyes waterproof - Make up Factory\",\"isPartOf\":{\"@id\":\"https:\/\/make-up-factory.com\/de\/#website\"},\"primaryImageOfPage\":{\"@id\":\"https:\/\/make-up-factory.com\/de\/produkt\/dream-eyes-waterproof\/#primaryimage\"},\"image\":{\"@id\":\"https:\/\/make-up-factory.com\/de\/produkt\/dream-eyes-waterproof\/#primaryimage\"},\"thumbnailUrl\":\"https:\/\/make-up-factory.com\/app\/uploads\/2025\/01\/c3c0914934ee31e2cea45575ca36c940f2897798_Website_format_JPG_2420.01_Dream_Eyes_Waterproof_open.jpg\",\"datePublished\":\"2021-04-16T13:12:40+00:00\",\"dateModified\":\"2026-04-09T13:51:43+00:00\",\"breadcrumb\":{\"@id\":\"https:\/\/make-up-factory.com\/de\/produkt\/dream-eyes-waterproof\/#breadcrumb\"},\"inLanguage\":\"de\",\"potentialAction\":[{\"@type\":\"ReadAction\",\"target\":[\"https:\/\/make-up-factory.com\/de\/produkt\/dream-eyes-waterproof\/\"]}]},{\"@type\":\"ImageObject\",\"inLanguage\":\"de\",\"@id\":\"https:\/\/make-up-factory.com\/de\/produkt\/dream-eyes-waterproof\/#primaryimage\",\"url\":\"https:\/\/make-up-factory.com\/app\/uploads\/2025\/01\/c3c0914934ee31e2cea45575ca36c940f2897798_Website_format_JPG_2420.01_Dream_Eyes_Waterproof_open.jpg\",\"contentUrl\":\"https:\/\/make-up-factory.com\/app\/uploads\/2025\/01\/c3c0914934ee31e2cea45575ca36c940f2897798_Website_format_JPG_2420.01_Dream_Eyes_Waterproof_open.jpg\",\"width\":2000,\"height\":2000},{\"@type\":\"BreadcrumbList\",\"@id\":\"https:\/\/make-up-factory.com\/de\/produkt\/dream-eyes-waterproof\/#breadcrumb\",\"itemListElement\":[{\"@type\":\"ListItem\",\"position\":1,\"name\":\"Home\",\"item\":\"https:\/\/make-up-factory.com\/de\/\"},{\"@type\":\"ListItem\",\"position\":2,\"name\":\"Produkte\",\"item\":\"https:\/\/make-up-factory.com\/de\/produkte\/\"},{\"@type\":\"ListItem\",\"position\":3,\"name\":\"Augen\",\"item\":\"https:\/\/make-up-factory.com\/de\/produkte\/augen\/\"},{\"@type\":\"ListItem\",\"position\":4,\"name\":\"Mascara\",\"item\":\"https:\/\/make-up-factory.com\/de\/produkte\/augen\/augen-mascara\/\"},{\"@type\":\"ListItem\",\"position\":5,\"name\":\"Dream Eyes waterproof\"}]},{\"@type\":\"WebSite\",\"@id\":\"https:\/\/make-up-factory.com\/de\/#website\",\"url\":\"https:\/\/make-up-factory.com\/de\/\",\"name\":\"Make up Factory\",\"description\":\"\",\"publisher\":{\"@id\":\"https:\/\/make-up-factory.com\/de\/#organization\"},\"potentialAction\":[{\"@type\":\"SearchAction\",\"target\":{\"@type\":\"EntryPoint\",\"urlTemplate\":\"https:\/\/make-up-factory.com\/de\/?s={search_term_string}\"},\"query-input\":{\"@type\":\"PropertyValueSpecification\",\"valueRequired\":true,\"valueName\":\"search_term_string\"}}],\"inLanguage\":\"de\"},{\"@type\":\"Organization\",\"@id\":\"https:\/\/make-up-factory.com\/de\/#organization\",\"name\":\"ICB innovative cosmetic brands GmbH\",\"url\":\"https:\/\/make-up-factory.com\/de\/\",\"logo\":{\"@type\":\"ImageObject\",\"inLanguage\":\"de\",\"@id\":\"https:\/\/make-up-factory.com\/de\/#\/schema\/logo\/image\/\",\"url\":\"https:\/\/make-up-factory.com\/app\/uploads\/2021\/02\/muf-logo-1.png\",\"contentUrl\":\"https:\/\/make-up-factory.com\/app\/uploads\/2021\/02\/muf-logo-1.png\",\"width\":119,\"height\":209,\"caption\":\"ICB innovative cosmetic brands GmbH\"},\"image\":{\"@id\":\"https:\/\/make-up-factory.com\/de\/#\/schema\/logo\/image\/\"},\"sameAs\":[\"https:\/\/www.facebook.com\/Makeupfactory\/\",\"https:\/\/www.instagram.com\/make_up_factory\/\",\"https:\/\/www.youtube.com\/channel\/UCleVbgsF0ox7ZnTLV6kG5hA\"]}]}<\/script>\n<!-- \/ Yoast SEO plugin. -->","yoast_head_json":{"title":"Dream Eyes waterproof - Make up Factory","robots":{"index":"index","follow":"follow","max-snippet":"max-snippet:-1","max-image-preview":"max-image-preview:large","max-video-preview":"max-video-preview:-1"},"canonical":"https:\/\/make-up-factory.com\/de\/produkt\/dream-eyes-waterproof\/","og_locale":"de_DE","og_type":"article","og_title":"Dream Eyes waterproof - Make up Factory","og_description":"Wasserfeste Wimperntusche f\u00fcr einen traumhaften Augenaufschlag mit Puppenwimperneffekt.","og_url":"https:\/\/make-up-factory.com\/de\/produkt\/dream-eyes-waterproof\/","og_site_name":"Make up Factory","article_publisher":"https:\/\/www.facebook.com\/Makeupfactory\/","article_modified_time":"2026-04-09T13:51:43+00:00","og_image":[{"width":2000,"height":2000,"url":"https:\/\/make-up-factory.com\/app\/uploads\/2025\/01\/c3c0914934ee31e2cea45575ca36c940f2897798_Website_format_JPG_2420.01_Dream_Eyes_Waterproof_open.jpg","type":"image\/jpeg"}],"twitter_card":"summary_large_image","schema":{"@context":"https:\/\/schema.org","@graph":[{"@type":"WebPage","@id":"https:\/\/make-up-factory.com\/de\/produkt\/dream-eyes-waterproof\/","url":"https:\/\/make-up-factory.com\/de\/produkt\/dream-eyes-waterproof\/","name":"Dream Eyes waterproof - Make up Factory","isPartOf":{"@id":"https:\/\/make-up-factory.com\/de\/#website"},"primaryImageOfPage":{"@id":"https:\/\/make-up-factory.com\/de\/produkt\/dream-eyes-waterproof\/#primaryimage"},"image":{"@id":"https:\/\/make-up-factory.com\/de\/produkt\/dream-eyes-waterproof\/#primaryimage"},"thumbnailUrl":"https:\/\/make-up-factory.com\/app\/uploads\/2025\/01\/c3c0914934ee31e2cea45575ca36c940f2897798_Website_format_JPG_2420.01_Dream_Eyes_Waterproof_open.jpg","datePublished":"2021-04-16T13:12:40+00:00","dateModified":"2026-04-09T13:51:43+00:00","breadcrumb":{"@id":"https:\/\/make-up-factory.com\/de\/produkt\/dream-eyes-waterproof\/#breadcrumb"},"inLanguage":"de","potentialAction":[{"@type":"ReadAction","target":["https:\/\/make-up-factory.com\/de\/produkt\/dream-eyes-waterproof\/"]}]},{"@type":"ImageObject","inLanguage":"de","@id":"https:\/\/make-up-factory.com\/de\/produkt\/dream-eyes-waterproof\/#primaryimage","url":"https:\/\/make-up-factory.com\/app\/uploads\/2025\/01\/c3c0914934ee31e2cea45575ca36c940f2897798_Website_format_JPG_2420.01_Dream_Eyes_Waterproof_open.jpg","contentUrl":"https:\/\/make-up-factory.com\/app\/uploads\/2025\/01\/c3c0914934ee31e2cea45575ca36c940f2897798_Website_format_JPG_2420.01_Dream_Eyes_Waterproof_open.jpg","width":2000,"height":2000},{"@type":"BreadcrumbList","@id":"https:\/\/make-up-factory.com\/de\/produkt\/dream-eyes-waterproof\/#breadcrumb","itemListElement":[{"@type":"ListItem","position":1,"name":"Home","item":"https:\/\/make-up-factory.com\/de\/"},{"@type":"ListItem","position":2,"name":"Produkte","item":"https:\/\/make-up-factory.com\/de\/produkte\/"},{"@type":"ListItem","position":3,"name":"Augen","item":"https:\/\/make-up-factory.com\/de\/produkte\/augen\/"},{"@type":"ListItem","position":4,"name":"Mascara","item":"https:\/\/make-up-factory.com\/de\/produkte\/augen\/augen-mascara\/"},{"@type":"ListItem","position":5,"name":"Dream Eyes waterproof"}]},{"@type":"WebSite","@id":"https:\/\/make-up-factory.com\/de\/#website","url":"https:\/\/make-up-factory.com\/de\/","name":"Make up Factory","description":"","publisher":{"@id":"https:\/\/make-up-factory.com\/de\/#organization"},"potentialAction":[{"@type":"SearchAction","target":{"@type":"EntryPoint","urlTemplate":"https:\/\/make-up-factory.com\/de\/?s={search_term_string}"},"query-input":{"@type":"PropertyValueSpecification","valueRequired":true,"valueName":"search_term_string"}}],"inLanguage":"de"},{"@type":"Organization","@id":"https:\/\/make-up-factory.com\/de\/#organization","name":"ICB innovative cosmetic brands GmbH","url":"https:\/\/make-up-factory.com\/de\/","logo":{"@type":"ImageObject","inLanguage":"de","@id":"https:\/\/make-up-factory.com\/de\/#\/schema\/logo\/image\/","url":"https:\/\/make-up-factory.com\/app\/uploads\/2021\/02\/muf-logo-1.png","contentUrl":"https:\/\/make-up-factory.com\/app\/uploads\/2021\/02\/muf-logo-1.png","width":119,"height":209,"caption":"ICB innovative cosmetic brands GmbH"},"image":{"@id":"https:\/\/make-up-factory.com\/de\/#\/schema\/logo\/image\/"},"sameAs":["https:\/\/www.facebook.com\/Makeupfactory\/","https:\/\/www.instagram.com\/make_up_factory\/","https:\/\/www.youtube.com\/channel\/UCleVbgsF0ox7ZnTLV6kG5hA"]}]}},"_links":{"self":[{"href":"https:\/\/make-up-factory.com\/de\/wp-json\/wp\/v2\/product\/25572","targetHints":{"allow":["GET"]}}],"collection":[{"href":"https:\/\/make-up-factory.com\/de\/wp-json\/wp\/v2\/product"}],"about":[{"href":"https:\/\/make-up-factory.com\/de\/wp-json\/wp\/v2\/types\/product"}],"version-history":[{"count":3,"href":"https:\/\/make-up-factory.com\/de\/wp-json\/wp\/v2\/product\/25572\/revisions"}],"predecessor-version":[{"id":119980,"href":"https:\/\/make-up-factory.com\/de\/wp-json\/wp\/v2\/product\/25572\/revisions\/119980"}],"wp:featuredmedia":[{"embeddable":true,"href":"https:\/\/make-up-factory.com\/de\/wp-json\/wp\/v2\/media\/113784"}],"wp:attachment":[{"href":"https:\/\/make-up-factory.com\/de\/wp-json\/wp\/v2\/media?parent=25572"}],"wp:term":[{"taxonomy":"product_cat","embeddable":true,"href":"https:\/\/make-up-factory.com\/de\/wp-json\/wp\/v2\/product_cat?post=25572"},{"taxonomy":"product_tag","embeddable":true,"href":"https:\/\/make-up-factory.com\/de\/wp-json\/wp\/v2\/product_tag?post=25572"}],"curies":[{"name":"wp","href":"https:\/\/api.w.org\/{rel}","templated":true}]}}