{"id":25565,"date":"2021-04-16T15:12:38","date_gmt":"2021-04-16T13:12:38","guid":{"rendered":"https:\/\/make-up-factory.com\/product\/oil-free-foundation\/"},"modified":"2026-04-23T18:08:05","modified_gmt":"2026-04-23T16:08:05","slug":"oil-free-foundation","status":"publish","type":"product","link":"https:\/\/make-up-factory.com\/de\/produkt\/oil-free-foundation\/","title":{"rendered":"Oil-free Foundation"},"content":{"rendered":"<p>Die Oil-free Foundation ist ein mattierendes, \u00f6lfreies Make up f\u00fcr normale bis \u00f6lige Haut. Spezielle \u00f6labsorbierende Stoffe reduzieren den Glanz auf der Haut. <br \/>Die leichte Textur l\u00e4sst sich gleichm\u00e4\u00dfig verteilen und schafft ein mattes Finish. Die Foundation vermindert die Sichtbarkeit von Poren und sorgt f\u00fcr einen glatten, ebenm\u00e4\u00dfigen Teint. Dar\u00fcber hinaus versorgt Hyalurons\u00e4ure die Haut mit der notwendigen Feuchtigkeit und l\u00e4sst diese frischer erscheinen. Mit Vitamin E. Mineral\u00f6lfrei.<\/p>\n<p><\/p>\n<p><\/p>\n<p>Enth\u00e4lt UV-Filter. Kein ausreichender Sonnenschutz.\u00a0 Enth\u00e4lt Vitamin A. Ber\u00fccksichtigen Sie Ihre t\u00e4gliche Aufnahme vor der Anwendung.<\/p>\n","protected":false},"excerpt":{"rendered":"<p>Mattierende Foundation mit speziellen \u00f6labsorbierenden Stoffen, die den Glanz auf der Haut reduzieren.<\/p>\n","protected":false},"featured_media":108580,"template":"","meta":{"_acf_changed":false},"product_cat":[828],"product_tag":[],"class_list":{"0":"post-25565","1":"product","2":"type-product","3":"status-publish","4":"has-post-thumbnail","6":"product_cat-teint-foundation","8":"first","9":"instock","10":"sold-individually","11":"shipping-taxable","12":"purchasable","13":"product-type-variable","14":"has-default-attributes"},"acf":[],"yoast_head":"<!-- This site is optimized with the Yoast SEO plugin v25.6 - https:\/\/yoast.com\/wordpress\/plugins\/seo\/ -->\n<title>Oil-free Foundation - Make up Factory<\/title>\n<meta name=\"robots\" content=\"index, follow, max-snippet:-1, max-image-preview:large, max-video-preview:-1\" \/>\n<link rel=\"canonical\" href=\"https:\/\/make-up-factory.com\/de\/produkt\/oil-free-foundation\/\" \/>\n<meta property=\"og:locale\" content=\"de_DE\" \/>\n<meta property=\"og:type\" content=\"article\" \/>\n<meta property=\"og:title\" content=\"Oil-free Foundation - Make up Factory\" \/>\n<meta property=\"og:description\" content=\"Mattierende Foundation mit speziellen \u00f6labsorbierenden Stoffen, die den Glanz auf der Haut reduzieren.\" \/>\n<meta property=\"og:url\" content=\"https:\/\/make-up-factory.com\/de\/produkt\/oil-free-foundation\/\" \/>\n<meta property=\"og:site_name\" content=\"Make up Factory\" \/>\n<meta property=\"article:publisher\" content=\"https:\/\/www.facebook.com\/Makeupfactory\/\" \/>\n<meta property=\"article:modified_time\" content=\"2026-04-23T16:08:05+00:00\" \/>\n<meta property=\"og:image\" content=\"https:\/\/make-up-factory.com\/app\/uploads\/2023\/01\/14ed79dc8d9beac765a174730836cee465331cc7_Oil_freeFoundation_No45.jpg\" \/>\n\t<meta property=\"og:image:width\" content=\"1200\" \/>\n\t<meta property=\"og:image:height\" content=\"1200\" \/>\n\t<meta property=\"og:image:type\" content=\"image\/jpeg\" \/>\n<meta name=\"twitter:card\" content=\"summary_large_image\" \/>\n<script type=\"application\/ld+json\" class=\"yoast-schema-graph\">{\"@context\":\"https:\/\/schema.org\",\"@graph\":[{\"@type\":\"WebPage\",\"@id\":\"https:\/\/make-up-factory.com\/de\/produkt\/oil-free-foundation\/\",\"url\":\"https:\/\/make-up-factory.com\/de\/produkt\/oil-free-foundation\/\",\"name\":\"Oil-free Foundation - Make up Factory\",\"isPartOf\":{\"@id\":\"https:\/\/make-up-factory.com\/de\/#website\"},\"primaryImageOfPage\":{\"@id\":\"https:\/\/make-up-factory.com\/de\/produkt\/oil-free-foundation\/#primaryimage\"},\"image\":{\"@id\":\"https:\/\/make-up-factory.com\/de\/produkt\/oil-free-foundation\/#primaryimage\"},\"thumbnailUrl\":\"https:\/\/make-up-factory.com\/app\/uploads\/2023\/01\/14ed79dc8d9beac765a174730836cee465331cc7_Oil_freeFoundation_No45.jpg\",\"datePublished\":\"2021-04-16T13:12:38+00:00\",\"dateModified\":\"2026-04-23T16:08:05+00:00\",\"breadcrumb\":{\"@id\":\"https:\/\/make-up-factory.com\/de\/produkt\/oil-free-foundation\/#breadcrumb\"},\"inLanguage\":\"de\",\"potentialAction\":[{\"@type\":\"ReadAction\",\"target\":[\"https:\/\/make-up-factory.com\/de\/produkt\/oil-free-foundation\/\"]}]},{\"@type\":\"ImageObject\",\"inLanguage\":\"de\",\"@id\":\"https:\/\/make-up-factory.com\/de\/produkt\/oil-free-foundation\/#primaryimage\",\"url\":\"https:\/\/make-up-factory.com\/app\/uploads\/2023\/01\/14ed79dc8d9beac765a174730836cee465331cc7_Oil_freeFoundation_No45.jpg\",\"contentUrl\":\"https:\/\/make-up-factory.com\/app\/uploads\/2023\/01\/14ed79dc8d9beac765a174730836cee465331cc7_Oil_freeFoundation_No45.jpg\",\"width\":1200,\"height\":1200},{\"@type\":\"BreadcrumbList\",\"@id\":\"https:\/\/make-up-factory.com\/de\/produkt\/oil-free-foundation\/#breadcrumb\",\"itemListElement\":[{\"@type\":\"ListItem\",\"position\":1,\"name\":\"Home\",\"item\":\"https:\/\/make-up-factory.com\/de\/\"},{\"@type\":\"ListItem\",\"position\":2,\"name\":\"Produkte\",\"item\":\"https:\/\/make-up-factory.com\/de\/produkte\/\"},{\"@type\":\"ListItem\",\"position\":3,\"name\":\"Teint\",\"item\":\"https:\/\/make-up-factory.com\/de\/produkte\/teint\/\"},{\"@type\":\"ListItem\",\"position\":4,\"name\":\"Foundation\",\"item\":\"https:\/\/make-up-factory.com\/de\/produkte\/teint\/teint-foundation\/\"},{\"@type\":\"ListItem\",\"position\":5,\"name\":\"Oil-free Foundation\"}]},{\"@type\":\"WebSite\",\"@id\":\"https:\/\/make-up-factory.com\/de\/#website\",\"url\":\"https:\/\/make-up-factory.com\/de\/\",\"name\":\"Make up Factory\",\"description\":\"\",\"publisher\":{\"@id\":\"https:\/\/make-up-factory.com\/de\/#organization\"},\"potentialAction\":[{\"@type\":\"SearchAction\",\"target\":{\"@type\":\"EntryPoint\",\"urlTemplate\":\"https:\/\/make-up-factory.com\/de\/?s={search_term_string}\"},\"query-input\":{\"@type\":\"PropertyValueSpecification\",\"valueRequired\":true,\"valueName\":\"search_term_string\"}}],\"inLanguage\":\"de\"},{\"@type\":\"Organization\",\"@id\":\"https:\/\/make-up-factory.com\/de\/#organization\",\"name\":\"ICB innovative cosmetic brands GmbH\",\"url\":\"https:\/\/make-up-factory.com\/de\/\",\"logo\":{\"@type\":\"ImageObject\",\"inLanguage\":\"de\",\"@id\":\"https:\/\/make-up-factory.com\/de\/#\/schema\/logo\/image\/\",\"url\":\"https:\/\/make-up-factory.com\/app\/uploads\/2021\/02\/muf-logo-1.png\",\"contentUrl\":\"https:\/\/make-up-factory.com\/app\/uploads\/2021\/02\/muf-logo-1.png\",\"width\":119,\"height\":209,\"caption\":\"ICB innovative cosmetic brands GmbH\"},\"image\":{\"@id\":\"https:\/\/make-up-factory.com\/de\/#\/schema\/logo\/image\/\"},\"sameAs\":[\"https:\/\/www.facebook.com\/Makeupfactory\/\",\"https:\/\/www.instagram.com\/make_up_factory\/\",\"https:\/\/www.youtube.com\/channel\/UCleVbgsF0ox7ZnTLV6kG5hA\"]}]}<\/script>\n<!-- \/ Yoast SEO plugin. -->","yoast_head_json":{"title":"Oil-free Foundation - Make up Factory","robots":{"index":"index","follow":"follow","max-snippet":"max-snippet:-1","max-image-preview":"max-image-preview:large","max-video-preview":"max-video-preview:-1"},"canonical":"https:\/\/make-up-factory.com\/de\/produkt\/oil-free-foundation\/","og_locale":"de_DE","og_type":"article","og_title":"Oil-free Foundation - Make up Factory","og_description":"Mattierende Foundation mit speziellen \u00f6labsorbierenden Stoffen, die den Glanz auf der Haut reduzieren.","og_url":"https:\/\/make-up-factory.com\/de\/produkt\/oil-free-foundation\/","og_site_name":"Make up Factory","article_publisher":"https:\/\/www.facebook.com\/Makeupfactory\/","article_modified_time":"2026-04-23T16:08:05+00:00","og_image":[{"width":1200,"height":1200,"url":"https:\/\/make-up-factory.com\/app\/uploads\/2023\/01\/14ed79dc8d9beac765a174730836cee465331cc7_Oil_freeFoundation_No45.jpg","type":"image\/jpeg"}],"twitter_card":"summary_large_image","schema":{"@context":"https:\/\/schema.org","@graph":[{"@type":"WebPage","@id":"https:\/\/make-up-factory.com\/de\/produkt\/oil-free-foundation\/","url":"https:\/\/make-up-factory.com\/de\/produkt\/oil-free-foundation\/","name":"Oil-free Foundation - Make up Factory","isPartOf":{"@id":"https:\/\/make-up-factory.com\/de\/#website"},"primaryImageOfPage":{"@id":"https:\/\/make-up-factory.com\/de\/produkt\/oil-free-foundation\/#primaryimage"},"image":{"@id":"https:\/\/make-up-factory.com\/de\/produkt\/oil-free-foundation\/#primaryimage"},"thumbnailUrl":"https:\/\/make-up-factory.com\/app\/uploads\/2023\/01\/14ed79dc8d9beac765a174730836cee465331cc7_Oil_freeFoundation_No45.jpg","datePublished":"2021-04-16T13:12:38+00:00","dateModified":"2026-04-23T16:08:05+00:00","breadcrumb":{"@id":"https:\/\/make-up-factory.com\/de\/produkt\/oil-free-foundation\/#breadcrumb"},"inLanguage":"de","potentialAction":[{"@type":"ReadAction","target":["https:\/\/make-up-factory.com\/de\/produkt\/oil-free-foundation\/"]}]},{"@type":"ImageObject","inLanguage":"de","@id":"https:\/\/make-up-factory.com\/de\/produkt\/oil-free-foundation\/#primaryimage","url":"https:\/\/make-up-factory.com\/app\/uploads\/2023\/01\/14ed79dc8d9beac765a174730836cee465331cc7_Oil_freeFoundation_No45.jpg","contentUrl":"https:\/\/make-up-factory.com\/app\/uploads\/2023\/01\/14ed79dc8d9beac765a174730836cee465331cc7_Oil_freeFoundation_No45.jpg","width":1200,"height":1200},{"@type":"BreadcrumbList","@id":"https:\/\/make-up-factory.com\/de\/produkt\/oil-free-foundation\/#breadcrumb","itemListElement":[{"@type":"ListItem","position":1,"name":"Home","item":"https:\/\/make-up-factory.com\/de\/"},{"@type":"ListItem","position":2,"name":"Produkte","item":"https:\/\/make-up-factory.com\/de\/produkte\/"},{"@type":"ListItem","position":3,"name":"Teint","item":"https:\/\/make-up-factory.com\/de\/produkte\/teint\/"},{"@type":"ListItem","position":4,"name":"Foundation","item":"https:\/\/make-up-factory.com\/de\/produkte\/teint\/teint-foundation\/"},{"@type":"ListItem","position":5,"name":"Oil-free Foundation"}]},{"@type":"WebSite","@id":"https:\/\/make-up-factory.com\/de\/#website","url":"https:\/\/make-up-factory.com\/de\/","name":"Make up Factory","description":"","publisher":{"@id":"https:\/\/make-up-factory.com\/de\/#organization"},"potentialAction":[{"@type":"SearchAction","target":{"@type":"EntryPoint","urlTemplate":"https:\/\/make-up-factory.com\/de\/?s={search_term_string}"},"query-input":{"@type":"PropertyValueSpecification","valueRequired":true,"valueName":"search_term_string"}}],"inLanguage":"de"},{"@type":"Organization","@id":"https:\/\/make-up-factory.com\/de\/#organization","name":"ICB innovative cosmetic brands GmbH","url":"https:\/\/make-up-factory.com\/de\/","logo":{"@type":"ImageObject","inLanguage":"de","@id":"https:\/\/make-up-factory.com\/de\/#\/schema\/logo\/image\/","url":"https:\/\/make-up-factory.com\/app\/uploads\/2021\/02\/muf-logo-1.png","contentUrl":"https:\/\/make-up-factory.com\/app\/uploads\/2021\/02\/muf-logo-1.png","width":119,"height":209,"caption":"ICB innovative cosmetic brands GmbH"},"image":{"@id":"https:\/\/make-up-factory.com\/de\/#\/schema\/logo\/image\/"},"sameAs":["https:\/\/www.facebook.com\/Makeupfactory\/","https:\/\/www.instagram.com\/make_up_factory\/","https:\/\/www.youtube.com\/channel\/UCleVbgsF0ox7ZnTLV6kG5hA"]}]}},"_links":{"self":[{"href":"https:\/\/make-up-factory.com\/de\/wp-json\/wp\/v2\/product\/25565","targetHints":{"allow":["GET"]}}],"collection":[{"href":"https:\/\/make-up-factory.com\/de\/wp-json\/wp\/v2\/product"}],"about":[{"href":"https:\/\/make-up-factory.com\/de\/wp-json\/wp\/v2\/types\/product"}],"version-history":[{"count":2,"href":"https:\/\/make-up-factory.com\/de\/wp-json\/wp\/v2\/product\/25565\/revisions"}],"predecessor-version":[{"id":116555,"href":"https:\/\/make-up-factory.com\/de\/wp-json\/wp\/v2\/product\/25565\/revisions\/116555"}],"wp:featuredmedia":[{"embeddable":true,"href":"https:\/\/make-up-factory.com\/de\/wp-json\/wp\/v2\/media\/108580"}],"wp:attachment":[{"href":"https:\/\/make-up-factory.com\/de\/wp-json\/wp\/v2\/media?parent=25565"}],"wp:term":[{"taxonomy":"product_cat","embeddable":true,"href":"https:\/\/make-up-factory.com\/de\/wp-json\/wp\/v2\/product_cat?post=25565"},{"taxonomy":"product_tag","embeddable":true,"href":"https:\/\/make-up-factory.com\/de\/wp-json\/wp\/v2\/product_tag?post=25565"}],"curies":[{"name":"wp","href":"https:\/\/api.w.org\/{rel}","templated":true}]}}