{"id":25556,"date":"2021-04-16T15:12:36","date_gmt":"2021-04-16T13:12:36","guid":{"rendered":"https:\/\/make-up-factory.com\/product\/volumizing-lash-primer\/"},"modified":"2025-12-18T03:08:00","modified_gmt":"2025-12-18T02:08:00","slug":"volumizing-lash-primer","status":"publish","type":"product","link":"https:\/\/make-up-factory.com\/de\/produkt\/volumizing-lash-primer\/","title":{"rendered":"Volumizing Lash Primer"},"content":{"rendered":"<p>Der Volumizing Lash Primer ist eine wei\u00dfe Grundierung die unter jeder Mascara angewendet werden kann Die Textur ummantelt die Wimpern und sorgt so f\u00fcr mehr Volumen und optische Verl\u00e4ngerung. Verschiedene Algenextrakte wirken pflegend und stimulierend, spenden Feuchtigkeit und verleihen den Wimpern seidigen Glanz. Ein Extrakt aus der Rotalge h\u00e4lt die Wimpern flexibel und geschmeidig. Parf\u00fcm- und parabenfrei. Hautvertr\u00e4glichkeit dermatologisch best\u00e4tigt.<\/p>\n","protected":false},"excerpt":{"rendered":"<p>Mascaragrundierung f\u00fcr volumin\u00f6se und gepflegte Wimpern.<\/p>\n","protected":false},"featured_media":109033,"template":"","meta":{"_acf_changed":false},"product_cat":[846],"product_tag":[],"class_list":{"0":"post-25556","1":"product","2":"type-product","3":"status-publish","4":"has-post-thumbnail","6":"product_cat-augen-augen-specials","8":"first","9":"instock","10":"sold-individually","11":"shipping-taxable","12":"purchasable","13":"product-type-simple"},"acf":[],"yoast_head":"<!-- This site is optimized with the Yoast SEO plugin v25.6 - https:\/\/yoast.com\/wordpress\/plugins\/seo\/ -->\n<title>Volumizing Lash Primer - Make up Factory<\/title>\n<meta name=\"robots\" content=\"index, follow, max-snippet:-1, max-image-preview:large, max-video-preview:-1\" \/>\n<link rel=\"canonical\" href=\"https:\/\/make-up-factory.com\/de\/produkt\/volumizing-lash-primer\/\" \/>\n<meta property=\"og:locale\" content=\"de_DE\" \/>\n<meta property=\"og:type\" content=\"article\" \/>\n<meta property=\"og:title\" content=\"Volumizing Lash Primer - Make up Factory\" \/>\n<meta property=\"og:description\" content=\"Mascaragrundierung f\u00fcr volumin\u00f6se und gepflegte Wimpern.\" \/>\n<meta property=\"og:url\" content=\"https:\/\/make-up-factory.com\/de\/produkt\/volumizing-lash-primer\/\" \/>\n<meta property=\"og:site_name\" content=\"Make up Factory\" \/>\n<meta property=\"article:publisher\" content=\"https:\/\/www.facebook.com\/Makeupfactory\/\" \/>\n<meta property=\"article:modified_time\" content=\"2025-12-18T02:08:00+00:00\" \/>\n<meta property=\"og:image\" content=\"https:\/\/make-up-factory.com\/app\/uploads\/2023\/05\/dccdf98095544da61c774e375652c987f18e94cc_Website__format_JPG_2400.1_Voluminizing_Lash_Primer.jpg\" \/>\n\t<meta property=\"og:image:width\" content=\"1000\" \/>\n\t<meta property=\"og:image:height\" content=\"1000\" \/>\n\t<meta property=\"og:image:type\" content=\"image\/jpeg\" \/>\n<meta name=\"twitter:card\" content=\"summary_large_image\" \/>\n<script type=\"application\/ld+json\" class=\"yoast-schema-graph\">{\"@context\":\"https:\/\/schema.org\",\"@graph\":[{\"@type\":\"WebPage\",\"@id\":\"https:\/\/make-up-factory.com\/de\/produkt\/volumizing-lash-primer\/\",\"url\":\"https:\/\/make-up-factory.com\/de\/produkt\/volumizing-lash-primer\/\",\"name\":\"Volumizing Lash Primer - Make up Factory\",\"isPartOf\":{\"@id\":\"https:\/\/make-up-factory.com\/de\/#website\"},\"primaryImageOfPage\":{\"@id\":\"https:\/\/make-up-factory.com\/de\/produkt\/volumizing-lash-primer\/#primaryimage\"},\"image\":{\"@id\":\"https:\/\/make-up-factory.com\/de\/produkt\/volumizing-lash-primer\/#primaryimage\"},\"thumbnailUrl\":\"https:\/\/make-up-factory.com\/app\/uploads\/2023\/05\/dccdf98095544da61c774e375652c987f18e94cc_Website__format_JPG_2400.1_Voluminizing_Lash_Primer.jpg\",\"datePublished\":\"2021-04-16T13:12:36+00:00\",\"dateModified\":\"2025-12-18T02:08:00+00:00\",\"breadcrumb\":{\"@id\":\"https:\/\/make-up-factory.com\/de\/produkt\/volumizing-lash-primer\/#breadcrumb\"},\"inLanguage\":\"de\",\"potentialAction\":[{\"@type\":\"ReadAction\",\"target\":[\"https:\/\/make-up-factory.com\/de\/produkt\/volumizing-lash-primer\/\"]}]},{\"@type\":\"ImageObject\",\"inLanguage\":\"de\",\"@id\":\"https:\/\/make-up-factory.com\/de\/produkt\/volumizing-lash-primer\/#primaryimage\",\"url\":\"https:\/\/make-up-factory.com\/app\/uploads\/2023\/05\/dccdf98095544da61c774e375652c987f18e94cc_Website__format_JPG_2400.1_Voluminizing_Lash_Primer.jpg\",\"contentUrl\":\"https:\/\/make-up-factory.com\/app\/uploads\/2023\/05\/dccdf98095544da61c774e375652c987f18e94cc_Website__format_JPG_2400.1_Voluminizing_Lash_Primer.jpg\",\"width\":1000,\"height\":1000},{\"@type\":\"BreadcrumbList\",\"@id\":\"https:\/\/make-up-factory.com\/de\/produkt\/volumizing-lash-primer\/#breadcrumb\",\"itemListElement\":[{\"@type\":\"ListItem\",\"position\":1,\"name\":\"Home\",\"item\":\"https:\/\/make-up-factory.com\/de\/\"},{\"@type\":\"ListItem\",\"position\":2,\"name\":\"Produkte\",\"item\":\"https:\/\/make-up-factory.com\/de\/produkte\/\"},{\"@type\":\"ListItem\",\"position\":3,\"name\":\"Augen\",\"item\":\"https:\/\/make-up-factory.com\/de\/produkte\/augen\/\"},{\"@type\":\"ListItem\",\"position\":4,\"name\":\"Augen Specials\",\"item\":\"https:\/\/make-up-factory.com\/de\/produkte\/augen\/augen-augen-specials\/\"},{\"@type\":\"ListItem\",\"position\":5,\"name\":\"Volumizing Lash Primer\"}]},{\"@type\":\"WebSite\",\"@id\":\"https:\/\/make-up-factory.com\/de\/#website\",\"url\":\"https:\/\/make-up-factory.com\/de\/\",\"name\":\"Make up Factory\",\"description\":\"\",\"publisher\":{\"@id\":\"https:\/\/make-up-factory.com\/de\/#organization\"},\"potentialAction\":[{\"@type\":\"SearchAction\",\"target\":{\"@type\":\"EntryPoint\",\"urlTemplate\":\"https:\/\/make-up-factory.com\/de\/?s={search_term_string}\"},\"query-input\":{\"@type\":\"PropertyValueSpecification\",\"valueRequired\":true,\"valueName\":\"search_term_string\"}}],\"inLanguage\":\"de\"},{\"@type\":\"Organization\",\"@id\":\"https:\/\/make-up-factory.com\/de\/#organization\",\"name\":\"ICB innovative cosmetic brands GmbH\",\"url\":\"https:\/\/make-up-factory.com\/de\/\",\"logo\":{\"@type\":\"ImageObject\",\"inLanguage\":\"de\",\"@id\":\"https:\/\/make-up-factory.com\/de\/#\/schema\/logo\/image\/\",\"url\":\"https:\/\/make-up-factory.com\/app\/uploads\/2021\/02\/muf-logo-1.png\",\"contentUrl\":\"https:\/\/make-up-factory.com\/app\/uploads\/2021\/02\/muf-logo-1.png\",\"width\":119,\"height\":209,\"caption\":\"ICB innovative cosmetic brands GmbH\"},\"image\":{\"@id\":\"https:\/\/make-up-factory.com\/de\/#\/schema\/logo\/image\/\"},\"sameAs\":[\"https:\/\/www.facebook.com\/Makeupfactory\/\",\"https:\/\/www.instagram.com\/make_up_factory\/\",\"https:\/\/www.youtube.com\/channel\/UCleVbgsF0ox7ZnTLV6kG5hA\"]}]}<\/script>\n<!-- \/ Yoast SEO plugin. -->","yoast_head_json":{"title":"Volumizing Lash Primer - Make up Factory","robots":{"index":"index","follow":"follow","max-snippet":"max-snippet:-1","max-image-preview":"max-image-preview:large","max-video-preview":"max-video-preview:-1"},"canonical":"https:\/\/make-up-factory.com\/de\/produkt\/volumizing-lash-primer\/","og_locale":"de_DE","og_type":"article","og_title":"Volumizing Lash Primer - Make up Factory","og_description":"Mascaragrundierung f\u00fcr volumin\u00f6se und gepflegte Wimpern.","og_url":"https:\/\/make-up-factory.com\/de\/produkt\/volumizing-lash-primer\/","og_site_name":"Make up Factory","article_publisher":"https:\/\/www.facebook.com\/Makeupfactory\/","article_modified_time":"2025-12-18T02:08:00+00:00","og_image":[{"width":1000,"height":1000,"url":"https:\/\/make-up-factory.com\/app\/uploads\/2023\/05\/dccdf98095544da61c774e375652c987f18e94cc_Website__format_JPG_2400.1_Voluminizing_Lash_Primer.jpg","type":"image\/jpeg"}],"twitter_card":"summary_large_image","schema":{"@context":"https:\/\/schema.org","@graph":[{"@type":"WebPage","@id":"https:\/\/make-up-factory.com\/de\/produkt\/volumizing-lash-primer\/","url":"https:\/\/make-up-factory.com\/de\/produkt\/volumizing-lash-primer\/","name":"Volumizing Lash Primer - Make up Factory","isPartOf":{"@id":"https:\/\/make-up-factory.com\/de\/#website"},"primaryImageOfPage":{"@id":"https:\/\/make-up-factory.com\/de\/produkt\/volumizing-lash-primer\/#primaryimage"},"image":{"@id":"https:\/\/make-up-factory.com\/de\/produkt\/volumizing-lash-primer\/#primaryimage"},"thumbnailUrl":"https:\/\/make-up-factory.com\/app\/uploads\/2023\/05\/dccdf98095544da61c774e375652c987f18e94cc_Website__format_JPG_2400.1_Voluminizing_Lash_Primer.jpg","datePublished":"2021-04-16T13:12:36+00:00","dateModified":"2025-12-18T02:08:00+00:00","breadcrumb":{"@id":"https:\/\/make-up-factory.com\/de\/produkt\/volumizing-lash-primer\/#breadcrumb"},"inLanguage":"de","potentialAction":[{"@type":"ReadAction","target":["https:\/\/make-up-factory.com\/de\/produkt\/volumizing-lash-primer\/"]}]},{"@type":"ImageObject","inLanguage":"de","@id":"https:\/\/make-up-factory.com\/de\/produkt\/volumizing-lash-primer\/#primaryimage","url":"https:\/\/make-up-factory.com\/app\/uploads\/2023\/05\/dccdf98095544da61c774e375652c987f18e94cc_Website__format_JPG_2400.1_Voluminizing_Lash_Primer.jpg","contentUrl":"https:\/\/make-up-factory.com\/app\/uploads\/2023\/05\/dccdf98095544da61c774e375652c987f18e94cc_Website__format_JPG_2400.1_Voluminizing_Lash_Primer.jpg","width":1000,"height":1000},{"@type":"BreadcrumbList","@id":"https:\/\/make-up-factory.com\/de\/produkt\/volumizing-lash-primer\/#breadcrumb","itemListElement":[{"@type":"ListItem","position":1,"name":"Home","item":"https:\/\/make-up-factory.com\/de\/"},{"@type":"ListItem","position":2,"name":"Produkte","item":"https:\/\/make-up-factory.com\/de\/produkte\/"},{"@type":"ListItem","position":3,"name":"Augen","item":"https:\/\/make-up-factory.com\/de\/produkte\/augen\/"},{"@type":"ListItem","position":4,"name":"Augen Specials","item":"https:\/\/make-up-factory.com\/de\/produkte\/augen\/augen-augen-specials\/"},{"@type":"ListItem","position":5,"name":"Volumizing Lash Primer"}]},{"@type":"WebSite","@id":"https:\/\/make-up-factory.com\/de\/#website","url":"https:\/\/make-up-factory.com\/de\/","name":"Make up Factory","description":"","publisher":{"@id":"https:\/\/make-up-factory.com\/de\/#organization"},"potentialAction":[{"@type":"SearchAction","target":{"@type":"EntryPoint","urlTemplate":"https:\/\/make-up-factory.com\/de\/?s={search_term_string}"},"query-input":{"@type":"PropertyValueSpecification","valueRequired":true,"valueName":"search_term_string"}}],"inLanguage":"de"},{"@type":"Organization","@id":"https:\/\/make-up-factory.com\/de\/#organization","name":"ICB innovative cosmetic brands GmbH","url":"https:\/\/make-up-factory.com\/de\/","logo":{"@type":"ImageObject","inLanguage":"de","@id":"https:\/\/make-up-factory.com\/de\/#\/schema\/logo\/image\/","url":"https:\/\/make-up-factory.com\/app\/uploads\/2021\/02\/muf-logo-1.png","contentUrl":"https:\/\/make-up-factory.com\/app\/uploads\/2021\/02\/muf-logo-1.png","width":119,"height":209,"caption":"ICB innovative cosmetic brands GmbH"},"image":{"@id":"https:\/\/make-up-factory.com\/de\/#\/schema\/logo\/image\/"},"sameAs":["https:\/\/www.facebook.com\/Makeupfactory\/","https:\/\/www.instagram.com\/make_up_factory\/","https:\/\/www.youtube.com\/channel\/UCleVbgsF0ox7ZnTLV6kG5hA"]}]}},"_links":{"self":[{"href":"https:\/\/make-up-factory.com\/de\/wp-json\/wp\/v2\/product\/25556","targetHints":{"allow":["GET"]}}],"collection":[{"href":"https:\/\/make-up-factory.com\/de\/wp-json\/wp\/v2\/product"}],"about":[{"href":"https:\/\/make-up-factory.com\/de\/wp-json\/wp\/v2\/types\/product"}],"version-history":[{"count":2,"href":"https:\/\/make-up-factory.com\/de\/wp-json\/wp\/v2\/product\/25556\/revisions"}],"predecessor-version":[{"id":118914,"href":"https:\/\/make-up-factory.com\/de\/wp-json\/wp\/v2\/product\/25556\/revisions\/118914"}],"wp:featuredmedia":[{"embeddable":true,"href":"https:\/\/make-up-factory.com\/de\/wp-json\/wp\/v2\/media\/109033"}],"wp:attachment":[{"href":"https:\/\/make-up-factory.com\/de\/wp-json\/wp\/v2\/media?parent=25556"}],"wp:term":[{"taxonomy":"product_cat","embeddable":true,"href":"https:\/\/make-up-factory.com\/de\/wp-json\/wp\/v2\/product_cat?post=25556"},{"taxonomy":"product_tag","embeddable":true,"href":"https:\/\/make-up-factory.com\/de\/wp-json\/wp\/v2\/product_tag?post=25556"}],"curies":[{"name":"wp","href":"https:\/\/api.w.org\/{rel}","templated":true}]}}