{"id":25539,"date":"2021-04-16T15:12:33","date_gmt":"2021-04-16T13:12:33","guid":{"rendered":"https:\/\/make-up-factory.com\/product\/sensitive-eye-shadow-base\/"},"modified":"2026-02-02T03:09:32","modified_gmt":"2026-02-02T02:09:32","slug":"sensitive-eye-shadow-base","status":"publish","type":"product","link":"https:\/\/make-up-factory.com\/de\/produkt\/sensitive-eye-shadow-base\/","title":{"rendered":"Sensitive Eye Shadow Base"},"content":{"rendered":"<p>Neutral get\u00f6nte, zart cremige Lidschattengrundierung. Verl\u00e4ngert die Haltbarkeit des Lidschattens und verhindert das Absetzen in der Lidfalte. Kaschiert kleine \u00c4derchen und R\u00f6tungen, schafft ein ebenm\u00e4\u00dfig grundiertes Augenlid und intensiviert die Leuchtkraft der Farben. Erleichtert das Auftragen und verhindert ein Stauben des Puders. Auch f\u00fcr empfindliche Augen, sowie Kontaktlinsentr\u00e4gerinnen geeignet. Paraben-, parf\u00fcm- und silikonfrei. Hautvertr\u00e4glichkeit dermatologisch best\u00e4tigt.<\/p>\n","protected":false},"excerpt":{"rendered":"<p>Neutral get\u00f6nte Lidschattengrundierung in Tubenform<\/p>\n","protected":false},"featured_media":108662,"template":"","meta":{"_acf_changed":false},"product_cat":[846],"product_tag":[],"class_list":{"0":"post-25539","1":"product","2":"type-product","3":"status-publish","4":"has-post-thumbnail","6":"product_cat-augen-augen-specials","8":"first","9":"instock","10":"sold-individually","11":"shipping-taxable","12":"purchasable","13":"product-type-simple"},"acf":[],"yoast_head":"<!-- This site is optimized with the Yoast SEO plugin v25.6 - https:\/\/yoast.com\/wordpress\/plugins\/seo\/ -->\n<title>Sensitive Eye Shadow Base - Make up Factory<\/title>\n<meta name=\"robots\" content=\"index, follow, max-snippet:-1, max-image-preview:large, max-video-preview:-1\" \/>\n<link rel=\"canonical\" href=\"https:\/\/make-up-factory.com\/de\/produkt\/sensitive-eye-shadow-base\/\" \/>\n<meta property=\"og:locale\" content=\"de_DE\" \/>\n<meta property=\"og:type\" content=\"article\" \/>\n<meta property=\"og:title\" content=\"Sensitive Eye Shadow Base - Make up Factory\" \/>\n<meta property=\"og:description\" content=\"Neutral get\u00f6nte Lidschattengrundierung in Tubenform\" \/>\n<meta property=\"og:url\" content=\"https:\/\/make-up-factory.com\/de\/produkt\/sensitive-eye-shadow-base\/\" \/>\n<meta property=\"og:site_name\" content=\"Make up Factory\" \/>\n<meta property=\"article:publisher\" content=\"https:\/\/www.facebook.com\/Makeupfactory\/\" \/>\n<meta property=\"article:modified_time\" content=\"2026-02-02T02:09:32+00:00\" \/>\n<meta property=\"og:image\" content=\"https:\/\/make-up-factory.com\/app\/uploads\/2023\/01\/f8b881fd09a857bac0d1fedf779b73d4a302b8f2_250001_Sensitive_Eye_Shadow_Base.jpg\" \/>\n\t<meta property=\"og:image:width\" content=\"1200\" \/>\n\t<meta property=\"og:image:height\" content=\"1200\" \/>\n\t<meta property=\"og:image:type\" content=\"image\/jpeg\" \/>\n<meta name=\"twitter:card\" content=\"summary_large_image\" \/>\n<script type=\"application\/ld+json\" class=\"yoast-schema-graph\">{\"@context\":\"https:\/\/schema.org\",\"@graph\":[{\"@type\":\"WebPage\",\"@id\":\"https:\/\/make-up-factory.com\/de\/produkt\/sensitive-eye-shadow-base\/\",\"url\":\"https:\/\/make-up-factory.com\/de\/produkt\/sensitive-eye-shadow-base\/\",\"name\":\"Sensitive Eye Shadow Base - Make up Factory\",\"isPartOf\":{\"@id\":\"https:\/\/make-up-factory.com\/de\/#website\"},\"primaryImageOfPage\":{\"@id\":\"https:\/\/make-up-factory.com\/de\/produkt\/sensitive-eye-shadow-base\/#primaryimage\"},\"image\":{\"@id\":\"https:\/\/make-up-factory.com\/de\/produkt\/sensitive-eye-shadow-base\/#primaryimage\"},\"thumbnailUrl\":\"https:\/\/make-up-factory.com\/app\/uploads\/2023\/01\/f8b881fd09a857bac0d1fedf779b73d4a302b8f2_250001_Sensitive_Eye_Shadow_Base.jpg\",\"datePublished\":\"2021-04-16T13:12:33+00:00\",\"dateModified\":\"2026-02-02T02:09:32+00:00\",\"breadcrumb\":{\"@id\":\"https:\/\/make-up-factory.com\/de\/produkt\/sensitive-eye-shadow-base\/#breadcrumb\"},\"inLanguage\":\"de\",\"potentialAction\":[{\"@type\":\"ReadAction\",\"target\":[\"https:\/\/make-up-factory.com\/de\/produkt\/sensitive-eye-shadow-base\/\"]}]},{\"@type\":\"ImageObject\",\"inLanguage\":\"de\",\"@id\":\"https:\/\/make-up-factory.com\/de\/produkt\/sensitive-eye-shadow-base\/#primaryimage\",\"url\":\"https:\/\/make-up-factory.com\/app\/uploads\/2023\/01\/f8b881fd09a857bac0d1fedf779b73d4a302b8f2_250001_Sensitive_Eye_Shadow_Base.jpg\",\"contentUrl\":\"https:\/\/make-up-factory.com\/app\/uploads\/2023\/01\/f8b881fd09a857bac0d1fedf779b73d4a302b8f2_250001_Sensitive_Eye_Shadow_Base.jpg\",\"width\":1200,\"height\":1200},{\"@type\":\"BreadcrumbList\",\"@id\":\"https:\/\/make-up-factory.com\/de\/produkt\/sensitive-eye-shadow-base\/#breadcrumb\",\"itemListElement\":[{\"@type\":\"ListItem\",\"position\":1,\"name\":\"Home\",\"item\":\"https:\/\/make-up-factory.com\/de\/\"},{\"@type\":\"ListItem\",\"position\":2,\"name\":\"Produkte\",\"item\":\"https:\/\/make-up-factory.com\/de\/produkte\/\"},{\"@type\":\"ListItem\",\"position\":3,\"name\":\"Augen\",\"item\":\"https:\/\/make-up-factory.com\/de\/produkte\/augen\/\"},{\"@type\":\"ListItem\",\"position\":4,\"name\":\"Augen Specials\",\"item\":\"https:\/\/make-up-factory.com\/de\/produkte\/augen\/augen-augen-specials\/\"},{\"@type\":\"ListItem\",\"position\":5,\"name\":\"Sensitive Eye Shadow Base\"}]},{\"@type\":\"WebSite\",\"@id\":\"https:\/\/make-up-factory.com\/de\/#website\",\"url\":\"https:\/\/make-up-factory.com\/de\/\",\"name\":\"Make up Factory\",\"description\":\"\",\"publisher\":{\"@id\":\"https:\/\/make-up-factory.com\/de\/#organization\"},\"potentialAction\":[{\"@type\":\"SearchAction\",\"target\":{\"@type\":\"EntryPoint\",\"urlTemplate\":\"https:\/\/make-up-factory.com\/de\/?s={search_term_string}\"},\"query-input\":{\"@type\":\"PropertyValueSpecification\",\"valueRequired\":true,\"valueName\":\"search_term_string\"}}],\"inLanguage\":\"de\"},{\"@type\":\"Organization\",\"@id\":\"https:\/\/make-up-factory.com\/de\/#organization\",\"name\":\"ICB innovative cosmetic brands GmbH\",\"url\":\"https:\/\/make-up-factory.com\/de\/\",\"logo\":{\"@type\":\"ImageObject\",\"inLanguage\":\"de\",\"@id\":\"https:\/\/make-up-factory.com\/de\/#\/schema\/logo\/image\/\",\"url\":\"https:\/\/make-up-factory.com\/app\/uploads\/2021\/02\/muf-logo-1.png\",\"contentUrl\":\"https:\/\/make-up-factory.com\/app\/uploads\/2021\/02\/muf-logo-1.png\",\"width\":119,\"height\":209,\"caption\":\"ICB innovative cosmetic brands GmbH\"},\"image\":{\"@id\":\"https:\/\/make-up-factory.com\/de\/#\/schema\/logo\/image\/\"},\"sameAs\":[\"https:\/\/www.facebook.com\/Makeupfactory\/\",\"https:\/\/www.instagram.com\/make_up_factory\/\",\"https:\/\/www.youtube.com\/channel\/UCleVbgsF0ox7ZnTLV6kG5hA\"]}]}<\/script>\n<!-- \/ Yoast SEO plugin. -->","yoast_head_json":{"title":"Sensitive Eye Shadow Base - Make up Factory","robots":{"index":"index","follow":"follow","max-snippet":"max-snippet:-1","max-image-preview":"max-image-preview:large","max-video-preview":"max-video-preview:-1"},"canonical":"https:\/\/make-up-factory.com\/de\/produkt\/sensitive-eye-shadow-base\/","og_locale":"de_DE","og_type":"article","og_title":"Sensitive Eye Shadow Base - Make up Factory","og_description":"Neutral get\u00f6nte Lidschattengrundierung in Tubenform","og_url":"https:\/\/make-up-factory.com\/de\/produkt\/sensitive-eye-shadow-base\/","og_site_name":"Make up Factory","article_publisher":"https:\/\/www.facebook.com\/Makeupfactory\/","article_modified_time":"2026-02-02T02:09:32+00:00","og_image":[{"width":1200,"height":1200,"url":"https:\/\/make-up-factory.com\/app\/uploads\/2023\/01\/f8b881fd09a857bac0d1fedf779b73d4a302b8f2_250001_Sensitive_Eye_Shadow_Base.jpg","type":"image\/jpeg"}],"twitter_card":"summary_large_image","schema":{"@context":"https:\/\/schema.org","@graph":[{"@type":"WebPage","@id":"https:\/\/make-up-factory.com\/de\/produkt\/sensitive-eye-shadow-base\/","url":"https:\/\/make-up-factory.com\/de\/produkt\/sensitive-eye-shadow-base\/","name":"Sensitive Eye Shadow Base - Make up Factory","isPartOf":{"@id":"https:\/\/make-up-factory.com\/de\/#website"},"primaryImageOfPage":{"@id":"https:\/\/make-up-factory.com\/de\/produkt\/sensitive-eye-shadow-base\/#primaryimage"},"image":{"@id":"https:\/\/make-up-factory.com\/de\/produkt\/sensitive-eye-shadow-base\/#primaryimage"},"thumbnailUrl":"https:\/\/make-up-factory.com\/app\/uploads\/2023\/01\/f8b881fd09a857bac0d1fedf779b73d4a302b8f2_250001_Sensitive_Eye_Shadow_Base.jpg","datePublished":"2021-04-16T13:12:33+00:00","dateModified":"2026-02-02T02:09:32+00:00","breadcrumb":{"@id":"https:\/\/make-up-factory.com\/de\/produkt\/sensitive-eye-shadow-base\/#breadcrumb"},"inLanguage":"de","potentialAction":[{"@type":"ReadAction","target":["https:\/\/make-up-factory.com\/de\/produkt\/sensitive-eye-shadow-base\/"]}]},{"@type":"ImageObject","inLanguage":"de","@id":"https:\/\/make-up-factory.com\/de\/produkt\/sensitive-eye-shadow-base\/#primaryimage","url":"https:\/\/make-up-factory.com\/app\/uploads\/2023\/01\/f8b881fd09a857bac0d1fedf779b73d4a302b8f2_250001_Sensitive_Eye_Shadow_Base.jpg","contentUrl":"https:\/\/make-up-factory.com\/app\/uploads\/2023\/01\/f8b881fd09a857bac0d1fedf779b73d4a302b8f2_250001_Sensitive_Eye_Shadow_Base.jpg","width":1200,"height":1200},{"@type":"BreadcrumbList","@id":"https:\/\/make-up-factory.com\/de\/produkt\/sensitive-eye-shadow-base\/#breadcrumb","itemListElement":[{"@type":"ListItem","position":1,"name":"Home","item":"https:\/\/make-up-factory.com\/de\/"},{"@type":"ListItem","position":2,"name":"Produkte","item":"https:\/\/make-up-factory.com\/de\/produkte\/"},{"@type":"ListItem","position":3,"name":"Augen","item":"https:\/\/make-up-factory.com\/de\/produkte\/augen\/"},{"@type":"ListItem","position":4,"name":"Augen Specials","item":"https:\/\/make-up-factory.com\/de\/produkte\/augen\/augen-augen-specials\/"},{"@type":"ListItem","position":5,"name":"Sensitive Eye Shadow Base"}]},{"@type":"WebSite","@id":"https:\/\/make-up-factory.com\/de\/#website","url":"https:\/\/make-up-factory.com\/de\/","name":"Make up Factory","description":"","publisher":{"@id":"https:\/\/make-up-factory.com\/de\/#organization"},"potentialAction":[{"@type":"SearchAction","target":{"@type":"EntryPoint","urlTemplate":"https:\/\/make-up-factory.com\/de\/?s={search_term_string}"},"query-input":{"@type":"PropertyValueSpecification","valueRequired":true,"valueName":"search_term_string"}}],"inLanguage":"de"},{"@type":"Organization","@id":"https:\/\/make-up-factory.com\/de\/#organization","name":"ICB innovative cosmetic brands GmbH","url":"https:\/\/make-up-factory.com\/de\/","logo":{"@type":"ImageObject","inLanguage":"de","@id":"https:\/\/make-up-factory.com\/de\/#\/schema\/logo\/image\/","url":"https:\/\/make-up-factory.com\/app\/uploads\/2021\/02\/muf-logo-1.png","contentUrl":"https:\/\/make-up-factory.com\/app\/uploads\/2021\/02\/muf-logo-1.png","width":119,"height":209,"caption":"ICB innovative cosmetic brands GmbH"},"image":{"@id":"https:\/\/make-up-factory.com\/de\/#\/schema\/logo\/image\/"},"sameAs":["https:\/\/www.facebook.com\/Makeupfactory\/","https:\/\/www.instagram.com\/make_up_factory\/","https:\/\/www.youtube.com\/channel\/UCleVbgsF0ox7ZnTLV6kG5hA"]}]}},"_links":{"self":[{"href":"https:\/\/make-up-factory.com\/de\/wp-json\/wp\/v2\/product\/25539","targetHints":{"allow":["GET"]}}],"collection":[{"href":"https:\/\/make-up-factory.com\/de\/wp-json\/wp\/v2\/product"}],"about":[{"href":"https:\/\/make-up-factory.com\/de\/wp-json\/wp\/v2\/types\/product"}],"version-history":[{"count":2,"href":"https:\/\/make-up-factory.com\/de\/wp-json\/wp\/v2\/product\/25539\/revisions"}],"predecessor-version":[{"id":117422,"href":"https:\/\/make-up-factory.com\/de\/wp-json\/wp\/v2\/product\/25539\/revisions\/117422"}],"wp:featuredmedia":[{"embeddable":true,"href":"https:\/\/make-up-factory.com\/de\/wp-json\/wp\/v2\/media\/108662"}],"wp:attachment":[{"href":"https:\/\/make-up-factory.com\/de\/wp-json\/wp\/v2\/media?parent=25539"}],"wp:term":[{"taxonomy":"product_cat","embeddable":true,"href":"https:\/\/make-up-factory.com\/de\/wp-json\/wp\/v2\/product_cat?post=25539"},{"taxonomy":"product_tag","embeddable":true,"href":"https:\/\/make-up-factory.com\/de\/wp-json\/wp\/v2\/product_tag?post=25539"}],"curies":[{"name":"wp","href":"https:\/\/api.w.org\/{rel}","templated":true}]}}