{"id":25519,"date":"2021-04-16T15:12:29","date_gmt":"2021-04-16T13:12:29","guid":{"rendered":"https:\/\/make-up-factory.com\/product\/deep-black-volume-mascara\/"},"modified":"2026-02-02T03:09:36","modified_gmt":"2026-02-02T02:09:36","slug":"deep-black-volume-mascara","status":"publish","type":"product","link":"https:\/\/make-up-factory.com\/de\/produkt\/deep-black-volume-mascara\/","title":{"rendered":"Deep Black Volume Mascara"},"content":{"rendered":"<p>Dank der tiefschwarzen Pigmente verleiht die Deep Black Volume Mascara den Wimpern maximales Volumen und intensive Farbe. Die extra gro\u00dfe Volumenb\u00fcrste schenkt den Wimpern schon beim ersten Auftragen einen unwiderstehlichen Augenaufschlag. Die hochwertige Textur sorgt f\u00fcr ein besonderes Pflegeerlebnis: Panthenol sorgt f\u00fcr eine St\u00e4rkung der Wimpern und spezielle Polymere und pflegende Wachse f\u00fcr Geschmeidigikeit und Glanz. Mit Vitamin E. F\u00fcr empfindliche Augen und Kontaktlinsentr\u00e4gerinnen geeignet. Parf\u00fcmfrei. Hautvertr\u00e4glichkeit dermatologisch best\u00e4tigt. <\/p>\n","protected":false},"excerpt":{"rendered":"<p>Wimperntusche f\u00fcr  intensive Farbe und maximales Volumen.<\/p>\n","protected":false},"featured_media":113108,"template":"","meta":{"_acf_changed":false},"product_cat":[837],"product_tag":[],"class_list":{"0":"post-25519","1":"product","2":"type-product","3":"status-publish","4":"has-post-thumbnail","6":"product_cat-augen-mascara","8":"first","9":"instock","10":"sold-individually","11":"shipping-taxable","12":"purchasable","13":"product-type-simple"},"acf":[],"yoast_head":"<!-- This site is optimized with the Yoast SEO plugin v25.6 - https:\/\/yoast.com\/wordpress\/plugins\/seo\/ -->\n<title>Deep Black Volume Mascara - Make up Factory<\/title>\n<meta name=\"robots\" content=\"index, follow, max-snippet:-1, max-image-preview:large, max-video-preview:-1\" \/>\n<link rel=\"canonical\" href=\"https:\/\/make-up-factory.com\/de\/produkt\/deep-black-volume-mascara\/\" \/>\n<meta property=\"og:locale\" content=\"de_DE\" \/>\n<meta property=\"og:type\" content=\"article\" \/>\n<meta property=\"og:title\" content=\"Deep Black Volume Mascara - Make up Factory\" \/>\n<meta property=\"og:description\" content=\"Wimperntusche f\u00fcr intensive Farbe und maximales Volumen.\" \/>\n<meta property=\"og:url\" content=\"https:\/\/make-up-factory.com\/de\/produkt\/deep-black-volume-mascara\/\" \/>\n<meta property=\"og:site_name\" content=\"Make up Factory\" \/>\n<meta property=\"article:publisher\" content=\"https:\/\/www.facebook.com\/Makeupfactory\/\" \/>\n<meta property=\"article:modified_time\" content=\"2026-02-02T02:09:36+00:00\" \/>\n<meta property=\"og:image\" content=\"https:\/\/make-up-factory.com\/app\/uploads\/2024\/10\/ebd118edc71ae749f14203d94465b8f46e4fc93c_Medium_JPG_2419.01_Deep_Black_Volume_Mascara_2.jpg\" \/>\n\t<meta property=\"og:image:width\" content=\"2480\" \/>\n\t<meta property=\"og:image:height\" content=\"2480\" \/>\n\t<meta property=\"og:image:type\" content=\"image\/jpeg\" \/>\n<meta name=\"twitter:card\" content=\"summary_large_image\" \/>\n<script type=\"application\/ld+json\" class=\"yoast-schema-graph\">{\"@context\":\"https:\/\/schema.org\",\"@graph\":[{\"@type\":\"WebPage\",\"@id\":\"https:\/\/make-up-factory.com\/de\/produkt\/deep-black-volume-mascara\/\",\"url\":\"https:\/\/make-up-factory.com\/de\/produkt\/deep-black-volume-mascara\/\",\"name\":\"Deep Black Volume Mascara - Make up Factory\",\"isPartOf\":{\"@id\":\"https:\/\/make-up-factory.com\/de\/#website\"},\"primaryImageOfPage\":{\"@id\":\"https:\/\/make-up-factory.com\/de\/produkt\/deep-black-volume-mascara\/#primaryimage\"},\"image\":{\"@id\":\"https:\/\/make-up-factory.com\/de\/produkt\/deep-black-volume-mascara\/#primaryimage\"},\"thumbnailUrl\":\"https:\/\/make-up-factory.com\/app\/uploads\/2024\/10\/ebd118edc71ae749f14203d94465b8f46e4fc93c_Medium_JPG_2419.01_Deep_Black_Volume_Mascara_2.jpg\",\"datePublished\":\"2021-04-16T13:12:29+00:00\",\"dateModified\":\"2026-02-02T02:09:36+00:00\",\"breadcrumb\":{\"@id\":\"https:\/\/make-up-factory.com\/de\/produkt\/deep-black-volume-mascara\/#breadcrumb\"},\"inLanguage\":\"de\",\"potentialAction\":[{\"@type\":\"ReadAction\",\"target\":[\"https:\/\/make-up-factory.com\/de\/produkt\/deep-black-volume-mascara\/\"]}]},{\"@type\":\"ImageObject\",\"inLanguage\":\"de\",\"@id\":\"https:\/\/make-up-factory.com\/de\/produkt\/deep-black-volume-mascara\/#primaryimage\",\"url\":\"https:\/\/make-up-factory.com\/app\/uploads\/2024\/10\/ebd118edc71ae749f14203d94465b8f46e4fc93c_Medium_JPG_2419.01_Deep_Black_Volume_Mascara_2.jpg\",\"contentUrl\":\"https:\/\/make-up-factory.com\/app\/uploads\/2024\/10\/ebd118edc71ae749f14203d94465b8f46e4fc93c_Medium_JPG_2419.01_Deep_Black_Volume_Mascara_2.jpg\",\"width\":2480,\"height\":2480},{\"@type\":\"BreadcrumbList\",\"@id\":\"https:\/\/make-up-factory.com\/de\/produkt\/deep-black-volume-mascara\/#breadcrumb\",\"itemListElement\":[{\"@type\":\"ListItem\",\"position\":1,\"name\":\"Home\",\"item\":\"https:\/\/make-up-factory.com\/de\/\"},{\"@type\":\"ListItem\",\"position\":2,\"name\":\"Produkte\",\"item\":\"https:\/\/make-up-factory.com\/de\/produkte\/\"},{\"@type\":\"ListItem\",\"position\":3,\"name\":\"Augen\",\"item\":\"https:\/\/make-up-factory.com\/de\/produkte\/augen\/\"},{\"@type\":\"ListItem\",\"position\":4,\"name\":\"Mascara\",\"item\":\"https:\/\/make-up-factory.com\/de\/produkte\/augen\/augen-mascara\/\"},{\"@type\":\"ListItem\",\"position\":5,\"name\":\"Deep Black Volume Mascara\"}]},{\"@type\":\"WebSite\",\"@id\":\"https:\/\/make-up-factory.com\/de\/#website\",\"url\":\"https:\/\/make-up-factory.com\/de\/\",\"name\":\"Make up Factory\",\"description\":\"\",\"publisher\":{\"@id\":\"https:\/\/make-up-factory.com\/de\/#organization\"},\"potentialAction\":[{\"@type\":\"SearchAction\",\"target\":{\"@type\":\"EntryPoint\",\"urlTemplate\":\"https:\/\/make-up-factory.com\/de\/?s={search_term_string}\"},\"query-input\":{\"@type\":\"PropertyValueSpecification\",\"valueRequired\":true,\"valueName\":\"search_term_string\"}}],\"inLanguage\":\"de\"},{\"@type\":\"Organization\",\"@id\":\"https:\/\/make-up-factory.com\/de\/#organization\",\"name\":\"ICB innovative cosmetic brands GmbH\",\"url\":\"https:\/\/make-up-factory.com\/de\/\",\"logo\":{\"@type\":\"ImageObject\",\"inLanguage\":\"de\",\"@id\":\"https:\/\/make-up-factory.com\/de\/#\/schema\/logo\/image\/\",\"url\":\"https:\/\/make-up-factory.com\/app\/uploads\/2021\/02\/muf-logo-1.png\",\"contentUrl\":\"https:\/\/make-up-factory.com\/app\/uploads\/2021\/02\/muf-logo-1.png\",\"width\":119,\"height\":209,\"caption\":\"ICB innovative cosmetic brands GmbH\"},\"image\":{\"@id\":\"https:\/\/make-up-factory.com\/de\/#\/schema\/logo\/image\/\"},\"sameAs\":[\"https:\/\/www.facebook.com\/Makeupfactory\/\",\"https:\/\/www.instagram.com\/make_up_factory\/\",\"https:\/\/www.youtube.com\/channel\/UCleVbgsF0ox7ZnTLV6kG5hA\"]}]}<\/script>\n<!-- \/ Yoast SEO plugin. -->","yoast_head_json":{"title":"Deep Black Volume Mascara - Make up Factory","robots":{"index":"index","follow":"follow","max-snippet":"max-snippet:-1","max-image-preview":"max-image-preview:large","max-video-preview":"max-video-preview:-1"},"canonical":"https:\/\/make-up-factory.com\/de\/produkt\/deep-black-volume-mascara\/","og_locale":"de_DE","og_type":"article","og_title":"Deep Black Volume Mascara - Make up Factory","og_description":"Wimperntusche f\u00fcr intensive Farbe und maximales Volumen.","og_url":"https:\/\/make-up-factory.com\/de\/produkt\/deep-black-volume-mascara\/","og_site_name":"Make up Factory","article_publisher":"https:\/\/www.facebook.com\/Makeupfactory\/","article_modified_time":"2026-02-02T02:09:36+00:00","og_image":[{"width":2480,"height":2480,"url":"https:\/\/make-up-factory.com\/app\/uploads\/2024\/10\/ebd118edc71ae749f14203d94465b8f46e4fc93c_Medium_JPG_2419.01_Deep_Black_Volume_Mascara_2.jpg","type":"image\/jpeg"}],"twitter_card":"summary_large_image","schema":{"@context":"https:\/\/schema.org","@graph":[{"@type":"WebPage","@id":"https:\/\/make-up-factory.com\/de\/produkt\/deep-black-volume-mascara\/","url":"https:\/\/make-up-factory.com\/de\/produkt\/deep-black-volume-mascara\/","name":"Deep Black Volume Mascara - Make up Factory","isPartOf":{"@id":"https:\/\/make-up-factory.com\/de\/#website"},"primaryImageOfPage":{"@id":"https:\/\/make-up-factory.com\/de\/produkt\/deep-black-volume-mascara\/#primaryimage"},"image":{"@id":"https:\/\/make-up-factory.com\/de\/produkt\/deep-black-volume-mascara\/#primaryimage"},"thumbnailUrl":"https:\/\/make-up-factory.com\/app\/uploads\/2024\/10\/ebd118edc71ae749f14203d94465b8f46e4fc93c_Medium_JPG_2419.01_Deep_Black_Volume_Mascara_2.jpg","datePublished":"2021-04-16T13:12:29+00:00","dateModified":"2026-02-02T02:09:36+00:00","breadcrumb":{"@id":"https:\/\/make-up-factory.com\/de\/produkt\/deep-black-volume-mascara\/#breadcrumb"},"inLanguage":"de","potentialAction":[{"@type":"ReadAction","target":["https:\/\/make-up-factory.com\/de\/produkt\/deep-black-volume-mascara\/"]}]},{"@type":"ImageObject","inLanguage":"de","@id":"https:\/\/make-up-factory.com\/de\/produkt\/deep-black-volume-mascara\/#primaryimage","url":"https:\/\/make-up-factory.com\/app\/uploads\/2024\/10\/ebd118edc71ae749f14203d94465b8f46e4fc93c_Medium_JPG_2419.01_Deep_Black_Volume_Mascara_2.jpg","contentUrl":"https:\/\/make-up-factory.com\/app\/uploads\/2024\/10\/ebd118edc71ae749f14203d94465b8f46e4fc93c_Medium_JPG_2419.01_Deep_Black_Volume_Mascara_2.jpg","width":2480,"height":2480},{"@type":"BreadcrumbList","@id":"https:\/\/make-up-factory.com\/de\/produkt\/deep-black-volume-mascara\/#breadcrumb","itemListElement":[{"@type":"ListItem","position":1,"name":"Home","item":"https:\/\/make-up-factory.com\/de\/"},{"@type":"ListItem","position":2,"name":"Produkte","item":"https:\/\/make-up-factory.com\/de\/produkte\/"},{"@type":"ListItem","position":3,"name":"Augen","item":"https:\/\/make-up-factory.com\/de\/produkte\/augen\/"},{"@type":"ListItem","position":4,"name":"Mascara","item":"https:\/\/make-up-factory.com\/de\/produkte\/augen\/augen-mascara\/"},{"@type":"ListItem","position":5,"name":"Deep Black Volume Mascara"}]},{"@type":"WebSite","@id":"https:\/\/make-up-factory.com\/de\/#website","url":"https:\/\/make-up-factory.com\/de\/","name":"Make up Factory","description":"","publisher":{"@id":"https:\/\/make-up-factory.com\/de\/#organization"},"potentialAction":[{"@type":"SearchAction","target":{"@type":"EntryPoint","urlTemplate":"https:\/\/make-up-factory.com\/de\/?s={search_term_string}"},"query-input":{"@type":"PropertyValueSpecification","valueRequired":true,"valueName":"search_term_string"}}],"inLanguage":"de"},{"@type":"Organization","@id":"https:\/\/make-up-factory.com\/de\/#organization","name":"ICB innovative cosmetic brands GmbH","url":"https:\/\/make-up-factory.com\/de\/","logo":{"@type":"ImageObject","inLanguage":"de","@id":"https:\/\/make-up-factory.com\/de\/#\/schema\/logo\/image\/","url":"https:\/\/make-up-factory.com\/app\/uploads\/2021\/02\/muf-logo-1.png","contentUrl":"https:\/\/make-up-factory.com\/app\/uploads\/2021\/02\/muf-logo-1.png","width":119,"height":209,"caption":"ICB innovative cosmetic brands GmbH"},"image":{"@id":"https:\/\/make-up-factory.com\/de\/#\/schema\/logo\/image\/"},"sameAs":["https:\/\/www.facebook.com\/Makeupfactory\/","https:\/\/www.instagram.com\/make_up_factory\/","https:\/\/www.youtube.com\/channel\/UCleVbgsF0ox7ZnTLV6kG5hA"]}]}},"_links":{"self":[{"href":"https:\/\/make-up-factory.com\/de\/wp-json\/wp\/v2\/product\/25519","targetHints":{"allow":["GET"]}}],"collection":[{"href":"https:\/\/make-up-factory.com\/de\/wp-json\/wp\/v2\/product"}],"about":[{"href":"https:\/\/make-up-factory.com\/de\/wp-json\/wp\/v2\/types\/product"}],"version-history":[{"count":2,"href":"https:\/\/make-up-factory.com\/de\/wp-json\/wp\/v2\/product\/25519\/revisions"}],"predecessor-version":[{"id":116354,"href":"https:\/\/make-up-factory.com\/de\/wp-json\/wp\/v2\/product\/25519\/revisions\/116354"}],"wp:featuredmedia":[{"embeddable":true,"href":"https:\/\/make-up-factory.com\/de\/wp-json\/wp\/v2\/media\/113108"}],"wp:attachment":[{"href":"https:\/\/make-up-factory.com\/de\/wp-json\/wp\/v2\/media?parent=25519"}],"wp:term":[{"taxonomy":"product_cat","embeddable":true,"href":"https:\/\/make-up-factory.com\/de\/wp-json\/wp\/v2\/product_cat?post=25519"},{"taxonomy":"product_tag","embeddable":true,"href":"https:\/\/make-up-factory.com\/de\/wp-json\/wp\/v2\/product_tag?post=25519"}],"curies":[{"name":"wp","href":"https:\/\/api.w.org\/{rel}","templated":true}]}}