{"id":25513,"date":"2021-04-16T15:12:28","date_gmt":"2021-04-16T13:12:28","guid":{"rendered":"https:\/\/make-up-factory.com\/product\/automatic-eyeliner\/"},"modified":"2026-04-21T10:09:04","modified_gmt":"2026-04-21T08:09:04","slug":"automatic-eyeliner","status":"publish","type":"product","link":"https:\/\/make-up-factory.com\/de\/produkt\/automatic-eyeliner\/","title":{"rendered":"Automatic Eyeliner"},"content":{"rendered":"<p>Der Automatic Eyeliner ist ein wunderbares 3in1-Produkt f\u00fcr lang anhaltende und ausdrucksstarke Augenkonturen. Die weiche hochwertige Textur erm\u00f6glicht ein genaues Auftragen am oberen und unteren Wimpernkranz, was die Wimpern verf\u00fchrerisch dicht und verl\u00e4ngert erscheinen l\u00e4sst. Mit dem integrierten Applikator l\u00e4sst sich die Kontur optimal verblenden. Der Anspitzer sorgt immer f\u00fcr eine pr\u00e4zise Spitze f\u00fcr exaktes Arbeiten. Wasserfest. Parf\u00fcm-, Paraben- und Mineral\u00f6lfrei.<\/p>\n","protected":false},"excerpt":{"rendered":"<p>Herausdrehbarer Konturenstift mit farbintensiver Mine und integriertem Applikator &amp; Spitzer.<\/p>\n","protected":false},"featured_media":103776,"template":"","meta":{"_acf_changed":false},"product_cat":[839],"product_tag":[],"class_list":{"0":"post-25513","1":"product","2":"type-product","3":"status-publish","4":"has-post-thumbnail","6":"product_cat-augen-eyeliner-kajal","8":"first","9":"instock","10":"sold-individually","11":"shipping-taxable","12":"purchasable","13":"product-type-variable","14":"has-default-attributes"},"acf":[],"yoast_head":"<!-- This site is optimized with the Yoast SEO plugin v25.6 - https:\/\/yoast.com\/wordpress\/plugins\/seo\/ -->\n<title>Automatic Eyeliner - Make up Factory<\/title>\n<meta name=\"robots\" content=\"index, follow, max-snippet:-1, max-image-preview:large, max-video-preview:-1\" \/>\n<link rel=\"canonical\" href=\"https:\/\/make-up-factory.com\/de\/produkt\/automatic-eyeliner\/\" \/>\n<meta property=\"og:locale\" content=\"de_DE\" \/>\n<meta property=\"og:type\" content=\"article\" \/>\n<meta property=\"og:title\" content=\"Automatic Eyeliner - Make up Factory\" \/>\n<meta property=\"og:description\" content=\"Herausdrehbarer Konturenstift mit farbintensiver Mine und integriertem Applikator &amp; Spitzer.\" \/>\n<meta property=\"og:url\" content=\"https:\/\/make-up-factory.com\/de\/produkt\/automatic-eyeliner\/\" \/>\n<meta property=\"og:site_name\" content=\"Make up Factory\" \/>\n<meta property=\"article:publisher\" content=\"https:\/\/www.facebook.com\/Makeupfactory\/\" \/>\n<meta property=\"article:modified_time\" content=\"2026-04-21T08:09:04+00:00\" \/>\n<meta property=\"og:image\" content=\"https:\/\/make-up-factory.com\/app\/uploads\/2021\/05\/fa9b1d8e7042bf5558d677834914fa57fc984940_4045915244060_1.original.product-14.jpg\" \/>\n\t<meta property=\"og:image:width\" content=\"1000\" \/>\n\t<meta property=\"og:image:height\" content=\"1000\" \/>\n\t<meta property=\"og:image:type\" content=\"image\/jpeg\" \/>\n<meta name=\"twitter:card\" content=\"summary_large_image\" \/>\n<script type=\"application\/ld+json\" class=\"yoast-schema-graph\">{\"@context\":\"https:\/\/schema.org\",\"@graph\":[{\"@type\":\"WebPage\",\"@id\":\"https:\/\/make-up-factory.com\/de\/produkt\/automatic-eyeliner\/\",\"url\":\"https:\/\/make-up-factory.com\/de\/produkt\/automatic-eyeliner\/\",\"name\":\"Automatic Eyeliner - Make up Factory\",\"isPartOf\":{\"@id\":\"https:\/\/make-up-factory.com\/de\/#website\"},\"primaryImageOfPage\":{\"@id\":\"https:\/\/make-up-factory.com\/de\/produkt\/automatic-eyeliner\/#primaryimage\"},\"image\":{\"@id\":\"https:\/\/make-up-factory.com\/de\/produkt\/automatic-eyeliner\/#primaryimage\"},\"thumbnailUrl\":\"https:\/\/make-up-factory.com\/app\/uploads\/2021\/05\/fa9b1d8e7042bf5558d677834914fa57fc984940_4045915244060_1.original.product-14.jpg\",\"datePublished\":\"2021-04-16T13:12:28+00:00\",\"dateModified\":\"2026-04-21T08:09:04+00:00\",\"breadcrumb\":{\"@id\":\"https:\/\/make-up-factory.com\/de\/produkt\/automatic-eyeliner\/#breadcrumb\"},\"inLanguage\":\"de\",\"potentialAction\":[{\"@type\":\"ReadAction\",\"target\":[\"https:\/\/make-up-factory.com\/de\/produkt\/automatic-eyeliner\/\"]}]},{\"@type\":\"ImageObject\",\"inLanguage\":\"de\",\"@id\":\"https:\/\/make-up-factory.com\/de\/produkt\/automatic-eyeliner\/#primaryimage\",\"url\":\"https:\/\/make-up-factory.com\/app\/uploads\/2021\/05\/fa9b1d8e7042bf5558d677834914fa57fc984940_4045915244060_1.original.product-14.jpg\",\"contentUrl\":\"https:\/\/make-up-factory.com\/app\/uploads\/2021\/05\/fa9b1d8e7042bf5558d677834914fa57fc984940_4045915244060_1.original.product-14.jpg\",\"width\":1000,\"height\":1000},{\"@type\":\"BreadcrumbList\",\"@id\":\"https:\/\/make-up-factory.com\/de\/produkt\/automatic-eyeliner\/#breadcrumb\",\"itemListElement\":[{\"@type\":\"ListItem\",\"position\":1,\"name\":\"Home\",\"item\":\"https:\/\/make-up-factory.com\/de\/\"},{\"@type\":\"ListItem\",\"position\":2,\"name\":\"Produkte\",\"item\":\"https:\/\/make-up-factory.com\/de\/produkte\/\"},{\"@type\":\"ListItem\",\"position\":3,\"name\":\"Augen\",\"item\":\"https:\/\/make-up-factory.com\/de\/produkte\/augen\/\"},{\"@type\":\"ListItem\",\"position\":4,\"name\":\"Eyeliner &amp; Kajal\",\"item\":\"https:\/\/make-up-factory.com\/de\/produkte\/augen\/augen-eyeliner-kajal\/\"},{\"@type\":\"ListItem\",\"position\":5,\"name\":\"Automatic Eyeliner\"}]},{\"@type\":\"WebSite\",\"@id\":\"https:\/\/make-up-factory.com\/de\/#website\",\"url\":\"https:\/\/make-up-factory.com\/de\/\",\"name\":\"Make up Factory\",\"description\":\"\",\"publisher\":{\"@id\":\"https:\/\/make-up-factory.com\/de\/#organization\"},\"potentialAction\":[{\"@type\":\"SearchAction\",\"target\":{\"@type\":\"EntryPoint\",\"urlTemplate\":\"https:\/\/make-up-factory.com\/de\/?s={search_term_string}\"},\"query-input\":{\"@type\":\"PropertyValueSpecification\",\"valueRequired\":true,\"valueName\":\"search_term_string\"}}],\"inLanguage\":\"de\"},{\"@type\":\"Organization\",\"@id\":\"https:\/\/make-up-factory.com\/de\/#organization\",\"name\":\"ICB innovative cosmetic brands GmbH\",\"url\":\"https:\/\/make-up-factory.com\/de\/\",\"logo\":{\"@type\":\"ImageObject\",\"inLanguage\":\"de\",\"@id\":\"https:\/\/make-up-factory.com\/de\/#\/schema\/logo\/image\/\",\"url\":\"https:\/\/make-up-factory.com\/app\/uploads\/2021\/02\/muf-logo-1.png\",\"contentUrl\":\"https:\/\/make-up-factory.com\/app\/uploads\/2021\/02\/muf-logo-1.png\",\"width\":119,\"height\":209,\"caption\":\"ICB innovative cosmetic brands GmbH\"},\"image\":{\"@id\":\"https:\/\/make-up-factory.com\/de\/#\/schema\/logo\/image\/\"},\"sameAs\":[\"https:\/\/www.facebook.com\/Makeupfactory\/\",\"https:\/\/www.instagram.com\/make_up_factory\/\",\"https:\/\/www.youtube.com\/channel\/UCleVbgsF0ox7ZnTLV6kG5hA\"]}]}<\/script>\n<!-- \/ Yoast SEO plugin. -->","yoast_head_json":{"title":"Automatic Eyeliner - Make up Factory","robots":{"index":"index","follow":"follow","max-snippet":"max-snippet:-1","max-image-preview":"max-image-preview:large","max-video-preview":"max-video-preview:-1"},"canonical":"https:\/\/make-up-factory.com\/de\/produkt\/automatic-eyeliner\/","og_locale":"de_DE","og_type":"article","og_title":"Automatic Eyeliner - Make up Factory","og_description":"Herausdrehbarer Konturenstift mit farbintensiver Mine und integriertem Applikator &amp; Spitzer.","og_url":"https:\/\/make-up-factory.com\/de\/produkt\/automatic-eyeliner\/","og_site_name":"Make up Factory","article_publisher":"https:\/\/www.facebook.com\/Makeupfactory\/","article_modified_time":"2026-04-21T08:09:04+00:00","og_image":[{"width":1000,"height":1000,"url":"https:\/\/make-up-factory.com\/app\/uploads\/2021\/05\/fa9b1d8e7042bf5558d677834914fa57fc984940_4045915244060_1.original.product-14.jpg","type":"image\/jpeg"}],"twitter_card":"summary_large_image","schema":{"@context":"https:\/\/schema.org","@graph":[{"@type":"WebPage","@id":"https:\/\/make-up-factory.com\/de\/produkt\/automatic-eyeliner\/","url":"https:\/\/make-up-factory.com\/de\/produkt\/automatic-eyeliner\/","name":"Automatic Eyeliner - Make up Factory","isPartOf":{"@id":"https:\/\/make-up-factory.com\/de\/#website"},"primaryImageOfPage":{"@id":"https:\/\/make-up-factory.com\/de\/produkt\/automatic-eyeliner\/#primaryimage"},"image":{"@id":"https:\/\/make-up-factory.com\/de\/produkt\/automatic-eyeliner\/#primaryimage"},"thumbnailUrl":"https:\/\/make-up-factory.com\/app\/uploads\/2021\/05\/fa9b1d8e7042bf5558d677834914fa57fc984940_4045915244060_1.original.product-14.jpg","datePublished":"2021-04-16T13:12:28+00:00","dateModified":"2026-04-21T08:09:04+00:00","breadcrumb":{"@id":"https:\/\/make-up-factory.com\/de\/produkt\/automatic-eyeliner\/#breadcrumb"},"inLanguage":"de","potentialAction":[{"@type":"ReadAction","target":["https:\/\/make-up-factory.com\/de\/produkt\/automatic-eyeliner\/"]}]},{"@type":"ImageObject","inLanguage":"de","@id":"https:\/\/make-up-factory.com\/de\/produkt\/automatic-eyeliner\/#primaryimage","url":"https:\/\/make-up-factory.com\/app\/uploads\/2021\/05\/fa9b1d8e7042bf5558d677834914fa57fc984940_4045915244060_1.original.product-14.jpg","contentUrl":"https:\/\/make-up-factory.com\/app\/uploads\/2021\/05\/fa9b1d8e7042bf5558d677834914fa57fc984940_4045915244060_1.original.product-14.jpg","width":1000,"height":1000},{"@type":"BreadcrumbList","@id":"https:\/\/make-up-factory.com\/de\/produkt\/automatic-eyeliner\/#breadcrumb","itemListElement":[{"@type":"ListItem","position":1,"name":"Home","item":"https:\/\/make-up-factory.com\/de\/"},{"@type":"ListItem","position":2,"name":"Produkte","item":"https:\/\/make-up-factory.com\/de\/produkte\/"},{"@type":"ListItem","position":3,"name":"Augen","item":"https:\/\/make-up-factory.com\/de\/produkte\/augen\/"},{"@type":"ListItem","position":4,"name":"Eyeliner &amp; Kajal","item":"https:\/\/make-up-factory.com\/de\/produkte\/augen\/augen-eyeliner-kajal\/"},{"@type":"ListItem","position":5,"name":"Automatic Eyeliner"}]},{"@type":"WebSite","@id":"https:\/\/make-up-factory.com\/de\/#website","url":"https:\/\/make-up-factory.com\/de\/","name":"Make up Factory","description":"","publisher":{"@id":"https:\/\/make-up-factory.com\/de\/#organization"},"potentialAction":[{"@type":"SearchAction","target":{"@type":"EntryPoint","urlTemplate":"https:\/\/make-up-factory.com\/de\/?s={search_term_string}"},"query-input":{"@type":"PropertyValueSpecification","valueRequired":true,"valueName":"search_term_string"}}],"inLanguage":"de"},{"@type":"Organization","@id":"https:\/\/make-up-factory.com\/de\/#organization","name":"ICB innovative cosmetic brands GmbH","url":"https:\/\/make-up-factory.com\/de\/","logo":{"@type":"ImageObject","inLanguage":"de","@id":"https:\/\/make-up-factory.com\/de\/#\/schema\/logo\/image\/","url":"https:\/\/make-up-factory.com\/app\/uploads\/2021\/02\/muf-logo-1.png","contentUrl":"https:\/\/make-up-factory.com\/app\/uploads\/2021\/02\/muf-logo-1.png","width":119,"height":209,"caption":"ICB innovative cosmetic brands GmbH"},"image":{"@id":"https:\/\/make-up-factory.com\/de\/#\/schema\/logo\/image\/"},"sameAs":["https:\/\/www.facebook.com\/Makeupfactory\/","https:\/\/www.instagram.com\/make_up_factory\/","https:\/\/www.youtube.com\/channel\/UCleVbgsF0ox7ZnTLV6kG5hA"]}]}},"_links":{"self":[{"href":"https:\/\/make-up-factory.com\/de\/wp-json\/wp\/v2\/product\/25513","targetHints":{"allow":["GET"]}}],"collection":[{"href":"https:\/\/make-up-factory.com\/de\/wp-json\/wp\/v2\/product"}],"about":[{"href":"https:\/\/make-up-factory.com\/de\/wp-json\/wp\/v2\/types\/product"}],"version-history":[{"count":2,"href":"https:\/\/make-up-factory.com\/de\/wp-json\/wp\/v2\/product\/25513\/revisions"}],"predecessor-version":[{"id":116435,"href":"https:\/\/make-up-factory.com\/de\/wp-json\/wp\/v2\/product\/25513\/revisions\/116435"}],"wp:featuredmedia":[{"embeddable":true,"href":"https:\/\/make-up-factory.com\/de\/wp-json\/wp\/v2\/media\/103776"}],"wp:attachment":[{"href":"https:\/\/make-up-factory.com\/de\/wp-json\/wp\/v2\/media?parent=25513"}],"wp:term":[{"taxonomy":"product_cat","embeddable":true,"href":"https:\/\/make-up-factory.com\/de\/wp-json\/wp\/v2\/product_cat?post=25513"},{"taxonomy":"product_tag","embeddable":true,"href":"https:\/\/make-up-factory.com\/de\/wp-json\/wp\/v2\/product_tag?post=25513"}],"curies":[{"name":"wp","href":"https:\/\/api.w.org\/{rel}","templated":true}]}}