{"id":25500,"date":"2021-04-16T15:12:26","date_gmt":"2021-04-16T13:12:26","guid":{"rendered":"https:\/\/make-up-factory.com\/product\/metallic-eyeliner\/"},"modified":"2026-04-03T23:16:43","modified_gmt":"2026-04-03T21:16:43","slug":"metallic-eyeliner","status":"publish","type":"product","link":"https:\/\/make-up-factory.com\/de\/produkt\/metallic-eyeliner\/","title":{"rendered":"Metallic Eyeliner"},"content":{"rendered":"<p>R\u00fcckdrehbarer, cremiger Augenkonturen-Stift mit speziell metallisch gl\u00e4nzenden Pigmenten. Die leichte Textur des Metallic Eyeliner sorgt langanhaltend f\u00fcr intensive Farbe. Der qualitativ hochwertige Eyeliner erlaubt auch die Anwendung im Augen-Innenbereich. Der integrierte Anspitzer sorgt f\u00fcr eine pr\u00e4zise Spitze und der inkludierte Applikator erm\u00f6glicht stufenloses Ausblenden und Verteilen der Farbe. Er ist wasserfest und sorgt f\u00fcr ein auffallendes Augen Make up mit &#8222;Wow&#8220;-Effekt. Konservierungsmittelfrei.<\/p>\n","protected":false},"excerpt":{"rendered":"<p>Herausdrehbarer Augenkonturen-Stift mit metallisch gl\u00e4nzenden Pigmenten.<\/p>\n","protected":false},"featured_media":103184,"template":"","meta":{"_acf_changed":false},"product_cat":[839],"product_tag":[],"class_list":{"0":"post-25500","1":"product","2":"type-product","3":"status-publish","4":"has-post-thumbnail","6":"product_cat-augen-eyeliner-kajal","8":"first","9":"instock","10":"sold-individually","11":"shipping-taxable","12":"purchasable","13":"product-type-variable","14":"has-default-attributes"},"acf":[],"yoast_head":"<!-- This site is optimized with the Yoast SEO plugin v25.6 - https:\/\/yoast.com\/wordpress\/plugins\/seo\/ -->\n<title>Metallic Eyeliner - Make up Factory<\/title>\n<meta name=\"robots\" content=\"index, follow, max-snippet:-1, max-image-preview:large, max-video-preview:-1\" \/>\n<link rel=\"canonical\" href=\"https:\/\/make-up-factory.com\/de\/produkt\/metallic-eyeliner\/\" \/>\n<meta property=\"og:locale\" content=\"de_DE\" \/>\n<meta property=\"og:type\" content=\"article\" \/>\n<meta property=\"og:title\" content=\"Metallic Eyeliner - Make up Factory\" \/>\n<meta property=\"og:description\" content=\"Herausdrehbarer Augenkonturen-Stift mit metallisch gl\u00e4nzenden Pigmenten.\" \/>\n<meta property=\"og:url\" content=\"https:\/\/make-up-factory.com\/de\/produkt\/metallic-eyeliner\/\" \/>\n<meta property=\"og:site_name\" content=\"Make up Factory\" \/>\n<meta property=\"article:publisher\" content=\"https:\/\/www.facebook.com\/Makeupfactory\/\" \/>\n<meta property=\"article:modified_time\" content=\"2026-04-03T21:16:43+00:00\" \/>\n<meta property=\"og:image\" content=\"https:\/\/make-up-factory.com\/app\/uploads\/2021\/05\/12f345fc02e3e7b2ba1ca0ca61afa42aaa3511b7_4045915838184_product-14.jpg\" \/>\n\t<meta property=\"og:image:width\" content=\"1000\" \/>\n\t<meta property=\"og:image:height\" content=\"1000\" \/>\n\t<meta property=\"og:image:type\" content=\"image\/jpeg\" \/>\n<meta name=\"twitter:card\" content=\"summary_large_image\" \/>\n<script type=\"application\/ld+json\" class=\"yoast-schema-graph\">{\"@context\":\"https:\/\/schema.org\",\"@graph\":[{\"@type\":\"WebPage\",\"@id\":\"https:\/\/make-up-factory.com\/de\/produkt\/metallic-eyeliner\/\",\"url\":\"https:\/\/make-up-factory.com\/de\/produkt\/metallic-eyeliner\/\",\"name\":\"Metallic Eyeliner - Make up Factory\",\"isPartOf\":{\"@id\":\"https:\/\/make-up-factory.com\/de\/#website\"},\"primaryImageOfPage\":{\"@id\":\"https:\/\/make-up-factory.com\/de\/produkt\/metallic-eyeliner\/#primaryimage\"},\"image\":{\"@id\":\"https:\/\/make-up-factory.com\/de\/produkt\/metallic-eyeliner\/#primaryimage\"},\"thumbnailUrl\":\"https:\/\/make-up-factory.com\/app\/uploads\/2021\/05\/12f345fc02e3e7b2ba1ca0ca61afa42aaa3511b7_4045915838184_product-14.jpg\",\"datePublished\":\"2021-04-16T13:12:26+00:00\",\"dateModified\":\"2026-04-03T21:16:43+00:00\",\"breadcrumb\":{\"@id\":\"https:\/\/make-up-factory.com\/de\/produkt\/metallic-eyeliner\/#breadcrumb\"},\"inLanguage\":\"de\",\"potentialAction\":[{\"@type\":\"ReadAction\",\"target\":[\"https:\/\/make-up-factory.com\/de\/produkt\/metallic-eyeliner\/\"]}]},{\"@type\":\"ImageObject\",\"inLanguage\":\"de\",\"@id\":\"https:\/\/make-up-factory.com\/de\/produkt\/metallic-eyeliner\/#primaryimage\",\"url\":\"https:\/\/make-up-factory.com\/app\/uploads\/2021\/05\/12f345fc02e3e7b2ba1ca0ca61afa42aaa3511b7_4045915838184_product-14.jpg\",\"contentUrl\":\"https:\/\/make-up-factory.com\/app\/uploads\/2021\/05\/12f345fc02e3e7b2ba1ca0ca61afa42aaa3511b7_4045915838184_product-14.jpg\",\"width\":1000,\"height\":1000},{\"@type\":\"BreadcrumbList\",\"@id\":\"https:\/\/make-up-factory.com\/de\/produkt\/metallic-eyeliner\/#breadcrumb\",\"itemListElement\":[{\"@type\":\"ListItem\",\"position\":1,\"name\":\"Home\",\"item\":\"https:\/\/make-up-factory.com\/de\/\"},{\"@type\":\"ListItem\",\"position\":2,\"name\":\"Produkte\",\"item\":\"https:\/\/make-up-factory.com\/de\/produkte\/\"},{\"@type\":\"ListItem\",\"position\":3,\"name\":\"Augen\",\"item\":\"https:\/\/make-up-factory.com\/de\/produkte\/augen\/\"},{\"@type\":\"ListItem\",\"position\":4,\"name\":\"Eyeliner &amp; Kajal\",\"item\":\"https:\/\/make-up-factory.com\/de\/produkte\/augen\/augen-eyeliner-kajal\/\"},{\"@type\":\"ListItem\",\"position\":5,\"name\":\"Metallic Eyeliner\"}]},{\"@type\":\"WebSite\",\"@id\":\"https:\/\/make-up-factory.com\/de\/#website\",\"url\":\"https:\/\/make-up-factory.com\/de\/\",\"name\":\"Make up Factory\",\"description\":\"\",\"publisher\":{\"@id\":\"https:\/\/make-up-factory.com\/de\/#organization\"},\"potentialAction\":[{\"@type\":\"SearchAction\",\"target\":{\"@type\":\"EntryPoint\",\"urlTemplate\":\"https:\/\/make-up-factory.com\/de\/?s={search_term_string}\"},\"query-input\":{\"@type\":\"PropertyValueSpecification\",\"valueRequired\":true,\"valueName\":\"search_term_string\"}}],\"inLanguage\":\"de\"},{\"@type\":\"Organization\",\"@id\":\"https:\/\/make-up-factory.com\/de\/#organization\",\"name\":\"ICB innovative cosmetic brands GmbH\",\"url\":\"https:\/\/make-up-factory.com\/de\/\",\"logo\":{\"@type\":\"ImageObject\",\"inLanguage\":\"de\",\"@id\":\"https:\/\/make-up-factory.com\/de\/#\/schema\/logo\/image\/\",\"url\":\"https:\/\/make-up-factory.com\/app\/uploads\/2021\/02\/muf-logo-1.png\",\"contentUrl\":\"https:\/\/make-up-factory.com\/app\/uploads\/2021\/02\/muf-logo-1.png\",\"width\":119,\"height\":209,\"caption\":\"ICB innovative cosmetic brands GmbH\"},\"image\":{\"@id\":\"https:\/\/make-up-factory.com\/de\/#\/schema\/logo\/image\/\"},\"sameAs\":[\"https:\/\/www.facebook.com\/Makeupfactory\/\",\"https:\/\/www.instagram.com\/make_up_factory\/\",\"https:\/\/www.youtube.com\/channel\/UCleVbgsF0ox7ZnTLV6kG5hA\"]}]}<\/script>\n<!-- \/ Yoast SEO plugin. -->","yoast_head_json":{"title":"Metallic Eyeliner - Make up Factory","robots":{"index":"index","follow":"follow","max-snippet":"max-snippet:-1","max-image-preview":"max-image-preview:large","max-video-preview":"max-video-preview:-1"},"canonical":"https:\/\/make-up-factory.com\/de\/produkt\/metallic-eyeliner\/","og_locale":"de_DE","og_type":"article","og_title":"Metallic Eyeliner - Make up Factory","og_description":"Herausdrehbarer Augenkonturen-Stift mit metallisch gl\u00e4nzenden Pigmenten.","og_url":"https:\/\/make-up-factory.com\/de\/produkt\/metallic-eyeliner\/","og_site_name":"Make up Factory","article_publisher":"https:\/\/www.facebook.com\/Makeupfactory\/","article_modified_time":"2026-04-03T21:16:43+00:00","og_image":[{"width":1000,"height":1000,"url":"https:\/\/make-up-factory.com\/app\/uploads\/2021\/05\/12f345fc02e3e7b2ba1ca0ca61afa42aaa3511b7_4045915838184_product-14.jpg","type":"image\/jpeg"}],"twitter_card":"summary_large_image","schema":{"@context":"https:\/\/schema.org","@graph":[{"@type":"WebPage","@id":"https:\/\/make-up-factory.com\/de\/produkt\/metallic-eyeliner\/","url":"https:\/\/make-up-factory.com\/de\/produkt\/metallic-eyeliner\/","name":"Metallic Eyeliner - Make up Factory","isPartOf":{"@id":"https:\/\/make-up-factory.com\/de\/#website"},"primaryImageOfPage":{"@id":"https:\/\/make-up-factory.com\/de\/produkt\/metallic-eyeliner\/#primaryimage"},"image":{"@id":"https:\/\/make-up-factory.com\/de\/produkt\/metallic-eyeliner\/#primaryimage"},"thumbnailUrl":"https:\/\/make-up-factory.com\/app\/uploads\/2021\/05\/12f345fc02e3e7b2ba1ca0ca61afa42aaa3511b7_4045915838184_product-14.jpg","datePublished":"2021-04-16T13:12:26+00:00","dateModified":"2026-04-03T21:16:43+00:00","breadcrumb":{"@id":"https:\/\/make-up-factory.com\/de\/produkt\/metallic-eyeliner\/#breadcrumb"},"inLanguage":"de","potentialAction":[{"@type":"ReadAction","target":["https:\/\/make-up-factory.com\/de\/produkt\/metallic-eyeliner\/"]}]},{"@type":"ImageObject","inLanguage":"de","@id":"https:\/\/make-up-factory.com\/de\/produkt\/metallic-eyeliner\/#primaryimage","url":"https:\/\/make-up-factory.com\/app\/uploads\/2021\/05\/12f345fc02e3e7b2ba1ca0ca61afa42aaa3511b7_4045915838184_product-14.jpg","contentUrl":"https:\/\/make-up-factory.com\/app\/uploads\/2021\/05\/12f345fc02e3e7b2ba1ca0ca61afa42aaa3511b7_4045915838184_product-14.jpg","width":1000,"height":1000},{"@type":"BreadcrumbList","@id":"https:\/\/make-up-factory.com\/de\/produkt\/metallic-eyeliner\/#breadcrumb","itemListElement":[{"@type":"ListItem","position":1,"name":"Home","item":"https:\/\/make-up-factory.com\/de\/"},{"@type":"ListItem","position":2,"name":"Produkte","item":"https:\/\/make-up-factory.com\/de\/produkte\/"},{"@type":"ListItem","position":3,"name":"Augen","item":"https:\/\/make-up-factory.com\/de\/produkte\/augen\/"},{"@type":"ListItem","position":4,"name":"Eyeliner &amp; Kajal","item":"https:\/\/make-up-factory.com\/de\/produkte\/augen\/augen-eyeliner-kajal\/"},{"@type":"ListItem","position":5,"name":"Metallic Eyeliner"}]},{"@type":"WebSite","@id":"https:\/\/make-up-factory.com\/de\/#website","url":"https:\/\/make-up-factory.com\/de\/","name":"Make up Factory","description":"","publisher":{"@id":"https:\/\/make-up-factory.com\/de\/#organization"},"potentialAction":[{"@type":"SearchAction","target":{"@type":"EntryPoint","urlTemplate":"https:\/\/make-up-factory.com\/de\/?s={search_term_string}"},"query-input":{"@type":"PropertyValueSpecification","valueRequired":true,"valueName":"search_term_string"}}],"inLanguage":"de"},{"@type":"Organization","@id":"https:\/\/make-up-factory.com\/de\/#organization","name":"ICB innovative cosmetic brands GmbH","url":"https:\/\/make-up-factory.com\/de\/","logo":{"@type":"ImageObject","inLanguage":"de","@id":"https:\/\/make-up-factory.com\/de\/#\/schema\/logo\/image\/","url":"https:\/\/make-up-factory.com\/app\/uploads\/2021\/02\/muf-logo-1.png","contentUrl":"https:\/\/make-up-factory.com\/app\/uploads\/2021\/02\/muf-logo-1.png","width":119,"height":209,"caption":"ICB innovative cosmetic brands GmbH"},"image":{"@id":"https:\/\/make-up-factory.com\/de\/#\/schema\/logo\/image\/"},"sameAs":["https:\/\/www.facebook.com\/Makeupfactory\/","https:\/\/www.instagram.com\/make_up_factory\/","https:\/\/www.youtube.com\/channel\/UCleVbgsF0ox7ZnTLV6kG5hA"]}]}},"_links":{"self":[{"href":"https:\/\/make-up-factory.com\/de\/wp-json\/wp\/v2\/product\/25500","targetHints":{"allow":["GET"]}}],"collection":[{"href":"https:\/\/make-up-factory.com\/de\/wp-json\/wp\/v2\/product"}],"about":[{"href":"https:\/\/make-up-factory.com\/de\/wp-json\/wp\/v2\/types\/product"}],"version-history":[{"count":2,"href":"https:\/\/make-up-factory.com\/de\/wp-json\/wp\/v2\/product\/25500\/revisions"}],"predecessor-version":[{"id":116618,"href":"https:\/\/make-up-factory.com\/de\/wp-json\/wp\/v2\/product\/25500\/revisions\/116618"}],"wp:featuredmedia":[{"embeddable":true,"href":"https:\/\/make-up-factory.com\/de\/wp-json\/wp\/v2\/media\/103184"}],"wp:attachment":[{"href":"https:\/\/make-up-factory.com\/de\/wp-json\/wp\/v2\/media?parent=25500"}],"wp:term":[{"taxonomy":"product_cat","embeddable":true,"href":"https:\/\/make-up-factory.com\/de\/wp-json\/wp\/v2\/product_cat?post=25500"},{"taxonomy":"product_tag","embeddable":true,"href":"https:\/\/make-up-factory.com\/de\/wp-json\/wp\/v2\/product_tag?post=25500"}],"curies":[{"name":"wp","href":"https:\/\/api.w.org\/{rel}","templated":true}]}}