{"id":25493,"date":"2021-04-16T15:12:24","date_gmt":"2021-04-16T13:12:24","guid":{"rendered":"https:\/\/make-up-factory.com\/product\/smoky-liner-long-lasting-wp\/"},"modified":"2026-04-17T21:56:15","modified_gmt":"2026-04-17T19:56:15","slug":"smoky-liner-long-lasting-wp","status":"publish","type":"product","link":"https:\/\/make-up-factory.com\/de\/produkt\/smoky-liner-long-lasting-wp\/","title":{"rendered":"Smoky Liner long-lasting &amp; waterproof"},"content":{"rendered":"<p>Mit dem wasserfesten, hochpigmentierten Smoky Liner l\u00e4sst sich sowohl ein perfekter Lidstrich ziehen als auch die Wasserlinie ideal betonen. Unmittelbar nach dem Auftragen l\u00e4sst sich die cremige Textur leicht verblenden, trocknet dann in wenigen Sekunden und h\u00e4lt den ganzen Tag. F\u00fcr weiche, rauchige Effekte oder Smokey Eyes den Pinsel am Stiftende zum z\u00fcgigen Verblenden nutzen. Die Kappe nach Gebrauch wieder fest verschlie\u00dfen.<\/p>\n","protected":false},"excerpt":{"rendered":"<p>Langhaftender, wasserfester Konturenstift<\/p>\n","protected":false},"featured_media":112219,"template":"","meta":{"_acf_changed":false},"product_cat":[839],"product_tag":[],"class_list":{"0":"post-25493","1":"product","2":"type-product","3":"status-publish","4":"has-post-thumbnail","6":"product_cat-augen-eyeliner-kajal","8":"first","9":"instock","10":"sold-individually","11":"shipping-taxable","12":"purchasable","13":"product-type-variable","14":"has-default-attributes"},"acf":[],"yoast_head":"<!-- This site is optimized with the Yoast SEO plugin v25.6 - https:\/\/yoast.com\/wordpress\/plugins\/seo\/ -->\n<title>Smoky Liner long-lasting &amp; waterproof - Make up Factory<\/title>\n<meta name=\"robots\" content=\"index, follow, max-snippet:-1, max-image-preview:large, max-video-preview:-1\" \/>\n<link rel=\"canonical\" href=\"https:\/\/make-up-factory.com\/de\/produkt\/smoky-liner-long-lasting-wp\/\" \/>\n<meta property=\"og:locale\" content=\"de_DE\" \/>\n<meta property=\"og:type\" content=\"article\" \/>\n<meta property=\"og:title\" content=\"Smoky Liner long-lasting &amp; waterproof - Make up Factory\" \/>\n<meta property=\"og:description\" content=\"Langhaftender, wasserfester Konturenstift\" \/>\n<meta property=\"og:url\" content=\"https:\/\/make-up-factory.com\/de\/produkt\/smoky-liner-long-lasting-wp\/\" \/>\n<meta property=\"og:site_name\" content=\"Make up Factory\" \/>\n<meta property=\"article:publisher\" content=\"https:\/\/www.facebook.com\/Makeupfactory\/\" \/>\n<meta property=\"article:modified_time\" content=\"2026-04-17T19:56:15+00:00\" \/>\n<meta property=\"og:image\" content=\"https:\/\/make-up-factory.com\/app\/uploads\/2024\/05\/d28e524e9105c35c7082b4a6ff0ddd1e2b0a79b7_2431.10_Smoky_Liner.jpg\" \/>\n\t<meta property=\"og:image:width\" content=\"2000\" \/>\n\t<meta property=\"og:image:height\" content=\"2000\" \/>\n\t<meta property=\"og:image:type\" content=\"image\/jpeg\" \/>\n<meta name=\"twitter:card\" content=\"summary_large_image\" \/>\n<script type=\"application\/ld+json\" class=\"yoast-schema-graph\">{\"@context\":\"https:\/\/schema.org\",\"@graph\":[{\"@type\":\"WebPage\",\"@id\":\"https:\/\/make-up-factory.com\/de\/produkt\/smoky-liner-long-lasting-wp\/\",\"url\":\"https:\/\/make-up-factory.com\/de\/produkt\/smoky-liner-long-lasting-wp\/\",\"name\":\"Smoky Liner long-lasting &amp; waterproof - Make up Factory\",\"isPartOf\":{\"@id\":\"https:\/\/make-up-factory.com\/de\/#website\"},\"primaryImageOfPage\":{\"@id\":\"https:\/\/make-up-factory.com\/de\/produkt\/smoky-liner-long-lasting-wp\/#primaryimage\"},\"image\":{\"@id\":\"https:\/\/make-up-factory.com\/de\/produkt\/smoky-liner-long-lasting-wp\/#primaryimage\"},\"thumbnailUrl\":\"https:\/\/make-up-factory.com\/app\/uploads\/2024\/05\/d28e524e9105c35c7082b4a6ff0ddd1e2b0a79b7_2431.10_Smoky_Liner.jpg\",\"datePublished\":\"2021-04-16T13:12:24+00:00\",\"dateModified\":\"2026-04-17T19:56:15+00:00\",\"breadcrumb\":{\"@id\":\"https:\/\/make-up-factory.com\/de\/produkt\/smoky-liner-long-lasting-wp\/#breadcrumb\"},\"inLanguage\":\"de\",\"potentialAction\":[{\"@type\":\"ReadAction\",\"target\":[\"https:\/\/make-up-factory.com\/de\/produkt\/smoky-liner-long-lasting-wp\/\"]}]},{\"@type\":\"ImageObject\",\"inLanguage\":\"de\",\"@id\":\"https:\/\/make-up-factory.com\/de\/produkt\/smoky-liner-long-lasting-wp\/#primaryimage\",\"url\":\"https:\/\/make-up-factory.com\/app\/uploads\/2024\/05\/d28e524e9105c35c7082b4a6ff0ddd1e2b0a79b7_2431.10_Smoky_Liner.jpg\",\"contentUrl\":\"https:\/\/make-up-factory.com\/app\/uploads\/2024\/05\/d28e524e9105c35c7082b4a6ff0ddd1e2b0a79b7_2431.10_Smoky_Liner.jpg\",\"width\":2000,\"height\":2000},{\"@type\":\"BreadcrumbList\",\"@id\":\"https:\/\/make-up-factory.com\/de\/produkt\/smoky-liner-long-lasting-wp\/#breadcrumb\",\"itemListElement\":[{\"@type\":\"ListItem\",\"position\":1,\"name\":\"Home\",\"item\":\"https:\/\/make-up-factory.com\/de\/\"},{\"@type\":\"ListItem\",\"position\":2,\"name\":\"Produkte\",\"item\":\"https:\/\/make-up-factory.com\/de\/produkte\/\"},{\"@type\":\"ListItem\",\"position\":3,\"name\":\"Augen\",\"item\":\"https:\/\/make-up-factory.com\/de\/produkte\/augen\/\"},{\"@type\":\"ListItem\",\"position\":4,\"name\":\"Eyeliner &amp; Kajal\",\"item\":\"https:\/\/make-up-factory.com\/de\/produkte\/augen\/augen-eyeliner-kajal\/\"},{\"@type\":\"ListItem\",\"position\":5,\"name\":\"Smoky Liner long-lasting &amp; waterproof\"}]},{\"@type\":\"WebSite\",\"@id\":\"https:\/\/make-up-factory.com\/de\/#website\",\"url\":\"https:\/\/make-up-factory.com\/de\/\",\"name\":\"Make up Factory\",\"description\":\"\",\"publisher\":{\"@id\":\"https:\/\/make-up-factory.com\/de\/#organization\"},\"potentialAction\":[{\"@type\":\"SearchAction\",\"target\":{\"@type\":\"EntryPoint\",\"urlTemplate\":\"https:\/\/make-up-factory.com\/de\/?s={search_term_string}\"},\"query-input\":{\"@type\":\"PropertyValueSpecification\",\"valueRequired\":true,\"valueName\":\"search_term_string\"}}],\"inLanguage\":\"de\"},{\"@type\":\"Organization\",\"@id\":\"https:\/\/make-up-factory.com\/de\/#organization\",\"name\":\"ICB innovative cosmetic brands GmbH\",\"url\":\"https:\/\/make-up-factory.com\/de\/\",\"logo\":{\"@type\":\"ImageObject\",\"inLanguage\":\"de\",\"@id\":\"https:\/\/make-up-factory.com\/de\/#\/schema\/logo\/image\/\",\"url\":\"https:\/\/make-up-factory.com\/app\/uploads\/2021\/02\/muf-logo-1.png\",\"contentUrl\":\"https:\/\/make-up-factory.com\/app\/uploads\/2021\/02\/muf-logo-1.png\",\"width\":119,\"height\":209,\"caption\":\"ICB innovative cosmetic brands GmbH\"},\"image\":{\"@id\":\"https:\/\/make-up-factory.com\/de\/#\/schema\/logo\/image\/\"},\"sameAs\":[\"https:\/\/www.facebook.com\/Makeupfactory\/\",\"https:\/\/www.instagram.com\/make_up_factory\/\",\"https:\/\/www.youtube.com\/channel\/UCleVbgsF0ox7ZnTLV6kG5hA\"]}]}<\/script>\n<!-- \/ Yoast SEO plugin. -->","yoast_head_json":{"title":"Smoky Liner long-lasting &amp; waterproof - Make up Factory","robots":{"index":"index","follow":"follow","max-snippet":"max-snippet:-1","max-image-preview":"max-image-preview:large","max-video-preview":"max-video-preview:-1"},"canonical":"https:\/\/make-up-factory.com\/de\/produkt\/smoky-liner-long-lasting-wp\/","og_locale":"de_DE","og_type":"article","og_title":"Smoky Liner long-lasting &amp; waterproof - Make up Factory","og_description":"Langhaftender, wasserfester Konturenstift","og_url":"https:\/\/make-up-factory.com\/de\/produkt\/smoky-liner-long-lasting-wp\/","og_site_name":"Make up Factory","article_publisher":"https:\/\/www.facebook.com\/Makeupfactory\/","article_modified_time":"2026-04-17T19:56:15+00:00","og_image":[{"width":2000,"height":2000,"url":"https:\/\/make-up-factory.com\/app\/uploads\/2024\/05\/d28e524e9105c35c7082b4a6ff0ddd1e2b0a79b7_2431.10_Smoky_Liner.jpg","type":"image\/jpeg"}],"twitter_card":"summary_large_image","schema":{"@context":"https:\/\/schema.org","@graph":[{"@type":"WebPage","@id":"https:\/\/make-up-factory.com\/de\/produkt\/smoky-liner-long-lasting-wp\/","url":"https:\/\/make-up-factory.com\/de\/produkt\/smoky-liner-long-lasting-wp\/","name":"Smoky Liner long-lasting &amp; waterproof - Make up Factory","isPartOf":{"@id":"https:\/\/make-up-factory.com\/de\/#website"},"primaryImageOfPage":{"@id":"https:\/\/make-up-factory.com\/de\/produkt\/smoky-liner-long-lasting-wp\/#primaryimage"},"image":{"@id":"https:\/\/make-up-factory.com\/de\/produkt\/smoky-liner-long-lasting-wp\/#primaryimage"},"thumbnailUrl":"https:\/\/make-up-factory.com\/app\/uploads\/2024\/05\/d28e524e9105c35c7082b4a6ff0ddd1e2b0a79b7_2431.10_Smoky_Liner.jpg","datePublished":"2021-04-16T13:12:24+00:00","dateModified":"2026-04-17T19:56:15+00:00","breadcrumb":{"@id":"https:\/\/make-up-factory.com\/de\/produkt\/smoky-liner-long-lasting-wp\/#breadcrumb"},"inLanguage":"de","potentialAction":[{"@type":"ReadAction","target":["https:\/\/make-up-factory.com\/de\/produkt\/smoky-liner-long-lasting-wp\/"]}]},{"@type":"ImageObject","inLanguage":"de","@id":"https:\/\/make-up-factory.com\/de\/produkt\/smoky-liner-long-lasting-wp\/#primaryimage","url":"https:\/\/make-up-factory.com\/app\/uploads\/2024\/05\/d28e524e9105c35c7082b4a6ff0ddd1e2b0a79b7_2431.10_Smoky_Liner.jpg","contentUrl":"https:\/\/make-up-factory.com\/app\/uploads\/2024\/05\/d28e524e9105c35c7082b4a6ff0ddd1e2b0a79b7_2431.10_Smoky_Liner.jpg","width":2000,"height":2000},{"@type":"BreadcrumbList","@id":"https:\/\/make-up-factory.com\/de\/produkt\/smoky-liner-long-lasting-wp\/#breadcrumb","itemListElement":[{"@type":"ListItem","position":1,"name":"Home","item":"https:\/\/make-up-factory.com\/de\/"},{"@type":"ListItem","position":2,"name":"Produkte","item":"https:\/\/make-up-factory.com\/de\/produkte\/"},{"@type":"ListItem","position":3,"name":"Augen","item":"https:\/\/make-up-factory.com\/de\/produkte\/augen\/"},{"@type":"ListItem","position":4,"name":"Eyeliner &amp; Kajal","item":"https:\/\/make-up-factory.com\/de\/produkte\/augen\/augen-eyeliner-kajal\/"},{"@type":"ListItem","position":5,"name":"Smoky Liner long-lasting &amp; waterproof"}]},{"@type":"WebSite","@id":"https:\/\/make-up-factory.com\/de\/#website","url":"https:\/\/make-up-factory.com\/de\/","name":"Make up Factory","description":"","publisher":{"@id":"https:\/\/make-up-factory.com\/de\/#organization"},"potentialAction":[{"@type":"SearchAction","target":{"@type":"EntryPoint","urlTemplate":"https:\/\/make-up-factory.com\/de\/?s={search_term_string}"},"query-input":{"@type":"PropertyValueSpecification","valueRequired":true,"valueName":"search_term_string"}}],"inLanguage":"de"},{"@type":"Organization","@id":"https:\/\/make-up-factory.com\/de\/#organization","name":"ICB innovative cosmetic brands GmbH","url":"https:\/\/make-up-factory.com\/de\/","logo":{"@type":"ImageObject","inLanguage":"de","@id":"https:\/\/make-up-factory.com\/de\/#\/schema\/logo\/image\/","url":"https:\/\/make-up-factory.com\/app\/uploads\/2021\/02\/muf-logo-1.png","contentUrl":"https:\/\/make-up-factory.com\/app\/uploads\/2021\/02\/muf-logo-1.png","width":119,"height":209,"caption":"ICB innovative cosmetic brands GmbH"},"image":{"@id":"https:\/\/make-up-factory.com\/de\/#\/schema\/logo\/image\/"},"sameAs":["https:\/\/www.facebook.com\/Makeupfactory\/","https:\/\/www.instagram.com\/make_up_factory\/","https:\/\/www.youtube.com\/channel\/UCleVbgsF0ox7ZnTLV6kG5hA"]}]}},"_links":{"self":[{"href":"https:\/\/make-up-factory.com\/de\/wp-json\/wp\/v2\/product\/25493","targetHints":{"allow":["GET"]}}],"collection":[{"href":"https:\/\/make-up-factory.com\/de\/wp-json\/wp\/v2\/product"}],"about":[{"href":"https:\/\/make-up-factory.com\/de\/wp-json\/wp\/v2\/types\/product"}],"version-history":[{"count":3,"href":"https:\/\/make-up-factory.com\/de\/wp-json\/wp\/v2\/product\/25493\/revisions"}],"predecessor-version":[{"id":116427,"href":"https:\/\/make-up-factory.com\/de\/wp-json\/wp\/v2\/product\/25493\/revisions\/116427"}],"wp:featuredmedia":[{"embeddable":true,"href":"https:\/\/make-up-factory.com\/de\/wp-json\/wp\/v2\/media\/112219"}],"wp:attachment":[{"href":"https:\/\/make-up-factory.com\/de\/wp-json\/wp\/v2\/media?parent=25493"}],"wp:term":[{"taxonomy":"product_cat","embeddable":true,"href":"https:\/\/make-up-factory.com\/de\/wp-json\/wp\/v2\/product_cat?post=25493"},{"taxonomy":"product_tag","embeddable":true,"href":"https:\/\/make-up-factory.com\/de\/wp-json\/wp\/v2\/product_tag?post=25493"}],"curies":[{"name":"wp","href":"https:\/\/api.w.org\/{rel}","templated":true}]}}