{"id":25481,"date":"2021-04-16T15:12:23","date_gmt":"2021-04-16T13:12:23","guid":{"rendered":"https:\/\/make-up-factory.com\/product\/color-intuition-lip-balm\/"},"modified":"2026-04-23T16:07:01","modified_gmt":"2026-04-23T14:07:01","slug":"color-intuition-lip-balm","status":"publish","type":"product","link":"https:\/\/make-up-factory.com\/de\/produkt\/color-intuition-lip-balm\/","title":{"rendered":"Color Intuition Lip Balm"},"content":{"rendered":"<p>Der Lip Balm mit selbstverf\u00e4rbenden Pigmenten verw\u00f6hnt die Lippen mit hochwertiger Pflege, intensiviert die nat\u00fcrliche Lippenfarbe und passt sich dieser intuitiv an. Wenige Sekunden nach dem Auftragen zaubert der Balm dezent betonte Lippen. Die Farbe variiert je nach individuellem pH-Wert von leichtem Rosa bis warmem Pink. Aprikosen- und Pfirsichkern\u00f6l spenden Feuchtigkeit und pflegen die Lippen zart und geschmeidig. Parabenfrei. Hautvertr\u00e4glichkeit dermatologisch best\u00e4tigt.<\/p>\n","protected":false},"excerpt":{"rendered":"<p>Pflegender Lippenstift mit selbstverf\u00e4rbenden Pigmenten unterstreicht die nat\u00fcrliche Lippenfarbe.<\/p>\n","protected":false},"featured_media":113143,"template":"","meta":{"_acf_changed":false},"product_cat":[879],"product_tag":[],"class_list":{"0":"post-25481","1":"product","2":"type-product","3":"status-publish","4":"has-post-thumbnail","6":"product_cat-lippen-lippenbalsam","8":"first","9":"instock","10":"sold-individually","11":"shipping-taxable","12":"purchasable","13":"product-type-variable","14":"has-default-attributes"},"acf":[],"yoast_head":"<!-- This site is optimized with the Yoast SEO plugin v25.6 - https:\/\/yoast.com\/wordpress\/plugins\/seo\/ -->\n<title>Color Intuition Lip Balm - Make up Factory<\/title>\n<meta name=\"robots\" content=\"index, follow, max-snippet:-1, max-image-preview:large, max-video-preview:-1\" \/>\n<link rel=\"canonical\" href=\"https:\/\/make-up-factory.com\/de\/produkt\/color-intuition-lip-balm\/\" \/>\n<meta property=\"og:locale\" content=\"de_DE\" \/>\n<meta property=\"og:type\" content=\"article\" \/>\n<meta property=\"og:title\" content=\"Color Intuition Lip Balm - Make up Factory\" \/>\n<meta property=\"og:description\" content=\"Pflegender Lippenstift mit selbstverf\u00e4rbenden Pigmenten unterstreicht die nat\u00fcrliche Lippenfarbe.\" \/>\n<meta property=\"og:url\" content=\"https:\/\/make-up-factory.com\/de\/produkt\/color-intuition-lip-balm\/\" \/>\n<meta property=\"og:site_name\" content=\"Make up Factory\" \/>\n<meta property=\"article:publisher\" content=\"https:\/\/www.facebook.com\/Makeupfactory\/\" \/>\n<meta property=\"article:modified_time\" content=\"2026-04-23T14:07:01+00:00\" \/>\n<meta property=\"og:image\" content=\"https:\/\/make-up-factory.com\/app\/uploads\/2024\/10\/a3e9a6644bd74fbd4941b053ccb756829c3b13b2_Website__format_JPG_22004.01_Color_Intuition_Lip_Balm.jpg\" \/>\n\t<meta property=\"og:image:width\" content=\"1000\" \/>\n\t<meta property=\"og:image:height\" content=\"1000\" \/>\n\t<meta property=\"og:image:type\" content=\"image\/jpeg\" \/>\n<meta name=\"twitter:card\" content=\"summary_large_image\" \/>\n<script type=\"application\/ld+json\" class=\"yoast-schema-graph\">{\"@context\":\"https:\/\/schema.org\",\"@graph\":[{\"@type\":\"WebPage\",\"@id\":\"https:\/\/make-up-factory.com\/de\/produkt\/color-intuition-lip-balm\/\",\"url\":\"https:\/\/make-up-factory.com\/de\/produkt\/color-intuition-lip-balm\/\",\"name\":\"Color Intuition Lip Balm - Make up Factory\",\"isPartOf\":{\"@id\":\"https:\/\/make-up-factory.com\/de\/#website\"},\"primaryImageOfPage\":{\"@id\":\"https:\/\/make-up-factory.com\/de\/produkt\/color-intuition-lip-balm\/#primaryimage\"},\"image\":{\"@id\":\"https:\/\/make-up-factory.com\/de\/produkt\/color-intuition-lip-balm\/#primaryimage\"},\"thumbnailUrl\":\"https:\/\/make-up-factory.com\/app\/uploads\/2024\/10\/a3e9a6644bd74fbd4941b053ccb756829c3b13b2_Website__format_JPG_22004.01_Color_Intuition_Lip_Balm.jpg\",\"datePublished\":\"2021-04-16T13:12:23+00:00\",\"dateModified\":\"2026-04-23T14:07:01+00:00\",\"breadcrumb\":{\"@id\":\"https:\/\/make-up-factory.com\/de\/produkt\/color-intuition-lip-balm\/#breadcrumb\"},\"inLanguage\":\"de\",\"potentialAction\":[{\"@type\":\"ReadAction\",\"target\":[\"https:\/\/make-up-factory.com\/de\/produkt\/color-intuition-lip-balm\/\"]}]},{\"@type\":\"ImageObject\",\"inLanguage\":\"de\",\"@id\":\"https:\/\/make-up-factory.com\/de\/produkt\/color-intuition-lip-balm\/#primaryimage\",\"url\":\"https:\/\/make-up-factory.com\/app\/uploads\/2024\/10\/a3e9a6644bd74fbd4941b053ccb756829c3b13b2_Website__format_JPG_22004.01_Color_Intuition_Lip_Balm.jpg\",\"contentUrl\":\"https:\/\/make-up-factory.com\/app\/uploads\/2024\/10\/a3e9a6644bd74fbd4941b053ccb756829c3b13b2_Website__format_JPG_22004.01_Color_Intuition_Lip_Balm.jpg\",\"width\":1000,\"height\":1000},{\"@type\":\"BreadcrumbList\",\"@id\":\"https:\/\/make-up-factory.com\/de\/produkt\/color-intuition-lip-balm\/#breadcrumb\",\"itemListElement\":[{\"@type\":\"ListItem\",\"position\":1,\"name\":\"Home\",\"item\":\"https:\/\/make-up-factory.com\/de\/\"},{\"@type\":\"ListItem\",\"position\":2,\"name\":\"Produkte\",\"item\":\"https:\/\/make-up-factory.com\/de\/produkte\/\"},{\"@type\":\"ListItem\",\"position\":3,\"name\":\"Lippen\",\"item\":\"https:\/\/make-up-factory.com\/de\/produkte\/lippen\/\"},{\"@type\":\"ListItem\",\"position\":4,\"name\":\"Lippenbalsam\",\"item\":\"https:\/\/make-up-factory.com\/de\/produkte\/lippen\/lippen-lippenbalsam\/\"},{\"@type\":\"ListItem\",\"position\":5,\"name\":\"Color Intuition Lip Balm\"}]},{\"@type\":\"WebSite\",\"@id\":\"https:\/\/make-up-factory.com\/de\/#website\",\"url\":\"https:\/\/make-up-factory.com\/de\/\",\"name\":\"Make up Factory\",\"description\":\"\",\"publisher\":{\"@id\":\"https:\/\/make-up-factory.com\/de\/#organization\"},\"potentialAction\":[{\"@type\":\"SearchAction\",\"target\":{\"@type\":\"EntryPoint\",\"urlTemplate\":\"https:\/\/make-up-factory.com\/de\/?s={search_term_string}\"},\"query-input\":{\"@type\":\"PropertyValueSpecification\",\"valueRequired\":true,\"valueName\":\"search_term_string\"}}],\"inLanguage\":\"de\"},{\"@type\":\"Organization\",\"@id\":\"https:\/\/make-up-factory.com\/de\/#organization\",\"name\":\"ICB innovative cosmetic brands GmbH\",\"url\":\"https:\/\/make-up-factory.com\/de\/\",\"logo\":{\"@type\":\"ImageObject\",\"inLanguage\":\"de\",\"@id\":\"https:\/\/make-up-factory.com\/de\/#\/schema\/logo\/image\/\",\"url\":\"https:\/\/make-up-factory.com\/app\/uploads\/2021\/02\/muf-logo-1.png\",\"contentUrl\":\"https:\/\/make-up-factory.com\/app\/uploads\/2021\/02\/muf-logo-1.png\",\"width\":119,\"height\":209,\"caption\":\"ICB innovative cosmetic brands GmbH\"},\"image\":{\"@id\":\"https:\/\/make-up-factory.com\/de\/#\/schema\/logo\/image\/\"},\"sameAs\":[\"https:\/\/www.facebook.com\/Makeupfactory\/\",\"https:\/\/www.instagram.com\/make_up_factory\/\",\"https:\/\/www.youtube.com\/channel\/UCleVbgsF0ox7ZnTLV6kG5hA\"]}]}<\/script>\n<!-- \/ Yoast SEO plugin. -->","yoast_head_json":{"title":"Color Intuition Lip Balm - Make up Factory","robots":{"index":"index","follow":"follow","max-snippet":"max-snippet:-1","max-image-preview":"max-image-preview:large","max-video-preview":"max-video-preview:-1"},"canonical":"https:\/\/make-up-factory.com\/de\/produkt\/color-intuition-lip-balm\/","og_locale":"de_DE","og_type":"article","og_title":"Color Intuition Lip Balm - Make up Factory","og_description":"Pflegender Lippenstift mit selbstverf\u00e4rbenden Pigmenten unterstreicht die nat\u00fcrliche Lippenfarbe.","og_url":"https:\/\/make-up-factory.com\/de\/produkt\/color-intuition-lip-balm\/","og_site_name":"Make up Factory","article_publisher":"https:\/\/www.facebook.com\/Makeupfactory\/","article_modified_time":"2026-04-23T14:07:01+00:00","og_image":[{"width":1000,"height":1000,"url":"https:\/\/make-up-factory.com\/app\/uploads\/2024\/10\/a3e9a6644bd74fbd4941b053ccb756829c3b13b2_Website__format_JPG_22004.01_Color_Intuition_Lip_Balm.jpg","type":"image\/jpeg"}],"twitter_card":"summary_large_image","schema":{"@context":"https:\/\/schema.org","@graph":[{"@type":"WebPage","@id":"https:\/\/make-up-factory.com\/de\/produkt\/color-intuition-lip-balm\/","url":"https:\/\/make-up-factory.com\/de\/produkt\/color-intuition-lip-balm\/","name":"Color Intuition Lip Balm - Make up Factory","isPartOf":{"@id":"https:\/\/make-up-factory.com\/de\/#website"},"primaryImageOfPage":{"@id":"https:\/\/make-up-factory.com\/de\/produkt\/color-intuition-lip-balm\/#primaryimage"},"image":{"@id":"https:\/\/make-up-factory.com\/de\/produkt\/color-intuition-lip-balm\/#primaryimage"},"thumbnailUrl":"https:\/\/make-up-factory.com\/app\/uploads\/2024\/10\/a3e9a6644bd74fbd4941b053ccb756829c3b13b2_Website__format_JPG_22004.01_Color_Intuition_Lip_Balm.jpg","datePublished":"2021-04-16T13:12:23+00:00","dateModified":"2026-04-23T14:07:01+00:00","breadcrumb":{"@id":"https:\/\/make-up-factory.com\/de\/produkt\/color-intuition-lip-balm\/#breadcrumb"},"inLanguage":"de","potentialAction":[{"@type":"ReadAction","target":["https:\/\/make-up-factory.com\/de\/produkt\/color-intuition-lip-balm\/"]}]},{"@type":"ImageObject","inLanguage":"de","@id":"https:\/\/make-up-factory.com\/de\/produkt\/color-intuition-lip-balm\/#primaryimage","url":"https:\/\/make-up-factory.com\/app\/uploads\/2024\/10\/a3e9a6644bd74fbd4941b053ccb756829c3b13b2_Website__format_JPG_22004.01_Color_Intuition_Lip_Balm.jpg","contentUrl":"https:\/\/make-up-factory.com\/app\/uploads\/2024\/10\/a3e9a6644bd74fbd4941b053ccb756829c3b13b2_Website__format_JPG_22004.01_Color_Intuition_Lip_Balm.jpg","width":1000,"height":1000},{"@type":"BreadcrumbList","@id":"https:\/\/make-up-factory.com\/de\/produkt\/color-intuition-lip-balm\/#breadcrumb","itemListElement":[{"@type":"ListItem","position":1,"name":"Home","item":"https:\/\/make-up-factory.com\/de\/"},{"@type":"ListItem","position":2,"name":"Produkte","item":"https:\/\/make-up-factory.com\/de\/produkte\/"},{"@type":"ListItem","position":3,"name":"Lippen","item":"https:\/\/make-up-factory.com\/de\/produkte\/lippen\/"},{"@type":"ListItem","position":4,"name":"Lippenbalsam","item":"https:\/\/make-up-factory.com\/de\/produkte\/lippen\/lippen-lippenbalsam\/"},{"@type":"ListItem","position":5,"name":"Color Intuition Lip Balm"}]},{"@type":"WebSite","@id":"https:\/\/make-up-factory.com\/de\/#website","url":"https:\/\/make-up-factory.com\/de\/","name":"Make up Factory","description":"","publisher":{"@id":"https:\/\/make-up-factory.com\/de\/#organization"},"potentialAction":[{"@type":"SearchAction","target":{"@type":"EntryPoint","urlTemplate":"https:\/\/make-up-factory.com\/de\/?s={search_term_string}"},"query-input":{"@type":"PropertyValueSpecification","valueRequired":true,"valueName":"search_term_string"}}],"inLanguage":"de"},{"@type":"Organization","@id":"https:\/\/make-up-factory.com\/de\/#organization","name":"ICB innovative cosmetic brands GmbH","url":"https:\/\/make-up-factory.com\/de\/","logo":{"@type":"ImageObject","inLanguage":"de","@id":"https:\/\/make-up-factory.com\/de\/#\/schema\/logo\/image\/","url":"https:\/\/make-up-factory.com\/app\/uploads\/2021\/02\/muf-logo-1.png","contentUrl":"https:\/\/make-up-factory.com\/app\/uploads\/2021\/02\/muf-logo-1.png","width":119,"height":209,"caption":"ICB innovative cosmetic brands GmbH"},"image":{"@id":"https:\/\/make-up-factory.com\/de\/#\/schema\/logo\/image\/"},"sameAs":["https:\/\/www.facebook.com\/Makeupfactory\/","https:\/\/www.instagram.com\/make_up_factory\/","https:\/\/www.youtube.com\/channel\/UCleVbgsF0ox7ZnTLV6kG5hA"]}]}},"_links":{"self":[{"href":"https:\/\/make-up-factory.com\/de\/wp-json\/wp\/v2\/product\/25481","targetHints":{"allow":["GET"]}}],"collection":[{"href":"https:\/\/make-up-factory.com\/de\/wp-json\/wp\/v2\/product"}],"about":[{"href":"https:\/\/make-up-factory.com\/de\/wp-json\/wp\/v2\/types\/product"}],"version-history":[{"count":2,"href":"https:\/\/make-up-factory.com\/de\/wp-json\/wp\/v2\/product\/25481\/revisions"}],"predecessor-version":[{"id":117048,"href":"https:\/\/make-up-factory.com\/de\/wp-json\/wp\/v2\/product\/25481\/revisions\/117048"}],"wp:featuredmedia":[{"embeddable":true,"href":"https:\/\/make-up-factory.com\/de\/wp-json\/wp\/v2\/media\/113143"}],"wp:attachment":[{"href":"https:\/\/make-up-factory.com\/de\/wp-json\/wp\/v2\/media?parent=25481"}],"wp:term":[{"taxonomy":"product_cat","embeddable":true,"href":"https:\/\/make-up-factory.com\/de\/wp-json\/wp\/v2\/product_cat?post=25481"},{"taxonomy":"product_tag","embeddable":true,"href":"https:\/\/make-up-factory.com\/de\/wp-json\/wp\/v2\/product_tag?post=25481"}],"curies":[{"name":"wp","href":"https:\/\/api.w.org\/{rel}","templated":true}]}}