{"id":25468,"date":"2021-04-16T15:12:20","date_gmt":"2021-04-16T13:12:20","guid":{"rendered":"https:\/\/make-up-factory.com\/product\/liquid-eye-designer\/"},"modified":"2026-04-22T17:16:03","modified_gmt":"2026-04-22T15:16:03","slug":"liquid-eye-designer","status":"publish","type":"product","link":"https:\/\/make-up-factory.com\/de\/produkt\/liquid-eye-designer\/","title":{"rendered":"Liquid Eye Designer"},"content":{"rendered":"<p>Der farbintensive Liquid Eye Designer mit extra pr\u00e4ziser Filzspitze garantiert einen ausdrucksstarken Augenaufschlag. Dank der weichen, flexiblen Spitze ist er besonders einfach und variabel in der Anwendung. F\u00fcr einen sch\u00f6n geschwungenen Lidstrich, von ultra-fein bis dramatisch. Durch die intensive Farbabgabe und hohe Deckkraft erscheinen die Wimpern dichter und  voller. Die Textur ist schnelltrocknend, parf\u00fcmfrei und f\u00fcr empfindliche Augen geeignet. Parabenfrei.<\/p>\n","protected":false},"excerpt":{"rendered":"<p>Fl\u00fcssiger Eyeliner mit pr\u00e4ziser Filzspitze f\u00fcr einen einfachen und sch\u00f6n geschwungenen Lidstrich<\/p>\n","protected":false},"featured_media":119257,"template":"","meta":{"_acf_changed":false},"product_cat":[839],"product_tag":[],"class_list":{"0":"post-25468","1":"product","2":"type-product","3":"status-publish","4":"has-post-thumbnail","6":"product_cat-augen-eyeliner-kajal","8":"first","9":"instock","10":"sold-individually","11":"shipping-taxable","12":"purchasable","13":"product-type-variable","14":"has-default-attributes"},"acf":[],"yoast_head":"<!-- This site is optimized with the Yoast SEO plugin v25.6 - https:\/\/yoast.com\/wordpress\/plugins\/seo\/ -->\n<title>Liquid Eye Designer - Make up Factory<\/title>\n<meta name=\"robots\" content=\"index, follow, max-snippet:-1, max-image-preview:large, max-video-preview:-1\" \/>\n<link rel=\"canonical\" href=\"https:\/\/make-up-factory.com\/de\/produkt\/liquid-eye-designer\/\" \/>\n<meta property=\"og:locale\" content=\"de_DE\" \/>\n<meta property=\"og:type\" content=\"article\" \/>\n<meta property=\"og:title\" content=\"Liquid Eye Designer - Make up Factory\" \/>\n<meta property=\"og:description\" content=\"Fl\u00fcssiger Eyeliner mit pr\u00e4ziser Filzspitze f\u00fcr einen einfachen und sch\u00f6n geschwungenen Lidstrich\" \/>\n<meta property=\"og:url\" content=\"https:\/\/make-up-factory.com\/de\/produkt\/liquid-eye-designer\/\" \/>\n<meta property=\"og:site_name\" content=\"Make up Factory\" \/>\n<meta property=\"article:publisher\" content=\"https:\/\/www.facebook.com\/Makeupfactory\/\" \/>\n<meta property=\"article:modified_time\" content=\"2026-04-22T15:16:03+00:00\" \/>\n<meta property=\"og:image\" content=\"https:\/\/make-up-factory.com\/app\/uploads\/2026\/01\/f4189093d76a4889c09e9b42b2d4bd8e8291335b_Website__format_PNG_249.02_Liquid_Eye_Designer.jpg\" \/>\n\t<meta property=\"og:image:width\" content=\"1000\" \/>\n\t<meta property=\"og:image:height\" content=\"1000\" \/>\n\t<meta property=\"og:image:type\" content=\"image\/jpeg\" \/>\n<meta name=\"twitter:card\" content=\"summary_large_image\" \/>\n<script type=\"application\/ld+json\" class=\"yoast-schema-graph\">{\"@context\":\"https:\/\/schema.org\",\"@graph\":[{\"@type\":\"WebPage\",\"@id\":\"https:\/\/make-up-factory.com\/de\/produkt\/liquid-eye-designer\/\",\"url\":\"https:\/\/make-up-factory.com\/de\/produkt\/liquid-eye-designer\/\",\"name\":\"Liquid Eye Designer - Make up Factory\",\"isPartOf\":{\"@id\":\"https:\/\/make-up-factory.com\/de\/#website\"},\"primaryImageOfPage\":{\"@id\":\"https:\/\/make-up-factory.com\/de\/produkt\/liquid-eye-designer\/#primaryimage\"},\"image\":{\"@id\":\"https:\/\/make-up-factory.com\/de\/produkt\/liquid-eye-designer\/#primaryimage\"},\"thumbnailUrl\":\"https:\/\/make-up-factory.com\/app\/uploads\/2026\/01\/f4189093d76a4889c09e9b42b2d4bd8e8291335b_Website__format_PNG_249.02_Liquid_Eye_Designer.jpg\",\"datePublished\":\"2021-04-16T13:12:20+00:00\",\"dateModified\":\"2026-04-22T15:16:03+00:00\",\"breadcrumb\":{\"@id\":\"https:\/\/make-up-factory.com\/de\/produkt\/liquid-eye-designer\/#breadcrumb\"},\"inLanguage\":\"de\",\"potentialAction\":[{\"@type\":\"ReadAction\",\"target\":[\"https:\/\/make-up-factory.com\/de\/produkt\/liquid-eye-designer\/\"]}]},{\"@type\":\"ImageObject\",\"inLanguage\":\"de\",\"@id\":\"https:\/\/make-up-factory.com\/de\/produkt\/liquid-eye-designer\/#primaryimage\",\"url\":\"https:\/\/make-up-factory.com\/app\/uploads\/2026\/01\/f4189093d76a4889c09e9b42b2d4bd8e8291335b_Website__format_PNG_249.02_Liquid_Eye_Designer.jpg\",\"contentUrl\":\"https:\/\/make-up-factory.com\/app\/uploads\/2026\/01\/f4189093d76a4889c09e9b42b2d4bd8e8291335b_Website__format_PNG_249.02_Liquid_Eye_Designer.jpg\",\"width\":1000,\"height\":1000},{\"@type\":\"BreadcrumbList\",\"@id\":\"https:\/\/make-up-factory.com\/de\/produkt\/liquid-eye-designer\/#breadcrumb\",\"itemListElement\":[{\"@type\":\"ListItem\",\"position\":1,\"name\":\"Home\",\"item\":\"https:\/\/make-up-factory.com\/de\/\"},{\"@type\":\"ListItem\",\"position\":2,\"name\":\"Produkte\",\"item\":\"https:\/\/make-up-factory.com\/de\/produkte\/\"},{\"@type\":\"ListItem\",\"position\":3,\"name\":\"Augen\",\"item\":\"https:\/\/make-up-factory.com\/de\/produkte\/augen\/\"},{\"@type\":\"ListItem\",\"position\":4,\"name\":\"Eyeliner &amp; Kajal\",\"item\":\"https:\/\/make-up-factory.com\/de\/produkte\/augen\/augen-eyeliner-kajal\/\"},{\"@type\":\"ListItem\",\"position\":5,\"name\":\"Liquid Eye Designer\"}]},{\"@type\":\"WebSite\",\"@id\":\"https:\/\/make-up-factory.com\/de\/#website\",\"url\":\"https:\/\/make-up-factory.com\/de\/\",\"name\":\"Make up Factory\",\"description\":\"\",\"publisher\":{\"@id\":\"https:\/\/make-up-factory.com\/de\/#organization\"},\"potentialAction\":[{\"@type\":\"SearchAction\",\"target\":{\"@type\":\"EntryPoint\",\"urlTemplate\":\"https:\/\/make-up-factory.com\/de\/?s={search_term_string}\"},\"query-input\":{\"@type\":\"PropertyValueSpecification\",\"valueRequired\":true,\"valueName\":\"search_term_string\"}}],\"inLanguage\":\"de\"},{\"@type\":\"Organization\",\"@id\":\"https:\/\/make-up-factory.com\/de\/#organization\",\"name\":\"ICB innovative cosmetic brands GmbH\",\"url\":\"https:\/\/make-up-factory.com\/de\/\",\"logo\":{\"@type\":\"ImageObject\",\"inLanguage\":\"de\",\"@id\":\"https:\/\/make-up-factory.com\/de\/#\/schema\/logo\/image\/\",\"url\":\"https:\/\/make-up-factory.com\/app\/uploads\/2021\/02\/muf-logo-1.png\",\"contentUrl\":\"https:\/\/make-up-factory.com\/app\/uploads\/2021\/02\/muf-logo-1.png\",\"width\":119,\"height\":209,\"caption\":\"ICB innovative cosmetic brands GmbH\"},\"image\":{\"@id\":\"https:\/\/make-up-factory.com\/de\/#\/schema\/logo\/image\/\"},\"sameAs\":[\"https:\/\/www.facebook.com\/Makeupfactory\/\",\"https:\/\/www.instagram.com\/make_up_factory\/\",\"https:\/\/www.youtube.com\/channel\/UCleVbgsF0ox7ZnTLV6kG5hA\"]}]}<\/script>\n<!-- \/ Yoast SEO plugin. -->","yoast_head_json":{"title":"Liquid Eye Designer - Make up Factory","robots":{"index":"index","follow":"follow","max-snippet":"max-snippet:-1","max-image-preview":"max-image-preview:large","max-video-preview":"max-video-preview:-1"},"canonical":"https:\/\/make-up-factory.com\/de\/produkt\/liquid-eye-designer\/","og_locale":"de_DE","og_type":"article","og_title":"Liquid Eye Designer - Make up Factory","og_description":"Fl\u00fcssiger Eyeliner mit pr\u00e4ziser Filzspitze f\u00fcr einen einfachen und sch\u00f6n geschwungenen Lidstrich","og_url":"https:\/\/make-up-factory.com\/de\/produkt\/liquid-eye-designer\/","og_site_name":"Make up Factory","article_publisher":"https:\/\/www.facebook.com\/Makeupfactory\/","article_modified_time":"2026-04-22T15:16:03+00:00","og_image":[{"width":1000,"height":1000,"url":"https:\/\/make-up-factory.com\/app\/uploads\/2026\/01\/f4189093d76a4889c09e9b42b2d4bd8e8291335b_Website__format_PNG_249.02_Liquid_Eye_Designer.jpg","type":"image\/jpeg"}],"twitter_card":"summary_large_image","schema":{"@context":"https:\/\/schema.org","@graph":[{"@type":"WebPage","@id":"https:\/\/make-up-factory.com\/de\/produkt\/liquid-eye-designer\/","url":"https:\/\/make-up-factory.com\/de\/produkt\/liquid-eye-designer\/","name":"Liquid Eye Designer - Make up Factory","isPartOf":{"@id":"https:\/\/make-up-factory.com\/de\/#website"},"primaryImageOfPage":{"@id":"https:\/\/make-up-factory.com\/de\/produkt\/liquid-eye-designer\/#primaryimage"},"image":{"@id":"https:\/\/make-up-factory.com\/de\/produkt\/liquid-eye-designer\/#primaryimage"},"thumbnailUrl":"https:\/\/make-up-factory.com\/app\/uploads\/2026\/01\/f4189093d76a4889c09e9b42b2d4bd8e8291335b_Website__format_PNG_249.02_Liquid_Eye_Designer.jpg","datePublished":"2021-04-16T13:12:20+00:00","dateModified":"2026-04-22T15:16:03+00:00","breadcrumb":{"@id":"https:\/\/make-up-factory.com\/de\/produkt\/liquid-eye-designer\/#breadcrumb"},"inLanguage":"de","potentialAction":[{"@type":"ReadAction","target":["https:\/\/make-up-factory.com\/de\/produkt\/liquid-eye-designer\/"]}]},{"@type":"ImageObject","inLanguage":"de","@id":"https:\/\/make-up-factory.com\/de\/produkt\/liquid-eye-designer\/#primaryimage","url":"https:\/\/make-up-factory.com\/app\/uploads\/2026\/01\/f4189093d76a4889c09e9b42b2d4bd8e8291335b_Website__format_PNG_249.02_Liquid_Eye_Designer.jpg","contentUrl":"https:\/\/make-up-factory.com\/app\/uploads\/2026\/01\/f4189093d76a4889c09e9b42b2d4bd8e8291335b_Website__format_PNG_249.02_Liquid_Eye_Designer.jpg","width":1000,"height":1000},{"@type":"BreadcrumbList","@id":"https:\/\/make-up-factory.com\/de\/produkt\/liquid-eye-designer\/#breadcrumb","itemListElement":[{"@type":"ListItem","position":1,"name":"Home","item":"https:\/\/make-up-factory.com\/de\/"},{"@type":"ListItem","position":2,"name":"Produkte","item":"https:\/\/make-up-factory.com\/de\/produkte\/"},{"@type":"ListItem","position":3,"name":"Augen","item":"https:\/\/make-up-factory.com\/de\/produkte\/augen\/"},{"@type":"ListItem","position":4,"name":"Eyeliner &amp; Kajal","item":"https:\/\/make-up-factory.com\/de\/produkte\/augen\/augen-eyeliner-kajal\/"},{"@type":"ListItem","position":5,"name":"Liquid Eye Designer"}]},{"@type":"WebSite","@id":"https:\/\/make-up-factory.com\/de\/#website","url":"https:\/\/make-up-factory.com\/de\/","name":"Make up Factory","description":"","publisher":{"@id":"https:\/\/make-up-factory.com\/de\/#organization"},"potentialAction":[{"@type":"SearchAction","target":{"@type":"EntryPoint","urlTemplate":"https:\/\/make-up-factory.com\/de\/?s={search_term_string}"},"query-input":{"@type":"PropertyValueSpecification","valueRequired":true,"valueName":"search_term_string"}}],"inLanguage":"de"},{"@type":"Organization","@id":"https:\/\/make-up-factory.com\/de\/#organization","name":"ICB innovative cosmetic brands GmbH","url":"https:\/\/make-up-factory.com\/de\/","logo":{"@type":"ImageObject","inLanguage":"de","@id":"https:\/\/make-up-factory.com\/de\/#\/schema\/logo\/image\/","url":"https:\/\/make-up-factory.com\/app\/uploads\/2021\/02\/muf-logo-1.png","contentUrl":"https:\/\/make-up-factory.com\/app\/uploads\/2021\/02\/muf-logo-1.png","width":119,"height":209,"caption":"ICB innovative cosmetic brands GmbH"},"image":{"@id":"https:\/\/make-up-factory.com\/de\/#\/schema\/logo\/image\/"},"sameAs":["https:\/\/www.facebook.com\/Makeupfactory\/","https:\/\/www.instagram.com\/make_up_factory\/","https:\/\/www.youtube.com\/channel\/UCleVbgsF0ox7ZnTLV6kG5hA"]}]}},"_links":{"self":[{"href":"https:\/\/make-up-factory.com\/de\/wp-json\/wp\/v2\/product\/25468","targetHints":{"allow":["GET"]}}],"collection":[{"href":"https:\/\/make-up-factory.com\/de\/wp-json\/wp\/v2\/product"}],"about":[{"href":"https:\/\/make-up-factory.com\/de\/wp-json\/wp\/v2\/types\/product"}],"version-history":[{"count":2,"href":"https:\/\/make-up-factory.com\/de\/wp-json\/wp\/v2\/product\/25468\/revisions"}],"predecessor-version":[{"id":116483,"href":"https:\/\/make-up-factory.com\/de\/wp-json\/wp\/v2\/product\/25468\/revisions\/116483"}],"wp:featuredmedia":[{"embeddable":true,"href":"https:\/\/make-up-factory.com\/de\/wp-json\/wp\/v2\/media\/119257"}],"wp:attachment":[{"href":"https:\/\/make-up-factory.com\/de\/wp-json\/wp\/v2\/media?parent=25468"}],"wp:term":[{"taxonomy":"product_cat","embeddable":true,"href":"https:\/\/make-up-factory.com\/de\/wp-json\/wp\/v2\/product_cat?post=25468"},{"taxonomy":"product_tag","embeddable":true,"href":"https:\/\/make-up-factory.com\/de\/wp-json\/wp\/v2\/product_tag?post=25468"}],"curies":[{"name":"wp","href":"https:\/\/api.w.org\/{rel}","templated":true}]}}