{"id":25441,"date":"2021-04-16T15:12:16","date_gmt":"2021-04-16T13:12:16","guid":{"rendered":"https:\/\/make-up-factory.com\/product\/ultra-precision-brow-liner\/"},"modified":"2026-04-09T10:54:19","modified_gmt":"2026-04-09T08:54:19","slug":"ultra-precision-brow-liner","status":"publish","type":"product","link":"https:\/\/make-up-factory.com\/de\/produkt\/ultra-precision-brow-liner\/","title":{"rendered":"Ultra Precision Brow Liner"},"content":{"rendered":"<p>Der Ultra Precision Brow Liner ist dank der hauchd\u00fcnnen, ultrafeinen Mine besonders f\u00fcr \u00e4u\u00dferst pr\u00e4zises Nachzeichnen der Brauenkonturen geeignet. Zudem erm\u00f6glicht er einzelne, millimeterfeine H\u00e4rchen zu erg\u00e4nzen und wird nach dem Antrocknen wasser- und smudgeprrof. Durch die r\u00fcckdrehbare Mine ist kein Anspitzen n\u00f6tig. <\/p>\n","protected":false},"excerpt":{"rendered":"<p>Extrem feiner Augenbrauenstift<\/p>\n","protected":false},"featured_media":108638,"template":"","meta":{"_acf_changed":false},"product_cat":[842],"product_tag":[],"class_list":{"0":"post-25441","1":"product","2":"type-product","3":"status-publish","4":"has-post-thumbnail","6":"product_cat-augen-augenbrauen","8":"first","9":"instock","10":"sold-individually","11":"shipping-taxable","12":"purchasable","13":"product-type-variable","14":"has-default-attributes"},"acf":[],"yoast_head":"<!-- This site is optimized with the Yoast SEO plugin v25.6 - https:\/\/yoast.com\/wordpress\/plugins\/seo\/ -->\n<title>Ultra Precision Brow Liner - Make up Factory<\/title>\n<meta name=\"robots\" content=\"index, follow, max-snippet:-1, max-image-preview:large, max-video-preview:-1\" \/>\n<link rel=\"canonical\" href=\"https:\/\/make-up-factory.com\/de\/produkt\/ultra-precision-brow-liner\/\" \/>\n<meta property=\"og:locale\" content=\"de_DE\" \/>\n<meta property=\"og:type\" content=\"article\" \/>\n<meta property=\"og:title\" content=\"Ultra Precision Brow Liner - Make up Factory\" \/>\n<meta property=\"og:description\" content=\"Extrem feiner Augenbrauenstift\" \/>\n<meta property=\"og:url\" content=\"https:\/\/make-up-factory.com\/de\/produkt\/ultra-precision-brow-liner\/\" \/>\n<meta property=\"og:site_name\" content=\"Make up Factory\" \/>\n<meta property=\"article:publisher\" content=\"https:\/\/www.facebook.com\/Makeupfactory\/\" \/>\n<meta property=\"article:modified_time\" content=\"2026-04-09T08:54:19+00:00\" \/>\n<meta property=\"og:image\" content=\"https:\/\/make-up-factory.com\/app\/uploads\/2023\/01\/03aa64c065376d3841902d50c25a72073e4bb5b0_2487.04_Ultra_Precision_Brow_Liner.jpg\" \/>\n\t<meta property=\"og:image:width\" content=\"1200\" \/>\n\t<meta property=\"og:image:height\" content=\"1200\" \/>\n\t<meta property=\"og:image:type\" content=\"image\/jpeg\" \/>\n<meta name=\"twitter:card\" content=\"summary_large_image\" \/>\n<script type=\"application\/ld+json\" class=\"yoast-schema-graph\">{\"@context\":\"https:\/\/schema.org\",\"@graph\":[{\"@type\":\"WebPage\",\"@id\":\"https:\/\/make-up-factory.com\/de\/produkt\/ultra-precision-brow-liner\/\",\"url\":\"https:\/\/make-up-factory.com\/de\/produkt\/ultra-precision-brow-liner\/\",\"name\":\"Ultra Precision Brow Liner - Make up Factory\",\"isPartOf\":{\"@id\":\"https:\/\/make-up-factory.com\/de\/#website\"},\"primaryImageOfPage\":{\"@id\":\"https:\/\/make-up-factory.com\/de\/produkt\/ultra-precision-brow-liner\/#primaryimage\"},\"image\":{\"@id\":\"https:\/\/make-up-factory.com\/de\/produkt\/ultra-precision-brow-liner\/#primaryimage\"},\"thumbnailUrl\":\"https:\/\/make-up-factory.com\/app\/uploads\/2023\/01\/03aa64c065376d3841902d50c25a72073e4bb5b0_2487.04_Ultra_Precision_Brow_Liner.jpg\",\"datePublished\":\"2021-04-16T13:12:16+00:00\",\"dateModified\":\"2026-04-09T08:54:19+00:00\",\"breadcrumb\":{\"@id\":\"https:\/\/make-up-factory.com\/de\/produkt\/ultra-precision-brow-liner\/#breadcrumb\"},\"inLanguage\":\"de\",\"potentialAction\":[{\"@type\":\"ReadAction\",\"target\":[\"https:\/\/make-up-factory.com\/de\/produkt\/ultra-precision-brow-liner\/\"]}]},{\"@type\":\"ImageObject\",\"inLanguage\":\"de\",\"@id\":\"https:\/\/make-up-factory.com\/de\/produkt\/ultra-precision-brow-liner\/#primaryimage\",\"url\":\"https:\/\/make-up-factory.com\/app\/uploads\/2023\/01\/03aa64c065376d3841902d50c25a72073e4bb5b0_2487.04_Ultra_Precision_Brow_Liner.jpg\",\"contentUrl\":\"https:\/\/make-up-factory.com\/app\/uploads\/2023\/01\/03aa64c065376d3841902d50c25a72073e4bb5b0_2487.04_Ultra_Precision_Brow_Liner.jpg\",\"width\":1200,\"height\":1200},{\"@type\":\"BreadcrumbList\",\"@id\":\"https:\/\/make-up-factory.com\/de\/produkt\/ultra-precision-brow-liner\/#breadcrumb\",\"itemListElement\":[{\"@type\":\"ListItem\",\"position\":1,\"name\":\"Home\",\"item\":\"https:\/\/make-up-factory.com\/de\/\"},{\"@type\":\"ListItem\",\"position\":2,\"name\":\"Produkte\",\"item\":\"https:\/\/make-up-factory.com\/de\/produkte\/\"},{\"@type\":\"ListItem\",\"position\":3,\"name\":\"Augen\",\"item\":\"https:\/\/make-up-factory.com\/de\/produkte\/augen\/\"},{\"@type\":\"ListItem\",\"position\":4,\"name\":\"Augenbrauen\",\"item\":\"https:\/\/make-up-factory.com\/de\/produkte\/augen\/augen-augenbrauen\/\"},{\"@type\":\"ListItem\",\"position\":5,\"name\":\"Ultra Precision Brow Liner\"}]},{\"@type\":\"WebSite\",\"@id\":\"https:\/\/make-up-factory.com\/de\/#website\",\"url\":\"https:\/\/make-up-factory.com\/de\/\",\"name\":\"Make up Factory\",\"description\":\"\",\"publisher\":{\"@id\":\"https:\/\/make-up-factory.com\/de\/#organization\"},\"potentialAction\":[{\"@type\":\"SearchAction\",\"target\":{\"@type\":\"EntryPoint\",\"urlTemplate\":\"https:\/\/make-up-factory.com\/de\/?s={search_term_string}\"},\"query-input\":{\"@type\":\"PropertyValueSpecification\",\"valueRequired\":true,\"valueName\":\"search_term_string\"}}],\"inLanguage\":\"de\"},{\"@type\":\"Organization\",\"@id\":\"https:\/\/make-up-factory.com\/de\/#organization\",\"name\":\"ICB innovative cosmetic brands GmbH\",\"url\":\"https:\/\/make-up-factory.com\/de\/\",\"logo\":{\"@type\":\"ImageObject\",\"inLanguage\":\"de\",\"@id\":\"https:\/\/make-up-factory.com\/de\/#\/schema\/logo\/image\/\",\"url\":\"https:\/\/make-up-factory.com\/app\/uploads\/2021\/02\/muf-logo-1.png\",\"contentUrl\":\"https:\/\/make-up-factory.com\/app\/uploads\/2021\/02\/muf-logo-1.png\",\"width\":119,\"height\":209,\"caption\":\"ICB innovative cosmetic brands GmbH\"},\"image\":{\"@id\":\"https:\/\/make-up-factory.com\/de\/#\/schema\/logo\/image\/\"},\"sameAs\":[\"https:\/\/www.facebook.com\/Makeupfactory\/\",\"https:\/\/www.instagram.com\/make_up_factory\/\",\"https:\/\/www.youtube.com\/channel\/UCleVbgsF0ox7ZnTLV6kG5hA\"]}]}<\/script>\n<!-- \/ Yoast SEO plugin. -->","yoast_head_json":{"title":"Ultra Precision Brow Liner - Make up Factory","robots":{"index":"index","follow":"follow","max-snippet":"max-snippet:-1","max-image-preview":"max-image-preview:large","max-video-preview":"max-video-preview:-1"},"canonical":"https:\/\/make-up-factory.com\/de\/produkt\/ultra-precision-brow-liner\/","og_locale":"de_DE","og_type":"article","og_title":"Ultra Precision Brow Liner - Make up Factory","og_description":"Extrem feiner Augenbrauenstift","og_url":"https:\/\/make-up-factory.com\/de\/produkt\/ultra-precision-brow-liner\/","og_site_name":"Make up Factory","article_publisher":"https:\/\/www.facebook.com\/Makeupfactory\/","article_modified_time":"2026-04-09T08:54:19+00:00","og_image":[{"width":1200,"height":1200,"url":"https:\/\/make-up-factory.com\/app\/uploads\/2023\/01\/03aa64c065376d3841902d50c25a72073e4bb5b0_2487.04_Ultra_Precision_Brow_Liner.jpg","type":"image\/jpeg"}],"twitter_card":"summary_large_image","schema":{"@context":"https:\/\/schema.org","@graph":[{"@type":"WebPage","@id":"https:\/\/make-up-factory.com\/de\/produkt\/ultra-precision-brow-liner\/","url":"https:\/\/make-up-factory.com\/de\/produkt\/ultra-precision-brow-liner\/","name":"Ultra Precision Brow Liner - Make up Factory","isPartOf":{"@id":"https:\/\/make-up-factory.com\/de\/#website"},"primaryImageOfPage":{"@id":"https:\/\/make-up-factory.com\/de\/produkt\/ultra-precision-brow-liner\/#primaryimage"},"image":{"@id":"https:\/\/make-up-factory.com\/de\/produkt\/ultra-precision-brow-liner\/#primaryimage"},"thumbnailUrl":"https:\/\/make-up-factory.com\/app\/uploads\/2023\/01\/03aa64c065376d3841902d50c25a72073e4bb5b0_2487.04_Ultra_Precision_Brow_Liner.jpg","datePublished":"2021-04-16T13:12:16+00:00","dateModified":"2026-04-09T08:54:19+00:00","breadcrumb":{"@id":"https:\/\/make-up-factory.com\/de\/produkt\/ultra-precision-brow-liner\/#breadcrumb"},"inLanguage":"de","potentialAction":[{"@type":"ReadAction","target":["https:\/\/make-up-factory.com\/de\/produkt\/ultra-precision-brow-liner\/"]}]},{"@type":"ImageObject","inLanguage":"de","@id":"https:\/\/make-up-factory.com\/de\/produkt\/ultra-precision-brow-liner\/#primaryimage","url":"https:\/\/make-up-factory.com\/app\/uploads\/2023\/01\/03aa64c065376d3841902d50c25a72073e4bb5b0_2487.04_Ultra_Precision_Brow_Liner.jpg","contentUrl":"https:\/\/make-up-factory.com\/app\/uploads\/2023\/01\/03aa64c065376d3841902d50c25a72073e4bb5b0_2487.04_Ultra_Precision_Brow_Liner.jpg","width":1200,"height":1200},{"@type":"BreadcrumbList","@id":"https:\/\/make-up-factory.com\/de\/produkt\/ultra-precision-brow-liner\/#breadcrumb","itemListElement":[{"@type":"ListItem","position":1,"name":"Home","item":"https:\/\/make-up-factory.com\/de\/"},{"@type":"ListItem","position":2,"name":"Produkte","item":"https:\/\/make-up-factory.com\/de\/produkte\/"},{"@type":"ListItem","position":3,"name":"Augen","item":"https:\/\/make-up-factory.com\/de\/produkte\/augen\/"},{"@type":"ListItem","position":4,"name":"Augenbrauen","item":"https:\/\/make-up-factory.com\/de\/produkte\/augen\/augen-augenbrauen\/"},{"@type":"ListItem","position":5,"name":"Ultra Precision Brow Liner"}]},{"@type":"WebSite","@id":"https:\/\/make-up-factory.com\/de\/#website","url":"https:\/\/make-up-factory.com\/de\/","name":"Make up Factory","description":"","publisher":{"@id":"https:\/\/make-up-factory.com\/de\/#organization"},"potentialAction":[{"@type":"SearchAction","target":{"@type":"EntryPoint","urlTemplate":"https:\/\/make-up-factory.com\/de\/?s={search_term_string}"},"query-input":{"@type":"PropertyValueSpecification","valueRequired":true,"valueName":"search_term_string"}}],"inLanguage":"de"},{"@type":"Organization","@id":"https:\/\/make-up-factory.com\/de\/#organization","name":"ICB innovative cosmetic brands GmbH","url":"https:\/\/make-up-factory.com\/de\/","logo":{"@type":"ImageObject","inLanguage":"de","@id":"https:\/\/make-up-factory.com\/de\/#\/schema\/logo\/image\/","url":"https:\/\/make-up-factory.com\/app\/uploads\/2021\/02\/muf-logo-1.png","contentUrl":"https:\/\/make-up-factory.com\/app\/uploads\/2021\/02\/muf-logo-1.png","width":119,"height":209,"caption":"ICB innovative cosmetic brands GmbH"},"image":{"@id":"https:\/\/make-up-factory.com\/de\/#\/schema\/logo\/image\/"},"sameAs":["https:\/\/www.facebook.com\/Makeupfactory\/","https:\/\/www.instagram.com\/make_up_factory\/","https:\/\/www.youtube.com\/channel\/UCleVbgsF0ox7ZnTLV6kG5hA"]}]}},"_links":{"self":[{"href":"https:\/\/make-up-factory.com\/de\/wp-json\/wp\/v2\/product\/25441","targetHints":{"allow":["GET"]}}],"collection":[{"href":"https:\/\/make-up-factory.com\/de\/wp-json\/wp\/v2\/product"}],"about":[{"href":"https:\/\/make-up-factory.com\/de\/wp-json\/wp\/v2\/types\/product"}],"version-history":[{"count":2,"href":"https:\/\/make-up-factory.com\/de\/wp-json\/wp\/v2\/product\/25441\/revisions"}],"predecessor-version":[{"id":116967,"href":"https:\/\/make-up-factory.com\/de\/wp-json\/wp\/v2\/product\/25441\/revisions\/116967"}],"wp:featuredmedia":[{"embeddable":true,"href":"https:\/\/make-up-factory.com\/de\/wp-json\/wp\/v2\/media\/108638"}],"wp:attachment":[{"href":"https:\/\/make-up-factory.com\/de\/wp-json\/wp\/v2\/media?parent=25441"}],"wp:term":[{"taxonomy":"product_cat","embeddable":true,"href":"https:\/\/make-up-factory.com\/de\/wp-json\/wp\/v2\/product_cat?post=25441"},{"taxonomy":"product_tag","embeddable":true,"href":"https:\/\/make-up-factory.com\/de\/wp-json\/wp\/v2\/product_tag?post=25441"}],"curies":[{"name":"wp","href":"https:\/\/api.w.org\/{rel}","templated":true}]}}