{"id":25429,"date":"2021-04-16T15:12:13","date_gmt":"2021-04-16T13:12:13","guid":{"rendered":"https:\/\/make-up-factory.com\/product\/cooling-eyeshadow-stick\/"},"modified":"2026-04-07T22:50:04","modified_gmt":"2026-04-07T20:50:04","slug":"cooling-eyeshadow-stick","status":"publish","type":"product","link":"https:\/\/make-up-factory.com\/de\/produkt\/cooling-eyeshadow-stick\/","title":{"rendered":"Cooling Eye Shadow Stick"},"content":{"rendered":"<p>Der 2in1 Lidschatten-Stift kann als Eye Liner oder Eyeshadow verwendet werden. Durch seinen hohen Wassergehalt \u00fcberrascht der Lidschatten mit k\u00fchlenden und erfrischenden Applikationsgef\u00fchl Aufgrund der wischfesten<br \/>\nEigenschaften verspricht er eine langanhaltende Textur bis zu neun Stunden. Mehrfaches<br \/>\nAuftragen bewirkt eine h\u00f6here Intensit\u00e4t der Farben. Durch den hohen<br \/>\nWassergehalt erm\u00f6glicht er zudem noch eine einfache Make-up Entfernung. <\/p>\n","protected":false},"excerpt":{"rendered":"<p>2in1 Lidschatten-Stift mit Frische- und K\u00fchleffekt<\/p>\n","protected":false},"featured_media":120686,"template":"","meta":{"_acf_changed":false},"product_cat":[838],"product_tag":[],"class_list":{"0":"post-25429","1":"product","2":"type-product","3":"status-publish","4":"has-post-thumbnail","6":"product_cat-augen-lidschatten","8":"first","9":"instock","10":"sold-individually","11":"shipping-taxable","12":"purchasable","13":"product-type-variable","14":"has-default-attributes"},"acf":[],"yoast_head":"<!-- This site is optimized with the Yoast SEO plugin v25.6 - https:\/\/yoast.com\/wordpress\/plugins\/seo\/ -->\n<title>Cooling Eye Shadow Stick - Make up Factory<\/title>\n<meta name=\"robots\" content=\"index, follow, max-snippet:-1, max-image-preview:large, max-video-preview:-1\" \/>\n<link rel=\"canonical\" href=\"https:\/\/make-up-factory.com\/de\/produkt\/cooling-eyeshadow-stick\/\" \/>\n<meta property=\"og:locale\" content=\"de_DE\" \/>\n<meta property=\"og:type\" content=\"article\" \/>\n<meta property=\"og:title\" content=\"Cooling Eye Shadow Stick - Make up Factory\" \/>\n<meta property=\"og:description\" content=\"2in1 Lidschatten-Stift mit Frische- und K\u00fchleffekt\" \/>\n<meta property=\"og:url\" content=\"https:\/\/make-up-factory.com\/de\/produkt\/cooling-eyeshadow-stick\/\" \/>\n<meta property=\"og:site_name\" content=\"Make up Factory\" \/>\n<meta property=\"article:publisher\" content=\"https:\/\/www.facebook.com\/Makeupfactory\/\" \/>\n<meta property=\"article:modified_time\" content=\"2026-04-07T20:50:04+00:00\" \/>\n<meta property=\"og:image\" content=\"https:\/\/make-up-factory.com\/app\/uploads\/2026\/04\/71d92de12f95717c9f7e923f81e9e9f89f6aa575_2551.05_Sparkling_Nude_Cooling_Eye_Shadow_Stick-3.jpg\" \/>\n\t<meta property=\"og:image:width\" content=\"1200\" \/>\n\t<meta property=\"og:image:height\" content=\"1200\" \/>\n\t<meta property=\"og:image:type\" content=\"image\/jpeg\" \/>\n<meta name=\"twitter:card\" content=\"summary_large_image\" \/>\n<script type=\"application\/ld+json\" class=\"yoast-schema-graph\">{\"@context\":\"https:\/\/schema.org\",\"@graph\":[{\"@type\":\"WebPage\",\"@id\":\"https:\/\/make-up-factory.com\/de\/produkt\/cooling-eyeshadow-stick\/\",\"url\":\"https:\/\/make-up-factory.com\/de\/produkt\/cooling-eyeshadow-stick\/\",\"name\":\"Cooling Eye Shadow Stick - Make up Factory\",\"isPartOf\":{\"@id\":\"https:\/\/make-up-factory.com\/de\/#website\"},\"primaryImageOfPage\":{\"@id\":\"https:\/\/make-up-factory.com\/de\/produkt\/cooling-eyeshadow-stick\/#primaryimage\"},\"image\":{\"@id\":\"https:\/\/make-up-factory.com\/de\/produkt\/cooling-eyeshadow-stick\/#primaryimage\"},\"thumbnailUrl\":\"https:\/\/make-up-factory.com\/app\/uploads\/2026\/04\/71d92de12f95717c9f7e923f81e9e9f89f6aa575_2551.05_Sparkling_Nude_Cooling_Eye_Shadow_Stick-5.jpg\",\"datePublished\":\"2021-04-16T13:12:13+00:00\",\"dateModified\":\"2026-04-07T20:50:04+00:00\",\"breadcrumb\":{\"@id\":\"https:\/\/make-up-factory.com\/de\/produkt\/cooling-eyeshadow-stick\/#breadcrumb\"},\"inLanguage\":\"de\",\"potentialAction\":[{\"@type\":\"ReadAction\",\"target\":[\"https:\/\/make-up-factory.com\/de\/produkt\/cooling-eyeshadow-stick\/\"]}]},{\"@type\":\"ImageObject\",\"inLanguage\":\"de\",\"@id\":\"https:\/\/make-up-factory.com\/de\/produkt\/cooling-eyeshadow-stick\/#primaryimage\",\"url\":\"https:\/\/make-up-factory.com\/app\/uploads\/2026\/04\/71d92de12f95717c9f7e923f81e9e9f89f6aa575_2551.05_Sparkling_Nude_Cooling_Eye_Shadow_Stick-5.jpg\",\"contentUrl\":\"https:\/\/make-up-factory.com\/app\/uploads\/2026\/04\/71d92de12f95717c9f7e923f81e9e9f89f6aa575_2551.05_Sparkling_Nude_Cooling_Eye_Shadow_Stick-5.jpg\",\"width\":1200,\"height\":1200},{\"@type\":\"BreadcrumbList\",\"@id\":\"https:\/\/make-up-factory.com\/de\/produkt\/cooling-eyeshadow-stick\/#breadcrumb\",\"itemListElement\":[{\"@type\":\"ListItem\",\"position\":1,\"name\":\"Home\",\"item\":\"https:\/\/make-up-factory.com\/de\/\"},{\"@type\":\"ListItem\",\"position\":2,\"name\":\"Produkte\",\"item\":\"https:\/\/make-up-factory.com\/de\/produkte\/\"},{\"@type\":\"ListItem\",\"position\":3,\"name\":\"Augen\",\"item\":\"https:\/\/make-up-factory.com\/de\/produkte\/augen\/\"},{\"@type\":\"ListItem\",\"position\":4,\"name\":\"Lidschatten\",\"item\":\"https:\/\/make-up-factory.com\/de\/produkte\/augen\/augen-lidschatten\/\"},{\"@type\":\"ListItem\",\"position\":5,\"name\":\"Cooling Eye Shadow Stick\"}]},{\"@type\":\"WebSite\",\"@id\":\"https:\/\/make-up-factory.com\/de\/#website\",\"url\":\"https:\/\/make-up-factory.com\/de\/\",\"name\":\"Make up Factory\",\"description\":\"\",\"publisher\":{\"@id\":\"https:\/\/make-up-factory.com\/de\/#organization\"},\"potentialAction\":[{\"@type\":\"SearchAction\",\"target\":{\"@type\":\"EntryPoint\",\"urlTemplate\":\"https:\/\/make-up-factory.com\/de\/?s={search_term_string}\"},\"query-input\":{\"@type\":\"PropertyValueSpecification\",\"valueRequired\":true,\"valueName\":\"search_term_string\"}}],\"inLanguage\":\"de\"},{\"@type\":\"Organization\",\"@id\":\"https:\/\/make-up-factory.com\/de\/#organization\",\"name\":\"ICB innovative cosmetic brands GmbH\",\"url\":\"https:\/\/make-up-factory.com\/de\/\",\"logo\":{\"@type\":\"ImageObject\",\"inLanguage\":\"de\",\"@id\":\"https:\/\/make-up-factory.com\/de\/#\/schema\/logo\/image\/\",\"url\":\"https:\/\/make-up-factory.com\/app\/uploads\/2021\/02\/muf-logo-1.png\",\"contentUrl\":\"https:\/\/make-up-factory.com\/app\/uploads\/2021\/02\/muf-logo-1.png\",\"width\":119,\"height\":209,\"caption\":\"ICB innovative cosmetic brands GmbH\"},\"image\":{\"@id\":\"https:\/\/make-up-factory.com\/de\/#\/schema\/logo\/image\/\"},\"sameAs\":[\"https:\/\/www.facebook.com\/Makeupfactory\/\",\"https:\/\/www.instagram.com\/make_up_factory\/\",\"https:\/\/www.youtube.com\/channel\/UCleVbgsF0ox7ZnTLV6kG5hA\"]}]}<\/script>\n<!-- \/ Yoast SEO plugin. -->","yoast_head_json":{"title":"Cooling Eye Shadow Stick - Make up Factory","robots":{"index":"index","follow":"follow","max-snippet":"max-snippet:-1","max-image-preview":"max-image-preview:large","max-video-preview":"max-video-preview:-1"},"canonical":"https:\/\/make-up-factory.com\/de\/produkt\/cooling-eyeshadow-stick\/","og_locale":"de_DE","og_type":"article","og_title":"Cooling Eye Shadow Stick - Make up Factory","og_description":"2in1 Lidschatten-Stift mit Frische- und K\u00fchleffekt","og_url":"https:\/\/make-up-factory.com\/de\/produkt\/cooling-eyeshadow-stick\/","og_site_name":"Make up Factory","article_publisher":"https:\/\/www.facebook.com\/Makeupfactory\/","article_modified_time":"2026-04-07T20:50:04+00:00","og_image":[{"width":1200,"height":1200,"url":"https:\/\/make-up-factory.com\/app\/uploads\/2026\/04\/71d92de12f95717c9f7e923f81e9e9f89f6aa575_2551.05_Sparkling_Nude_Cooling_Eye_Shadow_Stick-3.jpg","type":"image\/jpeg"}],"twitter_card":"summary_large_image","schema":{"@context":"https:\/\/schema.org","@graph":[{"@type":"WebPage","@id":"https:\/\/make-up-factory.com\/de\/produkt\/cooling-eyeshadow-stick\/","url":"https:\/\/make-up-factory.com\/de\/produkt\/cooling-eyeshadow-stick\/","name":"Cooling Eye Shadow Stick - Make up Factory","isPartOf":{"@id":"https:\/\/make-up-factory.com\/de\/#website"},"primaryImageOfPage":{"@id":"https:\/\/make-up-factory.com\/de\/produkt\/cooling-eyeshadow-stick\/#primaryimage"},"image":{"@id":"https:\/\/make-up-factory.com\/de\/produkt\/cooling-eyeshadow-stick\/#primaryimage"},"thumbnailUrl":"https:\/\/make-up-factory.com\/app\/uploads\/2026\/04\/71d92de12f95717c9f7e923f81e9e9f89f6aa575_2551.05_Sparkling_Nude_Cooling_Eye_Shadow_Stick-5.jpg","datePublished":"2021-04-16T13:12:13+00:00","dateModified":"2026-04-07T20:50:04+00:00","breadcrumb":{"@id":"https:\/\/make-up-factory.com\/de\/produkt\/cooling-eyeshadow-stick\/#breadcrumb"},"inLanguage":"de","potentialAction":[{"@type":"ReadAction","target":["https:\/\/make-up-factory.com\/de\/produkt\/cooling-eyeshadow-stick\/"]}]},{"@type":"ImageObject","inLanguage":"de","@id":"https:\/\/make-up-factory.com\/de\/produkt\/cooling-eyeshadow-stick\/#primaryimage","url":"https:\/\/make-up-factory.com\/app\/uploads\/2026\/04\/71d92de12f95717c9f7e923f81e9e9f89f6aa575_2551.05_Sparkling_Nude_Cooling_Eye_Shadow_Stick-5.jpg","contentUrl":"https:\/\/make-up-factory.com\/app\/uploads\/2026\/04\/71d92de12f95717c9f7e923f81e9e9f89f6aa575_2551.05_Sparkling_Nude_Cooling_Eye_Shadow_Stick-5.jpg","width":1200,"height":1200},{"@type":"BreadcrumbList","@id":"https:\/\/make-up-factory.com\/de\/produkt\/cooling-eyeshadow-stick\/#breadcrumb","itemListElement":[{"@type":"ListItem","position":1,"name":"Home","item":"https:\/\/make-up-factory.com\/de\/"},{"@type":"ListItem","position":2,"name":"Produkte","item":"https:\/\/make-up-factory.com\/de\/produkte\/"},{"@type":"ListItem","position":3,"name":"Augen","item":"https:\/\/make-up-factory.com\/de\/produkte\/augen\/"},{"@type":"ListItem","position":4,"name":"Lidschatten","item":"https:\/\/make-up-factory.com\/de\/produkte\/augen\/augen-lidschatten\/"},{"@type":"ListItem","position":5,"name":"Cooling Eye Shadow Stick"}]},{"@type":"WebSite","@id":"https:\/\/make-up-factory.com\/de\/#website","url":"https:\/\/make-up-factory.com\/de\/","name":"Make up Factory","description":"","publisher":{"@id":"https:\/\/make-up-factory.com\/de\/#organization"},"potentialAction":[{"@type":"SearchAction","target":{"@type":"EntryPoint","urlTemplate":"https:\/\/make-up-factory.com\/de\/?s={search_term_string}"},"query-input":{"@type":"PropertyValueSpecification","valueRequired":true,"valueName":"search_term_string"}}],"inLanguage":"de"},{"@type":"Organization","@id":"https:\/\/make-up-factory.com\/de\/#organization","name":"ICB innovative cosmetic brands GmbH","url":"https:\/\/make-up-factory.com\/de\/","logo":{"@type":"ImageObject","inLanguage":"de","@id":"https:\/\/make-up-factory.com\/de\/#\/schema\/logo\/image\/","url":"https:\/\/make-up-factory.com\/app\/uploads\/2021\/02\/muf-logo-1.png","contentUrl":"https:\/\/make-up-factory.com\/app\/uploads\/2021\/02\/muf-logo-1.png","width":119,"height":209,"caption":"ICB innovative cosmetic brands GmbH"},"image":{"@id":"https:\/\/make-up-factory.com\/de\/#\/schema\/logo\/image\/"},"sameAs":["https:\/\/www.facebook.com\/Makeupfactory\/","https:\/\/www.instagram.com\/make_up_factory\/","https:\/\/www.youtube.com\/channel\/UCleVbgsF0ox7ZnTLV6kG5hA"]}]}},"_links":{"self":[{"href":"https:\/\/make-up-factory.com\/de\/wp-json\/wp\/v2\/product\/25429","targetHints":{"allow":["GET"]}}],"collection":[{"href":"https:\/\/make-up-factory.com\/de\/wp-json\/wp\/v2\/product"}],"about":[{"href":"https:\/\/make-up-factory.com\/de\/wp-json\/wp\/v2\/types\/product"}],"version-history":[{"count":3,"href":"https:\/\/make-up-factory.com\/de\/wp-json\/wp\/v2\/product\/25429\/revisions"}],"predecessor-version":[{"id":117040,"href":"https:\/\/make-up-factory.com\/de\/wp-json\/wp\/v2\/product\/25429\/revisions\/117040"}],"wp:featuredmedia":[{"embeddable":true,"href":"https:\/\/make-up-factory.com\/de\/wp-json\/wp\/v2\/media\/120686"}],"wp:attachment":[{"href":"https:\/\/make-up-factory.com\/de\/wp-json\/wp\/v2\/media?parent=25429"}],"wp:term":[{"taxonomy":"product_cat","embeddable":true,"href":"https:\/\/make-up-factory.com\/de\/wp-json\/wp\/v2\/product_cat?post=25429"},{"taxonomy":"product_tag","embeddable":true,"href":"https:\/\/make-up-factory.com\/de\/wp-json\/wp\/v2\/product_tag?post=25429"}],"curies":[{"name":"wp","href":"https:\/\/api.w.org\/{rel}","templated":true}]}}