{"id":120345,"date":"2026-03-13T03:04:35","date_gmt":"2026-03-13T02:04:35","guid":{"rendered":"https:\/\/make-up-factory.com\/product\/liquid-dip-blush\/"},"modified":"2026-04-04T05:58:51","modified_gmt":"2026-04-04T03:58:51","slug":"liquid-dip-blush","status":"publish","type":"product","link":"https:\/\/make-up-factory.com\/de\/produkt\/liquid-dip-blush\/","title":{"rendered":"Liquid Dip Blush"},"content":{"rendered":"<p>Dieses hochpigmentierte fl\u00fcssige Rouge verleiht Deinem Teint sofort frische, samtige Farbe. Die innovative Liquid-to-Powder-Formel l\u00e4sst sich m\u00fchelos auftragen, gleichm\u00e4\u00dfig verblenden und individuell in der Intensit\u00e4t aufbauen. Dank des weichen Schwammapplikators gelingt ein pr\u00e4zises und gezieltes Auftragen ganz einfach, auch f\u00fcr Anf\u00e4nger.<\/p>\n","protected":false},"excerpt":{"rendered":"<p>Fl\u00fcssiges Rouge mit Schwammapplikator f\u00fcr ein samtiges Finish<\/p>\n","protected":false},"featured_media":120472,"template":"","meta":{"_acf_changed":false},"product_cat":[832],"product_tag":[],"class_list":{"0":"post-120345","1":"product","2":"type-product","3":"status-publish","4":"has-post-thumbnail","6":"product_cat-teint-rouge-bronzer","8":"first","9":"instock","10":"sold-individually","11":"shipping-taxable","12":"purchasable","13":"product-type-variable","14":"has-default-attributes"},"acf":[],"yoast_head":"<!-- This site is optimized with the Yoast SEO plugin v25.6 - https:\/\/yoast.com\/wordpress\/plugins\/seo\/ -->\n<title>Liquid Dip Blush - Make up Factory<\/title>\n<meta name=\"robots\" content=\"index, follow, max-snippet:-1, max-image-preview:large, max-video-preview:-1\" \/>\n<link rel=\"canonical\" href=\"https:\/\/make-up-factory.com\/de\/produkt\/liquid-dip-blush\/\" \/>\n<meta property=\"og:locale\" content=\"de_DE\" \/>\n<meta property=\"og:type\" content=\"article\" \/>\n<meta property=\"og:title\" content=\"Liquid Dip Blush - Make up Factory\" \/>\n<meta property=\"og:description\" content=\"Fl\u00fcssiges Rouge mit Schwammapplikator f\u00fcr ein samtiges Finish\" \/>\n<meta property=\"og:url\" content=\"https:\/\/make-up-factory.com\/de\/produkt\/liquid-dip-blush\/\" \/>\n<meta property=\"og:site_name\" content=\"Make up Factory\" \/>\n<meta property=\"article:publisher\" content=\"https:\/\/www.facebook.com\/Makeupfactory\/\" \/>\n<meta property=\"article:modified_time\" content=\"2026-04-04T03:58:51+00:00\" \/>\n<meta property=\"og:image\" content=\"https:\/\/make-up-factory.com\/app\/uploads\/2026\/03\/1345e6ee4b0d291da2e2d0dae7c22730f7a5ad36_Original_size_JPG_2564.50_Liquid_Dip_Blush__1_-32-scaled.jpg\" \/>\n\t<meta property=\"og:image:width\" content=\"3360\" \/>\n\t<meta property=\"og:image:height\" content=\"3360\" \/>\n\t<meta property=\"og:image:type\" content=\"image\/jpeg\" \/>\n<meta name=\"twitter:card\" content=\"summary_large_image\" \/>\n<script type=\"application\/ld+json\" class=\"yoast-schema-graph\">{\"@context\":\"https:\/\/schema.org\",\"@graph\":[{\"@type\":\"WebPage\",\"@id\":\"https:\/\/make-up-factory.com\/de\/produkt\/liquid-dip-blush\/\",\"url\":\"https:\/\/make-up-factory.com\/de\/produkt\/liquid-dip-blush\/\",\"name\":\"Liquid Dip Blush - Make up Factory\",\"isPartOf\":{\"@id\":\"https:\/\/make-up-factory.com\/de\/#website\"},\"primaryImageOfPage\":{\"@id\":\"https:\/\/make-up-factory.com\/de\/produkt\/liquid-dip-blush\/#primaryimage\"},\"image\":{\"@id\":\"https:\/\/make-up-factory.com\/de\/produkt\/liquid-dip-blush\/#primaryimage\"},\"thumbnailUrl\":\"https:\/\/make-up-factory.com\/app\/uploads\/2026\/03\/1345e6ee4b0d291da2e2d0dae7c22730f7a5ad36_Original_size_JPG_2564.50_Liquid_Dip_Blush__1_-34-scaled.jpg\",\"datePublished\":\"2026-03-13T02:04:35+00:00\",\"dateModified\":\"2026-04-04T03:58:51+00:00\",\"breadcrumb\":{\"@id\":\"https:\/\/make-up-factory.com\/de\/produkt\/liquid-dip-blush\/#breadcrumb\"},\"inLanguage\":\"de\",\"potentialAction\":[{\"@type\":\"ReadAction\",\"target\":[\"https:\/\/make-up-factory.com\/de\/produkt\/liquid-dip-blush\/\"]}]},{\"@type\":\"ImageObject\",\"inLanguage\":\"de\",\"@id\":\"https:\/\/make-up-factory.com\/de\/produkt\/liquid-dip-blush\/#primaryimage\",\"url\":\"https:\/\/make-up-factory.com\/app\/uploads\/2026\/03\/1345e6ee4b0d291da2e2d0dae7c22730f7a5ad36_Original_size_JPG_2564.50_Liquid_Dip_Blush__1_-34-scaled.jpg\",\"contentUrl\":\"https:\/\/make-up-factory.com\/app\/uploads\/2026\/03\/1345e6ee4b0d291da2e2d0dae7c22730f7a5ad36_Original_size_JPG_2564.50_Liquid_Dip_Blush__1_-34-scaled.jpg\",\"width\":3360,\"height\":3360},{\"@type\":\"BreadcrumbList\",\"@id\":\"https:\/\/make-up-factory.com\/de\/produkt\/liquid-dip-blush\/#breadcrumb\",\"itemListElement\":[{\"@type\":\"ListItem\",\"position\":1,\"name\":\"Home\",\"item\":\"https:\/\/make-up-factory.com\/de\/\"},{\"@type\":\"ListItem\",\"position\":2,\"name\":\"Produkte\",\"item\":\"https:\/\/make-up-factory.com\/de\/produkte\/\"},{\"@type\":\"ListItem\",\"position\":3,\"name\":\"Teint\",\"item\":\"https:\/\/make-up-factory.com\/de\/produkte\/teint\/\"},{\"@type\":\"ListItem\",\"position\":4,\"name\":\"Rouge &amp; Bronzers\",\"item\":\"https:\/\/make-up-factory.com\/de\/produkte\/teint\/teint-rouge-bronzer\/\"},{\"@type\":\"ListItem\",\"position\":5,\"name\":\"Liquid Dip Blush\"}]},{\"@type\":\"WebSite\",\"@id\":\"https:\/\/make-up-factory.com\/de\/#website\",\"url\":\"https:\/\/make-up-factory.com\/de\/\",\"name\":\"Make up Factory\",\"description\":\"\",\"publisher\":{\"@id\":\"https:\/\/make-up-factory.com\/de\/#organization\"},\"potentialAction\":[{\"@type\":\"SearchAction\",\"target\":{\"@type\":\"EntryPoint\",\"urlTemplate\":\"https:\/\/make-up-factory.com\/de\/?s={search_term_string}\"},\"query-input\":{\"@type\":\"PropertyValueSpecification\",\"valueRequired\":true,\"valueName\":\"search_term_string\"}}],\"inLanguage\":\"de\"},{\"@type\":\"Organization\",\"@id\":\"https:\/\/make-up-factory.com\/de\/#organization\",\"name\":\"ICB innovative cosmetic brands GmbH\",\"url\":\"https:\/\/make-up-factory.com\/de\/\",\"logo\":{\"@type\":\"ImageObject\",\"inLanguage\":\"de\",\"@id\":\"https:\/\/make-up-factory.com\/de\/#\/schema\/logo\/image\/\",\"url\":\"https:\/\/make-up-factory.com\/app\/uploads\/2021\/02\/muf-logo-1.png\",\"contentUrl\":\"https:\/\/make-up-factory.com\/app\/uploads\/2021\/02\/muf-logo-1.png\",\"width\":119,\"height\":209,\"caption\":\"ICB innovative cosmetic brands GmbH\"},\"image\":{\"@id\":\"https:\/\/make-up-factory.com\/de\/#\/schema\/logo\/image\/\"},\"sameAs\":[\"https:\/\/www.facebook.com\/Makeupfactory\/\",\"https:\/\/www.instagram.com\/make_up_factory\/\",\"https:\/\/www.youtube.com\/channel\/UCleVbgsF0ox7ZnTLV6kG5hA\"]}]}<\/script>\n<!-- \/ Yoast SEO plugin. -->","yoast_head_json":{"title":"Liquid Dip Blush - Make up Factory","robots":{"index":"index","follow":"follow","max-snippet":"max-snippet:-1","max-image-preview":"max-image-preview:large","max-video-preview":"max-video-preview:-1"},"canonical":"https:\/\/make-up-factory.com\/de\/produkt\/liquid-dip-blush\/","og_locale":"de_DE","og_type":"article","og_title":"Liquid Dip Blush - Make up Factory","og_description":"Fl\u00fcssiges Rouge mit Schwammapplikator f\u00fcr ein samtiges Finish","og_url":"https:\/\/make-up-factory.com\/de\/produkt\/liquid-dip-blush\/","og_site_name":"Make up Factory","article_publisher":"https:\/\/www.facebook.com\/Makeupfactory\/","article_modified_time":"2026-04-04T03:58:51+00:00","og_image":[{"width":3360,"height":3360,"url":"https:\/\/make-up-factory.com\/app\/uploads\/2026\/03\/1345e6ee4b0d291da2e2d0dae7c22730f7a5ad36_Original_size_JPG_2564.50_Liquid_Dip_Blush__1_-32-scaled.jpg","type":"image\/jpeg"}],"twitter_card":"summary_large_image","schema":{"@context":"https:\/\/schema.org","@graph":[{"@type":"WebPage","@id":"https:\/\/make-up-factory.com\/de\/produkt\/liquid-dip-blush\/","url":"https:\/\/make-up-factory.com\/de\/produkt\/liquid-dip-blush\/","name":"Liquid Dip Blush - Make up Factory","isPartOf":{"@id":"https:\/\/make-up-factory.com\/de\/#website"},"primaryImageOfPage":{"@id":"https:\/\/make-up-factory.com\/de\/produkt\/liquid-dip-blush\/#primaryimage"},"image":{"@id":"https:\/\/make-up-factory.com\/de\/produkt\/liquid-dip-blush\/#primaryimage"},"thumbnailUrl":"https:\/\/make-up-factory.com\/app\/uploads\/2026\/03\/1345e6ee4b0d291da2e2d0dae7c22730f7a5ad36_Original_size_JPG_2564.50_Liquid_Dip_Blush__1_-34-scaled.jpg","datePublished":"2026-03-13T02:04:35+00:00","dateModified":"2026-04-04T03:58:51+00:00","breadcrumb":{"@id":"https:\/\/make-up-factory.com\/de\/produkt\/liquid-dip-blush\/#breadcrumb"},"inLanguage":"de","potentialAction":[{"@type":"ReadAction","target":["https:\/\/make-up-factory.com\/de\/produkt\/liquid-dip-blush\/"]}]},{"@type":"ImageObject","inLanguage":"de","@id":"https:\/\/make-up-factory.com\/de\/produkt\/liquid-dip-blush\/#primaryimage","url":"https:\/\/make-up-factory.com\/app\/uploads\/2026\/03\/1345e6ee4b0d291da2e2d0dae7c22730f7a5ad36_Original_size_JPG_2564.50_Liquid_Dip_Blush__1_-34-scaled.jpg","contentUrl":"https:\/\/make-up-factory.com\/app\/uploads\/2026\/03\/1345e6ee4b0d291da2e2d0dae7c22730f7a5ad36_Original_size_JPG_2564.50_Liquid_Dip_Blush__1_-34-scaled.jpg","width":3360,"height":3360},{"@type":"BreadcrumbList","@id":"https:\/\/make-up-factory.com\/de\/produkt\/liquid-dip-blush\/#breadcrumb","itemListElement":[{"@type":"ListItem","position":1,"name":"Home","item":"https:\/\/make-up-factory.com\/de\/"},{"@type":"ListItem","position":2,"name":"Produkte","item":"https:\/\/make-up-factory.com\/de\/produkte\/"},{"@type":"ListItem","position":3,"name":"Teint","item":"https:\/\/make-up-factory.com\/de\/produkte\/teint\/"},{"@type":"ListItem","position":4,"name":"Rouge &amp; Bronzers","item":"https:\/\/make-up-factory.com\/de\/produkte\/teint\/teint-rouge-bronzer\/"},{"@type":"ListItem","position":5,"name":"Liquid Dip Blush"}]},{"@type":"WebSite","@id":"https:\/\/make-up-factory.com\/de\/#website","url":"https:\/\/make-up-factory.com\/de\/","name":"Make up Factory","description":"","publisher":{"@id":"https:\/\/make-up-factory.com\/de\/#organization"},"potentialAction":[{"@type":"SearchAction","target":{"@type":"EntryPoint","urlTemplate":"https:\/\/make-up-factory.com\/de\/?s={search_term_string}"},"query-input":{"@type":"PropertyValueSpecification","valueRequired":true,"valueName":"search_term_string"}}],"inLanguage":"de"},{"@type":"Organization","@id":"https:\/\/make-up-factory.com\/de\/#organization","name":"ICB innovative cosmetic brands GmbH","url":"https:\/\/make-up-factory.com\/de\/","logo":{"@type":"ImageObject","inLanguage":"de","@id":"https:\/\/make-up-factory.com\/de\/#\/schema\/logo\/image\/","url":"https:\/\/make-up-factory.com\/app\/uploads\/2021\/02\/muf-logo-1.png","contentUrl":"https:\/\/make-up-factory.com\/app\/uploads\/2021\/02\/muf-logo-1.png","width":119,"height":209,"caption":"ICB innovative cosmetic brands GmbH"},"image":{"@id":"https:\/\/make-up-factory.com\/de\/#\/schema\/logo\/image\/"},"sameAs":["https:\/\/www.facebook.com\/Makeupfactory\/","https:\/\/www.instagram.com\/make_up_factory\/","https:\/\/www.youtube.com\/channel\/UCleVbgsF0ox7ZnTLV6kG5hA"]}]}},"_links":{"self":[{"href":"https:\/\/make-up-factory.com\/de\/wp-json\/wp\/v2\/product\/120345","targetHints":{"allow":["GET"]}}],"collection":[{"href":"https:\/\/make-up-factory.com\/de\/wp-json\/wp\/v2\/product"}],"about":[{"href":"https:\/\/make-up-factory.com\/de\/wp-json\/wp\/v2\/types\/product"}],"version-history":[{"count":1,"href":"https:\/\/make-up-factory.com\/de\/wp-json\/wp\/v2\/product\/120345\/revisions"}],"predecessor-version":[{"id":120353,"href":"https:\/\/make-up-factory.com\/de\/wp-json\/wp\/v2\/product\/120345\/revisions\/120353"}],"wp:featuredmedia":[{"embeddable":true,"href":"https:\/\/make-up-factory.com\/de\/wp-json\/wp\/v2\/media\/120472"}],"wp:attachment":[{"href":"https:\/\/make-up-factory.com\/de\/wp-json\/wp\/v2\/media?parent=120345"}],"wp:term":[{"taxonomy":"product_cat","embeddable":true,"href":"https:\/\/make-up-factory.com\/de\/wp-json\/wp\/v2\/product_cat?post=120345"},{"taxonomy":"product_tag","embeddable":true,"href":"https:\/\/make-up-factory.com\/de\/wp-json\/wp\/v2\/product_tag?post=120345"}],"curies":[{"name":"wp","href":"https:\/\/api.w.org\/{rel}","templated":true}]}}