{"id":120176,"date":"2026-03-10T09:46:36","date_gmt":"2026-03-10T08:46:36","guid":{"rendered":"https:\/\/make-up-factory.com\/product\/hypnotic-liquid-eyeshadow\/"},"modified":"2026-04-20T18:41:43","modified_gmt":"2026-04-20T16:41:43","slug":"hypnotic-liquid-eyeshadow","status":"publish","type":"product","link":"https:\/\/make-up-factory.com\/de\/produkt\/hypnotic-liquid-eyeshadow\/","title":{"rendered":"Hypnotic Liquid Eyeshadow"},"content":{"rendered":"<p>Der Hypnotic Liquid Eyeshadow verzaubert mit hypnotisierenden, metallischen Farbt\u00f6nen und schimmernden Effekten. Dank sph\u00e4rischer Silica \u00fcberzeugt er durch langanhaltende Haftung und perfekte Blendbarkeit. Glycerin und Wasser sorgen f\u00fcr ein erfrischendes Auftragegef\u00fchl. Augen\u00e4rztlich getestet, auch f\u00fcr Kontaktlinsentr\u00e4ger:innen geeignet. Frei von Mineral\u00f6l und Talk.<\/p>\n","protected":false},"excerpt":{"rendered":"<p>Fl\u00fcssiger Lidschatten mit metallisch schimmernden Pigmenten<\/p>\n","protected":false},"featured_media":120190,"template":"","meta":{"_acf_changed":false},"product_cat":[838],"product_tag":[],"class_list":{"0":"post-120176","1":"product","2":"type-product","3":"status-publish","4":"has-post-thumbnail","6":"product_cat-augen-lidschatten","8":"first","9":"instock","10":"sold-individually","11":"shipping-taxable","12":"purchasable","13":"product-type-variable","14":"has-default-attributes"},"acf":[],"yoast_head":"<!-- This site is optimized with the Yoast SEO plugin v25.6 - https:\/\/yoast.com\/wordpress\/plugins\/seo\/ -->\n<title>Hypnotic Liquid Eyeshadow - Make up Factory<\/title>\n<meta name=\"robots\" content=\"index, follow, max-snippet:-1, max-image-preview:large, max-video-preview:-1\" \/>\n<link rel=\"canonical\" href=\"https:\/\/make-up-factory.com\/de\/produkt\/hypnotic-liquid-eyeshadow\/\" \/>\n<meta property=\"og:locale\" content=\"de_DE\" \/>\n<meta property=\"og:type\" content=\"article\" \/>\n<meta property=\"og:title\" content=\"Hypnotic Liquid Eyeshadow - Make up Factory\" \/>\n<meta property=\"og:description\" content=\"Fl\u00fcssiger Lidschatten mit metallisch schimmernden Pigmenten\" \/>\n<meta property=\"og:url\" content=\"https:\/\/make-up-factory.com\/de\/produkt\/hypnotic-liquid-eyeshadow\/\" \/>\n<meta property=\"og:site_name\" content=\"Make up Factory\" \/>\n<meta property=\"article:publisher\" content=\"https:\/\/www.facebook.com\/Makeupfactory\/\" \/>\n<meta property=\"article:modified_time\" content=\"2026-04-20T16:41:43+00:00\" \/>\n<meta property=\"og:image\" content=\"https:\/\/make-up-factory.com\/app\/uploads\/2026\/03\/bdc622cf0aa5ff341dd256b46bb55553e5bcb16f_Original_size_JPG_2511.15_Hypnotic_Liquid_Eyeshadow-6.jpg\" \/>\n\t<meta property=\"og:image:width\" content=\"3000\" \/>\n\t<meta property=\"og:image:height\" content=\"3000\" \/>\n\t<meta property=\"og:image:type\" content=\"image\/jpeg\" \/>\n<meta name=\"twitter:card\" content=\"summary_large_image\" \/>\n<script type=\"application\/ld+json\" class=\"yoast-schema-graph\">{\"@context\":\"https:\/\/schema.org\",\"@graph\":[{\"@type\":\"WebPage\",\"@id\":\"https:\/\/make-up-factory.com\/de\/produkt\/hypnotic-liquid-eyeshadow\/\",\"url\":\"https:\/\/make-up-factory.com\/de\/produkt\/hypnotic-liquid-eyeshadow\/\",\"name\":\"Hypnotic Liquid Eyeshadow - Make up Factory\",\"isPartOf\":{\"@id\":\"https:\/\/make-up-factory.com\/de\/#website\"},\"primaryImageOfPage\":{\"@id\":\"https:\/\/make-up-factory.com\/de\/produkt\/hypnotic-liquid-eyeshadow\/#primaryimage\"},\"image\":{\"@id\":\"https:\/\/make-up-factory.com\/de\/produkt\/hypnotic-liquid-eyeshadow\/#primaryimage\"},\"thumbnailUrl\":\"https:\/\/make-up-factory.com\/app\/uploads\/2026\/03\/bdc622cf0aa5ff341dd256b46bb55553e5bcb16f_Original_size_JPG_2511.15_Hypnotic_Liquid_Eyeshadow-6.jpg\",\"datePublished\":\"2026-03-10T08:46:36+00:00\",\"dateModified\":\"2026-04-20T16:41:43+00:00\",\"breadcrumb\":{\"@id\":\"https:\/\/make-up-factory.com\/de\/produkt\/hypnotic-liquid-eyeshadow\/#breadcrumb\"},\"inLanguage\":\"de\",\"potentialAction\":[{\"@type\":\"ReadAction\",\"target\":[\"https:\/\/make-up-factory.com\/de\/produkt\/hypnotic-liquid-eyeshadow\/\"]}]},{\"@type\":\"ImageObject\",\"inLanguage\":\"de\",\"@id\":\"https:\/\/make-up-factory.com\/de\/produkt\/hypnotic-liquid-eyeshadow\/#primaryimage\",\"url\":\"https:\/\/make-up-factory.com\/app\/uploads\/2026\/03\/bdc622cf0aa5ff341dd256b46bb55553e5bcb16f_Original_size_JPG_2511.15_Hypnotic_Liquid_Eyeshadow-6.jpg\",\"contentUrl\":\"https:\/\/make-up-factory.com\/app\/uploads\/2026\/03\/bdc622cf0aa5ff341dd256b46bb55553e5bcb16f_Original_size_JPG_2511.15_Hypnotic_Liquid_Eyeshadow-6.jpg\",\"width\":3000,\"height\":3000},{\"@type\":\"BreadcrumbList\",\"@id\":\"https:\/\/make-up-factory.com\/de\/produkt\/hypnotic-liquid-eyeshadow\/#breadcrumb\",\"itemListElement\":[{\"@type\":\"ListItem\",\"position\":1,\"name\":\"Home\",\"item\":\"https:\/\/make-up-factory.com\/de\/\"},{\"@type\":\"ListItem\",\"position\":2,\"name\":\"Produkte\",\"item\":\"https:\/\/make-up-factory.com\/de\/produkte\/\"},{\"@type\":\"ListItem\",\"position\":3,\"name\":\"Augen\",\"item\":\"https:\/\/make-up-factory.com\/de\/produkte\/augen\/\"},{\"@type\":\"ListItem\",\"position\":4,\"name\":\"Lidschatten\",\"item\":\"https:\/\/make-up-factory.com\/de\/produkte\/augen\/augen-lidschatten\/\"},{\"@type\":\"ListItem\",\"position\":5,\"name\":\"Hypnotic Liquid Eyeshadow\"}]},{\"@type\":\"WebSite\",\"@id\":\"https:\/\/make-up-factory.com\/de\/#website\",\"url\":\"https:\/\/make-up-factory.com\/de\/\",\"name\":\"Make up Factory\",\"description\":\"\",\"publisher\":{\"@id\":\"https:\/\/make-up-factory.com\/de\/#organization\"},\"potentialAction\":[{\"@type\":\"SearchAction\",\"target\":{\"@type\":\"EntryPoint\",\"urlTemplate\":\"https:\/\/make-up-factory.com\/de\/?s={search_term_string}\"},\"query-input\":{\"@type\":\"PropertyValueSpecification\",\"valueRequired\":true,\"valueName\":\"search_term_string\"}}],\"inLanguage\":\"de\"},{\"@type\":\"Organization\",\"@id\":\"https:\/\/make-up-factory.com\/de\/#organization\",\"name\":\"ICB innovative cosmetic brands GmbH\",\"url\":\"https:\/\/make-up-factory.com\/de\/\",\"logo\":{\"@type\":\"ImageObject\",\"inLanguage\":\"de\",\"@id\":\"https:\/\/make-up-factory.com\/de\/#\/schema\/logo\/image\/\",\"url\":\"https:\/\/make-up-factory.com\/app\/uploads\/2021\/02\/muf-logo-1.png\",\"contentUrl\":\"https:\/\/make-up-factory.com\/app\/uploads\/2021\/02\/muf-logo-1.png\",\"width\":119,\"height\":209,\"caption\":\"ICB innovative cosmetic brands GmbH\"},\"image\":{\"@id\":\"https:\/\/make-up-factory.com\/de\/#\/schema\/logo\/image\/\"},\"sameAs\":[\"https:\/\/www.facebook.com\/Makeupfactory\/\",\"https:\/\/www.instagram.com\/make_up_factory\/\",\"https:\/\/www.youtube.com\/channel\/UCleVbgsF0ox7ZnTLV6kG5hA\"]}]}<\/script>\n<!-- \/ Yoast SEO plugin. -->","yoast_head_json":{"title":"Hypnotic Liquid Eyeshadow - Make up Factory","robots":{"index":"index","follow":"follow","max-snippet":"max-snippet:-1","max-image-preview":"max-image-preview:large","max-video-preview":"max-video-preview:-1"},"canonical":"https:\/\/make-up-factory.com\/de\/produkt\/hypnotic-liquid-eyeshadow\/","og_locale":"de_DE","og_type":"article","og_title":"Hypnotic Liquid Eyeshadow - Make up Factory","og_description":"Fl\u00fcssiger Lidschatten mit metallisch schimmernden Pigmenten","og_url":"https:\/\/make-up-factory.com\/de\/produkt\/hypnotic-liquid-eyeshadow\/","og_site_name":"Make up Factory","article_publisher":"https:\/\/www.facebook.com\/Makeupfactory\/","article_modified_time":"2026-04-20T16:41:43+00:00","og_image":[{"width":3000,"height":3000,"url":"https:\/\/make-up-factory.com\/app\/uploads\/2026\/03\/bdc622cf0aa5ff341dd256b46bb55553e5bcb16f_Original_size_JPG_2511.15_Hypnotic_Liquid_Eyeshadow-6.jpg","type":"image\/jpeg"}],"twitter_card":"summary_large_image","schema":{"@context":"https:\/\/schema.org","@graph":[{"@type":"WebPage","@id":"https:\/\/make-up-factory.com\/de\/produkt\/hypnotic-liquid-eyeshadow\/","url":"https:\/\/make-up-factory.com\/de\/produkt\/hypnotic-liquid-eyeshadow\/","name":"Hypnotic Liquid Eyeshadow - Make up Factory","isPartOf":{"@id":"https:\/\/make-up-factory.com\/de\/#website"},"primaryImageOfPage":{"@id":"https:\/\/make-up-factory.com\/de\/produkt\/hypnotic-liquid-eyeshadow\/#primaryimage"},"image":{"@id":"https:\/\/make-up-factory.com\/de\/produkt\/hypnotic-liquid-eyeshadow\/#primaryimage"},"thumbnailUrl":"https:\/\/make-up-factory.com\/app\/uploads\/2026\/03\/bdc622cf0aa5ff341dd256b46bb55553e5bcb16f_Original_size_JPG_2511.15_Hypnotic_Liquid_Eyeshadow-6.jpg","datePublished":"2026-03-10T08:46:36+00:00","dateModified":"2026-04-20T16:41:43+00:00","breadcrumb":{"@id":"https:\/\/make-up-factory.com\/de\/produkt\/hypnotic-liquid-eyeshadow\/#breadcrumb"},"inLanguage":"de","potentialAction":[{"@type":"ReadAction","target":["https:\/\/make-up-factory.com\/de\/produkt\/hypnotic-liquid-eyeshadow\/"]}]},{"@type":"ImageObject","inLanguage":"de","@id":"https:\/\/make-up-factory.com\/de\/produkt\/hypnotic-liquid-eyeshadow\/#primaryimage","url":"https:\/\/make-up-factory.com\/app\/uploads\/2026\/03\/bdc622cf0aa5ff341dd256b46bb55553e5bcb16f_Original_size_JPG_2511.15_Hypnotic_Liquid_Eyeshadow-6.jpg","contentUrl":"https:\/\/make-up-factory.com\/app\/uploads\/2026\/03\/bdc622cf0aa5ff341dd256b46bb55553e5bcb16f_Original_size_JPG_2511.15_Hypnotic_Liquid_Eyeshadow-6.jpg","width":3000,"height":3000},{"@type":"BreadcrumbList","@id":"https:\/\/make-up-factory.com\/de\/produkt\/hypnotic-liquid-eyeshadow\/#breadcrumb","itemListElement":[{"@type":"ListItem","position":1,"name":"Home","item":"https:\/\/make-up-factory.com\/de\/"},{"@type":"ListItem","position":2,"name":"Produkte","item":"https:\/\/make-up-factory.com\/de\/produkte\/"},{"@type":"ListItem","position":3,"name":"Augen","item":"https:\/\/make-up-factory.com\/de\/produkte\/augen\/"},{"@type":"ListItem","position":4,"name":"Lidschatten","item":"https:\/\/make-up-factory.com\/de\/produkte\/augen\/augen-lidschatten\/"},{"@type":"ListItem","position":5,"name":"Hypnotic Liquid Eyeshadow"}]},{"@type":"WebSite","@id":"https:\/\/make-up-factory.com\/de\/#website","url":"https:\/\/make-up-factory.com\/de\/","name":"Make up Factory","description":"","publisher":{"@id":"https:\/\/make-up-factory.com\/de\/#organization"},"potentialAction":[{"@type":"SearchAction","target":{"@type":"EntryPoint","urlTemplate":"https:\/\/make-up-factory.com\/de\/?s={search_term_string}"},"query-input":{"@type":"PropertyValueSpecification","valueRequired":true,"valueName":"search_term_string"}}],"inLanguage":"de"},{"@type":"Organization","@id":"https:\/\/make-up-factory.com\/de\/#organization","name":"ICB innovative cosmetic brands GmbH","url":"https:\/\/make-up-factory.com\/de\/","logo":{"@type":"ImageObject","inLanguage":"de","@id":"https:\/\/make-up-factory.com\/de\/#\/schema\/logo\/image\/","url":"https:\/\/make-up-factory.com\/app\/uploads\/2021\/02\/muf-logo-1.png","contentUrl":"https:\/\/make-up-factory.com\/app\/uploads\/2021\/02\/muf-logo-1.png","width":119,"height":209,"caption":"ICB innovative cosmetic brands GmbH"},"image":{"@id":"https:\/\/make-up-factory.com\/de\/#\/schema\/logo\/image\/"},"sameAs":["https:\/\/www.facebook.com\/Makeupfactory\/","https:\/\/www.instagram.com\/make_up_factory\/","https:\/\/www.youtube.com\/channel\/UCleVbgsF0ox7ZnTLV6kG5hA"]}]}},"_links":{"self":[{"href":"https:\/\/make-up-factory.com\/de\/wp-json\/wp\/v2\/product\/120176","targetHints":{"allow":["GET"]}}],"collection":[{"href":"https:\/\/make-up-factory.com\/de\/wp-json\/wp\/v2\/product"}],"about":[{"href":"https:\/\/make-up-factory.com\/de\/wp-json\/wp\/v2\/types\/product"}],"version-history":[{"count":1,"href":"https:\/\/make-up-factory.com\/de\/wp-json\/wp\/v2\/product\/120176\/revisions"}],"predecessor-version":[{"id":120181,"href":"https:\/\/make-up-factory.com\/de\/wp-json\/wp\/v2\/product\/120176\/revisions\/120181"}],"wp:featuredmedia":[{"embeddable":true,"href":"https:\/\/make-up-factory.com\/de\/wp-json\/wp\/v2\/media\/120190"}],"wp:attachment":[{"href":"https:\/\/make-up-factory.com\/de\/wp-json\/wp\/v2\/media?parent=120176"}],"wp:term":[{"taxonomy":"product_cat","embeddable":true,"href":"https:\/\/make-up-factory.com\/de\/wp-json\/wp\/v2\/product_cat?post=120176"},{"taxonomy":"product_tag","embeddable":true,"href":"https:\/\/make-up-factory.com\/de\/wp-json\/wp\/v2\/product_tag?post=120176"}],"curies":[{"name":"wp","href":"https:\/\/api.w.org\/{rel}","templated":true}]}}