{"id":119955,"date":"2026-03-05T16:10:38","date_gmt":"2026-03-05T15:10:38","guid":{"rendered":"https:\/\/make-up-factory.com\/product\/laguna-sun-glow-powder\/"},"modified":"2026-04-17T04:05:03","modified_gmt":"2026-04-17T02:05:03","slug":"laguna-sun-glow-powder","status":"publish","type":"product","link":"https:\/\/make-up-factory.com\/de\/produkt\/laguna-sun-glow-powder\/","title":{"rendered":"Laguna Sun Glow Powder"},"content":{"rendered":"<p>Der dreifarbige Puder-Highlighter \u00fcberzeugt mit seidig-weicher Textur und innovativer Farbkombination f\u00fcr einen nat\u00fcrlich strahlenden, sommerlichen Glow. Die aufbaubare Formulierung l\u00e4sst sich m\u00fchelos auftragen und verblenden. Hochwertige Verpackung mit integriertem Spiegel und holografischem Effekt. Frei von Mineral\u00f6l.<\/p>\n","protected":false},"excerpt":{"rendered":"<p>Dreifarbiger Puder-Highlighter f\u00fcr einen nat\u00fcrlichen strahlenden und sommerlichen Glow<\/p>\n","protected":false},"featured_media":119956,"template":"","meta":{"_acf_changed":false},"product_cat":[834],"product_tag":[],"class_list":{"0":"post-119955","1":"product","2":"type-product","3":"status-publish","4":"has-post-thumbnail","6":"product_cat-teint-highlighter","8":"first","9":"instock","10":"sold-individually","11":"shipping-taxable","12":"purchasable","13":"product-type-simple"},"acf":[],"yoast_head":"<!-- This site is optimized with the Yoast SEO plugin v25.6 - https:\/\/yoast.com\/wordpress\/plugins\/seo\/ -->\n<title>Laguna Sun Glow Powder - Make up Factory<\/title>\n<meta name=\"robots\" content=\"index, follow, max-snippet:-1, max-image-preview:large, max-video-preview:-1\" \/>\n<link rel=\"canonical\" href=\"https:\/\/make-up-factory.com\/de\/produkt\/laguna-sun-glow-powder\/\" \/>\n<meta property=\"og:locale\" content=\"de_DE\" \/>\n<meta property=\"og:type\" content=\"article\" \/>\n<meta property=\"og:title\" content=\"Laguna Sun Glow Powder - Make up Factory\" \/>\n<meta property=\"og:description\" content=\"Dreifarbiger Puder-Highlighter f\u00fcr einen nat\u00fcrlichen strahlenden und sommerlichen Glow\" \/>\n<meta property=\"og:url\" content=\"https:\/\/make-up-factory.com\/de\/produkt\/laguna-sun-glow-powder\/\" \/>\n<meta property=\"og:site_name\" content=\"Make up Factory\" \/>\n<meta property=\"article:publisher\" content=\"https:\/\/www.facebook.com\/Makeupfactory\/\" \/>\n<meta property=\"article:modified_time\" content=\"2026-04-17T02:05:03+00:00\" \/>\n<meta property=\"og:image\" content=\"https:\/\/make-up-factory.com\/app\/uploads\/2026\/03\/0c0fbaadece4e78fdae04de4e28aef7fdd33e9c4_Website_format_JPG_2851.10_Laguna_Sun_Glow_Powder_open.jpg\" \/>\n\t<meta property=\"og:image:width\" content=\"2000\" \/>\n\t<meta property=\"og:image:height\" content=\"2000\" \/>\n\t<meta property=\"og:image:type\" content=\"image\/jpeg\" \/>\n<meta name=\"twitter:card\" content=\"summary_large_image\" \/>\n<script type=\"application\/ld+json\" class=\"yoast-schema-graph\">{\"@context\":\"https:\/\/schema.org\",\"@graph\":[{\"@type\":\"WebPage\",\"@id\":\"https:\/\/make-up-factory.com\/de\/produkt\/laguna-sun-glow-powder\/\",\"url\":\"https:\/\/make-up-factory.com\/de\/produkt\/laguna-sun-glow-powder\/\",\"name\":\"Laguna Sun Glow Powder - Make up Factory\",\"isPartOf\":{\"@id\":\"https:\/\/make-up-factory.com\/de\/#website\"},\"primaryImageOfPage\":{\"@id\":\"https:\/\/make-up-factory.com\/de\/produkt\/laguna-sun-glow-powder\/#primaryimage\"},\"image\":{\"@id\":\"https:\/\/make-up-factory.com\/de\/produkt\/laguna-sun-glow-powder\/#primaryimage\"},\"thumbnailUrl\":\"https:\/\/make-up-factory.com\/app\/uploads\/2026\/03\/0c0fbaadece4e78fdae04de4e28aef7fdd33e9c4_Website_format_JPG_2851.10_Laguna_Sun_Glow_Powder_open.jpg\",\"datePublished\":\"2026-03-05T15:10:38+00:00\",\"dateModified\":\"2026-04-17T02:05:03+00:00\",\"breadcrumb\":{\"@id\":\"https:\/\/make-up-factory.com\/de\/produkt\/laguna-sun-glow-powder\/#breadcrumb\"},\"inLanguage\":\"de\",\"potentialAction\":[{\"@type\":\"ReadAction\",\"target\":[\"https:\/\/make-up-factory.com\/de\/produkt\/laguna-sun-glow-powder\/\"]}]},{\"@type\":\"ImageObject\",\"inLanguage\":\"de\",\"@id\":\"https:\/\/make-up-factory.com\/de\/produkt\/laguna-sun-glow-powder\/#primaryimage\",\"url\":\"https:\/\/make-up-factory.com\/app\/uploads\/2026\/03\/0c0fbaadece4e78fdae04de4e28aef7fdd33e9c4_Website_format_JPG_2851.10_Laguna_Sun_Glow_Powder_open.jpg\",\"contentUrl\":\"https:\/\/make-up-factory.com\/app\/uploads\/2026\/03\/0c0fbaadece4e78fdae04de4e28aef7fdd33e9c4_Website_format_JPG_2851.10_Laguna_Sun_Glow_Powder_open.jpg\",\"width\":2000,\"height\":2000},{\"@type\":\"BreadcrumbList\",\"@id\":\"https:\/\/make-up-factory.com\/de\/produkt\/laguna-sun-glow-powder\/#breadcrumb\",\"itemListElement\":[{\"@type\":\"ListItem\",\"position\":1,\"name\":\"Home\",\"item\":\"https:\/\/make-up-factory.com\/de\/\"},{\"@type\":\"ListItem\",\"position\":2,\"name\":\"Produkte\",\"item\":\"https:\/\/make-up-factory.com\/de\/produkte\/\"},{\"@type\":\"ListItem\",\"position\":3,\"name\":\"Teint\",\"item\":\"https:\/\/make-up-factory.com\/de\/produkte\/teint\/\"},{\"@type\":\"ListItem\",\"position\":4,\"name\":\"Highlighter\",\"item\":\"https:\/\/make-up-factory.com\/de\/produkte\/teint\/teint-highlighter\/\"},{\"@type\":\"ListItem\",\"position\":5,\"name\":\"Laguna Sun Glow Powder\"}]},{\"@type\":\"WebSite\",\"@id\":\"https:\/\/make-up-factory.com\/de\/#website\",\"url\":\"https:\/\/make-up-factory.com\/de\/\",\"name\":\"Make up Factory\",\"description\":\"\",\"publisher\":{\"@id\":\"https:\/\/make-up-factory.com\/de\/#organization\"},\"potentialAction\":[{\"@type\":\"SearchAction\",\"target\":{\"@type\":\"EntryPoint\",\"urlTemplate\":\"https:\/\/make-up-factory.com\/de\/?s={search_term_string}\"},\"query-input\":{\"@type\":\"PropertyValueSpecification\",\"valueRequired\":true,\"valueName\":\"search_term_string\"}}],\"inLanguage\":\"de\"},{\"@type\":\"Organization\",\"@id\":\"https:\/\/make-up-factory.com\/de\/#organization\",\"name\":\"ICB innovative cosmetic brands GmbH\",\"url\":\"https:\/\/make-up-factory.com\/de\/\",\"logo\":{\"@type\":\"ImageObject\",\"inLanguage\":\"de\",\"@id\":\"https:\/\/make-up-factory.com\/de\/#\/schema\/logo\/image\/\",\"url\":\"https:\/\/make-up-factory.com\/app\/uploads\/2021\/02\/muf-logo-1.png\",\"contentUrl\":\"https:\/\/make-up-factory.com\/app\/uploads\/2021\/02\/muf-logo-1.png\",\"width\":119,\"height\":209,\"caption\":\"ICB innovative cosmetic brands GmbH\"},\"image\":{\"@id\":\"https:\/\/make-up-factory.com\/de\/#\/schema\/logo\/image\/\"},\"sameAs\":[\"https:\/\/www.facebook.com\/Makeupfactory\/\",\"https:\/\/www.instagram.com\/make_up_factory\/\",\"https:\/\/www.youtube.com\/channel\/UCleVbgsF0ox7ZnTLV6kG5hA\"]}]}<\/script>\n<!-- \/ Yoast SEO plugin. -->","yoast_head_json":{"title":"Laguna Sun Glow Powder - Make up Factory","robots":{"index":"index","follow":"follow","max-snippet":"max-snippet:-1","max-image-preview":"max-image-preview:large","max-video-preview":"max-video-preview:-1"},"canonical":"https:\/\/make-up-factory.com\/de\/produkt\/laguna-sun-glow-powder\/","og_locale":"de_DE","og_type":"article","og_title":"Laguna Sun Glow Powder - Make up Factory","og_description":"Dreifarbiger Puder-Highlighter f\u00fcr einen nat\u00fcrlichen strahlenden und sommerlichen Glow","og_url":"https:\/\/make-up-factory.com\/de\/produkt\/laguna-sun-glow-powder\/","og_site_name":"Make up Factory","article_publisher":"https:\/\/www.facebook.com\/Makeupfactory\/","article_modified_time":"2026-04-17T02:05:03+00:00","og_image":[{"width":2000,"height":2000,"url":"https:\/\/make-up-factory.com\/app\/uploads\/2026\/03\/0c0fbaadece4e78fdae04de4e28aef7fdd33e9c4_Website_format_JPG_2851.10_Laguna_Sun_Glow_Powder_open.jpg","type":"image\/jpeg"}],"twitter_card":"summary_large_image","schema":{"@context":"https:\/\/schema.org","@graph":[{"@type":"WebPage","@id":"https:\/\/make-up-factory.com\/de\/produkt\/laguna-sun-glow-powder\/","url":"https:\/\/make-up-factory.com\/de\/produkt\/laguna-sun-glow-powder\/","name":"Laguna Sun Glow Powder - Make up Factory","isPartOf":{"@id":"https:\/\/make-up-factory.com\/de\/#website"},"primaryImageOfPage":{"@id":"https:\/\/make-up-factory.com\/de\/produkt\/laguna-sun-glow-powder\/#primaryimage"},"image":{"@id":"https:\/\/make-up-factory.com\/de\/produkt\/laguna-sun-glow-powder\/#primaryimage"},"thumbnailUrl":"https:\/\/make-up-factory.com\/app\/uploads\/2026\/03\/0c0fbaadece4e78fdae04de4e28aef7fdd33e9c4_Website_format_JPG_2851.10_Laguna_Sun_Glow_Powder_open.jpg","datePublished":"2026-03-05T15:10:38+00:00","dateModified":"2026-04-17T02:05:03+00:00","breadcrumb":{"@id":"https:\/\/make-up-factory.com\/de\/produkt\/laguna-sun-glow-powder\/#breadcrumb"},"inLanguage":"de","potentialAction":[{"@type":"ReadAction","target":["https:\/\/make-up-factory.com\/de\/produkt\/laguna-sun-glow-powder\/"]}]},{"@type":"ImageObject","inLanguage":"de","@id":"https:\/\/make-up-factory.com\/de\/produkt\/laguna-sun-glow-powder\/#primaryimage","url":"https:\/\/make-up-factory.com\/app\/uploads\/2026\/03\/0c0fbaadece4e78fdae04de4e28aef7fdd33e9c4_Website_format_JPG_2851.10_Laguna_Sun_Glow_Powder_open.jpg","contentUrl":"https:\/\/make-up-factory.com\/app\/uploads\/2026\/03\/0c0fbaadece4e78fdae04de4e28aef7fdd33e9c4_Website_format_JPG_2851.10_Laguna_Sun_Glow_Powder_open.jpg","width":2000,"height":2000},{"@type":"BreadcrumbList","@id":"https:\/\/make-up-factory.com\/de\/produkt\/laguna-sun-glow-powder\/#breadcrumb","itemListElement":[{"@type":"ListItem","position":1,"name":"Home","item":"https:\/\/make-up-factory.com\/de\/"},{"@type":"ListItem","position":2,"name":"Produkte","item":"https:\/\/make-up-factory.com\/de\/produkte\/"},{"@type":"ListItem","position":3,"name":"Teint","item":"https:\/\/make-up-factory.com\/de\/produkte\/teint\/"},{"@type":"ListItem","position":4,"name":"Highlighter","item":"https:\/\/make-up-factory.com\/de\/produkte\/teint\/teint-highlighter\/"},{"@type":"ListItem","position":5,"name":"Laguna Sun Glow Powder"}]},{"@type":"WebSite","@id":"https:\/\/make-up-factory.com\/de\/#website","url":"https:\/\/make-up-factory.com\/de\/","name":"Make up Factory","description":"","publisher":{"@id":"https:\/\/make-up-factory.com\/de\/#organization"},"potentialAction":[{"@type":"SearchAction","target":{"@type":"EntryPoint","urlTemplate":"https:\/\/make-up-factory.com\/de\/?s={search_term_string}"},"query-input":{"@type":"PropertyValueSpecification","valueRequired":true,"valueName":"search_term_string"}}],"inLanguage":"de"},{"@type":"Organization","@id":"https:\/\/make-up-factory.com\/de\/#organization","name":"ICB innovative cosmetic brands GmbH","url":"https:\/\/make-up-factory.com\/de\/","logo":{"@type":"ImageObject","inLanguage":"de","@id":"https:\/\/make-up-factory.com\/de\/#\/schema\/logo\/image\/","url":"https:\/\/make-up-factory.com\/app\/uploads\/2021\/02\/muf-logo-1.png","contentUrl":"https:\/\/make-up-factory.com\/app\/uploads\/2021\/02\/muf-logo-1.png","width":119,"height":209,"caption":"ICB innovative cosmetic brands GmbH"},"image":{"@id":"https:\/\/make-up-factory.com\/de\/#\/schema\/logo\/image\/"},"sameAs":["https:\/\/www.facebook.com\/Makeupfactory\/","https:\/\/www.instagram.com\/make_up_factory\/","https:\/\/www.youtube.com\/channel\/UCleVbgsF0ox7ZnTLV6kG5hA"]}]}},"_links":{"self":[{"href":"https:\/\/make-up-factory.com\/de\/wp-json\/wp\/v2\/product\/119955","targetHints":{"allow":["GET"]}}],"collection":[{"href":"https:\/\/make-up-factory.com\/de\/wp-json\/wp\/v2\/product"}],"about":[{"href":"https:\/\/make-up-factory.com\/de\/wp-json\/wp\/v2\/types\/product"}],"version-history":[{"count":1,"href":"https:\/\/make-up-factory.com\/de\/wp-json\/wp\/v2\/product\/119955\/revisions"}],"predecessor-version":[{"id":119958,"href":"https:\/\/make-up-factory.com\/de\/wp-json\/wp\/v2\/product\/119955\/revisions\/119958"}],"wp:featuredmedia":[{"embeddable":true,"href":"https:\/\/make-up-factory.com\/de\/wp-json\/wp\/v2\/media\/119956"}],"wp:attachment":[{"href":"https:\/\/make-up-factory.com\/de\/wp-json\/wp\/v2\/media?parent=119955"}],"wp:term":[{"taxonomy":"product_cat","embeddable":true,"href":"https:\/\/make-up-factory.com\/de\/wp-json\/wp\/v2\/product_cat?post=119955"},{"taxonomy":"product_tag","embeddable":true,"href":"https:\/\/make-up-factory.com\/de\/wp-json\/wp\/v2\/product_tag?post=119955"}],"curies":[{"name":"wp","href":"https:\/\/api.w.org\/{rel}","templated":true}]}}