{"id":119706,"date":"2026-02-11T10:03:41","date_gmt":"2026-02-11T09:03:41","guid":{"rendered":"https:\/\/make-up-factory.com\/product\/laguna-sun-blushing-bronzer\/"},"modified":"2026-04-15T04:06:36","modified_gmt":"2026-04-15T02:06:36","slug":"laguna-sun-blushing-bronzer","status":"publish","type":"product","link":"https:\/\/make-up-factory.com\/de\/produkt\/laguna-sun-blushing-bronzer\/","title":{"rendered":"Laguna Sun Blushing Bronzer"},"content":{"rendered":"<p>Der Hypnotic Liquid Eyeshadow verleiht den Augen metallisch schimmernde Nuancen mit hypnotischem Effekt. Dank sph\u00e4rischer Silica ist er langanhaltend und perfekt blendbar. Glycerin und Wasser sorgen f\u00fcr erfrischendes Auftragen. Einfach mit dem Flockapplikator oder den Fingerspitzen verblenden. Frei von Mineral\u00f6l und Talk, augen\u00e4rztlich getestet.<\/p>\n","protected":false},"excerpt":{"rendered":"<p>Dreifarbiges Puder aus seidig-weichen Blush- und Bronzer-T\u00f6nen<\/p>\n","protected":false},"featured_media":119962,"template":"","meta":{"_acf_changed":false},"product_cat":[832],"product_tag":[],"class_list":{"0":"post-119706","1":"product","2":"type-product","3":"status-publish","4":"has-post-thumbnail","6":"product_cat-teint-rouge-bronzer","8":"first","9":"instock","10":"sold-individually","11":"shipping-taxable","12":"product-type-simple"},"acf":[],"yoast_head":"<!-- This site is optimized with the Yoast SEO plugin v25.6 - https:\/\/yoast.com\/wordpress\/plugins\/seo\/ -->\n<title>Laguna Sun Blushing Bronzer - Make up Factory<\/title>\n<meta name=\"robots\" content=\"index, follow, max-snippet:-1, max-image-preview:large, max-video-preview:-1\" \/>\n<link rel=\"canonical\" href=\"https:\/\/make-up-factory.com\/de\/produkt\/laguna-sun-blushing-bronzer\/\" \/>\n<meta property=\"og:locale\" content=\"de_DE\" \/>\n<meta property=\"og:type\" content=\"article\" \/>\n<meta property=\"og:title\" content=\"Laguna Sun Blushing Bronzer - Make up Factory\" \/>\n<meta property=\"og:description\" content=\"Dreifarbiges Puder aus seidig-weichen Blush- und Bronzer-T\u00f6nen\" \/>\n<meta property=\"og:url\" content=\"https:\/\/make-up-factory.com\/de\/produkt\/laguna-sun-blushing-bronzer\/\" \/>\n<meta property=\"og:site_name\" content=\"Make up Factory\" \/>\n<meta property=\"article:publisher\" content=\"https:\/\/www.facebook.com\/Makeupfactory\/\" \/>\n<meta property=\"article:modified_time\" content=\"2026-04-15T02:06:36+00:00\" \/>\n<meta property=\"og:image\" content=\"https:\/\/make-up-factory.com\/app\/uploads\/2026\/03\/f7f31e6d555b60860d6f98cd7c487274c7a2b97f_Website_format_JPG_2563.10_Laguna_Sun_Blushing_Bronzer_open.jpg\" \/>\n\t<meta property=\"og:image:width\" content=\"2000\" \/>\n\t<meta property=\"og:image:height\" content=\"2000\" \/>\n\t<meta property=\"og:image:type\" content=\"image\/jpeg\" \/>\n<meta name=\"twitter:card\" content=\"summary_large_image\" \/>\n<script type=\"application\/ld+json\" class=\"yoast-schema-graph\">{\"@context\":\"https:\/\/schema.org\",\"@graph\":[{\"@type\":\"WebPage\",\"@id\":\"https:\/\/make-up-factory.com\/de\/produkt\/laguna-sun-blushing-bronzer\/\",\"url\":\"https:\/\/make-up-factory.com\/de\/produkt\/laguna-sun-blushing-bronzer\/\",\"name\":\"Laguna Sun Blushing Bronzer - Make up Factory\",\"isPartOf\":{\"@id\":\"https:\/\/make-up-factory.com\/de\/#website\"},\"primaryImageOfPage\":{\"@id\":\"https:\/\/make-up-factory.com\/de\/produkt\/laguna-sun-blushing-bronzer\/#primaryimage\"},\"image\":{\"@id\":\"https:\/\/make-up-factory.com\/de\/produkt\/laguna-sun-blushing-bronzer\/#primaryimage\"},\"thumbnailUrl\":\"https:\/\/make-up-factory.com\/app\/uploads\/2026\/03\/f7f31e6d555b60860d6f98cd7c487274c7a2b97f_Website_format_JPG_2563.10_Laguna_Sun_Blushing_Bronzer_open.jpg\",\"datePublished\":\"2026-02-11T09:03:41+00:00\",\"dateModified\":\"2026-04-15T02:06:36+00:00\",\"breadcrumb\":{\"@id\":\"https:\/\/make-up-factory.com\/de\/produkt\/laguna-sun-blushing-bronzer\/#breadcrumb\"},\"inLanguage\":\"de\",\"potentialAction\":[{\"@type\":\"ReadAction\",\"target\":[\"https:\/\/make-up-factory.com\/de\/produkt\/laguna-sun-blushing-bronzer\/\"]}]},{\"@type\":\"ImageObject\",\"inLanguage\":\"de\",\"@id\":\"https:\/\/make-up-factory.com\/de\/produkt\/laguna-sun-blushing-bronzer\/#primaryimage\",\"url\":\"https:\/\/make-up-factory.com\/app\/uploads\/2026\/03\/f7f31e6d555b60860d6f98cd7c487274c7a2b97f_Website_format_JPG_2563.10_Laguna_Sun_Blushing_Bronzer_open.jpg\",\"contentUrl\":\"https:\/\/make-up-factory.com\/app\/uploads\/2026\/03\/f7f31e6d555b60860d6f98cd7c487274c7a2b97f_Website_format_JPG_2563.10_Laguna_Sun_Blushing_Bronzer_open.jpg\",\"width\":2000,\"height\":2000},{\"@type\":\"BreadcrumbList\",\"@id\":\"https:\/\/make-up-factory.com\/de\/produkt\/laguna-sun-blushing-bronzer\/#breadcrumb\",\"itemListElement\":[{\"@type\":\"ListItem\",\"position\":1,\"name\":\"Home\",\"item\":\"https:\/\/make-up-factory.com\/de\/\"},{\"@type\":\"ListItem\",\"position\":2,\"name\":\"Produkte\",\"item\":\"https:\/\/make-up-factory.com\/de\/produkte\/\"},{\"@type\":\"ListItem\",\"position\":3,\"name\":\"Teint\",\"item\":\"https:\/\/make-up-factory.com\/de\/produkte\/teint\/\"},{\"@type\":\"ListItem\",\"position\":4,\"name\":\"Rouge &amp; Bronzers\",\"item\":\"https:\/\/make-up-factory.com\/de\/produkte\/teint\/teint-rouge-bronzer\/\"},{\"@type\":\"ListItem\",\"position\":5,\"name\":\"Laguna Sun Blushing Bronzer\"}]},{\"@type\":\"WebSite\",\"@id\":\"https:\/\/make-up-factory.com\/de\/#website\",\"url\":\"https:\/\/make-up-factory.com\/de\/\",\"name\":\"Make up Factory\",\"description\":\"\",\"publisher\":{\"@id\":\"https:\/\/make-up-factory.com\/de\/#organization\"},\"potentialAction\":[{\"@type\":\"SearchAction\",\"target\":{\"@type\":\"EntryPoint\",\"urlTemplate\":\"https:\/\/make-up-factory.com\/de\/?s={search_term_string}\"},\"query-input\":{\"@type\":\"PropertyValueSpecification\",\"valueRequired\":true,\"valueName\":\"search_term_string\"}}],\"inLanguage\":\"de\"},{\"@type\":\"Organization\",\"@id\":\"https:\/\/make-up-factory.com\/de\/#organization\",\"name\":\"ICB innovative cosmetic brands GmbH\",\"url\":\"https:\/\/make-up-factory.com\/de\/\",\"logo\":{\"@type\":\"ImageObject\",\"inLanguage\":\"de\",\"@id\":\"https:\/\/make-up-factory.com\/de\/#\/schema\/logo\/image\/\",\"url\":\"https:\/\/make-up-factory.com\/app\/uploads\/2021\/02\/muf-logo-1.png\",\"contentUrl\":\"https:\/\/make-up-factory.com\/app\/uploads\/2021\/02\/muf-logo-1.png\",\"width\":119,\"height\":209,\"caption\":\"ICB innovative cosmetic brands GmbH\"},\"image\":{\"@id\":\"https:\/\/make-up-factory.com\/de\/#\/schema\/logo\/image\/\"},\"sameAs\":[\"https:\/\/www.facebook.com\/Makeupfactory\/\",\"https:\/\/www.instagram.com\/make_up_factory\/\",\"https:\/\/www.youtube.com\/channel\/UCleVbgsF0ox7ZnTLV6kG5hA\"]}]}<\/script>\n<!-- \/ Yoast SEO plugin. -->","yoast_head_json":{"title":"Laguna Sun Blushing Bronzer - Make up Factory","robots":{"index":"index","follow":"follow","max-snippet":"max-snippet:-1","max-image-preview":"max-image-preview:large","max-video-preview":"max-video-preview:-1"},"canonical":"https:\/\/make-up-factory.com\/de\/produkt\/laguna-sun-blushing-bronzer\/","og_locale":"de_DE","og_type":"article","og_title":"Laguna Sun Blushing Bronzer - Make up Factory","og_description":"Dreifarbiges Puder aus seidig-weichen Blush- und Bronzer-T\u00f6nen","og_url":"https:\/\/make-up-factory.com\/de\/produkt\/laguna-sun-blushing-bronzer\/","og_site_name":"Make up Factory","article_publisher":"https:\/\/www.facebook.com\/Makeupfactory\/","article_modified_time":"2026-04-15T02:06:36+00:00","og_image":[{"width":2000,"height":2000,"url":"https:\/\/make-up-factory.com\/app\/uploads\/2026\/03\/f7f31e6d555b60860d6f98cd7c487274c7a2b97f_Website_format_JPG_2563.10_Laguna_Sun_Blushing_Bronzer_open.jpg","type":"image\/jpeg"}],"twitter_card":"summary_large_image","schema":{"@context":"https:\/\/schema.org","@graph":[{"@type":"WebPage","@id":"https:\/\/make-up-factory.com\/de\/produkt\/laguna-sun-blushing-bronzer\/","url":"https:\/\/make-up-factory.com\/de\/produkt\/laguna-sun-blushing-bronzer\/","name":"Laguna Sun Blushing Bronzer - Make up Factory","isPartOf":{"@id":"https:\/\/make-up-factory.com\/de\/#website"},"primaryImageOfPage":{"@id":"https:\/\/make-up-factory.com\/de\/produkt\/laguna-sun-blushing-bronzer\/#primaryimage"},"image":{"@id":"https:\/\/make-up-factory.com\/de\/produkt\/laguna-sun-blushing-bronzer\/#primaryimage"},"thumbnailUrl":"https:\/\/make-up-factory.com\/app\/uploads\/2026\/03\/f7f31e6d555b60860d6f98cd7c487274c7a2b97f_Website_format_JPG_2563.10_Laguna_Sun_Blushing_Bronzer_open.jpg","datePublished":"2026-02-11T09:03:41+00:00","dateModified":"2026-04-15T02:06:36+00:00","breadcrumb":{"@id":"https:\/\/make-up-factory.com\/de\/produkt\/laguna-sun-blushing-bronzer\/#breadcrumb"},"inLanguage":"de","potentialAction":[{"@type":"ReadAction","target":["https:\/\/make-up-factory.com\/de\/produkt\/laguna-sun-blushing-bronzer\/"]}]},{"@type":"ImageObject","inLanguage":"de","@id":"https:\/\/make-up-factory.com\/de\/produkt\/laguna-sun-blushing-bronzer\/#primaryimage","url":"https:\/\/make-up-factory.com\/app\/uploads\/2026\/03\/f7f31e6d555b60860d6f98cd7c487274c7a2b97f_Website_format_JPG_2563.10_Laguna_Sun_Blushing_Bronzer_open.jpg","contentUrl":"https:\/\/make-up-factory.com\/app\/uploads\/2026\/03\/f7f31e6d555b60860d6f98cd7c487274c7a2b97f_Website_format_JPG_2563.10_Laguna_Sun_Blushing_Bronzer_open.jpg","width":2000,"height":2000},{"@type":"BreadcrumbList","@id":"https:\/\/make-up-factory.com\/de\/produkt\/laguna-sun-blushing-bronzer\/#breadcrumb","itemListElement":[{"@type":"ListItem","position":1,"name":"Home","item":"https:\/\/make-up-factory.com\/de\/"},{"@type":"ListItem","position":2,"name":"Produkte","item":"https:\/\/make-up-factory.com\/de\/produkte\/"},{"@type":"ListItem","position":3,"name":"Teint","item":"https:\/\/make-up-factory.com\/de\/produkte\/teint\/"},{"@type":"ListItem","position":4,"name":"Rouge &amp; Bronzers","item":"https:\/\/make-up-factory.com\/de\/produkte\/teint\/teint-rouge-bronzer\/"},{"@type":"ListItem","position":5,"name":"Laguna Sun Blushing Bronzer"}]},{"@type":"WebSite","@id":"https:\/\/make-up-factory.com\/de\/#website","url":"https:\/\/make-up-factory.com\/de\/","name":"Make up Factory","description":"","publisher":{"@id":"https:\/\/make-up-factory.com\/de\/#organization"},"potentialAction":[{"@type":"SearchAction","target":{"@type":"EntryPoint","urlTemplate":"https:\/\/make-up-factory.com\/de\/?s={search_term_string}"},"query-input":{"@type":"PropertyValueSpecification","valueRequired":true,"valueName":"search_term_string"}}],"inLanguage":"de"},{"@type":"Organization","@id":"https:\/\/make-up-factory.com\/de\/#organization","name":"ICB innovative cosmetic brands GmbH","url":"https:\/\/make-up-factory.com\/de\/","logo":{"@type":"ImageObject","inLanguage":"de","@id":"https:\/\/make-up-factory.com\/de\/#\/schema\/logo\/image\/","url":"https:\/\/make-up-factory.com\/app\/uploads\/2021\/02\/muf-logo-1.png","contentUrl":"https:\/\/make-up-factory.com\/app\/uploads\/2021\/02\/muf-logo-1.png","width":119,"height":209,"caption":"ICB innovative cosmetic brands GmbH"},"image":{"@id":"https:\/\/make-up-factory.com\/de\/#\/schema\/logo\/image\/"},"sameAs":["https:\/\/www.facebook.com\/Makeupfactory\/","https:\/\/www.instagram.com\/make_up_factory\/","https:\/\/www.youtube.com\/channel\/UCleVbgsF0ox7ZnTLV6kG5hA"]}]}},"_links":{"self":[{"href":"https:\/\/make-up-factory.com\/de\/wp-json\/wp\/v2\/product\/119706","targetHints":{"allow":["GET"]}}],"collection":[{"href":"https:\/\/make-up-factory.com\/de\/wp-json\/wp\/v2\/product"}],"about":[{"href":"https:\/\/make-up-factory.com\/de\/wp-json\/wp\/v2\/types\/product"}],"version-history":[{"count":3,"href":"https:\/\/make-up-factory.com\/de\/wp-json\/wp\/v2\/product\/119706\/revisions"}],"predecessor-version":[{"id":119961,"href":"https:\/\/make-up-factory.com\/de\/wp-json\/wp\/v2\/product\/119706\/revisions\/119961"}],"wp:featuredmedia":[{"embeddable":true,"href":"https:\/\/make-up-factory.com\/de\/wp-json\/wp\/v2\/media\/119962"}],"wp:attachment":[{"href":"https:\/\/make-up-factory.com\/de\/wp-json\/wp\/v2\/media?parent=119706"}],"wp:term":[{"taxonomy":"product_cat","embeddable":true,"href":"https:\/\/make-up-factory.com\/de\/wp-json\/wp\/v2\/product_cat?post=119706"},{"taxonomy":"product_tag","embeddable":true,"href":"https:\/\/make-up-factory.com\/de\/wp-json\/wp\/v2\/product_tag?post=119706"}],"curies":[{"name":"wp","href":"https:\/\/api.w.org\/{rel}","templated":true}]}}