{"id":119486,"date":"2026-01-22T03:04:08","date_gmt":"2026-01-22T02:04:08","guid":{"rendered":"https:\/\/make-up-factory.com\/product\/foundation-brush\/"},"modified":"2026-01-22T03:04:26","modified_gmt":"2026-01-22T02:04:26","slug":"foundation-brush","status":"publish","type":"product","link":"https:\/\/make-up-factory.com\/de\/produkt\/foundation-brush\/","title":{"rendered":"MF FOUNDATION BRUSH 2020"},"content":{"rendered":"<p>Der Foundation Brush aus hochwertigen, synthetischen Fasern erm\u00f6glicht einen gleichm\u00e4\u00dfigen Teint. Das Make up kann mit der flachen Spitze pr\u00e4zise und sparsam aufgetragen, verteilt und verblendet werden. Mit diesem Pinsel l\u00e4sst sich das Make up hauchd\u00fcnn auftragen, f\u00fcr einen besonders nat\u00fcrlichen, makellosen Teint.<\/p>\n","protected":false},"excerpt":{"rendered":"<p>Make up Pinsel zum Auftragen, Verteilen und Verblenden von Foundation<\/p>\n","protected":false},"featured_media":119487,"template":"","meta":{"_acf_changed":false},"product_cat":[815],"product_tag":[],"class_list":{"0":"post-119486","1":"product","2":"type-product","3":"status-publish","4":"has-post-thumbnail","6":"product_cat-pinsel","8":"first","9":"instock","10":"sold-individually","11":"shipping-taxable","12":"purchasable","13":"product-type-simple"},"acf":[],"yoast_head":"<!-- This site is optimized with the Yoast SEO plugin v25.6 - https:\/\/yoast.com\/wordpress\/plugins\/seo\/ -->\n<title>MF FOUNDATION BRUSH 2020 - Make up Factory<\/title>\n<meta name=\"robots\" content=\"index, follow, max-snippet:-1, max-image-preview:large, max-video-preview:-1\" \/>\n<link rel=\"canonical\" href=\"https:\/\/make-up-factory.com\/de\/produkt\/foundation-brush\/\" \/>\n<meta property=\"og:locale\" content=\"de_DE\" \/>\n<meta property=\"og:type\" content=\"article\" \/>\n<meta property=\"og:title\" content=\"MF FOUNDATION BRUSH 2020 - Make up Factory\" \/>\n<meta property=\"og:description\" content=\"Make up Pinsel zum Auftragen, Verteilen und Verblenden von Foundation\" \/>\n<meta property=\"og:url\" content=\"https:\/\/make-up-factory.com\/de\/produkt\/foundation-brush\/\" \/>\n<meta property=\"og:site_name\" content=\"Make up Factory\" \/>\n<meta property=\"article:publisher\" content=\"https:\/\/www.facebook.com\/Makeupfactory\/\" \/>\n<meta property=\"article:modified_time\" content=\"2026-01-22T02:04:26+00:00\" \/>\n<meta property=\"og:image\" content=\"https:\/\/make-up-factory.com\/app\/uploads\/2026\/01\/43d8be1876159b8e2f8b04b44f1d9a2078d005bd_26978.1_Foundation_Brush.jpg\" \/>\n\t<meta property=\"og:image:width\" content=\"1000\" \/>\n\t<meta property=\"og:image:height\" content=\"1000\" \/>\n\t<meta property=\"og:image:type\" content=\"image\/jpeg\" \/>\n<meta name=\"twitter:card\" content=\"summary_large_image\" \/>\n<script type=\"application\/ld+json\" class=\"yoast-schema-graph\">{\"@context\":\"https:\/\/schema.org\",\"@graph\":[{\"@type\":\"WebPage\",\"@id\":\"https:\/\/make-up-factory.com\/de\/produkt\/foundation-brush\/\",\"url\":\"https:\/\/make-up-factory.com\/de\/produkt\/foundation-brush\/\",\"name\":\"MF FOUNDATION BRUSH 2020 - Make up Factory\",\"isPartOf\":{\"@id\":\"https:\/\/make-up-factory.com\/de\/#website\"},\"primaryImageOfPage\":{\"@id\":\"https:\/\/make-up-factory.com\/de\/produkt\/foundation-brush\/#primaryimage\"},\"image\":{\"@id\":\"https:\/\/make-up-factory.com\/de\/produkt\/foundation-brush\/#primaryimage\"},\"thumbnailUrl\":\"https:\/\/make-up-factory.com\/app\/uploads\/2026\/01\/43d8be1876159b8e2f8b04b44f1d9a2078d005bd_26978.1_Foundation_Brush.jpg\",\"datePublished\":\"2026-01-22T02:04:08+00:00\",\"dateModified\":\"2026-01-22T02:04:26+00:00\",\"breadcrumb\":{\"@id\":\"https:\/\/make-up-factory.com\/de\/produkt\/foundation-brush\/#breadcrumb\"},\"inLanguage\":\"de\",\"potentialAction\":[{\"@type\":\"ReadAction\",\"target\":[\"https:\/\/make-up-factory.com\/de\/produkt\/foundation-brush\/\"]}]},{\"@type\":\"ImageObject\",\"inLanguage\":\"de\",\"@id\":\"https:\/\/make-up-factory.com\/de\/produkt\/foundation-brush\/#primaryimage\",\"url\":\"https:\/\/make-up-factory.com\/app\/uploads\/2026\/01\/43d8be1876159b8e2f8b04b44f1d9a2078d005bd_26978.1_Foundation_Brush.jpg\",\"contentUrl\":\"https:\/\/make-up-factory.com\/app\/uploads\/2026\/01\/43d8be1876159b8e2f8b04b44f1d9a2078d005bd_26978.1_Foundation_Brush.jpg\",\"width\":1000,\"height\":1000},{\"@type\":\"BreadcrumbList\",\"@id\":\"https:\/\/make-up-factory.com\/de\/produkt\/foundation-brush\/#breadcrumb\",\"itemListElement\":[{\"@type\":\"ListItem\",\"position\":1,\"name\":\"Home\",\"item\":\"https:\/\/make-up-factory.com\/de\/\"},{\"@type\":\"ListItem\",\"position\":2,\"name\":\"Produkte\",\"item\":\"https:\/\/make-up-factory.com\/de\/produkte\/\"},{\"@type\":\"ListItem\",\"position\":3,\"name\":\"Pinsel\",\"item\":\"https:\/\/make-up-factory.com\/de\/produkte\/pinsel\/\"},{\"@type\":\"ListItem\",\"position\":4,\"name\":\"MF FOUNDATION BRUSH 2020\"}]},{\"@type\":\"WebSite\",\"@id\":\"https:\/\/make-up-factory.com\/de\/#website\",\"url\":\"https:\/\/make-up-factory.com\/de\/\",\"name\":\"Make up Factory\",\"description\":\"\",\"publisher\":{\"@id\":\"https:\/\/make-up-factory.com\/de\/#organization\"},\"potentialAction\":[{\"@type\":\"SearchAction\",\"target\":{\"@type\":\"EntryPoint\",\"urlTemplate\":\"https:\/\/make-up-factory.com\/de\/?s={search_term_string}\"},\"query-input\":{\"@type\":\"PropertyValueSpecification\",\"valueRequired\":true,\"valueName\":\"search_term_string\"}}],\"inLanguage\":\"de\"},{\"@type\":\"Organization\",\"@id\":\"https:\/\/make-up-factory.com\/de\/#organization\",\"name\":\"ICB innovative cosmetic brands GmbH\",\"url\":\"https:\/\/make-up-factory.com\/de\/\",\"logo\":{\"@type\":\"ImageObject\",\"inLanguage\":\"de\",\"@id\":\"https:\/\/make-up-factory.com\/de\/#\/schema\/logo\/image\/\",\"url\":\"https:\/\/make-up-factory.com\/app\/uploads\/2021\/02\/muf-logo-1.png\",\"contentUrl\":\"https:\/\/make-up-factory.com\/app\/uploads\/2021\/02\/muf-logo-1.png\",\"width\":119,\"height\":209,\"caption\":\"ICB innovative cosmetic brands GmbH\"},\"image\":{\"@id\":\"https:\/\/make-up-factory.com\/de\/#\/schema\/logo\/image\/\"},\"sameAs\":[\"https:\/\/www.facebook.com\/Makeupfactory\/\",\"https:\/\/www.instagram.com\/make_up_factory\/\",\"https:\/\/www.youtube.com\/channel\/UCleVbgsF0ox7ZnTLV6kG5hA\"]}]}<\/script>\n<!-- \/ Yoast SEO plugin. -->","yoast_head_json":{"title":"MF FOUNDATION BRUSH 2020 - Make up Factory","robots":{"index":"index","follow":"follow","max-snippet":"max-snippet:-1","max-image-preview":"max-image-preview:large","max-video-preview":"max-video-preview:-1"},"canonical":"https:\/\/make-up-factory.com\/de\/produkt\/foundation-brush\/","og_locale":"de_DE","og_type":"article","og_title":"MF FOUNDATION BRUSH 2020 - Make up Factory","og_description":"Make up Pinsel zum Auftragen, Verteilen und Verblenden von Foundation","og_url":"https:\/\/make-up-factory.com\/de\/produkt\/foundation-brush\/","og_site_name":"Make up Factory","article_publisher":"https:\/\/www.facebook.com\/Makeupfactory\/","article_modified_time":"2026-01-22T02:04:26+00:00","og_image":[{"width":1000,"height":1000,"url":"https:\/\/make-up-factory.com\/app\/uploads\/2026\/01\/43d8be1876159b8e2f8b04b44f1d9a2078d005bd_26978.1_Foundation_Brush.jpg","type":"image\/jpeg"}],"twitter_card":"summary_large_image","schema":{"@context":"https:\/\/schema.org","@graph":[{"@type":"WebPage","@id":"https:\/\/make-up-factory.com\/de\/produkt\/foundation-brush\/","url":"https:\/\/make-up-factory.com\/de\/produkt\/foundation-brush\/","name":"MF FOUNDATION BRUSH 2020 - Make up Factory","isPartOf":{"@id":"https:\/\/make-up-factory.com\/de\/#website"},"primaryImageOfPage":{"@id":"https:\/\/make-up-factory.com\/de\/produkt\/foundation-brush\/#primaryimage"},"image":{"@id":"https:\/\/make-up-factory.com\/de\/produkt\/foundation-brush\/#primaryimage"},"thumbnailUrl":"https:\/\/make-up-factory.com\/app\/uploads\/2026\/01\/43d8be1876159b8e2f8b04b44f1d9a2078d005bd_26978.1_Foundation_Brush.jpg","datePublished":"2026-01-22T02:04:08+00:00","dateModified":"2026-01-22T02:04:26+00:00","breadcrumb":{"@id":"https:\/\/make-up-factory.com\/de\/produkt\/foundation-brush\/#breadcrumb"},"inLanguage":"de","potentialAction":[{"@type":"ReadAction","target":["https:\/\/make-up-factory.com\/de\/produkt\/foundation-brush\/"]}]},{"@type":"ImageObject","inLanguage":"de","@id":"https:\/\/make-up-factory.com\/de\/produkt\/foundation-brush\/#primaryimage","url":"https:\/\/make-up-factory.com\/app\/uploads\/2026\/01\/43d8be1876159b8e2f8b04b44f1d9a2078d005bd_26978.1_Foundation_Brush.jpg","contentUrl":"https:\/\/make-up-factory.com\/app\/uploads\/2026\/01\/43d8be1876159b8e2f8b04b44f1d9a2078d005bd_26978.1_Foundation_Brush.jpg","width":1000,"height":1000},{"@type":"BreadcrumbList","@id":"https:\/\/make-up-factory.com\/de\/produkt\/foundation-brush\/#breadcrumb","itemListElement":[{"@type":"ListItem","position":1,"name":"Home","item":"https:\/\/make-up-factory.com\/de\/"},{"@type":"ListItem","position":2,"name":"Produkte","item":"https:\/\/make-up-factory.com\/de\/produkte\/"},{"@type":"ListItem","position":3,"name":"Pinsel","item":"https:\/\/make-up-factory.com\/de\/produkte\/pinsel\/"},{"@type":"ListItem","position":4,"name":"MF FOUNDATION BRUSH 2020"}]},{"@type":"WebSite","@id":"https:\/\/make-up-factory.com\/de\/#website","url":"https:\/\/make-up-factory.com\/de\/","name":"Make up Factory","description":"","publisher":{"@id":"https:\/\/make-up-factory.com\/de\/#organization"},"potentialAction":[{"@type":"SearchAction","target":{"@type":"EntryPoint","urlTemplate":"https:\/\/make-up-factory.com\/de\/?s={search_term_string}"},"query-input":{"@type":"PropertyValueSpecification","valueRequired":true,"valueName":"search_term_string"}}],"inLanguage":"de"},{"@type":"Organization","@id":"https:\/\/make-up-factory.com\/de\/#organization","name":"ICB innovative cosmetic brands GmbH","url":"https:\/\/make-up-factory.com\/de\/","logo":{"@type":"ImageObject","inLanguage":"de","@id":"https:\/\/make-up-factory.com\/de\/#\/schema\/logo\/image\/","url":"https:\/\/make-up-factory.com\/app\/uploads\/2021\/02\/muf-logo-1.png","contentUrl":"https:\/\/make-up-factory.com\/app\/uploads\/2021\/02\/muf-logo-1.png","width":119,"height":209,"caption":"ICB innovative cosmetic brands GmbH"},"image":{"@id":"https:\/\/make-up-factory.com\/de\/#\/schema\/logo\/image\/"},"sameAs":["https:\/\/www.facebook.com\/Makeupfactory\/","https:\/\/www.instagram.com\/make_up_factory\/","https:\/\/www.youtube.com\/channel\/UCleVbgsF0ox7ZnTLV6kG5hA"]}]}},"_links":{"self":[{"href":"https:\/\/make-up-factory.com\/de\/wp-json\/wp\/v2\/product\/119486","targetHints":{"allow":["GET"]}}],"collection":[{"href":"https:\/\/make-up-factory.com\/de\/wp-json\/wp\/v2\/product"}],"about":[{"href":"https:\/\/make-up-factory.com\/de\/wp-json\/wp\/v2\/types\/product"}],"version-history":[{"count":1,"href":"https:\/\/make-up-factory.com\/de\/wp-json\/wp\/v2\/product\/119486\/revisions"}],"predecessor-version":[{"id":119490,"href":"https:\/\/make-up-factory.com\/de\/wp-json\/wp\/v2\/product\/119486\/revisions\/119490"}],"wp:featuredmedia":[{"embeddable":true,"href":"https:\/\/make-up-factory.com\/de\/wp-json\/wp\/v2\/media\/119487"}],"wp:attachment":[{"href":"https:\/\/make-up-factory.com\/de\/wp-json\/wp\/v2\/media?parent=119486"}],"wp:term":[{"taxonomy":"product_cat","embeddable":true,"href":"https:\/\/make-up-factory.com\/de\/wp-json\/wp\/v2\/product_cat?post=119486"},{"taxonomy":"product_tag","embeddable":true,"href":"https:\/\/make-up-factory.com\/de\/wp-json\/wp\/v2\/product_tag?post=119486"}],"curies":[{"name":"wp","href":"https:\/\/api.w.org\/{rel}","templated":true}]}}