{"id":118819,"date":"2025-12-16T08:30:01","date_gmt":"2025-12-16T07:30:01","guid":{"rendered":"https:\/\/make-up-factory.com\/product\/eye-brow-intensifier-2\/"},"modified":"2026-04-27T22:18:55","modified_gmt":"2026-04-27T20:18:55","slug":"eye-brow-intensifier-2","status":"publish","type":"product","link":"https:\/\/make-up-factory.com\/de\/produkt\/eye-brow-intensifier-2\/","title":{"rendered":"Eye Brow Intensifier"},"content":{"rendered":"<p>Der Eye Brow Intensifier erm\u00f6glicht eine nat\u00fcrliche und elegante Betonung und Perfektionierung der Augenbrauen. Durch die fl\u00fcssige, semi-transparente Textur k\u00f6nnen L\u00fccken aufgef\u00fcllt und kaschiert werden. Mit der weichen Filzspitze kann die Farbe sehr pr\u00e4zise aufgetragen werden. Die extrem schnelle Trocknungszeit und die au\u00dfergew\u00f6hnliche Haltbarkeit zeichen ihn au\u00dferdem aus. Ohne Konservierungsmittel, parf\u00fcm- und parabenfrei. Auch f\u00fcr empfindliche Augen und Kontaktlinsentr\u00e4gerinnen geeignet.<\/p>\n","protected":false},"excerpt":{"rendered":"<p>Fl\u00fcssiger Augenbrauenstift mit weicher Filzspitze f\u00fcr pr\u00e4zises Applizieren.<\/p>\n","protected":false},"featured_media":119583,"template":"","meta":{"_acf_changed":false},"product_cat":[842],"product_tag":[],"class_list":{"0":"post-118819","1":"product","2":"type-product","3":"status-publish","4":"has-post-thumbnail","6":"product_cat-augen-augenbrauen","8":"first","9":"instock","10":"sold-individually","11":"shipping-taxable","12":"purchasable","13":"product-type-variable","14":"has-default-attributes"},"acf":[],"yoast_head":"<!-- This site is optimized with the Yoast SEO plugin v25.6 - https:\/\/yoast.com\/wordpress\/plugins\/seo\/ -->\n<title>Eye Brow Intensifier - Make up Factory<\/title>\n<meta name=\"robots\" content=\"index, follow, max-snippet:-1, max-image-preview:large, max-video-preview:-1\" \/>\n<link rel=\"canonical\" href=\"https:\/\/make-up-factory.com\/de\/produkt\/eye-brow-intensifier-2\/\" \/>\n<meta property=\"og:locale\" content=\"de_DE\" \/>\n<meta property=\"og:type\" content=\"article\" \/>\n<meta property=\"og:title\" content=\"Eye Brow Intensifier - Make up Factory\" \/>\n<meta property=\"og:description\" content=\"Fl\u00fcssiger Augenbrauenstift mit weicher Filzspitze f\u00fcr pr\u00e4zises Applizieren.\" \/>\n<meta property=\"og:url\" content=\"https:\/\/make-up-factory.com\/de\/produkt\/eye-brow-intensifier-2\/\" \/>\n<meta property=\"og:site_name\" content=\"Make up Factory\" \/>\n<meta property=\"article:publisher\" content=\"https:\/\/www.facebook.com\/Makeupfactory\/\" \/>\n<meta property=\"article:modified_time\" content=\"2026-04-27T20:18:55+00:00\" \/>\n<meta property=\"og:image\" content=\"https:\/\/make-up-factory.com\/app\/uploads\/2026\/02\/ad68423b313b7063eec38dc565754d2e08241162_4045915248259_1.original.product.jpg\" \/>\n\t<meta property=\"og:image:width\" content=\"1000\" \/>\n\t<meta property=\"og:image:height\" content=\"1000\" \/>\n\t<meta property=\"og:image:type\" content=\"image\/jpeg\" \/>\n<meta name=\"twitter:card\" content=\"summary_large_image\" \/>\n<script type=\"application\/ld+json\" class=\"yoast-schema-graph\">{\"@context\":\"https:\/\/schema.org\",\"@graph\":[{\"@type\":\"WebPage\",\"@id\":\"https:\/\/make-up-factory.com\/de\/produkt\/eye-brow-intensifier-2\/\",\"url\":\"https:\/\/make-up-factory.com\/de\/produkt\/eye-brow-intensifier-2\/\",\"name\":\"Eye Brow Intensifier - Make up Factory\",\"isPartOf\":{\"@id\":\"https:\/\/make-up-factory.com\/de\/#website\"},\"primaryImageOfPage\":{\"@id\":\"https:\/\/make-up-factory.com\/de\/produkt\/eye-brow-intensifier-2\/#primaryimage\"},\"image\":{\"@id\":\"https:\/\/make-up-factory.com\/de\/produkt\/eye-brow-intensifier-2\/#primaryimage\"},\"thumbnailUrl\":\"https:\/\/make-up-factory.com\/app\/uploads\/2026\/02\/ad68423b313b7063eec38dc565754d2e08241162_4045915248259_1.original.product-1.jpg\",\"datePublished\":\"2025-12-16T07:30:01+00:00\",\"dateModified\":\"2026-04-27T20:18:55+00:00\",\"breadcrumb\":{\"@id\":\"https:\/\/make-up-factory.com\/de\/produkt\/eye-brow-intensifier-2\/#breadcrumb\"},\"inLanguage\":\"de\",\"potentialAction\":[{\"@type\":\"ReadAction\",\"target\":[\"https:\/\/make-up-factory.com\/de\/produkt\/eye-brow-intensifier-2\/\"]}]},{\"@type\":\"ImageObject\",\"inLanguage\":\"de\",\"@id\":\"https:\/\/make-up-factory.com\/de\/produkt\/eye-brow-intensifier-2\/#primaryimage\",\"url\":\"https:\/\/make-up-factory.com\/app\/uploads\/2026\/02\/ad68423b313b7063eec38dc565754d2e08241162_4045915248259_1.original.product-1.jpg\",\"contentUrl\":\"https:\/\/make-up-factory.com\/app\/uploads\/2026\/02\/ad68423b313b7063eec38dc565754d2e08241162_4045915248259_1.original.product-1.jpg\",\"width\":1000,\"height\":1000},{\"@type\":\"BreadcrumbList\",\"@id\":\"https:\/\/make-up-factory.com\/de\/produkt\/eye-brow-intensifier-2\/#breadcrumb\",\"itemListElement\":[{\"@type\":\"ListItem\",\"position\":1,\"name\":\"Home\",\"item\":\"https:\/\/make-up-factory.com\/de\/\"},{\"@type\":\"ListItem\",\"position\":2,\"name\":\"Produkte\",\"item\":\"https:\/\/make-up-factory.com\/de\/produkte\/\"},{\"@type\":\"ListItem\",\"position\":3,\"name\":\"Augen\",\"item\":\"https:\/\/make-up-factory.com\/de\/produkte\/augen\/\"},{\"@type\":\"ListItem\",\"position\":4,\"name\":\"Augenbrauen\",\"item\":\"https:\/\/make-up-factory.com\/de\/produkte\/augen\/augen-augenbrauen\/\"},{\"@type\":\"ListItem\",\"position\":5,\"name\":\"Eye Brow Intensifier\"}]},{\"@type\":\"WebSite\",\"@id\":\"https:\/\/make-up-factory.com\/de\/#website\",\"url\":\"https:\/\/make-up-factory.com\/de\/\",\"name\":\"Make up Factory\",\"description\":\"\",\"publisher\":{\"@id\":\"https:\/\/make-up-factory.com\/de\/#organization\"},\"potentialAction\":[{\"@type\":\"SearchAction\",\"target\":{\"@type\":\"EntryPoint\",\"urlTemplate\":\"https:\/\/make-up-factory.com\/de\/?s={search_term_string}\"},\"query-input\":{\"@type\":\"PropertyValueSpecification\",\"valueRequired\":true,\"valueName\":\"search_term_string\"}}],\"inLanguage\":\"de\"},{\"@type\":\"Organization\",\"@id\":\"https:\/\/make-up-factory.com\/de\/#organization\",\"name\":\"ICB innovative cosmetic brands GmbH\",\"url\":\"https:\/\/make-up-factory.com\/de\/\",\"logo\":{\"@type\":\"ImageObject\",\"inLanguage\":\"de\",\"@id\":\"https:\/\/make-up-factory.com\/de\/#\/schema\/logo\/image\/\",\"url\":\"https:\/\/make-up-factory.com\/app\/uploads\/2021\/02\/muf-logo-1.png\",\"contentUrl\":\"https:\/\/make-up-factory.com\/app\/uploads\/2021\/02\/muf-logo-1.png\",\"width\":119,\"height\":209,\"caption\":\"ICB innovative cosmetic brands GmbH\"},\"image\":{\"@id\":\"https:\/\/make-up-factory.com\/de\/#\/schema\/logo\/image\/\"},\"sameAs\":[\"https:\/\/www.facebook.com\/Makeupfactory\/\",\"https:\/\/www.instagram.com\/make_up_factory\/\",\"https:\/\/www.youtube.com\/channel\/UCleVbgsF0ox7ZnTLV6kG5hA\"]}]}<\/script>\n<!-- \/ Yoast SEO plugin. -->","yoast_head_json":{"title":"Eye Brow Intensifier - Make up Factory","robots":{"index":"index","follow":"follow","max-snippet":"max-snippet:-1","max-image-preview":"max-image-preview:large","max-video-preview":"max-video-preview:-1"},"canonical":"https:\/\/make-up-factory.com\/de\/produkt\/eye-brow-intensifier-2\/","og_locale":"de_DE","og_type":"article","og_title":"Eye Brow Intensifier - Make up Factory","og_description":"Fl\u00fcssiger Augenbrauenstift mit weicher Filzspitze f\u00fcr pr\u00e4zises Applizieren.","og_url":"https:\/\/make-up-factory.com\/de\/produkt\/eye-brow-intensifier-2\/","og_site_name":"Make up Factory","article_publisher":"https:\/\/www.facebook.com\/Makeupfactory\/","article_modified_time":"2026-04-27T20:18:55+00:00","og_image":[{"width":1000,"height":1000,"url":"https:\/\/make-up-factory.com\/app\/uploads\/2026\/02\/ad68423b313b7063eec38dc565754d2e08241162_4045915248259_1.original.product.jpg","type":"image\/jpeg"}],"twitter_card":"summary_large_image","schema":{"@context":"https:\/\/schema.org","@graph":[{"@type":"WebPage","@id":"https:\/\/make-up-factory.com\/de\/produkt\/eye-brow-intensifier-2\/","url":"https:\/\/make-up-factory.com\/de\/produkt\/eye-brow-intensifier-2\/","name":"Eye Brow Intensifier - Make up Factory","isPartOf":{"@id":"https:\/\/make-up-factory.com\/de\/#website"},"primaryImageOfPage":{"@id":"https:\/\/make-up-factory.com\/de\/produkt\/eye-brow-intensifier-2\/#primaryimage"},"image":{"@id":"https:\/\/make-up-factory.com\/de\/produkt\/eye-brow-intensifier-2\/#primaryimage"},"thumbnailUrl":"https:\/\/make-up-factory.com\/app\/uploads\/2026\/02\/ad68423b313b7063eec38dc565754d2e08241162_4045915248259_1.original.product-1.jpg","datePublished":"2025-12-16T07:30:01+00:00","dateModified":"2026-04-27T20:18:55+00:00","breadcrumb":{"@id":"https:\/\/make-up-factory.com\/de\/produkt\/eye-brow-intensifier-2\/#breadcrumb"},"inLanguage":"de","potentialAction":[{"@type":"ReadAction","target":["https:\/\/make-up-factory.com\/de\/produkt\/eye-brow-intensifier-2\/"]}]},{"@type":"ImageObject","inLanguage":"de","@id":"https:\/\/make-up-factory.com\/de\/produkt\/eye-brow-intensifier-2\/#primaryimage","url":"https:\/\/make-up-factory.com\/app\/uploads\/2026\/02\/ad68423b313b7063eec38dc565754d2e08241162_4045915248259_1.original.product-1.jpg","contentUrl":"https:\/\/make-up-factory.com\/app\/uploads\/2026\/02\/ad68423b313b7063eec38dc565754d2e08241162_4045915248259_1.original.product-1.jpg","width":1000,"height":1000},{"@type":"BreadcrumbList","@id":"https:\/\/make-up-factory.com\/de\/produkt\/eye-brow-intensifier-2\/#breadcrumb","itemListElement":[{"@type":"ListItem","position":1,"name":"Home","item":"https:\/\/make-up-factory.com\/de\/"},{"@type":"ListItem","position":2,"name":"Produkte","item":"https:\/\/make-up-factory.com\/de\/produkte\/"},{"@type":"ListItem","position":3,"name":"Augen","item":"https:\/\/make-up-factory.com\/de\/produkte\/augen\/"},{"@type":"ListItem","position":4,"name":"Augenbrauen","item":"https:\/\/make-up-factory.com\/de\/produkte\/augen\/augen-augenbrauen\/"},{"@type":"ListItem","position":5,"name":"Eye Brow Intensifier"}]},{"@type":"WebSite","@id":"https:\/\/make-up-factory.com\/de\/#website","url":"https:\/\/make-up-factory.com\/de\/","name":"Make up Factory","description":"","publisher":{"@id":"https:\/\/make-up-factory.com\/de\/#organization"},"potentialAction":[{"@type":"SearchAction","target":{"@type":"EntryPoint","urlTemplate":"https:\/\/make-up-factory.com\/de\/?s={search_term_string}"},"query-input":{"@type":"PropertyValueSpecification","valueRequired":true,"valueName":"search_term_string"}}],"inLanguage":"de"},{"@type":"Organization","@id":"https:\/\/make-up-factory.com\/de\/#organization","name":"ICB innovative cosmetic brands GmbH","url":"https:\/\/make-up-factory.com\/de\/","logo":{"@type":"ImageObject","inLanguage":"de","@id":"https:\/\/make-up-factory.com\/de\/#\/schema\/logo\/image\/","url":"https:\/\/make-up-factory.com\/app\/uploads\/2021\/02\/muf-logo-1.png","contentUrl":"https:\/\/make-up-factory.com\/app\/uploads\/2021\/02\/muf-logo-1.png","width":119,"height":209,"caption":"ICB innovative cosmetic brands GmbH"},"image":{"@id":"https:\/\/make-up-factory.com\/de\/#\/schema\/logo\/image\/"},"sameAs":["https:\/\/www.facebook.com\/Makeupfactory\/","https:\/\/www.instagram.com\/make_up_factory\/","https:\/\/www.youtube.com\/channel\/UCleVbgsF0ox7ZnTLV6kG5hA"]}]}},"_links":{"self":[{"href":"https:\/\/make-up-factory.com\/de\/wp-json\/wp\/v2\/product\/118819","targetHints":{"allow":["GET"]}}],"collection":[{"href":"https:\/\/make-up-factory.com\/de\/wp-json\/wp\/v2\/product"}],"about":[{"href":"https:\/\/make-up-factory.com\/de\/wp-json\/wp\/v2\/types\/product"}],"version-history":[{"count":1,"href":"https:\/\/make-up-factory.com\/de\/wp-json\/wp\/v2\/product\/118819\/revisions"}],"predecessor-version":[{"id":118825,"href":"https:\/\/make-up-factory.com\/de\/wp-json\/wp\/v2\/product\/118819\/revisions\/118825"}],"wp:featuredmedia":[{"embeddable":true,"href":"https:\/\/make-up-factory.com\/de\/wp-json\/wp\/v2\/media\/119583"}],"wp:attachment":[{"href":"https:\/\/make-up-factory.com\/de\/wp-json\/wp\/v2\/media?parent=118819"}],"wp:term":[{"taxonomy":"product_cat","embeddable":true,"href":"https:\/\/make-up-factory.com\/de\/wp-json\/wp\/v2\/product_cat?post=118819"},{"taxonomy":"product_tag","embeddable":true,"href":"https:\/\/make-up-factory.com\/de\/wp-json\/wp\/v2\/product_tag?post=118819"}],"curies":[{"name":"wp","href":"https:\/\/api.w.org\/{rel}","templated":true}]}}