{"id":114323,"date":"2025-06-05T13:10:37","date_gmt":"2025-06-05T11:10:37","guid":{"rendered":"https:\/\/make-up-factory.com\/product\/studio-star-eye-palette-mf2540-xx\/"},"modified":"2026-04-11T20:16:36","modified_gmt":"2026-04-11T18:16:36","slug":"studio-star-eye-palette-mf2540-xx","status":"publish","type":"product","link":"https:\/\/make-up-factory.com\/de\/produkt\/studio-star-eye-palette-mf2540-xx\/","title":{"rendered":"Studio Star Eye Palette"},"content":{"rendered":"<p>Die Studio Star Eye Palette vereint zw\u00f6lf perfekt aufeinander abgestimmte T\u00f6ne, die unz\u00e4hlige Looks f\u00fcr jeden Anlass erm\u00f6glichen &#8211; von nat\u00fcrlichen Tages-Make-ups bis hin zu glamour\u00f6sen Abend-Make-ups. Mit ihrer samtig-weichen Textur lassen sich die Lidschatten m\u00fchelos auftragen und verblenden, wodurch ein professionelles Ergebnis erzielt wird. Die harmonischen Farbt\u00f6ne k\u00f6nnen perfekt kombiniert und individuell gemischt werden, um kreative, einzigartige Looks zu kreieren. Ein absolutes Must-have f\u00fcr vielseitige und beeindruckende Make-up-Kreationen!<\/p>\n","protected":false},"excerpt":{"rendered":"<p>Aufeinander abgestimmte Lidschattenpalette<\/p>\n","protected":false},"featured_media":114327,"template":"","meta":{"_acf_changed":false},"product_cat":[838],"product_tag":[],"class_list":{"0":"post-114323","1":"product","2":"type-product","3":"status-publish","4":"has-post-thumbnail","6":"product_cat-augen-lidschatten","8":"first","9":"instock","10":"sold-individually","11":"shipping-taxable","12":"purchasable","13":"product-type-variable","14":"has-default-attributes"},"acf":[],"yoast_head":"<!-- This site is optimized with the Yoast SEO plugin v25.6 - https:\/\/yoast.com\/wordpress\/plugins\/seo\/ -->\n<title>Studio Star Eye Palette - Make up Factory<\/title>\n<meta name=\"robots\" content=\"index, follow, max-snippet:-1, max-image-preview:large, max-video-preview:-1\" \/>\n<link rel=\"canonical\" href=\"https:\/\/make-up-factory.com\/de\/produkt\/studio-star-eye-palette-mf2540-xx\/\" \/>\n<meta property=\"og:locale\" content=\"de_DE\" \/>\n<meta property=\"og:type\" content=\"article\" \/>\n<meta property=\"og:title\" content=\"Studio Star Eye Palette - Make up Factory\" \/>\n<meta property=\"og:description\" content=\"Aufeinander abgestimmte Lidschattenpalette\" \/>\n<meta property=\"og:url\" content=\"https:\/\/make-up-factory.com\/de\/produkt\/studio-star-eye-palette-mf2540-xx\/\" \/>\n<meta property=\"og:site_name\" content=\"Make up Factory\" \/>\n<meta property=\"article:publisher\" content=\"https:\/\/www.facebook.com\/Makeupfactory\/\" \/>\n<meta property=\"article:modified_time\" content=\"2026-04-11T18:16:36+00:00\" \/>\n<meta property=\"og:image\" content=\"https:\/\/make-up-factory.com\/app\/uploads\/2025\/06\/283807da3774d73f1ea6eaef0a7f2c5574d13471_Medium_PNG_2540.10_Studio_Star_Eye_Palette.jpg\" \/>\n\t<meta property=\"og:image:width\" content=\"2500\" \/>\n\t<meta property=\"og:image:height\" content=\"2500\" \/>\n\t<meta property=\"og:image:type\" content=\"image\/jpeg\" \/>\n<meta name=\"twitter:card\" content=\"summary_large_image\" \/>\n<script type=\"application\/ld+json\" class=\"yoast-schema-graph\">{\"@context\":\"https:\/\/schema.org\",\"@graph\":[{\"@type\":\"WebPage\",\"@id\":\"https:\/\/make-up-factory.com\/de\/produkt\/studio-star-eye-palette-mf2540-xx\/\",\"url\":\"https:\/\/make-up-factory.com\/de\/produkt\/studio-star-eye-palette-mf2540-xx\/\",\"name\":\"Studio Star Eye Palette - Make up Factory\",\"isPartOf\":{\"@id\":\"https:\/\/make-up-factory.com\/de\/#website\"},\"primaryImageOfPage\":{\"@id\":\"https:\/\/make-up-factory.com\/de\/produkt\/studio-star-eye-palette-mf2540-xx\/#primaryimage\"},\"image\":{\"@id\":\"https:\/\/make-up-factory.com\/de\/produkt\/studio-star-eye-palette-mf2540-xx\/#primaryimage\"},\"thumbnailUrl\":\"https:\/\/make-up-factory.com\/app\/uploads\/2025\/06\/283807da3774d73f1ea6eaef0a7f2c5574d13471_Medium_PNG_2540.10_Studio_Star_Eye_Palette.jpg\",\"datePublished\":\"2025-06-05T11:10:37+00:00\",\"dateModified\":\"2026-04-11T18:16:36+00:00\",\"breadcrumb\":{\"@id\":\"https:\/\/make-up-factory.com\/de\/produkt\/studio-star-eye-palette-mf2540-xx\/#breadcrumb\"},\"inLanguage\":\"de\",\"potentialAction\":[{\"@type\":\"ReadAction\",\"target\":[\"https:\/\/make-up-factory.com\/de\/produkt\/studio-star-eye-palette-mf2540-xx\/\"]}]},{\"@type\":\"ImageObject\",\"inLanguage\":\"de\",\"@id\":\"https:\/\/make-up-factory.com\/de\/produkt\/studio-star-eye-palette-mf2540-xx\/#primaryimage\",\"url\":\"https:\/\/make-up-factory.com\/app\/uploads\/2025\/06\/283807da3774d73f1ea6eaef0a7f2c5574d13471_Medium_PNG_2540.10_Studio_Star_Eye_Palette.jpg\",\"contentUrl\":\"https:\/\/make-up-factory.com\/app\/uploads\/2025\/06\/283807da3774d73f1ea6eaef0a7f2c5574d13471_Medium_PNG_2540.10_Studio_Star_Eye_Palette.jpg\",\"width\":2500,\"height\":2500,\"caption\":\"Studio Star Eye Palette | Make up Factory\"},{\"@type\":\"BreadcrumbList\",\"@id\":\"https:\/\/make-up-factory.com\/de\/produkt\/studio-star-eye-palette-mf2540-xx\/#breadcrumb\",\"itemListElement\":[{\"@type\":\"ListItem\",\"position\":1,\"name\":\"Home\",\"item\":\"https:\/\/make-up-factory.com\/de\/\"},{\"@type\":\"ListItem\",\"position\":2,\"name\":\"Produkte\",\"item\":\"https:\/\/make-up-factory.com\/de\/produkte\/\"},{\"@type\":\"ListItem\",\"position\":3,\"name\":\"Augen\",\"item\":\"https:\/\/make-up-factory.com\/de\/produkte\/augen\/\"},{\"@type\":\"ListItem\",\"position\":4,\"name\":\"Lidschatten\",\"item\":\"https:\/\/make-up-factory.com\/de\/produkte\/augen\/augen-lidschatten\/\"},{\"@type\":\"ListItem\",\"position\":5,\"name\":\"Studio Star Eye Palette\"}]},{\"@type\":\"WebSite\",\"@id\":\"https:\/\/make-up-factory.com\/de\/#website\",\"url\":\"https:\/\/make-up-factory.com\/de\/\",\"name\":\"Make up Factory\",\"description\":\"\",\"publisher\":{\"@id\":\"https:\/\/make-up-factory.com\/de\/#organization\"},\"potentialAction\":[{\"@type\":\"SearchAction\",\"target\":{\"@type\":\"EntryPoint\",\"urlTemplate\":\"https:\/\/make-up-factory.com\/de\/?s={search_term_string}\"},\"query-input\":{\"@type\":\"PropertyValueSpecification\",\"valueRequired\":true,\"valueName\":\"search_term_string\"}}],\"inLanguage\":\"de\"},{\"@type\":\"Organization\",\"@id\":\"https:\/\/make-up-factory.com\/de\/#organization\",\"name\":\"ICB innovative cosmetic brands GmbH\",\"url\":\"https:\/\/make-up-factory.com\/de\/\",\"logo\":{\"@type\":\"ImageObject\",\"inLanguage\":\"de\",\"@id\":\"https:\/\/make-up-factory.com\/de\/#\/schema\/logo\/image\/\",\"url\":\"https:\/\/make-up-factory.com\/app\/uploads\/2021\/02\/muf-logo-1.png\",\"contentUrl\":\"https:\/\/make-up-factory.com\/app\/uploads\/2021\/02\/muf-logo-1.png\",\"width\":119,\"height\":209,\"caption\":\"ICB innovative cosmetic brands GmbH\"},\"image\":{\"@id\":\"https:\/\/make-up-factory.com\/de\/#\/schema\/logo\/image\/\"},\"sameAs\":[\"https:\/\/www.facebook.com\/Makeupfactory\/\",\"https:\/\/www.instagram.com\/make_up_factory\/\",\"https:\/\/www.youtube.com\/channel\/UCleVbgsF0ox7ZnTLV6kG5hA\"]}]}<\/script>\n<!-- \/ Yoast SEO plugin. -->","yoast_head_json":{"title":"Studio Star Eye Palette - Make up Factory","robots":{"index":"index","follow":"follow","max-snippet":"max-snippet:-1","max-image-preview":"max-image-preview:large","max-video-preview":"max-video-preview:-1"},"canonical":"https:\/\/make-up-factory.com\/de\/produkt\/studio-star-eye-palette-mf2540-xx\/","og_locale":"de_DE","og_type":"article","og_title":"Studio Star Eye Palette - Make up Factory","og_description":"Aufeinander abgestimmte Lidschattenpalette","og_url":"https:\/\/make-up-factory.com\/de\/produkt\/studio-star-eye-palette-mf2540-xx\/","og_site_name":"Make up Factory","article_publisher":"https:\/\/www.facebook.com\/Makeupfactory\/","article_modified_time":"2026-04-11T18:16:36+00:00","og_image":[{"width":2500,"height":2500,"url":"https:\/\/make-up-factory.com\/app\/uploads\/2025\/06\/283807da3774d73f1ea6eaef0a7f2c5574d13471_Medium_PNG_2540.10_Studio_Star_Eye_Palette.jpg","type":"image\/jpeg"}],"twitter_card":"summary_large_image","schema":{"@context":"https:\/\/schema.org","@graph":[{"@type":"WebPage","@id":"https:\/\/make-up-factory.com\/de\/produkt\/studio-star-eye-palette-mf2540-xx\/","url":"https:\/\/make-up-factory.com\/de\/produkt\/studio-star-eye-palette-mf2540-xx\/","name":"Studio Star Eye Palette - Make up Factory","isPartOf":{"@id":"https:\/\/make-up-factory.com\/de\/#website"},"primaryImageOfPage":{"@id":"https:\/\/make-up-factory.com\/de\/produkt\/studio-star-eye-palette-mf2540-xx\/#primaryimage"},"image":{"@id":"https:\/\/make-up-factory.com\/de\/produkt\/studio-star-eye-palette-mf2540-xx\/#primaryimage"},"thumbnailUrl":"https:\/\/make-up-factory.com\/app\/uploads\/2025\/06\/283807da3774d73f1ea6eaef0a7f2c5574d13471_Medium_PNG_2540.10_Studio_Star_Eye_Palette.jpg","datePublished":"2025-06-05T11:10:37+00:00","dateModified":"2026-04-11T18:16:36+00:00","breadcrumb":{"@id":"https:\/\/make-up-factory.com\/de\/produkt\/studio-star-eye-palette-mf2540-xx\/#breadcrumb"},"inLanguage":"de","potentialAction":[{"@type":"ReadAction","target":["https:\/\/make-up-factory.com\/de\/produkt\/studio-star-eye-palette-mf2540-xx\/"]}]},{"@type":"ImageObject","inLanguage":"de","@id":"https:\/\/make-up-factory.com\/de\/produkt\/studio-star-eye-palette-mf2540-xx\/#primaryimage","url":"https:\/\/make-up-factory.com\/app\/uploads\/2025\/06\/283807da3774d73f1ea6eaef0a7f2c5574d13471_Medium_PNG_2540.10_Studio_Star_Eye_Palette.jpg","contentUrl":"https:\/\/make-up-factory.com\/app\/uploads\/2025\/06\/283807da3774d73f1ea6eaef0a7f2c5574d13471_Medium_PNG_2540.10_Studio_Star_Eye_Palette.jpg","width":2500,"height":2500,"caption":"Studio Star Eye Palette | Make up Factory"},{"@type":"BreadcrumbList","@id":"https:\/\/make-up-factory.com\/de\/produkt\/studio-star-eye-palette-mf2540-xx\/#breadcrumb","itemListElement":[{"@type":"ListItem","position":1,"name":"Home","item":"https:\/\/make-up-factory.com\/de\/"},{"@type":"ListItem","position":2,"name":"Produkte","item":"https:\/\/make-up-factory.com\/de\/produkte\/"},{"@type":"ListItem","position":3,"name":"Augen","item":"https:\/\/make-up-factory.com\/de\/produkte\/augen\/"},{"@type":"ListItem","position":4,"name":"Lidschatten","item":"https:\/\/make-up-factory.com\/de\/produkte\/augen\/augen-lidschatten\/"},{"@type":"ListItem","position":5,"name":"Studio Star Eye Palette"}]},{"@type":"WebSite","@id":"https:\/\/make-up-factory.com\/de\/#website","url":"https:\/\/make-up-factory.com\/de\/","name":"Make up Factory","description":"","publisher":{"@id":"https:\/\/make-up-factory.com\/de\/#organization"},"potentialAction":[{"@type":"SearchAction","target":{"@type":"EntryPoint","urlTemplate":"https:\/\/make-up-factory.com\/de\/?s={search_term_string}"},"query-input":{"@type":"PropertyValueSpecification","valueRequired":true,"valueName":"search_term_string"}}],"inLanguage":"de"},{"@type":"Organization","@id":"https:\/\/make-up-factory.com\/de\/#organization","name":"ICB innovative cosmetic brands GmbH","url":"https:\/\/make-up-factory.com\/de\/","logo":{"@type":"ImageObject","inLanguage":"de","@id":"https:\/\/make-up-factory.com\/de\/#\/schema\/logo\/image\/","url":"https:\/\/make-up-factory.com\/app\/uploads\/2021\/02\/muf-logo-1.png","contentUrl":"https:\/\/make-up-factory.com\/app\/uploads\/2021\/02\/muf-logo-1.png","width":119,"height":209,"caption":"ICB innovative cosmetic brands GmbH"},"image":{"@id":"https:\/\/make-up-factory.com\/de\/#\/schema\/logo\/image\/"},"sameAs":["https:\/\/www.facebook.com\/Makeupfactory\/","https:\/\/www.instagram.com\/make_up_factory\/","https:\/\/www.youtube.com\/channel\/UCleVbgsF0ox7ZnTLV6kG5hA"]}]}},"_links":{"self":[{"href":"https:\/\/make-up-factory.com\/de\/wp-json\/wp\/v2\/product\/114323","targetHints":{"allow":["GET"]}}],"collection":[{"href":"https:\/\/make-up-factory.com\/de\/wp-json\/wp\/v2\/product"}],"about":[{"href":"https:\/\/make-up-factory.com\/de\/wp-json\/wp\/v2\/types\/product"}],"version-history":[{"count":2,"href":"https:\/\/make-up-factory.com\/de\/wp-json\/wp\/v2\/product\/114323\/revisions"}],"predecessor-version":[{"id":117207,"href":"https:\/\/make-up-factory.com\/de\/wp-json\/wp\/v2\/product\/114323\/revisions\/117207"}],"wp:featuredmedia":[{"embeddable":true,"href":"https:\/\/make-up-factory.com\/de\/wp-json\/wp\/v2\/media\/114327"}],"wp:attachment":[{"href":"https:\/\/make-up-factory.com\/de\/wp-json\/wp\/v2\/media?parent=114323"}],"wp:term":[{"taxonomy":"product_cat","embeddable":true,"href":"https:\/\/make-up-factory.com\/de\/wp-json\/wp\/v2\/product_cat?post=114323"},{"taxonomy":"product_tag","embeddable":true,"href":"https:\/\/make-up-factory.com\/de\/wp-json\/wp\/v2\/product_tag?post=114323"}],"curies":[{"name":"wp","href":"https:\/\/api.w.org\/{rel}","templated":true}]}}