{"id":113553,"date":"2024-12-19T13:00:39","date_gmt":"2024-12-19T12:00:39","guid":{"rendered":"https:\/\/make-up-factory.com\/product\/mattifying-fixing-spray\/"},"modified":"2026-02-02T03:08:03","modified_gmt":"2026-02-02T02:08:03","slug":"mattifying-fixing-spray","status":"publish","type":"product","link":"https:\/\/make-up-factory.com\/de\/produkt\/mattifying-fixing-spray\/","title":{"rendered":"Mattifying Fixing Spray"},"content":{"rendered":"<p>Das Mattifying Fixing Spray ist ein transparentes Spray, dass sich dank des feinen Spr\u00fchnebels wie ein sanfter Schutzschild auf das Make-up legt und dessen Haltbarkeit verl\u00e4ngert. Das Spray mattiert den Teint und sorgt unterwegs f\u00fcr den n\u00f6tigen Frischekick. <\/p>\n<p>Hinweis: Augen und Mund bitte geschlossen lassen!<\/p>\n","protected":false},"excerpt":{"rendered":"<p>Mattiert, fixiert und sorgt f\u00fcr ein langanhaltendes, frisches Finish<\/p>\n","protected":false},"featured_media":113625,"template":"","meta":{"_acf_changed":false},"product_cat":[836],"product_tag":[],"class_list":{"0":"post-113553","1":"product","2":"type-product","3":"status-publish","4":"has-post-thumbnail","6":"product_cat-teint-teint-specials","8":"first","9":"instock","10":"sold-individually","11":"shipping-taxable","12":"purchasable","13":"product-type-simple"},"acf":[],"yoast_head":"<!-- This site is optimized with the Yoast SEO plugin v25.6 - https:\/\/yoast.com\/wordpress\/plugins\/seo\/ -->\n<title>Mattifying Fixing Spray - Make up Factory<\/title>\n<meta name=\"robots\" content=\"index, follow, max-snippet:-1, max-image-preview:large, max-video-preview:-1\" \/>\n<link rel=\"canonical\" href=\"https:\/\/make-up-factory.com\/de\/produkt\/mattifying-fixing-spray\/\" \/>\n<meta property=\"og:locale\" content=\"de_DE\" \/>\n<meta property=\"og:type\" content=\"article\" \/>\n<meta property=\"og:title\" content=\"Mattifying Fixing Spray - Make up Factory\" \/>\n<meta property=\"og:description\" content=\"Mattiert, fixiert und sorgt f\u00fcr ein langanhaltendes, frisches Finish\" \/>\n<meta property=\"og:url\" content=\"https:\/\/make-up-factory.com\/de\/produkt\/mattifying-fixing-spray\/\" \/>\n<meta property=\"og:site_name\" content=\"Make up Factory\" \/>\n<meta property=\"article:publisher\" content=\"https:\/\/www.facebook.com\/Makeupfactory\/\" \/>\n<meta property=\"article:modified_time\" content=\"2026-02-02T02:08:03+00:00\" \/>\n<meta property=\"og:image\" content=\"https:\/\/make-up-factory.com\/app\/uploads\/2024\/12\/44ab877999926b24507975742d4bd1a636600875_Website_format_JPG_2681_Mattifying_Fixing_Spray.jpg\" \/>\n\t<meta property=\"og:image:width\" content=\"2000\" \/>\n\t<meta property=\"og:image:height\" content=\"2000\" \/>\n\t<meta property=\"og:image:type\" content=\"image\/jpeg\" \/>\n<meta name=\"twitter:card\" content=\"summary_large_image\" \/>\n<script type=\"application\/ld+json\" class=\"yoast-schema-graph\">{\"@context\":\"https:\/\/schema.org\",\"@graph\":[{\"@type\":\"WebPage\",\"@id\":\"https:\/\/make-up-factory.com\/de\/produkt\/mattifying-fixing-spray\/\",\"url\":\"https:\/\/make-up-factory.com\/de\/produkt\/mattifying-fixing-spray\/\",\"name\":\"Mattifying Fixing Spray - Make up Factory\",\"isPartOf\":{\"@id\":\"https:\/\/make-up-factory.com\/de\/#website\"},\"primaryImageOfPage\":{\"@id\":\"https:\/\/make-up-factory.com\/de\/produkt\/mattifying-fixing-spray\/#primaryimage\"},\"image\":{\"@id\":\"https:\/\/make-up-factory.com\/de\/produkt\/mattifying-fixing-spray\/#primaryimage\"},\"thumbnailUrl\":\"https:\/\/make-up-factory.com\/app\/uploads\/2024\/12\/44ab877999926b24507975742d4bd1a636600875_Website_format_JPG_2681_Mattifying_Fixing_Spray.jpg\",\"datePublished\":\"2024-12-19T12:00:39+00:00\",\"dateModified\":\"2026-02-02T02:08:03+00:00\",\"breadcrumb\":{\"@id\":\"https:\/\/make-up-factory.com\/de\/produkt\/mattifying-fixing-spray\/#breadcrumb\"},\"inLanguage\":\"de\",\"potentialAction\":[{\"@type\":\"ReadAction\",\"target\":[\"https:\/\/make-up-factory.com\/de\/produkt\/mattifying-fixing-spray\/\"]}]},{\"@type\":\"ImageObject\",\"inLanguage\":\"de\",\"@id\":\"https:\/\/make-up-factory.com\/de\/produkt\/mattifying-fixing-spray\/#primaryimage\",\"url\":\"https:\/\/make-up-factory.com\/app\/uploads\/2024\/12\/44ab877999926b24507975742d4bd1a636600875_Website_format_JPG_2681_Mattifying_Fixing_Spray.jpg\",\"contentUrl\":\"https:\/\/make-up-factory.com\/app\/uploads\/2024\/12\/44ab877999926b24507975742d4bd1a636600875_Website_format_JPG_2681_Mattifying_Fixing_Spray.jpg\",\"width\":2000,\"height\":2000},{\"@type\":\"BreadcrumbList\",\"@id\":\"https:\/\/make-up-factory.com\/de\/produkt\/mattifying-fixing-spray\/#breadcrumb\",\"itemListElement\":[{\"@type\":\"ListItem\",\"position\":1,\"name\":\"Home\",\"item\":\"https:\/\/make-up-factory.com\/de\/\"},{\"@type\":\"ListItem\",\"position\":2,\"name\":\"Produkte\",\"item\":\"https:\/\/make-up-factory.com\/de\/produkte\/\"},{\"@type\":\"ListItem\",\"position\":3,\"name\":\"Teint\",\"item\":\"https:\/\/make-up-factory.com\/de\/produkte\/teint\/\"},{\"@type\":\"ListItem\",\"position\":4,\"name\":\"Teint Specials\",\"item\":\"https:\/\/make-up-factory.com\/de\/produkte\/teint\/teint-teint-specials\/\"},{\"@type\":\"ListItem\",\"position\":5,\"name\":\"Mattifying Fixing Spray\"}]},{\"@type\":\"WebSite\",\"@id\":\"https:\/\/make-up-factory.com\/de\/#website\",\"url\":\"https:\/\/make-up-factory.com\/de\/\",\"name\":\"Make up Factory\",\"description\":\"\",\"publisher\":{\"@id\":\"https:\/\/make-up-factory.com\/de\/#organization\"},\"potentialAction\":[{\"@type\":\"SearchAction\",\"target\":{\"@type\":\"EntryPoint\",\"urlTemplate\":\"https:\/\/make-up-factory.com\/de\/?s={search_term_string}\"},\"query-input\":{\"@type\":\"PropertyValueSpecification\",\"valueRequired\":true,\"valueName\":\"search_term_string\"}}],\"inLanguage\":\"de\"},{\"@type\":\"Organization\",\"@id\":\"https:\/\/make-up-factory.com\/de\/#organization\",\"name\":\"ICB innovative cosmetic brands GmbH\",\"url\":\"https:\/\/make-up-factory.com\/de\/\",\"logo\":{\"@type\":\"ImageObject\",\"inLanguage\":\"de\",\"@id\":\"https:\/\/make-up-factory.com\/de\/#\/schema\/logo\/image\/\",\"url\":\"https:\/\/make-up-factory.com\/app\/uploads\/2021\/02\/muf-logo-1.png\",\"contentUrl\":\"https:\/\/make-up-factory.com\/app\/uploads\/2021\/02\/muf-logo-1.png\",\"width\":119,\"height\":209,\"caption\":\"ICB innovative cosmetic brands GmbH\"},\"image\":{\"@id\":\"https:\/\/make-up-factory.com\/de\/#\/schema\/logo\/image\/\"},\"sameAs\":[\"https:\/\/www.facebook.com\/Makeupfactory\/\",\"https:\/\/www.instagram.com\/make_up_factory\/\",\"https:\/\/www.youtube.com\/channel\/UCleVbgsF0ox7ZnTLV6kG5hA\"]}]}<\/script>\n<!-- \/ Yoast SEO plugin. -->","yoast_head_json":{"title":"Mattifying Fixing Spray - Make up Factory","robots":{"index":"index","follow":"follow","max-snippet":"max-snippet:-1","max-image-preview":"max-image-preview:large","max-video-preview":"max-video-preview:-1"},"canonical":"https:\/\/make-up-factory.com\/de\/produkt\/mattifying-fixing-spray\/","og_locale":"de_DE","og_type":"article","og_title":"Mattifying Fixing Spray - Make up Factory","og_description":"Mattiert, fixiert und sorgt f\u00fcr ein langanhaltendes, frisches Finish","og_url":"https:\/\/make-up-factory.com\/de\/produkt\/mattifying-fixing-spray\/","og_site_name":"Make up Factory","article_publisher":"https:\/\/www.facebook.com\/Makeupfactory\/","article_modified_time":"2026-02-02T02:08:03+00:00","og_image":[{"width":2000,"height":2000,"url":"https:\/\/make-up-factory.com\/app\/uploads\/2024\/12\/44ab877999926b24507975742d4bd1a636600875_Website_format_JPG_2681_Mattifying_Fixing_Spray.jpg","type":"image\/jpeg"}],"twitter_card":"summary_large_image","schema":{"@context":"https:\/\/schema.org","@graph":[{"@type":"WebPage","@id":"https:\/\/make-up-factory.com\/de\/produkt\/mattifying-fixing-spray\/","url":"https:\/\/make-up-factory.com\/de\/produkt\/mattifying-fixing-spray\/","name":"Mattifying Fixing Spray - Make up Factory","isPartOf":{"@id":"https:\/\/make-up-factory.com\/de\/#website"},"primaryImageOfPage":{"@id":"https:\/\/make-up-factory.com\/de\/produkt\/mattifying-fixing-spray\/#primaryimage"},"image":{"@id":"https:\/\/make-up-factory.com\/de\/produkt\/mattifying-fixing-spray\/#primaryimage"},"thumbnailUrl":"https:\/\/make-up-factory.com\/app\/uploads\/2024\/12\/44ab877999926b24507975742d4bd1a636600875_Website_format_JPG_2681_Mattifying_Fixing_Spray.jpg","datePublished":"2024-12-19T12:00:39+00:00","dateModified":"2026-02-02T02:08:03+00:00","breadcrumb":{"@id":"https:\/\/make-up-factory.com\/de\/produkt\/mattifying-fixing-spray\/#breadcrumb"},"inLanguage":"de","potentialAction":[{"@type":"ReadAction","target":["https:\/\/make-up-factory.com\/de\/produkt\/mattifying-fixing-spray\/"]}]},{"@type":"ImageObject","inLanguage":"de","@id":"https:\/\/make-up-factory.com\/de\/produkt\/mattifying-fixing-spray\/#primaryimage","url":"https:\/\/make-up-factory.com\/app\/uploads\/2024\/12\/44ab877999926b24507975742d4bd1a636600875_Website_format_JPG_2681_Mattifying_Fixing_Spray.jpg","contentUrl":"https:\/\/make-up-factory.com\/app\/uploads\/2024\/12\/44ab877999926b24507975742d4bd1a636600875_Website_format_JPG_2681_Mattifying_Fixing_Spray.jpg","width":2000,"height":2000},{"@type":"BreadcrumbList","@id":"https:\/\/make-up-factory.com\/de\/produkt\/mattifying-fixing-spray\/#breadcrumb","itemListElement":[{"@type":"ListItem","position":1,"name":"Home","item":"https:\/\/make-up-factory.com\/de\/"},{"@type":"ListItem","position":2,"name":"Produkte","item":"https:\/\/make-up-factory.com\/de\/produkte\/"},{"@type":"ListItem","position":3,"name":"Teint","item":"https:\/\/make-up-factory.com\/de\/produkte\/teint\/"},{"@type":"ListItem","position":4,"name":"Teint Specials","item":"https:\/\/make-up-factory.com\/de\/produkte\/teint\/teint-teint-specials\/"},{"@type":"ListItem","position":5,"name":"Mattifying Fixing Spray"}]},{"@type":"WebSite","@id":"https:\/\/make-up-factory.com\/de\/#website","url":"https:\/\/make-up-factory.com\/de\/","name":"Make up Factory","description":"","publisher":{"@id":"https:\/\/make-up-factory.com\/de\/#organization"},"potentialAction":[{"@type":"SearchAction","target":{"@type":"EntryPoint","urlTemplate":"https:\/\/make-up-factory.com\/de\/?s={search_term_string}"},"query-input":{"@type":"PropertyValueSpecification","valueRequired":true,"valueName":"search_term_string"}}],"inLanguage":"de"},{"@type":"Organization","@id":"https:\/\/make-up-factory.com\/de\/#organization","name":"ICB innovative cosmetic brands GmbH","url":"https:\/\/make-up-factory.com\/de\/","logo":{"@type":"ImageObject","inLanguage":"de","@id":"https:\/\/make-up-factory.com\/de\/#\/schema\/logo\/image\/","url":"https:\/\/make-up-factory.com\/app\/uploads\/2021\/02\/muf-logo-1.png","contentUrl":"https:\/\/make-up-factory.com\/app\/uploads\/2021\/02\/muf-logo-1.png","width":119,"height":209,"caption":"ICB innovative cosmetic brands GmbH"},"image":{"@id":"https:\/\/make-up-factory.com\/de\/#\/schema\/logo\/image\/"},"sameAs":["https:\/\/www.facebook.com\/Makeupfactory\/","https:\/\/www.instagram.com\/make_up_factory\/","https:\/\/www.youtube.com\/channel\/UCleVbgsF0ox7ZnTLV6kG5hA"]}]}},"_links":{"self":[{"href":"https:\/\/make-up-factory.com\/de\/wp-json\/wp\/v2\/product\/113553","targetHints":{"allow":["GET"]}}],"collection":[{"href":"https:\/\/make-up-factory.com\/de\/wp-json\/wp\/v2\/product"}],"about":[{"href":"https:\/\/make-up-factory.com\/de\/wp-json\/wp\/v2\/types\/product"}],"version-history":[{"count":2,"href":"https:\/\/make-up-factory.com\/de\/wp-json\/wp\/v2\/product\/113553\/revisions"}],"predecessor-version":[{"id":118711,"href":"https:\/\/make-up-factory.com\/de\/wp-json\/wp\/v2\/product\/113553\/revisions\/118711"}],"wp:featuredmedia":[{"embeddable":true,"href":"https:\/\/make-up-factory.com\/de\/wp-json\/wp\/v2\/media\/113625"}],"wp:attachment":[{"href":"https:\/\/make-up-factory.com\/de\/wp-json\/wp\/v2\/media?parent=113553"}],"wp:term":[{"taxonomy":"product_cat","embeddable":true,"href":"https:\/\/make-up-factory.com\/de\/wp-json\/wp\/v2\/product_cat?post=113553"},{"taxonomy":"product_tag","embeddable":true,"href":"https:\/\/make-up-factory.com\/de\/wp-json\/wp\/v2\/product_tag?post=113553"}],"curies":[{"name":"wp","href":"https:\/\/api.w.org\/{rel}","templated":true}]}}