{"id":113551,"date":"2024-12-19T13:00:37","date_gmt":"2024-12-19T12:00:37","guid":{"rendered":"https:\/\/make-up-factory.com\/product\/volume-mascara-waterproof-2\/"},"modified":"2026-04-09T00:22:58","modified_gmt":"2026-04-08T22:22:58","slug":"volume-mascara-waterproof","status":"publish","type":"product","link":"https:\/\/make-up-factory.com\/de\/produkt\/volume-mascara-waterproof\/","title":{"rendered":"Volume Mascara waterproof"},"content":{"rendered":"<p>Schon beim ersten Auftragen schenkt die Volume Mascara Waterproof den Wimpern einen phantastischen Augenaufschlag mit intensiver Farbe. Die au\u00dfergew\u00f6hnlich gro\u00dfe B\u00fcrste kombiniert mit einer hochwertigen waterproof\u00a0 Volumen-Textur sorgt f\u00fcr ein optimales Volumen. Zus\u00e4tzlich werden die Wimpern sanft umh\u00fcllt und gesch\u00fctzt \u2013 ohne ihre Flexibilit\u00e4t und Geschmeidigkeit zu verlieren.<\/p>\n","protected":false},"excerpt":{"rendered":"<p>Luxuri\u00f6se, wasserfeste Volumen-Textur f\u00fcr optimales Volumen<\/p>\n","protected":false},"featured_media":116376,"template":"","meta":{"_acf_changed":false},"product_cat":[837],"product_tag":[],"class_list":{"0":"post-113551","1":"product","2":"type-product","3":"status-publish","4":"has-post-thumbnail","6":"product_cat-augen-mascara","8":"first","9":"instock","10":"sold-individually","11":"shipping-taxable","12":"purchasable","13":"product-type-variable","14":"has-default-attributes"},"acf":[],"yoast_head":"<!-- This site is optimized with the Yoast SEO plugin v25.6 - https:\/\/yoast.com\/wordpress\/plugins\/seo\/ -->\n<title>Volume Mascara waterproof - Make up Factory<\/title>\n<meta name=\"robots\" content=\"index, follow, max-snippet:-1, max-image-preview:large, max-video-preview:-1\" \/>\n<link rel=\"canonical\" href=\"https:\/\/make-up-factory.com\/de\/produkt\/volume-mascara-waterproof\/\" \/>\n<meta property=\"og:locale\" content=\"de_DE\" \/>\n<meta property=\"og:type\" content=\"article\" \/>\n<meta property=\"og:title\" content=\"Volume Mascara waterproof - Make up Factory\" \/>\n<meta property=\"og:description\" content=\"Luxuri\u00f6se, wasserfeste Volumen-Textur f\u00fcr optimales Volumen\" \/>\n<meta property=\"og:url\" content=\"https:\/\/make-up-factory.com\/de\/produkt\/volume-mascara-waterproof\/\" \/>\n<meta property=\"og:site_name\" content=\"Make up Factory\" \/>\n<meta property=\"article:publisher\" content=\"https:\/\/www.facebook.com\/Makeupfactory\/\" \/>\n<meta property=\"article:modified_time\" content=\"2026-04-08T22:22:58+00:00\" \/>\n<meta property=\"og:image\" content=\"https:\/\/make-up-factory.com\/app\/uploads\/2025\/12\/bc5f08124261a937c06663a2a606e53fa477f7df_2426.01_Volume_Mascara_Waterproof-1.jpg\" \/>\n\t<meta property=\"og:image:width\" content=\"2000\" \/>\n\t<meta property=\"og:image:height\" content=\"2000\" \/>\n\t<meta property=\"og:image:type\" content=\"image\/jpeg\" \/>\n<meta name=\"twitter:card\" content=\"summary_large_image\" \/>\n<script type=\"application\/ld+json\" class=\"yoast-schema-graph\">{\"@context\":\"https:\/\/schema.org\",\"@graph\":[{\"@type\":\"WebPage\",\"@id\":\"https:\/\/make-up-factory.com\/de\/produkt\/volume-mascara-waterproof\/\",\"url\":\"https:\/\/make-up-factory.com\/de\/produkt\/volume-mascara-waterproof\/\",\"name\":\"Volume Mascara waterproof - Make up Factory\",\"isPartOf\":{\"@id\":\"https:\/\/make-up-factory.com\/de\/#website\"},\"primaryImageOfPage\":{\"@id\":\"https:\/\/make-up-factory.com\/de\/produkt\/volume-mascara-waterproof\/#primaryimage\"},\"image\":{\"@id\":\"https:\/\/make-up-factory.com\/de\/produkt\/volume-mascara-waterproof\/#primaryimage\"},\"thumbnailUrl\":\"https:\/\/make-up-factory.com\/app\/uploads\/2025\/12\/bc5f08124261a937c06663a2a606e53fa477f7df_2426.01_Volume_Mascara_Waterproof-1.jpg\",\"datePublished\":\"2024-12-19T12:00:37+00:00\",\"dateModified\":\"2026-04-08T22:22:58+00:00\",\"breadcrumb\":{\"@id\":\"https:\/\/make-up-factory.com\/de\/produkt\/volume-mascara-waterproof\/#breadcrumb\"},\"inLanguage\":\"de\",\"potentialAction\":[{\"@type\":\"ReadAction\",\"target\":[\"https:\/\/make-up-factory.com\/de\/produkt\/volume-mascara-waterproof\/\"]}]},{\"@type\":\"ImageObject\",\"inLanguage\":\"de\",\"@id\":\"https:\/\/make-up-factory.com\/de\/produkt\/volume-mascara-waterproof\/#primaryimage\",\"url\":\"https:\/\/make-up-factory.com\/app\/uploads\/2025\/12\/bc5f08124261a937c06663a2a606e53fa477f7df_2426.01_Volume_Mascara_Waterproof-1.jpg\",\"contentUrl\":\"https:\/\/make-up-factory.com\/app\/uploads\/2025\/12\/bc5f08124261a937c06663a2a606e53fa477f7df_2426.01_Volume_Mascara_Waterproof-1.jpg\",\"width\":2000,\"height\":2000},{\"@type\":\"BreadcrumbList\",\"@id\":\"https:\/\/make-up-factory.com\/de\/produkt\/volume-mascara-waterproof\/#breadcrumb\",\"itemListElement\":[{\"@type\":\"ListItem\",\"position\":1,\"name\":\"Home\",\"item\":\"https:\/\/make-up-factory.com\/de\/\"},{\"@type\":\"ListItem\",\"position\":2,\"name\":\"Produkte\",\"item\":\"https:\/\/make-up-factory.com\/de\/produkte\/\"},{\"@type\":\"ListItem\",\"position\":3,\"name\":\"Augen\",\"item\":\"https:\/\/make-up-factory.com\/de\/produkte\/augen\/\"},{\"@type\":\"ListItem\",\"position\":4,\"name\":\"Mascara\",\"item\":\"https:\/\/make-up-factory.com\/de\/produkte\/augen\/augen-mascara\/\"},{\"@type\":\"ListItem\",\"position\":5,\"name\":\"Volume Mascara waterproof\"}]},{\"@type\":\"WebSite\",\"@id\":\"https:\/\/make-up-factory.com\/de\/#website\",\"url\":\"https:\/\/make-up-factory.com\/de\/\",\"name\":\"Make up Factory\",\"description\":\"\",\"publisher\":{\"@id\":\"https:\/\/make-up-factory.com\/de\/#organization\"},\"potentialAction\":[{\"@type\":\"SearchAction\",\"target\":{\"@type\":\"EntryPoint\",\"urlTemplate\":\"https:\/\/make-up-factory.com\/de\/?s={search_term_string}\"},\"query-input\":{\"@type\":\"PropertyValueSpecification\",\"valueRequired\":true,\"valueName\":\"search_term_string\"}}],\"inLanguage\":\"de\"},{\"@type\":\"Organization\",\"@id\":\"https:\/\/make-up-factory.com\/de\/#organization\",\"name\":\"ICB innovative cosmetic brands GmbH\",\"url\":\"https:\/\/make-up-factory.com\/de\/\",\"logo\":{\"@type\":\"ImageObject\",\"inLanguage\":\"de\",\"@id\":\"https:\/\/make-up-factory.com\/de\/#\/schema\/logo\/image\/\",\"url\":\"https:\/\/make-up-factory.com\/app\/uploads\/2021\/02\/muf-logo-1.png\",\"contentUrl\":\"https:\/\/make-up-factory.com\/app\/uploads\/2021\/02\/muf-logo-1.png\",\"width\":119,\"height\":209,\"caption\":\"ICB innovative cosmetic brands GmbH\"},\"image\":{\"@id\":\"https:\/\/make-up-factory.com\/de\/#\/schema\/logo\/image\/\"},\"sameAs\":[\"https:\/\/www.facebook.com\/Makeupfactory\/\",\"https:\/\/www.instagram.com\/make_up_factory\/\",\"https:\/\/www.youtube.com\/channel\/UCleVbgsF0ox7ZnTLV6kG5hA\"]}]}<\/script>\n<!-- \/ Yoast SEO plugin. -->","yoast_head_json":{"title":"Volume Mascara waterproof - Make up Factory","robots":{"index":"index","follow":"follow","max-snippet":"max-snippet:-1","max-image-preview":"max-image-preview:large","max-video-preview":"max-video-preview:-1"},"canonical":"https:\/\/make-up-factory.com\/de\/produkt\/volume-mascara-waterproof\/","og_locale":"de_DE","og_type":"article","og_title":"Volume Mascara waterproof - Make up Factory","og_description":"Luxuri\u00f6se, wasserfeste Volumen-Textur f\u00fcr optimales Volumen","og_url":"https:\/\/make-up-factory.com\/de\/produkt\/volume-mascara-waterproof\/","og_site_name":"Make up Factory","article_publisher":"https:\/\/www.facebook.com\/Makeupfactory\/","article_modified_time":"2026-04-08T22:22:58+00:00","og_image":[{"width":2000,"height":2000,"url":"https:\/\/make-up-factory.com\/app\/uploads\/2025\/12\/bc5f08124261a937c06663a2a606e53fa477f7df_2426.01_Volume_Mascara_Waterproof-1.jpg","type":"image\/jpeg"}],"twitter_card":"summary_large_image","schema":{"@context":"https:\/\/schema.org","@graph":[{"@type":"WebPage","@id":"https:\/\/make-up-factory.com\/de\/produkt\/volume-mascara-waterproof\/","url":"https:\/\/make-up-factory.com\/de\/produkt\/volume-mascara-waterproof\/","name":"Volume Mascara waterproof - Make up Factory","isPartOf":{"@id":"https:\/\/make-up-factory.com\/de\/#website"},"primaryImageOfPage":{"@id":"https:\/\/make-up-factory.com\/de\/produkt\/volume-mascara-waterproof\/#primaryimage"},"image":{"@id":"https:\/\/make-up-factory.com\/de\/produkt\/volume-mascara-waterproof\/#primaryimage"},"thumbnailUrl":"https:\/\/make-up-factory.com\/app\/uploads\/2025\/12\/bc5f08124261a937c06663a2a606e53fa477f7df_2426.01_Volume_Mascara_Waterproof-1.jpg","datePublished":"2024-12-19T12:00:37+00:00","dateModified":"2026-04-08T22:22:58+00:00","breadcrumb":{"@id":"https:\/\/make-up-factory.com\/de\/produkt\/volume-mascara-waterproof\/#breadcrumb"},"inLanguage":"de","potentialAction":[{"@type":"ReadAction","target":["https:\/\/make-up-factory.com\/de\/produkt\/volume-mascara-waterproof\/"]}]},{"@type":"ImageObject","inLanguage":"de","@id":"https:\/\/make-up-factory.com\/de\/produkt\/volume-mascara-waterproof\/#primaryimage","url":"https:\/\/make-up-factory.com\/app\/uploads\/2025\/12\/bc5f08124261a937c06663a2a606e53fa477f7df_2426.01_Volume_Mascara_Waterproof-1.jpg","contentUrl":"https:\/\/make-up-factory.com\/app\/uploads\/2025\/12\/bc5f08124261a937c06663a2a606e53fa477f7df_2426.01_Volume_Mascara_Waterproof-1.jpg","width":2000,"height":2000},{"@type":"BreadcrumbList","@id":"https:\/\/make-up-factory.com\/de\/produkt\/volume-mascara-waterproof\/#breadcrumb","itemListElement":[{"@type":"ListItem","position":1,"name":"Home","item":"https:\/\/make-up-factory.com\/de\/"},{"@type":"ListItem","position":2,"name":"Produkte","item":"https:\/\/make-up-factory.com\/de\/produkte\/"},{"@type":"ListItem","position":3,"name":"Augen","item":"https:\/\/make-up-factory.com\/de\/produkte\/augen\/"},{"@type":"ListItem","position":4,"name":"Mascara","item":"https:\/\/make-up-factory.com\/de\/produkte\/augen\/augen-mascara\/"},{"@type":"ListItem","position":5,"name":"Volume Mascara waterproof"}]},{"@type":"WebSite","@id":"https:\/\/make-up-factory.com\/de\/#website","url":"https:\/\/make-up-factory.com\/de\/","name":"Make up Factory","description":"","publisher":{"@id":"https:\/\/make-up-factory.com\/de\/#organization"},"potentialAction":[{"@type":"SearchAction","target":{"@type":"EntryPoint","urlTemplate":"https:\/\/make-up-factory.com\/de\/?s={search_term_string}"},"query-input":{"@type":"PropertyValueSpecification","valueRequired":true,"valueName":"search_term_string"}}],"inLanguage":"de"},{"@type":"Organization","@id":"https:\/\/make-up-factory.com\/de\/#organization","name":"ICB innovative cosmetic brands GmbH","url":"https:\/\/make-up-factory.com\/de\/","logo":{"@type":"ImageObject","inLanguage":"de","@id":"https:\/\/make-up-factory.com\/de\/#\/schema\/logo\/image\/","url":"https:\/\/make-up-factory.com\/app\/uploads\/2021\/02\/muf-logo-1.png","contentUrl":"https:\/\/make-up-factory.com\/app\/uploads\/2021\/02\/muf-logo-1.png","width":119,"height":209,"caption":"ICB innovative cosmetic brands GmbH"},"image":{"@id":"https:\/\/make-up-factory.com\/de\/#\/schema\/logo\/image\/"},"sameAs":["https:\/\/www.facebook.com\/Makeupfactory\/","https:\/\/www.instagram.com\/make_up_factory\/","https:\/\/www.youtube.com\/channel\/UCleVbgsF0ox7ZnTLV6kG5hA"]}]}},"_links":{"self":[{"href":"https:\/\/make-up-factory.com\/de\/wp-json\/wp\/v2\/product\/113551","targetHints":{"allow":["GET"]}}],"collection":[{"href":"https:\/\/make-up-factory.com\/de\/wp-json\/wp\/v2\/product"}],"about":[{"href":"https:\/\/make-up-factory.com\/de\/wp-json\/wp\/v2\/types\/product"}],"version-history":[{"count":2,"href":"https:\/\/make-up-factory.com\/de\/wp-json\/wp\/v2\/product\/113551\/revisions"}],"predecessor-version":[{"id":116375,"href":"https:\/\/make-up-factory.com\/de\/wp-json\/wp\/v2\/product\/113551\/revisions\/116375"}],"wp:featuredmedia":[{"embeddable":true,"href":"https:\/\/make-up-factory.com\/de\/wp-json\/wp\/v2\/media\/116376"}],"wp:attachment":[{"href":"https:\/\/make-up-factory.com\/de\/wp-json\/wp\/v2\/media?parent=113551"}],"wp:term":[{"taxonomy":"product_cat","embeddable":true,"href":"https:\/\/make-up-factory.com\/de\/wp-json\/wp\/v2\/product_cat?post=113551"},{"taxonomy":"product_tag","embeddable":true,"href":"https:\/\/make-up-factory.com\/de\/wp-json\/wp\/v2\/product_tag?post=113551"}],"curies":[{"name":"wp","href":"https:\/\/api.w.org\/{rel}","templated":true}]}}