{"id":113312,"date":"2024-11-06T13:50:31","date_gmt":"2024-11-06T12:50:31","guid":{"rendered":"https:\/\/make-up-factory.com\/product\/velvet-lifting-foundation-mf264-xx\/"},"modified":"2026-05-12T09:26:30","modified_gmt":"2026-05-12T07:26:30","slug":"velvet-lifting-foundation-mf264-xx","status":"publish","type":"product","link":"https:\/\/make-up-factory.com\/de\/produkt\/velvet-lifting-foundation-mf264-xx\/","title":{"rendered":"Velvet Lifting Foundation"},"content":{"rendered":"<p>Die Velvet Lifting Foundation kaschiert Falten, Poren und Unregelm\u00e4\u00dfigkeiten f\u00fcr einen glatten, frischen Teint. Die cremige Textur verschmilzt sanft mit der Haut, sorgt f\u00fcr langanhaltenden Tragekomfort und spendet Feuchtigkeit. Leichtes Auftragen, ohne Maskeneffekt, f\u00fcr ein nat\u00fcrliches Finish. Die Deckkraft ist aufbaubar.<\/p>\n<p>Enth\u00e4lt UV-Filter. Kein ausreichender Sonnenschutz.\u00a0 Enth\u00e4lt Vitamin A. Ber\u00fccksichtigen Sie Ihre t\u00e4gliche Aufnahme vor der Anwendung.<\/p>\n","protected":false},"excerpt":{"rendered":"<p>Samtige Foundation mit Lifting-Effekt<\/p>\n","protected":false},"featured_media":113516,"template":"","meta":{"_acf_changed":false},"product_cat":[828],"product_tag":[],"class_list":{"0":"post-113312","1":"product","2":"type-product","3":"status-publish","4":"has-post-thumbnail","6":"product_cat-teint-foundation","8":"first","9":"instock","10":"sold-individually","11":"shipping-taxable","12":"purchasable","13":"product-type-variable","14":"has-default-attributes"},"acf":[],"yoast_head":"<!-- This site is optimized with the Yoast SEO plugin v25.6 - https:\/\/yoast.com\/wordpress\/plugins\/seo\/ -->\n<title>Velvet Lifting Foundation - Make up Factory<\/title>\n<meta name=\"robots\" content=\"index, follow, max-snippet:-1, max-image-preview:large, max-video-preview:-1\" \/>\n<link rel=\"canonical\" href=\"https:\/\/make-up-factory.com\/de\/produkt\/velvet-lifting-foundation-mf264-xx\/\" \/>\n<meta property=\"og:locale\" content=\"de_DE\" \/>\n<meta property=\"og:type\" content=\"article\" \/>\n<meta property=\"og:title\" content=\"Velvet Lifting Foundation - Make up Factory\" \/>\n<meta property=\"og:description\" content=\"Samtige Foundation mit Lifting-Effekt\" \/>\n<meta property=\"og:url\" content=\"https:\/\/make-up-factory.com\/de\/produkt\/velvet-lifting-foundation-mf264-xx\/\" \/>\n<meta property=\"og:site_name\" content=\"Make up Factory\" \/>\n<meta property=\"article:publisher\" content=\"https:\/\/www.facebook.com\/Makeupfactory\/\" \/>\n<meta property=\"article:modified_time\" content=\"2026-05-12T07:26:30+00:00\" \/>\n<meta property=\"og:image\" content=\"https:\/\/make-up-factory.com\/app\/uploads\/2024\/12\/23c5c0bfb561fabcb10274f888201f30a3f3e68c_Website_format_JPG_264.05_Velvet_Lifting_Foundation_open.jpg\" \/>\n\t<meta property=\"og:image:width\" content=\"2000\" \/>\n\t<meta property=\"og:image:height\" content=\"2000\" \/>\n\t<meta property=\"og:image:type\" content=\"image\/jpeg\" \/>\n<meta name=\"twitter:card\" content=\"summary_large_image\" \/>\n<script type=\"application\/ld+json\" class=\"yoast-schema-graph\">{\"@context\":\"https:\/\/schema.org\",\"@graph\":[{\"@type\":\"WebPage\",\"@id\":\"https:\/\/make-up-factory.com\/de\/produkt\/velvet-lifting-foundation-mf264-xx\/\",\"url\":\"https:\/\/make-up-factory.com\/de\/produkt\/velvet-lifting-foundation-mf264-xx\/\",\"name\":\"Velvet Lifting Foundation - Make up Factory\",\"isPartOf\":{\"@id\":\"https:\/\/make-up-factory.com\/de\/#website\"},\"primaryImageOfPage\":{\"@id\":\"https:\/\/make-up-factory.com\/de\/produkt\/velvet-lifting-foundation-mf264-xx\/#primaryimage\"},\"image\":{\"@id\":\"https:\/\/make-up-factory.com\/de\/produkt\/velvet-lifting-foundation-mf264-xx\/#primaryimage\"},\"thumbnailUrl\":\"https:\/\/make-up-factory.com\/app\/uploads\/2024\/12\/23c5c0bfb561fabcb10274f888201f30a3f3e68c_Website_format_JPG_264.05_Velvet_Lifting_Foundation_open.jpg\",\"datePublished\":\"2024-11-06T12:50:31+00:00\",\"dateModified\":\"2026-05-12T07:26:30+00:00\",\"breadcrumb\":{\"@id\":\"https:\/\/make-up-factory.com\/de\/produkt\/velvet-lifting-foundation-mf264-xx\/#breadcrumb\"},\"inLanguage\":\"de\",\"potentialAction\":[{\"@type\":\"ReadAction\",\"target\":[\"https:\/\/make-up-factory.com\/de\/produkt\/velvet-lifting-foundation-mf264-xx\/\"]}]},{\"@type\":\"ImageObject\",\"inLanguage\":\"de\",\"@id\":\"https:\/\/make-up-factory.com\/de\/produkt\/velvet-lifting-foundation-mf264-xx\/#primaryimage\",\"url\":\"https:\/\/make-up-factory.com\/app\/uploads\/2024\/12\/23c5c0bfb561fabcb10274f888201f30a3f3e68c_Website_format_JPG_264.05_Velvet_Lifting_Foundation_open.jpg\",\"contentUrl\":\"https:\/\/make-up-factory.com\/app\/uploads\/2024\/12\/23c5c0bfb561fabcb10274f888201f30a3f3e68c_Website_format_JPG_264.05_Velvet_Lifting_Foundation_open.jpg\",\"width\":2000,\"height\":2000},{\"@type\":\"BreadcrumbList\",\"@id\":\"https:\/\/make-up-factory.com\/de\/produkt\/velvet-lifting-foundation-mf264-xx\/#breadcrumb\",\"itemListElement\":[{\"@type\":\"ListItem\",\"position\":1,\"name\":\"Home\",\"item\":\"https:\/\/make-up-factory.com\/de\/\"},{\"@type\":\"ListItem\",\"position\":2,\"name\":\"Produkte\",\"item\":\"https:\/\/make-up-factory.com\/de\/produkte\/\"},{\"@type\":\"ListItem\",\"position\":3,\"name\":\"Teint\",\"item\":\"https:\/\/make-up-factory.com\/de\/produkte\/teint\/\"},{\"@type\":\"ListItem\",\"position\":4,\"name\":\"Foundation\",\"item\":\"https:\/\/make-up-factory.com\/de\/produkte\/teint\/teint-foundation\/\"},{\"@type\":\"ListItem\",\"position\":5,\"name\":\"Velvet Lifting Foundation\"}]},{\"@type\":\"WebSite\",\"@id\":\"https:\/\/make-up-factory.com\/de\/#website\",\"url\":\"https:\/\/make-up-factory.com\/de\/\",\"name\":\"Make up Factory\",\"description\":\"\",\"publisher\":{\"@id\":\"https:\/\/make-up-factory.com\/de\/#organization\"},\"potentialAction\":[{\"@type\":\"SearchAction\",\"target\":{\"@type\":\"EntryPoint\",\"urlTemplate\":\"https:\/\/make-up-factory.com\/de\/?s={search_term_string}\"},\"query-input\":{\"@type\":\"PropertyValueSpecification\",\"valueRequired\":true,\"valueName\":\"search_term_string\"}}],\"inLanguage\":\"de\"},{\"@type\":\"Organization\",\"@id\":\"https:\/\/make-up-factory.com\/de\/#organization\",\"name\":\"ICB innovative cosmetic brands GmbH\",\"url\":\"https:\/\/make-up-factory.com\/de\/\",\"logo\":{\"@type\":\"ImageObject\",\"inLanguage\":\"de\",\"@id\":\"https:\/\/make-up-factory.com\/de\/#\/schema\/logo\/image\/\",\"url\":\"https:\/\/make-up-factory.com\/app\/uploads\/2021\/02\/muf-logo-1.png\",\"contentUrl\":\"https:\/\/make-up-factory.com\/app\/uploads\/2021\/02\/muf-logo-1.png\",\"width\":119,\"height\":209,\"caption\":\"ICB innovative cosmetic brands GmbH\"},\"image\":{\"@id\":\"https:\/\/make-up-factory.com\/de\/#\/schema\/logo\/image\/\"},\"sameAs\":[\"https:\/\/www.facebook.com\/Makeupfactory\/\",\"https:\/\/www.instagram.com\/make_up_factory\/\",\"https:\/\/www.youtube.com\/channel\/UCleVbgsF0ox7ZnTLV6kG5hA\"]}]}<\/script>\n<!-- \/ Yoast SEO plugin. -->","yoast_head_json":{"title":"Velvet Lifting Foundation - Make up Factory","robots":{"index":"index","follow":"follow","max-snippet":"max-snippet:-1","max-image-preview":"max-image-preview:large","max-video-preview":"max-video-preview:-1"},"canonical":"https:\/\/make-up-factory.com\/de\/produkt\/velvet-lifting-foundation-mf264-xx\/","og_locale":"de_DE","og_type":"article","og_title":"Velvet Lifting Foundation - Make up Factory","og_description":"Samtige Foundation mit Lifting-Effekt","og_url":"https:\/\/make-up-factory.com\/de\/produkt\/velvet-lifting-foundation-mf264-xx\/","og_site_name":"Make up Factory","article_publisher":"https:\/\/www.facebook.com\/Makeupfactory\/","article_modified_time":"2026-05-12T07:26:30+00:00","og_image":[{"width":2000,"height":2000,"url":"https:\/\/make-up-factory.com\/app\/uploads\/2024\/12\/23c5c0bfb561fabcb10274f888201f30a3f3e68c_Website_format_JPG_264.05_Velvet_Lifting_Foundation_open.jpg","type":"image\/jpeg"}],"twitter_card":"summary_large_image","schema":{"@context":"https:\/\/schema.org","@graph":[{"@type":"WebPage","@id":"https:\/\/make-up-factory.com\/de\/produkt\/velvet-lifting-foundation-mf264-xx\/","url":"https:\/\/make-up-factory.com\/de\/produkt\/velvet-lifting-foundation-mf264-xx\/","name":"Velvet Lifting Foundation - Make up Factory","isPartOf":{"@id":"https:\/\/make-up-factory.com\/de\/#website"},"primaryImageOfPage":{"@id":"https:\/\/make-up-factory.com\/de\/produkt\/velvet-lifting-foundation-mf264-xx\/#primaryimage"},"image":{"@id":"https:\/\/make-up-factory.com\/de\/produkt\/velvet-lifting-foundation-mf264-xx\/#primaryimage"},"thumbnailUrl":"https:\/\/make-up-factory.com\/app\/uploads\/2024\/12\/23c5c0bfb561fabcb10274f888201f30a3f3e68c_Website_format_JPG_264.05_Velvet_Lifting_Foundation_open.jpg","datePublished":"2024-11-06T12:50:31+00:00","dateModified":"2026-05-12T07:26:30+00:00","breadcrumb":{"@id":"https:\/\/make-up-factory.com\/de\/produkt\/velvet-lifting-foundation-mf264-xx\/#breadcrumb"},"inLanguage":"de","potentialAction":[{"@type":"ReadAction","target":["https:\/\/make-up-factory.com\/de\/produkt\/velvet-lifting-foundation-mf264-xx\/"]}]},{"@type":"ImageObject","inLanguage":"de","@id":"https:\/\/make-up-factory.com\/de\/produkt\/velvet-lifting-foundation-mf264-xx\/#primaryimage","url":"https:\/\/make-up-factory.com\/app\/uploads\/2024\/12\/23c5c0bfb561fabcb10274f888201f30a3f3e68c_Website_format_JPG_264.05_Velvet_Lifting_Foundation_open.jpg","contentUrl":"https:\/\/make-up-factory.com\/app\/uploads\/2024\/12\/23c5c0bfb561fabcb10274f888201f30a3f3e68c_Website_format_JPG_264.05_Velvet_Lifting_Foundation_open.jpg","width":2000,"height":2000},{"@type":"BreadcrumbList","@id":"https:\/\/make-up-factory.com\/de\/produkt\/velvet-lifting-foundation-mf264-xx\/#breadcrumb","itemListElement":[{"@type":"ListItem","position":1,"name":"Home","item":"https:\/\/make-up-factory.com\/de\/"},{"@type":"ListItem","position":2,"name":"Produkte","item":"https:\/\/make-up-factory.com\/de\/produkte\/"},{"@type":"ListItem","position":3,"name":"Teint","item":"https:\/\/make-up-factory.com\/de\/produkte\/teint\/"},{"@type":"ListItem","position":4,"name":"Foundation","item":"https:\/\/make-up-factory.com\/de\/produkte\/teint\/teint-foundation\/"},{"@type":"ListItem","position":5,"name":"Velvet Lifting Foundation"}]},{"@type":"WebSite","@id":"https:\/\/make-up-factory.com\/de\/#website","url":"https:\/\/make-up-factory.com\/de\/","name":"Make up Factory","description":"","publisher":{"@id":"https:\/\/make-up-factory.com\/de\/#organization"},"potentialAction":[{"@type":"SearchAction","target":{"@type":"EntryPoint","urlTemplate":"https:\/\/make-up-factory.com\/de\/?s={search_term_string}"},"query-input":{"@type":"PropertyValueSpecification","valueRequired":true,"valueName":"search_term_string"}}],"inLanguage":"de"},{"@type":"Organization","@id":"https:\/\/make-up-factory.com\/de\/#organization","name":"ICB innovative cosmetic brands GmbH","url":"https:\/\/make-up-factory.com\/de\/","logo":{"@type":"ImageObject","inLanguage":"de","@id":"https:\/\/make-up-factory.com\/de\/#\/schema\/logo\/image\/","url":"https:\/\/make-up-factory.com\/app\/uploads\/2021\/02\/muf-logo-1.png","contentUrl":"https:\/\/make-up-factory.com\/app\/uploads\/2021\/02\/muf-logo-1.png","width":119,"height":209,"caption":"ICB innovative cosmetic brands GmbH"},"image":{"@id":"https:\/\/make-up-factory.com\/de\/#\/schema\/logo\/image\/"},"sameAs":["https:\/\/www.facebook.com\/Makeupfactory\/","https:\/\/www.instagram.com\/make_up_factory\/","https:\/\/www.youtube.com\/channel\/UCleVbgsF0ox7ZnTLV6kG5hA"]}]}},"_links":{"self":[{"href":"https:\/\/make-up-factory.com\/de\/wp-json\/wp\/v2\/product\/113312","targetHints":{"allow":["GET"]}}],"collection":[{"href":"https:\/\/make-up-factory.com\/de\/wp-json\/wp\/v2\/product"}],"about":[{"href":"https:\/\/make-up-factory.com\/de\/wp-json\/wp\/v2\/types\/product"}],"version-history":[{"count":2,"href":"https:\/\/make-up-factory.com\/de\/wp-json\/wp\/v2\/product\/113312\/revisions"}],"predecessor-version":[{"id":117200,"href":"https:\/\/make-up-factory.com\/de\/wp-json\/wp\/v2\/product\/113312\/revisions\/117200"}],"wp:featuredmedia":[{"embeddable":true,"href":"https:\/\/make-up-factory.com\/de\/wp-json\/wp\/v2\/media\/113516"}],"wp:attachment":[{"href":"https:\/\/make-up-factory.com\/de\/wp-json\/wp\/v2\/media?parent=113312"}],"wp:term":[{"taxonomy":"product_cat","embeddable":true,"href":"https:\/\/make-up-factory.com\/de\/wp-json\/wp\/v2\/product_cat?post=113312"},{"taxonomy":"product_tag","embeddable":true,"href":"https:\/\/make-up-factory.com\/de\/wp-json\/wp\/v2\/product_tag?post=113312"}],"curies":[{"name":"wp","href":"https:\/\/api.w.org\/{rel}","templated":true}]}}