{"id":112734,"date":"2024-08-12T13:50:27","date_gmt":"2024-08-12T11:50:27","guid":{"rendered":"https:\/\/make-up-factory.com\/product\/sparkling-liquid-liner-mf2469-xx\/"},"modified":"2026-04-22T11:37:18","modified_gmt":"2026-04-22T09:37:18","slug":"sparkling-liquid-liner-mf2469-xx","status":"publish","type":"product","link":"https:\/\/make-up-factory.com\/de\/produkt\/sparkling-liquid-liner-mf2469-xx\/","title":{"rendered":"Sparkling Liquid Liner"},"content":{"rendered":"<p>Der Sparkling Liquid Liner ist eine langanhaltende Textur, bestehend aus glitzernden Pigmenten f\u00fcr einen Glamour\u00f6sen Look. Dank der feinen Liner-Spitze l\u00e4sst sich die schnelltrocknende Glitzer-Textur pr\u00e4zise auftragen und \u00fcberzeugt bereits beim ersten Auftrag mit seiner hohen Deckkraft. Die Anwendung ist leicht und unkompliziert, sodass im Handumdrehen ein makelloses Ergebnis erzielt werden kann. Zudem l\u00e4sst sich der Sparkling Liquid Liner ebenso schnell und r\u00fcckstandslos entfernen. <\/p>\n","protected":false},"excerpt":{"rendered":"<p>Langanhaltender, fl\u00fcssiger Glitzer-Liner<\/p>\n","protected":false},"featured_media":112764,"template":"","meta":{"_acf_changed":false},"product_cat":[15],"product_tag":[],"class_list":{"0":"post-112734","1":"product","2":"type-product","3":"status-publish","4":"has-post-thumbnail","6":"product_cat-uncategorized","8":"first","9":"instock","10":"sold-individually","11":"shipping-taxable","12":"purchasable","13":"product-type-variable","14":"has-default-attributes"},"acf":[],"yoast_head":"<!-- This site is optimized with the Yoast SEO plugin v25.6 - https:\/\/yoast.com\/wordpress\/plugins\/seo\/ -->\n<title>Sparkling Liquid Liner - Make up Factory<\/title>\n<meta name=\"robots\" content=\"index, follow, max-snippet:-1, max-image-preview:large, max-video-preview:-1\" \/>\n<link rel=\"canonical\" href=\"https:\/\/make-up-factory.com\/de\/produkt\/sparkling-liquid-liner-mf2469-xx\/\" \/>\n<meta property=\"og:locale\" content=\"de_DE\" \/>\n<meta property=\"og:type\" content=\"article\" \/>\n<meta property=\"og:title\" content=\"Sparkling Liquid Liner - Make up Factory\" \/>\n<meta property=\"og:description\" content=\"Langanhaltender, fl\u00fcssiger Glitzer-Liner\" \/>\n<meta property=\"og:url\" content=\"https:\/\/make-up-factory.com\/de\/produkt\/sparkling-liquid-liner-mf2469-xx\/\" \/>\n<meta property=\"og:site_name\" content=\"Make up Factory\" \/>\n<meta property=\"article:publisher\" content=\"https:\/\/www.facebook.com\/Makeupfactory\/\" \/>\n<meta property=\"article:modified_time\" content=\"2026-04-22T09:37:18+00:00\" \/>\n<meta property=\"og:image\" content=\"https:\/\/make-up-factory.com\/app\/uploads\/2024\/08\/9dfc79d8c635fa668ca5dbcd0adb1bbeb7146eaa_Website_format_JPG_2469.05_Sparkling_Liquid_Liner.jpg\" \/>\n\t<meta property=\"og:image:width\" content=\"2000\" \/>\n\t<meta property=\"og:image:height\" content=\"2000\" \/>\n\t<meta property=\"og:image:type\" content=\"image\/jpeg\" \/>\n<meta name=\"twitter:card\" content=\"summary_large_image\" \/>\n<script type=\"application\/ld+json\" class=\"yoast-schema-graph\">{\"@context\":\"https:\/\/schema.org\",\"@graph\":[{\"@type\":\"WebPage\",\"@id\":\"https:\/\/make-up-factory.com\/de\/produkt\/sparkling-liquid-liner-mf2469-xx\/\",\"url\":\"https:\/\/make-up-factory.com\/de\/produkt\/sparkling-liquid-liner-mf2469-xx\/\",\"name\":\"Sparkling Liquid Liner - Make up Factory\",\"isPartOf\":{\"@id\":\"https:\/\/make-up-factory.com\/de\/#website\"},\"primaryImageOfPage\":{\"@id\":\"https:\/\/make-up-factory.com\/de\/produkt\/sparkling-liquid-liner-mf2469-xx\/#primaryimage\"},\"image\":{\"@id\":\"https:\/\/make-up-factory.com\/de\/produkt\/sparkling-liquid-liner-mf2469-xx\/#primaryimage\"},\"thumbnailUrl\":\"https:\/\/make-up-factory.com\/app\/uploads\/2024\/08\/9dfc79d8c635fa668ca5dbcd0adb1bbeb7146eaa_Website_format_JPG_2469.05_Sparkling_Liquid_Liner.jpg\",\"datePublished\":\"2024-08-12T11:50:27+00:00\",\"dateModified\":\"2026-04-22T09:37:18+00:00\",\"breadcrumb\":{\"@id\":\"https:\/\/make-up-factory.com\/de\/produkt\/sparkling-liquid-liner-mf2469-xx\/#breadcrumb\"},\"inLanguage\":\"de\",\"potentialAction\":[{\"@type\":\"ReadAction\",\"target\":[\"https:\/\/make-up-factory.com\/de\/produkt\/sparkling-liquid-liner-mf2469-xx\/\"]}]},{\"@type\":\"ImageObject\",\"inLanguage\":\"de\",\"@id\":\"https:\/\/make-up-factory.com\/de\/produkt\/sparkling-liquid-liner-mf2469-xx\/#primaryimage\",\"url\":\"https:\/\/make-up-factory.com\/app\/uploads\/2024\/08\/9dfc79d8c635fa668ca5dbcd0adb1bbeb7146eaa_Website_format_JPG_2469.05_Sparkling_Liquid_Liner.jpg\",\"contentUrl\":\"https:\/\/make-up-factory.com\/app\/uploads\/2024\/08\/9dfc79d8c635fa668ca5dbcd0adb1bbeb7146eaa_Website_format_JPG_2469.05_Sparkling_Liquid_Liner.jpg\",\"width\":2000,\"height\":2000},{\"@type\":\"BreadcrumbList\",\"@id\":\"https:\/\/make-up-factory.com\/de\/produkt\/sparkling-liquid-liner-mf2469-xx\/#breadcrumb\",\"itemListElement\":[{\"@type\":\"ListItem\",\"position\":1,\"name\":\"Home\",\"item\":\"https:\/\/make-up-factory.com\/de\/\"},{\"@type\":\"ListItem\",\"position\":2,\"name\":\"Produkte\",\"item\":\"https:\/\/make-up-factory.com\/de\/produkte\/\"},{\"@type\":\"ListItem\",\"position\":3,\"name\":\"Uncategorized\",\"item\":\"https:\/\/make-up-factory.com\/de\/produkte\/uncategorized\/\"},{\"@type\":\"ListItem\",\"position\":4,\"name\":\"Sparkling Liquid Liner\"}]},{\"@type\":\"WebSite\",\"@id\":\"https:\/\/make-up-factory.com\/de\/#website\",\"url\":\"https:\/\/make-up-factory.com\/de\/\",\"name\":\"Make up Factory\",\"description\":\"\",\"publisher\":{\"@id\":\"https:\/\/make-up-factory.com\/de\/#organization\"},\"potentialAction\":[{\"@type\":\"SearchAction\",\"target\":{\"@type\":\"EntryPoint\",\"urlTemplate\":\"https:\/\/make-up-factory.com\/de\/?s={search_term_string}\"},\"query-input\":{\"@type\":\"PropertyValueSpecification\",\"valueRequired\":true,\"valueName\":\"search_term_string\"}}],\"inLanguage\":\"de\"},{\"@type\":\"Organization\",\"@id\":\"https:\/\/make-up-factory.com\/de\/#organization\",\"name\":\"ICB innovative cosmetic brands GmbH\",\"url\":\"https:\/\/make-up-factory.com\/de\/\",\"logo\":{\"@type\":\"ImageObject\",\"inLanguage\":\"de\",\"@id\":\"https:\/\/make-up-factory.com\/de\/#\/schema\/logo\/image\/\",\"url\":\"https:\/\/make-up-factory.com\/app\/uploads\/2021\/02\/muf-logo-1.png\",\"contentUrl\":\"https:\/\/make-up-factory.com\/app\/uploads\/2021\/02\/muf-logo-1.png\",\"width\":119,\"height\":209,\"caption\":\"ICB innovative cosmetic brands GmbH\"},\"image\":{\"@id\":\"https:\/\/make-up-factory.com\/de\/#\/schema\/logo\/image\/\"},\"sameAs\":[\"https:\/\/www.facebook.com\/Makeupfactory\/\",\"https:\/\/www.instagram.com\/make_up_factory\/\",\"https:\/\/www.youtube.com\/channel\/UCleVbgsF0ox7ZnTLV6kG5hA\"]}]}<\/script>\n<!-- \/ Yoast SEO plugin. -->","yoast_head_json":{"title":"Sparkling Liquid Liner - Make up Factory","robots":{"index":"index","follow":"follow","max-snippet":"max-snippet:-1","max-image-preview":"max-image-preview:large","max-video-preview":"max-video-preview:-1"},"canonical":"https:\/\/make-up-factory.com\/de\/produkt\/sparkling-liquid-liner-mf2469-xx\/","og_locale":"de_DE","og_type":"article","og_title":"Sparkling Liquid Liner - Make up Factory","og_description":"Langanhaltender, fl\u00fcssiger Glitzer-Liner","og_url":"https:\/\/make-up-factory.com\/de\/produkt\/sparkling-liquid-liner-mf2469-xx\/","og_site_name":"Make up Factory","article_publisher":"https:\/\/www.facebook.com\/Makeupfactory\/","article_modified_time":"2026-04-22T09:37:18+00:00","og_image":[{"width":2000,"height":2000,"url":"https:\/\/make-up-factory.com\/app\/uploads\/2024\/08\/9dfc79d8c635fa668ca5dbcd0adb1bbeb7146eaa_Website_format_JPG_2469.05_Sparkling_Liquid_Liner.jpg","type":"image\/jpeg"}],"twitter_card":"summary_large_image","schema":{"@context":"https:\/\/schema.org","@graph":[{"@type":"WebPage","@id":"https:\/\/make-up-factory.com\/de\/produkt\/sparkling-liquid-liner-mf2469-xx\/","url":"https:\/\/make-up-factory.com\/de\/produkt\/sparkling-liquid-liner-mf2469-xx\/","name":"Sparkling Liquid Liner - Make up Factory","isPartOf":{"@id":"https:\/\/make-up-factory.com\/de\/#website"},"primaryImageOfPage":{"@id":"https:\/\/make-up-factory.com\/de\/produkt\/sparkling-liquid-liner-mf2469-xx\/#primaryimage"},"image":{"@id":"https:\/\/make-up-factory.com\/de\/produkt\/sparkling-liquid-liner-mf2469-xx\/#primaryimage"},"thumbnailUrl":"https:\/\/make-up-factory.com\/app\/uploads\/2024\/08\/9dfc79d8c635fa668ca5dbcd0adb1bbeb7146eaa_Website_format_JPG_2469.05_Sparkling_Liquid_Liner.jpg","datePublished":"2024-08-12T11:50:27+00:00","dateModified":"2026-04-22T09:37:18+00:00","breadcrumb":{"@id":"https:\/\/make-up-factory.com\/de\/produkt\/sparkling-liquid-liner-mf2469-xx\/#breadcrumb"},"inLanguage":"de","potentialAction":[{"@type":"ReadAction","target":["https:\/\/make-up-factory.com\/de\/produkt\/sparkling-liquid-liner-mf2469-xx\/"]}]},{"@type":"ImageObject","inLanguage":"de","@id":"https:\/\/make-up-factory.com\/de\/produkt\/sparkling-liquid-liner-mf2469-xx\/#primaryimage","url":"https:\/\/make-up-factory.com\/app\/uploads\/2024\/08\/9dfc79d8c635fa668ca5dbcd0adb1bbeb7146eaa_Website_format_JPG_2469.05_Sparkling_Liquid_Liner.jpg","contentUrl":"https:\/\/make-up-factory.com\/app\/uploads\/2024\/08\/9dfc79d8c635fa668ca5dbcd0adb1bbeb7146eaa_Website_format_JPG_2469.05_Sparkling_Liquid_Liner.jpg","width":2000,"height":2000},{"@type":"BreadcrumbList","@id":"https:\/\/make-up-factory.com\/de\/produkt\/sparkling-liquid-liner-mf2469-xx\/#breadcrumb","itemListElement":[{"@type":"ListItem","position":1,"name":"Home","item":"https:\/\/make-up-factory.com\/de\/"},{"@type":"ListItem","position":2,"name":"Produkte","item":"https:\/\/make-up-factory.com\/de\/produkte\/"},{"@type":"ListItem","position":3,"name":"Uncategorized","item":"https:\/\/make-up-factory.com\/de\/produkte\/uncategorized\/"},{"@type":"ListItem","position":4,"name":"Sparkling Liquid Liner"}]},{"@type":"WebSite","@id":"https:\/\/make-up-factory.com\/de\/#website","url":"https:\/\/make-up-factory.com\/de\/","name":"Make up Factory","description":"","publisher":{"@id":"https:\/\/make-up-factory.com\/de\/#organization"},"potentialAction":[{"@type":"SearchAction","target":{"@type":"EntryPoint","urlTemplate":"https:\/\/make-up-factory.com\/de\/?s={search_term_string}"},"query-input":{"@type":"PropertyValueSpecification","valueRequired":true,"valueName":"search_term_string"}}],"inLanguage":"de"},{"@type":"Organization","@id":"https:\/\/make-up-factory.com\/de\/#organization","name":"ICB innovative cosmetic brands GmbH","url":"https:\/\/make-up-factory.com\/de\/","logo":{"@type":"ImageObject","inLanguage":"de","@id":"https:\/\/make-up-factory.com\/de\/#\/schema\/logo\/image\/","url":"https:\/\/make-up-factory.com\/app\/uploads\/2021\/02\/muf-logo-1.png","contentUrl":"https:\/\/make-up-factory.com\/app\/uploads\/2021\/02\/muf-logo-1.png","width":119,"height":209,"caption":"ICB innovative cosmetic brands GmbH"},"image":{"@id":"https:\/\/make-up-factory.com\/de\/#\/schema\/logo\/image\/"},"sameAs":["https:\/\/www.facebook.com\/Makeupfactory\/","https:\/\/www.instagram.com\/make_up_factory\/","https:\/\/www.youtube.com\/channel\/UCleVbgsF0ox7ZnTLV6kG5hA"]}]}},"_links":{"self":[{"href":"https:\/\/make-up-factory.com\/de\/wp-json\/wp\/v2\/product\/112734","targetHints":{"allow":["GET"]}}],"collection":[{"href":"https:\/\/make-up-factory.com\/de\/wp-json\/wp\/v2\/product"}],"about":[{"href":"https:\/\/make-up-factory.com\/de\/wp-json\/wp\/v2\/types\/product"}],"version-history":[{"count":2,"href":"https:\/\/make-up-factory.com\/de\/wp-json\/wp\/v2\/product\/112734\/revisions"}],"predecessor-version":[{"id":117171,"href":"https:\/\/make-up-factory.com\/de\/wp-json\/wp\/v2\/product\/112734\/revisions\/117171"}],"wp:featuredmedia":[{"embeddable":true,"href":"https:\/\/make-up-factory.com\/de\/wp-json\/wp\/v2\/media\/112764"}],"wp:attachment":[{"href":"https:\/\/make-up-factory.com\/de\/wp-json\/wp\/v2\/media?parent=112734"}],"wp:term":[{"taxonomy":"product_cat","embeddable":true,"href":"https:\/\/make-up-factory.com\/de\/wp-json\/wp\/v2\/product_cat?post=112734"},{"taxonomy":"product_tag","embeddable":true,"href":"https:\/\/make-up-factory.com\/de\/wp-json\/wp\/v2\/product_tag?post=112734"}],"curies":[{"name":"wp","href":"https:\/\/api.w.org\/{rel}","templated":true}]}}