{"id":111933,"date":"2024-03-18T13:30:28","date_gmt":"2024-03-18T12:30:28","guid":{"rendered":"https:\/\/make-up-factory.com\/product\/pore-minimizing-primer-mf25870\/"},"modified":"2025-12-11T14:44:18","modified_gmt":"2025-12-11T13:44:18","slug":"pore-minimizing-primer-mf25870","status":"publish","type":"product","link":"https:\/\/make-up-factory.com\/de\/produkt\/pore-minimizing-primer-mf25870\/","title":{"rendered":"Pore Minimizing Primer"},"content":{"rendered":"<p>Mit dem Pore Minimizing Primer wird das Porenbild sofort sichtbar verfeinert. Er ebnet und mattiert das Hautbild und sorgt f\u00fcr ein langanhaltendes, makelloses Make up. Die seidenglatte Textur l\u00e4sst sich einfach auftragen, zieht sofort ein und hinterl\u00e4sst ein unsichtbares Finish! Der Primer kann sowohl alleine als unter bzw. \u00fcber dem Make up aufgetragen werden.<\/p>\n","protected":false},"excerpt":{"rendered":"<p>Porenverfeinernde Grundierung<\/p>\n","protected":false},"featured_media":112452,"template":"","meta":{"_acf_changed":false},"product_cat":[836],"product_tag":[],"class_list":{"0":"post-111933","1":"product","2":"type-product","3":"status-publish","4":"has-post-thumbnail","6":"product_cat-teint-teint-specials","8":"first","9":"instock","10":"sold-individually","11":"shipping-taxable","12":"purchasable","13":"product-type-simple"},"acf":[],"yoast_head":"<!-- This site is optimized with the Yoast SEO plugin v25.6 - https:\/\/yoast.com\/wordpress\/plugins\/seo\/ -->\n<title>Pore Minimizing Primer - Make up Factory<\/title>\n<meta name=\"robots\" content=\"index, follow, max-snippet:-1, max-image-preview:large, max-video-preview:-1\" \/>\n<link rel=\"canonical\" href=\"https:\/\/make-up-factory.com\/de\/produkt\/pore-minimizing-primer-mf25870\/\" \/>\n<meta property=\"og:locale\" content=\"de_DE\" \/>\n<meta property=\"og:type\" content=\"article\" \/>\n<meta property=\"og:title\" content=\"Pore Minimizing Primer - Make up Factory\" \/>\n<meta property=\"og:description\" content=\"Porenverfeinernde Grundierung\" \/>\n<meta property=\"og:url\" content=\"https:\/\/make-up-factory.com\/de\/produkt\/pore-minimizing-primer-mf25870\/\" \/>\n<meta property=\"og:site_name\" content=\"Make up Factory\" \/>\n<meta property=\"article:publisher\" content=\"https:\/\/www.facebook.com\/Makeupfactory\/\" \/>\n<meta property=\"article:modified_time\" content=\"2025-12-11T13:44:18+00:00\" \/>\n<meta property=\"og:image\" content=\"https:\/\/make-up-factory.com\/app\/uploads\/2024\/07\/d33165072d24e86bba53341fa891111f7c9057e9_Website_format_JPG_25870_Pore_Minimizing_Primer.jpg\" \/>\n\t<meta property=\"og:image:width\" content=\"2000\" \/>\n\t<meta property=\"og:image:height\" content=\"2000\" \/>\n\t<meta property=\"og:image:type\" content=\"image\/jpeg\" \/>\n<meta name=\"twitter:card\" content=\"summary_large_image\" \/>\n<script type=\"application\/ld+json\" class=\"yoast-schema-graph\">{\"@context\":\"https:\/\/schema.org\",\"@graph\":[{\"@type\":\"WebPage\",\"@id\":\"https:\/\/make-up-factory.com\/de\/produkt\/pore-minimizing-primer-mf25870\/\",\"url\":\"https:\/\/make-up-factory.com\/de\/produkt\/pore-minimizing-primer-mf25870\/\",\"name\":\"Pore Minimizing Primer - Make up Factory\",\"isPartOf\":{\"@id\":\"https:\/\/make-up-factory.com\/de\/#website\"},\"primaryImageOfPage\":{\"@id\":\"https:\/\/make-up-factory.com\/de\/produkt\/pore-minimizing-primer-mf25870\/#primaryimage\"},\"image\":{\"@id\":\"https:\/\/make-up-factory.com\/de\/produkt\/pore-minimizing-primer-mf25870\/#primaryimage\"},\"thumbnailUrl\":\"https:\/\/make-up-factory.com\/app\/uploads\/2024\/07\/d33165072d24e86bba53341fa891111f7c9057e9_Website_format_JPG_25870_Pore_Minimizing_Primer.jpg\",\"datePublished\":\"2024-03-18T12:30:28+00:00\",\"dateModified\":\"2025-12-11T13:44:18+00:00\",\"breadcrumb\":{\"@id\":\"https:\/\/make-up-factory.com\/de\/produkt\/pore-minimizing-primer-mf25870\/#breadcrumb\"},\"inLanguage\":\"de\",\"potentialAction\":[{\"@type\":\"ReadAction\",\"target\":[\"https:\/\/make-up-factory.com\/de\/produkt\/pore-minimizing-primer-mf25870\/\"]}]},{\"@type\":\"ImageObject\",\"inLanguage\":\"de\",\"@id\":\"https:\/\/make-up-factory.com\/de\/produkt\/pore-minimizing-primer-mf25870\/#primaryimage\",\"url\":\"https:\/\/make-up-factory.com\/app\/uploads\/2024\/07\/d33165072d24e86bba53341fa891111f7c9057e9_Website_format_JPG_25870_Pore_Minimizing_Primer.jpg\",\"contentUrl\":\"https:\/\/make-up-factory.com\/app\/uploads\/2024\/07\/d33165072d24e86bba53341fa891111f7c9057e9_Website_format_JPG_25870_Pore_Minimizing_Primer.jpg\",\"width\":2000,\"height\":2000},{\"@type\":\"BreadcrumbList\",\"@id\":\"https:\/\/make-up-factory.com\/de\/produkt\/pore-minimizing-primer-mf25870\/#breadcrumb\",\"itemListElement\":[{\"@type\":\"ListItem\",\"position\":1,\"name\":\"Home\",\"item\":\"https:\/\/make-up-factory.com\/de\/\"},{\"@type\":\"ListItem\",\"position\":2,\"name\":\"Produkte\",\"item\":\"https:\/\/make-up-factory.com\/de\/produkte\/\"},{\"@type\":\"ListItem\",\"position\":3,\"name\":\"Teint\",\"item\":\"https:\/\/make-up-factory.com\/de\/produkte\/teint\/\"},{\"@type\":\"ListItem\",\"position\":4,\"name\":\"Teint Specials\",\"item\":\"https:\/\/make-up-factory.com\/de\/produkte\/teint\/teint-teint-specials\/\"},{\"@type\":\"ListItem\",\"position\":5,\"name\":\"Pore Minimizing Primer\"}]},{\"@type\":\"WebSite\",\"@id\":\"https:\/\/make-up-factory.com\/de\/#website\",\"url\":\"https:\/\/make-up-factory.com\/de\/\",\"name\":\"Make up Factory\",\"description\":\"\",\"publisher\":{\"@id\":\"https:\/\/make-up-factory.com\/de\/#organization\"},\"potentialAction\":[{\"@type\":\"SearchAction\",\"target\":{\"@type\":\"EntryPoint\",\"urlTemplate\":\"https:\/\/make-up-factory.com\/de\/?s={search_term_string}\"},\"query-input\":{\"@type\":\"PropertyValueSpecification\",\"valueRequired\":true,\"valueName\":\"search_term_string\"}}],\"inLanguage\":\"de\"},{\"@type\":\"Organization\",\"@id\":\"https:\/\/make-up-factory.com\/de\/#organization\",\"name\":\"ICB innovative cosmetic brands GmbH\",\"url\":\"https:\/\/make-up-factory.com\/de\/\",\"logo\":{\"@type\":\"ImageObject\",\"inLanguage\":\"de\",\"@id\":\"https:\/\/make-up-factory.com\/de\/#\/schema\/logo\/image\/\",\"url\":\"https:\/\/make-up-factory.com\/app\/uploads\/2021\/02\/muf-logo-1.png\",\"contentUrl\":\"https:\/\/make-up-factory.com\/app\/uploads\/2021\/02\/muf-logo-1.png\",\"width\":119,\"height\":209,\"caption\":\"ICB innovative cosmetic brands GmbH\"},\"image\":{\"@id\":\"https:\/\/make-up-factory.com\/de\/#\/schema\/logo\/image\/\"},\"sameAs\":[\"https:\/\/www.facebook.com\/Makeupfactory\/\",\"https:\/\/www.instagram.com\/make_up_factory\/\",\"https:\/\/www.youtube.com\/channel\/UCleVbgsF0ox7ZnTLV6kG5hA\"]}]}<\/script>\n<!-- \/ Yoast SEO plugin. -->","yoast_head_json":{"title":"Pore Minimizing Primer - Make up Factory","robots":{"index":"index","follow":"follow","max-snippet":"max-snippet:-1","max-image-preview":"max-image-preview:large","max-video-preview":"max-video-preview:-1"},"canonical":"https:\/\/make-up-factory.com\/de\/produkt\/pore-minimizing-primer-mf25870\/","og_locale":"de_DE","og_type":"article","og_title":"Pore Minimizing Primer - Make up Factory","og_description":"Porenverfeinernde Grundierung","og_url":"https:\/\/make-up-factory.com\/de\/produkt\/pore-minimizing-primer-mf25870\/","og_site_name":"Make up Factory","article_publisher":"https:\/\/www.facebook.com\/Makeupfactory\/","article_modified_time":"2025-12-11T13:44:18+00:00","og_image":[{"width":2000,"height":2000,"url":"https:\/\/make-up-factory.com\/app\/uploads\/2024\/07\/d33165072d24e86bba53341fa891111f7c9057e9_Website_format_JPG_25870_Pore_Minimizing_Primer.jpg","type":"image\/jpeg"}],"twitter_card":"summary_large_image","schema":{"@context":"https:\/\/schema.org","@graph":[{"@type":"WebPage","@id":"https:\/\/make-up-factory.com\/de\/produkt\/pore-minimizing-primer-mf25870\/","url":"https:\/\/make-up-factory.com\/de\/produkt\/pore-minimizing-primer-mf25870\/","name":"Pore Minimizing Primer - Make up Factory","isPartOf":{"@id":"https:\/\/make-up-factory.com\/de\/#website"},"primaryImageOfPage":{"@id":"https:\/\/make-up-factory.com\/de\/produkt\/pore-minimizing-primer-mf25870\/#primaryimage"},"image":{"@id":"https:\/\/make-up-factory.com\/de\/produkt\/pore-minimizing-primer-mf25870\/#primaryimage"},"thumbnailUrl":"https:\/\/make-up-factory.com\/app\/uploads\/2024\/07\/d33165072d24e86bba53341fa891111f7c9057e9_Website_format_JPG_25870_Pore_Minimizing_Primer.jpg","datePublished":"2024-03-18T12:30:28+00:00","dateModified":"2025-12-11T13:44:18+00:00","breadcrumb":{"@id":"https:\/\/make-up-factory.com\/de\/produkt\/pore-minimizing-primer-mf25870\/#breadcrumb"},"inLanguage":"de","potentialAction":[{"@type":"ReadAction","target":["https:\/\/make-up-factory.com\/de\/produkt\/pore-minimizing-primer-mf25870\/"]}]},{"@type":"ImageObject","inLanguage":"de","@id":"https:\/\/make-up-factory.com\/de\/produkt\/pore-minimizing-primer-mf25870\/#primaryimage","url":"https:\/\/make-up-factory.com\/app\/uploads\/2024\/07\/d33165072d24e86bba53341fa891111f7c9057e9_Website_format_JPG_25870_Pore_Minimizing_Primer.jpg","contentUrl":"https:\/\/make-up-factory.com\/app\/uploads\/2024\/07\/d33165072d24e86bba53341fa891111f7c9057e9_Website_format_JPG_25870_Pore_Minimizing_Primer.jpg","width":2000,"height":2000},{"@type":"BreadcrumbList","@id":"https:\/\/make-up-factory.com\/de\/produkt\/pore-minimizing-primer-mf25870\/#breadcrumb","itemListElement":[{"@type":"ListItem","position":1,"name":"Home","item":"https:\/\/make-up-factory.com\/de\/"},{"@type":"ListItem","position":2,"name":"Produkte","item":"https:\/\/make-up-factory.com\/de\/produkte\/"},{"@type":"ListItem","position":3,"name":"Teint","item":"https:\/\/make-up-factory.com\/de\/produkte\/teint\/"},{"@type":"ListItem","position":4,"name":"Teint Specials","item":"https:\/\/make-up-factory.com\/de\/produkte\/teint\/teint-teint-specials\/"},{"@type":"ListItem","position":5,"name":"Pore Minimizing Primer"}]},{"@type":"WebSite","@id":"https:\/\/make-up-factory.com\/de\/#website","url":"https:\/\/make-up-factory.com\/de\/","name":"Make up Factory","description":"","publisher":{"@id":"https:\/\/make-up-factory.com\/de\/#organization"},"potentialAction":[{"@type":"SearchAction","target":{"@type":"EntryPoint","urlTemplate":"https:\/\/make-up-factory.com\/de\/?s={search_term_string}"},"query-input":{"@type":"PropertyValueSpecification","valueRequired":true,"valueName":"search_term_string"}}],"inLanguage":"de"},{"@type":"Organization","@id":"https:\/\/make-up-factory.com\/de\/#organization","name":"ICB innovative cosmetic brands GmbH","url":"https:\/\/make-up-factory.com\/de\/","logo":{"@type":"ImageObject","inLanguage":"de","@id":"https:\/\/make-up-factory.com\/de\/#\/schema\/logo\/image\/","url":"https:\/\/make-up-factory.com\/app\/uploads\/2021\/02\/muf-logo-1.png","contentUrl":"https:\/\/make-up-factory.com\/app\/uploads\/2021\/02\/muf-logo-1.png","width":119,"height":209,"caption":"ICB innovative cosmetic brands GmbH"},"image":{"@id":"https:\/\/make-up-factory.com\/de\/#\/schema\/logo\/image\/"},"sameAs":["https:\/\/www.facebook.com\/Makeupfactory\/","https:\/\/www.instagram.com\/make_up_factory\/","https:\/\/www.youtube.com\/channel\/UCleVbgsF0ox7ZnTLV6kG5hA"]}]}},"_links":{"self":[{"href":"https:\/\/make-up-factory.com\/de\/wp-json\/wp\/v2\/product\/111933","targetHints":{"allow":["GET"]}}],"collection":[{"href":"https:\/\/make-up-factory.com\/de\/wp-json\/wp\/v2\/product"}],"about":[{"href":"https:\/\/make-up-factory.com\/de\/wp-json\/wp\/v2\/types\/product"}],"version-history":[{"count":2,"href":"https:\/\/make-up-factory.com\/de\/wp-json\/wp\/v2\/product\/111933\/revisions"}],"predecessor-version":[{"id":118616,"href":"https:\/\/make-up-factory.com\/de\/wp-json\/wp\/v2\/product\/111933\/revisions\/118616"}],"wp:featuredmedia":[{"embeddable":true,"href":"https:\/\/make-up-factory.com\/de\/wp-json\/wp\/v2\/media\/112452"}],"wp:attachment":[{"href":"https:\/\/make-up-factory.com\/de\/wp-json\/wp\/v2\/media?parent=111933"}],"wp:term":[{"taxonomy":"product_cat","embeddable":true,"href":"https:\/\/make-up-factory.com\/de\/wp-json\/wp\/v2\/product_cat?post=111933"},{"taxonomy":"product_tag","embeddable":true,"href":"https:\/\/make-up-factory.com\/de\/wp-json\/wp\/v2\/product_tag?post=111933"}],"curies":[{"name":"wp","href":"https:\/\/api.w.org\/{rel}","templated":true}]}}