{"id":109355,"date":"2023-08-03T06:30:30","date_gmt":"2023-08-03T04:30:30","guid":{"rendered":"https:\/\/make-up-factory.com\/product\/mineral-mattifying-powder-mf2646-xx\/"},"modified":"2026-04-28T04:13:52","modified_gmt":"2026-04-28T02:13:52","slug":"mineral-mattifying-powder-mf2646-xx","status":"publish","type":"product","link":"https:\/\/make-up-factory.com\/de\/produkt\/mineral-mattifying-powder-mf2646-xx\/","title":{"rendered":"Mineral Mattifying Powder"},"content":{"rendered":"<p>Angereichert mit hochwertigen Mineralien l\u00e4sst der Mineral Mattifying Powder \u00fcbersch\u00fcssigen Glanz verschwinden und hinterl\u00e4sst ein makelloses, nat\u00fcrlich mattes Finish.<br \/>\nDer enthaltene Planktonextrakt absorbiert \u00fcbersch\u00fcssiges \u00d6l und wirkt als nat\u00fcrlicher Weichzeichner, wodurch feine Linien und F\u00e4ltchen kaschiert werden. Das enthaltene Vitamin E hat eine beruhigende und feuchtigkeitsspendende Wirkung auf die Haut. Der Puder ist f\u00fcr alle Hauttypen geeignet und kann sowohl allein als auch \u00fcber der Foundation f\u00fcr eine besonders lange Haltbarkeit verwendet werden.<\/p>\n","protected":false},"excerpt":{"rendered":"<p>Nat\u00fcrliches, makelloses Finish<\/p>\n","protected":false},"featured_media":110689,"template":"","meta":{"_acf_changed":false},"product_cat":[830],"product_tag":[],"class_list":{"0":"post-109355","1":"product","2":"type-product","3":"status-publish","4":"has-post-thumbnail","6":"product_cat-teint-puder","8":"first","9":"instock","10":"sold-individually","11":"shipping-taxable","12":"purchasable","13":"product-type-variable","14":"has-default-attributes"},"acf":[],"yoast_head":"<!-- This site is optimized with the Yoast SEO plugin v25.6 - https:\/\/yoast.com\/wordpress\/plugins\/seo\/ -->\n<title>Mineral Mattifying Powder - Make up Factory<\/title>\n<meta name=\"robots\" content=\"index, follow, max-snippet:-1, max-image-preview:large, max-video-preview:-1\" \/>\n<link rel=\"canonical\" href=\"https:\/\/make-up-factory.com\/de\/produkt\/mineral-mattifying-powder-mf2646-xx\/\" \/>\n<meta property=\"og:locale\" content=\"de_DE\" \/>\n<meta property=\"og:type\" content=\"article\" \/>\n<meta property=\"og:title\" content=\"Mineral Mattifying Powder - Make up Factory\" \/>\n<meta property=\"og:description\" content=\"Nat\u00fcrliches, makelloses Finish\" \/>\n<meta property=\"og:url\" content=\"https:\/\/make-up-factory.com\/de\/produkt\/mineral-mattifying-powder-mf2646-xx\/\" \/>\n<meta property=\"og:site_name\" content=\"Make up Factory\" \/>\n<meta property=\"article:publisher\" content=\"https:\/\/www.facebook.com\/Makeupfactory\/\" \/>\n<meta property=\"article:modified_time\" content=\"2026-04-28T02:13:52+00:00\" \/>\n<meta property=\"og:image\" content=\"https:\/\/make-up-factory.com\/app\/uploads\/2024\/01\/4469da12f01d51245b421d0f054416a50accbf30_Website_format_JPG_2646.40_Mineral_Mattiyfing_Powder.jpg\" \/>\n\t<meta property=\"og:image:width\" content=\"2000\" \/>\n\t<meta property=\"og:image:height\" content=\"2000\" \/>\n\t<meta property=\"og:image:type\" content=\"image\/jpeg\" \/>\n<meta name=\"twitter:card\" content=\"summary_large_image\" \/>\n<script type=\"application\/ld+json\" class=\"yoast-schema-graph\">{\"@context\":\"https:\/\/schema.org\",\"@graph\":[{\"@type\":\"WebPage\",\"@id\":\"https:\/\/make-up-factory.com\/de\/produkt\/mineral-mattifying-powder-mf2646-xx\/\",\"url\":\"https:\/\/make-up-factory.com\/de\/produkt\/mineral-mattifying-powder-mf2646-xx\/\",\"name\":\"Mineral Mattifying Powder - Make up Factory\",\"isPartOf\":{\"@id\":\"https:\/\/make-up-factory.com\/de\/#website\"},\"primaryImageOfPage\":{\"@id\":\"https:\/\/make-up-factory.com\/de\/produkt\/mineral-mattifying-powder-mf2646-xx\/#primaryimage\"},\"image\":{\"@id\":\"https:\/\/make-up-factory.com\/de\/produkt\/mineral-mattifying-powder-mf2646-xx\/#primaryimage\"},\"thumbnailUrl\":\"https:\/\/make-up-factory.com\/app\/uploads\/2024\/01\/4469da12f01d51245b421d0f054416a50accbf30_Website_format_JPG_2646.40_Mineral_Mattiyfing_Powder.jpg\",\"datePublished\":\"2023-08-03T04:30:30+00:00\",\"dateModified\":\"2026-04-28T02:13:52+00:00\",\"breadcrumb\":{\"@id\":\"https:\/\/make-up-factory.com\/de\/produkt\/mineral-mattifying-powder-mf2646-xx\/#breadcrumb\"},\"inLanguage\":\"de\",\"potentialAction\":[{\"@type\":\"ReadAction\",\"target\":[\"https:\/\/make-up-factory.com\/de\/produkt\/mineral-mattifying-powder-mf2646-xx\/\"]}]},{\"@type\":\"ImageObject\",\"inLanguage\":\"de\",\"@id\":\"https:\/\/make-up-factory.com\/de\/produkt\/mineral-mattifying-powder-mf2646-xx\/#primaryimage\",\"url\":\"https:\/\/make-up-factory.com\/app\/uploads\/2024\/01\/4469da12f01d51245b421d0f054416a50accbf30_Website_format_JPG_2646.40_Mineral_Mattiyfing_Powder.jpg\",\"contentUrl\":\"https:\/\/make-up-factory.com\/app\/uploads\/2024\/01\/4469da12f01d51245b421d0f054416a50accbf30_Website_format_JPG_2646.40_Mineral_Mattiyfing_Powder.jpg\",\"width\":2000,\"height\":2000},{\"@type\":\"BreadcrumbList\",\"@id\":\"https:\/\/make-up-factory.com\/de\/produkt\/mineral-mattifying-powder-mf2646-xx\/#breadcrumb\",\"itemListElement\":[{\"@type\":\"ListItem\",\"position\":1,\"name\":\"Home\",\"item\":\"https:\/\/make-up-factory.com\/de\/\"},{\"@type\":\"ListItem\",\"position\":2,\"name\":\"Produkte\",\"item\":\"https:\/\/make-up-factory.com\/de\/produkte\/\"},{\"@type\":\"ListItem\",\"position\":3,\"name\":\"Teint\",\"item\":\"https:\/\/make-up-factory.com\/de\/produkte\/teint\/\"},{\"@type\":\"ListItem\",\"position\":4,\"name\":\"Puder\",\"item\":\"https:\/\/make-up-factory.com\/de\/produkte\/teint\/teint-puder\/\"},{\"@type\":\"ListItem\",\"position\":5,\"name\":\"Mineral Mattifying Powder\"}]},{\"@type\":\"WebSite\",\"@id\":\"https:\/\/make-up-factory.com\/de\/#website\",\"url\":\"https:\/\/make-up-factory.com\/de\/\",\"name\":\"Make up Factory\",\"description\":\"\",\"publisher\":{\"@id\":\"https:\/\/make-up-factory.com\/de\/#organization\"},\"potentialAction\":[{\"@type\":\"SearchAction\",\"target\":{\"@type\":\"EntryPoint\",\"urlTemplate\":\"https:\/\/make-up-factory.com\/de\/?s={search_term_string}\"},\"query-input\":{\"@type\":\"PropertyValueSpecification\",\"valueRequired\":true,\"valueName\":\"search_term_string\"}}],\"inLanguage\":\"de\"},{\"@type\":\"Organization\",\"@id\":\"https:\/\/make-up-factory.com\/de\/#organization\",\"name\":\"ICB innovative cosmetic brands GmbH\",\"url\":\"https:\/\/make-up-factory.com\/de\/\",\"logo\":{\"@type\":\"ImageObject\",\"inLanguage\":\"de\",\"@id\":\"https:\/\/make-up-factory.com\/de\/#\/schema\/logo\/image\/\",\"url\":\"https:\/\/make-up-factory.com\/app\/uploads\/2021\/02\/muf-logo-1.png\",\"contentUrl\":\"https:\/\/make-up-factory.com\/app\/uploads\/2021\/02\/muf-logo-1.png\",\"width\":119,\"height\":209,\"caption\":\"ICB innovative cosmetic brands GmbH\"},\"image\":{\"@id\":\"https:\/\/make-up-factory.com\/de\/#\/schema\/logo\/image\/\"},\"sameAs\":[\"https:\/\/www.facebook.com\/Makeupfactory\/\",\"https:\/\/www.instagram.com\/make_up_factory\/\",\"https:\/\/www.youtube.com\/channel\/UCleVbgsF0ox7ZnTLV6kG5hA\"]}]}<\/script>\n<!-- \/ Yoast SEO plugin. -->","yoast_head_json":{"title":"Mineral Mattifying Powder - Make up Factory","robots":{"index":"index","follow":"follow","max-snippet":"max-snippet:-1","max-image-preview":"max-image-preview:large","max-video-preview":"max-video-preview:-1"},"canonical":"https:\/\/make-up-factory.com\/de\/produkt\/mineral-mattifying-powder-mf2646-xx\/","og_locale":"de_DE","og_type":"article","og_title":"Mineral Mattifying Powder - Make up Factory","og_description":"Nat\u00fcrliches, makelloses Finish","og_url":"https:\/\/make-up-factory.com\/de\/produkt\/mineral-mattifying-powder-mf2646-xx\/","og_site_name":"Make up Factory","article_publisher":"https:\/\/www.facebook.com\/Makeupfactory\/","article_modified_time":"2026-04-28T02:13:52+00:00","og_image":[{"width":2000,"height":2000,"url":"https:\/\/make-up-factory.com\/app\/uploads\/2024\/01\/4469da12f01d51245b421d0f054416a50accbf30_Website_format_JPG_2646.40_Mineral_Mattiyfing_Powder.jpg","type":"image\/jpeg"}],"twitter_card":"summary_large_image","schema":{"@context":"https:\/\/schema.org","@graph":[{"@type":"WebPage","@id":"https:\/\/make-up-factory.com\/de\/produkt\/mineral-mattifying-powder-mf2646-xx\/","url":"https:\/\/make-up-factory.com\/de\/produkt\/mineral-mattifying-powder-mf2646-xx\/","name":"Mineral Mattifying Powder - Make up Factory","isPartOf":{"@id":"https:\/\/make-up-factory.com\/de\/#website"},"primaryImageOfPage":{"@id":"https:\/\/make-up-factory.com\/de\/produkt\/mineral-mattifying-powder-mf2646-xx\/#primaryimage"},"image":{"@id":"https:\/\/make-up-factory.com\/de\/produkt\/mineral-mattifying-powder-mf2646-xx\/#primaryimage"},"thumbnailUrl":"https:\/\/make-up-factory.com\/app\/uploads\/2024\/01\/4469da12f01d51245b421d0f054416a50accbf30_Website_format_JPG_2646.40_Mineral_Mattiyfing_Powder.jpg","datePublished":"2023-08-03T04:30:30+00:00","dateModified":"2026-04-28T02:13:52+00:00","breadcrumb":{"@id":"https:\/\/make-up-factory.com\/de\/produkt\/mineral-mattifying-powder-mf2646-xx\/#breadcrumb"},"inLanguage":"de","potentialAction":[{"@type":"ReadAction","target":["https:\/\/make-up-factory.com\/de\/produkt\/mineral-mattifying-powder-mf2646-xx\/"]}]},{"@type":"ImageObject","inLanguage":"de","@id":"https:\/\/make-up-factory.com\/de\/produkt\/mineral-mattifying-powder-mf2646-xx\/#primaryimage","url":"https:\/\/make-up-factory.com\/app\/uploads\/2024\/01\/4469da12f01d51245b421d0f054416a50accbf30_Website_format_JPG_2646.40_Mineral_Mattiyfing_Powder.jpg","contentUrl":"https:\/\/make-up-factory.com\/app\/uploads\/2024\/01\/4469da12f01d51245b421d0f054416a50accbf30_Website_format_JPG_2646.40_Mineral_Mattiyfing_Powder.jpg","width":2000,"height":2000},{"@type":"BreadcrumbList","@id":"https:\/\/make-up-factory.com\/de\/produkt\/mineral-mattifying-powder-mf2646-xx\/#breadcrumb","itemListElement":[{"@type":"ListItem","position":1,"name":"Home","item":"https:\/\/make-up-factory.com\/de\/"},{"@type":"ListItem","position":2,"name":"Produkte","item":"https:\/\/make-up-factory.com\/de\/produkte\/"},{"@type":"ListItem","position":3,"name":"Teint","item":"https:\/\/make-up-factory.com\/de\/produkte\/teint\/"},{"@type":"ListItem","position":4,"name":"Puder","item":"https:\/\/make-up-factory.com\/de\/produkte\/teint\/teint-puder\/"},{"@type":"ListItem","position":5,"name":"Mineral Mattifying Powder"}]},{"@type":"WebSite","@id":"https:\/\/make-up-factory.com\/de\/#website","url":"https:\/\/make-up-factory.com\/de\/","name":"Make up Factory","description":"","publisher":{"@id":"https:\/\/make-up-factory.com\/de\/#organization"},"potentialAction":[{"@type":"SearchAction","target":{"@type":"EntryPoint","urlTemplate":"https:\/\/make-up-factory.com\/de\/?s={search_term_string}"},"query-input":{"@type":"PropertyValueSpecification","valueRequired":true,"valueName":"search_term_string"}}],"inLanguage":"de"},{"@type":"Organization","@id":"https:\/\/make-up-factory.com\/de\/#organization","name":"ICB innovative cosmetic brands GmbH","url":"https:\/\/make-up-factory.com\/de\/","logo":{"@type":"ImageObject","inLanguage":"de","@id":"https:\/\/make-up-factory.com\/de\/#\/schema\/logo\/image\/","url":"https:\/\/make-up-factory.com\/app\/uploads\/2021\/02\/muf-logo-1.png","contentUrl":"https:\/\/make-up-factory.com\/app\/uploads\/2021\/02\/muf-logo-1.png","width":119,"height":209,"caption":"ICB innovative cosmetic brands GmbH"},"image":{"@id":"https:\/\/make-up-factory.com\/de\/#\/schema\/logo\/image\/"},"sameAs":["https:\/\/www.facebook.com\/Makeupfactory\/","https:\/\/www.instagram.com\/make_up_factory\/","https:\/\/www.youtube.com\/channel\/UCleVbgsF0ox7ZnTLV6kG5hA"]}]}},"_links":{"self":[{"href":"https:\/\/make-up-factory.com\/de\/wp-json\/wp\/v2\/product\/109355","targetHints":{"allow":["GET"]}}],"collection":[{"href":"https:\/\/make-up-factory.com\/de\/wp-json\/wp\/v2\/product"}],"about":[{"href":"https:\/\/make-up-factory.com\/de\/wp-json\/wp\/v2\/types\/product"}],"version-history":[{"count":2,"href":"https:\/\/make-up-factory.com\/de\/wp-json\/wp\/v2\/product\/109355\/revisions"}],"predecessor-version":[{"id":117160,"href":"https:\/\/make-up-factory.com\/de\/wp-json\/wp\/v2\/product\/109355\/revisions\/117160"}],"wp:featuredmedia":[{"embeddable":true,"href":"https:\/\/make-up-factory.com\/de\/wp-json\/wp\/v2\/media\/110689"}],"wp:attachment":[{"href":"https:\/\/make-up-factory.com\/de\/wp-json\/wp\/v2\/media?parent=109355"}],"wp:term":[{"taxonomy":"product_cat","embeddable":true,"href":"https:\/\/make-up-factory.com\/de\/wp-json\/wp\/v2\/product_cat?post=109355"},{"taxonomy":"product_tag","embeddable":true,"href":"https:\/\/make-up-factory.com\/de\/wp-json\/wp\/v2\/product_tag?post=109355"}],"curies":[{"name":"wp","href":"https:\/\/api.w.org\/{rel}","templated":true}]}}