{"id":108098,"date":"2023-01-13T06:30:37","date_gmt":"2023-01-13T05:30:37","guid":{"rendered":"https:\/\/make-up-factory.com\/product\/mineral-mat-bronzer-mf2662-xx\/"},"modified":"2026-04-08T01:33:42","modified_gmt":"2026-04-07T23:33:42","slug":"mineral-mat-bronzer-mf2662-xx","status":"publish","type":"product","link":"https:\/\/make-up-factory.com\/de\/produkt\/mineral-mat-bronzer-mf2662-xx\/","title":{"rendered":"Mineral Mat Bronzer"},"content":{"rendered":"<p>Der Mineral Mat Bronzer sorgt f\u00fcr einen strahlenden, sonnenverw\u00f6hnten Look und verleiht ein perfektes, makelloses und mattes Finish. Die langanhaltende Textur l\u00e4sst sich leicht verblenden und hinterl\u00e4sst ein angenehmes Hautgef\u00fchl. Zudem \u00fcberzeugt er mit einem hohen Anteil an Inhaltstoffen nat\u00fcrlichen Ursprungs und 50% recyceltem Packaging.<\/p>\n","protected":false},"excerpt":{"rendered":"<p>Langanhaltender Bronzer im sommerlichen Design <\/p>\n","protected":false},"featured_media":108833,"template":"","meta":{"_acf_changed":false},"product_cat":[832],"product_tag":[],"class_list":{"0":"post-108098","1":"product","2":"type-product","3":"status-publish","4":"has-post-thumbnail","6":"product_cat-teint-rouge-bronzer","8":"first","9":"instock","10":"sold-individually","11":"shipping-taxable","12":"purchasable","13":"product-type-variable","14":"has-default-attributes"},"acf":[],"yoast_head":"<!-- This site is optimized with the Yoast SEO plugin v25.6 - https:\/\/yoast.com\/wordpress\/plugins\/seo\/ -->\n<title>Mineral Mat Bronzer - Make up Factory<\/title>\n<meta name=\"robots\" content=\"index, follow, max-snippet:-1, max-image-preview:large, max-video-preview:-1\" \/>\n<link rel=\"canonical\" href=\"https:\/\/make-up-factory.com\/de\/produkt\/mineral-mat-bronzer-mf2662-xx\/\" \/>\n<meta property=\"og:locale\" content=\"de_DE\" \/>\n<meta property=\"og:type\" content=\"article\" \/>\n<meta property=\"og:title\" content=\"Mineral Mat Bronzer - Make up Factory\" \/>\n<meta property=\"og:description\" content=\"Langanhaltender Bronzer im sommerlichen Design\" \/>\n<meta property=\"og:url\" content=\"https:\/\/make-up-factory.com\/de\/produkt\/mineral-mat-bronzer-mf2662-xx\/\" \/>\n<meta property=\"og:site_name\" content=\"Make up Factory\" \/>\n<meta property=\"article:publisher\" content=\"https:\/\/www.facebook.com\/Makeupfactory\/\" \/>\n<meta property=\"article:modified_time\" content=\"2026-04-07T23:33:42+00:00\" \/>\n<meta property=\"og:image\" content=\"https:\/\/make-up-factory.com\/app\/uploads\/2023\/03\/40d76ba3dc06f581cb0165035b10799021a42146_Website__format_JPG_2662.07_Mineral_Mat_Bronzer.jpg\" \/>\n\t<meta property=\"og:image:width\" content=\"1000\" \/>\n\t<meta property=\"og:image:height\" content=\"1000\" \/>\n\t<meta property=\"og:image:type\" content=\"image\/jpeg\" \/>\n<meta name=\"twitter:card\" content=\"summary_large_image\" \/>\n<script type=\"application\/ld+json\" class=\"yoast-schema-graph\">{\"@context\":\"https:\/\/schema.org\",\"@graph\":[{\"@type\":\"WebPage\",\"@id\":\"https:\/\/make-up-factory.com\/de\/produkt\/mineral-mat-bronzer-mf2662-xx\/\",\"url\":\"https:\/\/make-up-factory.com\/de\/produkt\/mineral-mat-bronzer-mf2662-xx\/\",\"name\":\"Mineral Mat Bronzer - Make up Factory\",\"isPartOf\":{\"@id\":\"https:\/\/make-up-factory.com\/de\/#website\"},\"primaryImageOfPage\":{\"@id\":\"https:\/\/make-up-factory.com\/de\/produkt\/mineral-mat-bronzer-mf2662-xx\/#primaryimage\"},\"image\":{\"@id\":\"https:\/\/make-up-factory.com\/de\/produkt\/mineral-mat-bronzer-mf2662-xx\/#primaryimage\"},\"thumbnailUrl\":\"https:\/\/make-up-factory.com\/app\/uploads\/2023\/03\/40d76ba3dc06f581cb0165035b10799021a42146_Website__format_JPG_2662.07_Mineral_Mat_Bronzer.jpg\",\"datePublished\":\"2023-01-13T05:30:37+00:00\",\"dateModified\":\"2026-04-07T23:33:42+00:00\",\"breadcrumb\":{\"@id\":\"https:\/\/make-up-factory.com\/de\/produkt\/mineral-mat-bronzer-mf2662-xx\/#breadcrumb\"},\"inLanguage\":\"de\",\"potentialAction\":[{\"@type\":\"ReadAction\",\"target\":[\"https:\/\/make-up-factory.com\/de\/produkt\/mineral-mat-bronzer-mf2662-xx\/\"]}]},{\"@type\":\"ImageObject\",\"inLanguage\":\"de\",\"@id\":\"https:\/\/make-up-factory.com\/de\/produkt\/mineral-mat-bronzer-mf2662-xx\/#primaryimage\",\"url\":\"https:\/\/make-up-factory.com\/app\/uploads\/2023\/03\/40d76ba3dc06f581cb0165035b10799021a42146_Website__format_JPG_2662.07_Mineral_Mat_Bronzer.jpg\",\"contentUrl\":\"https:\/\/make-up-factory.com\/app\/uploads\/2023\/03\/40d76ba3dc06f581cb0165035b10799021a42146_Website__format_JPG_2662.07_Mineral_Mat_Bronzer.jpg\",\"width\":1000,\"height\":1000},{\"@type\":\"BreadcrumbList\",\"@id\":\"https:\/\/make-up-factory.com\/de\/produkt\/mineral-mat-bronzer-mf2662-xx\/#breadcrumb\",\"itemListElement\":[{\"@type\":\"ListItem\",\"position\":1,\"name\":\"Home\",\"item\":\"https:\/\/make-up-factory.com\/de\/\"},{\"@type\":\"ListItem\",\"position\":2,\"name\":\"Produkte\",\"item\":\"https:\/\/make-up-factory.com\/de\/produkte\/\"},{\"@type\":\"ListItem\",\"position\":3,\"name\":\"Teint\",\"item\":\"https:\/\/make-up-factory.com\/de\/produkte\/teint\/\"},{\"@type\":\"ListItem\",\"position\":4,\"name\":\"Rouge &amp; Bronzers\",\"item\":\"https:\/\/make-up-factory.com\/de\/produkte\/teint\/teint-rouge-bronzer\/\"},{\"@type\":\"ListItem\",\"position\":5,\"name\":\"Mineral Mat Bronzer\"}]},{\"@type\":\"WebSite\",\"@id\":\"https:\/\/make-up-factory.com\/de\/#website\",\"url\":\"https:\/\/make-up-factory.com\/de\/\",\"name\":\"Make up Factory\",\"description\":\"\",\"publisher\":{\"@id\":\"https:\/\/make-up-factory.com\/de\/#organization\"},\"potentialAction\":[{\"@type\":\"SearchAction\",\"target\":{\"@type\":\"EntryPoint\",\"urlTemplate\":\"https:\/\/make-up-factory.com\/de\/?s={search_term_string}\"},\"query-input\":{\"@type\":\"PropertyValueSpecification\",\"valueRequired\":true,\"valueName\":\"search_term_string\"}}],\"inLanguage\":\"de\"},{\"@type\":\"Organization\",\"@id\":\"https:\/\/make-up-factory.com\/de\/#organization\",\"name\":\"ICB innovative cosmetic brands GmbH\",\"url\":\"https:\/\/make-up-factory.com\/de\/\",\"logo\":{\"@type\":\"ImageObject\",\"inLanguage\":\"de\",\"@id\":\"https:\/\/make-up-factory.com\/de\/#\/schema\/logo\/image\/\",\"url\":\"https:\/\/make-up-factory.com\/app\/uploads\/2021\/02\/muf-logo-1.png\",\"contentUrl\":\"https:\/\/make-up-factory.com\/app\/uploads\/2021\/02\/muf-logo-1.png\",\"width\":119,\"height\":209,\"caption\":\"ICB innovative cosmetic brands GmbH\"},\"image\":{\"@id\":\"https:\/\/make-up-factory.com\/de\/#\/schema\/logo\/image\/\"},\"sameAs\":[\"https:\/\/www.facebook.com\/Makeupfactory\/\",\"https:\/\/www.instagram.com\/make_up_factory\/\",\"https:\/\/www.youtube.com\/channel\/UCleVbgsF0ox7ZnTLV6kG5hA\"]}]}<\/script>\n<!-- \/ Yoast SEO plugin. -->","yoast_head_json":{"title":"Mineral Mat Bronzer - Make up Factory","robots":{"index":"index","follow":"follow","max-snippet":"max-snippet:-1","max-image-preview":"max-image-preview:large","max-video-preview":"max-video-preview:-1"},"canonical":"https:\/\/make-up-factory.com\/de\/produkt\/mineral-mat-bronzer-mf2662-xx\/","og_locale":"de_DE","og_type":"article","og_title":"Mineral Mat Bronzer - Make up Factory","og_description":"Langanhaltender Bronzer im sommerlichen Design","og_url":"https:\/\/make-up-factory.com\/de\/produkt\/mineral-mat-bronzer-mf2662-xx\/","og_site_name":"Make up Factory","article_publisher":"https:\/\/www.facebook.com\/Makeupfactory\/","article_modified_time":"2026-04-07T23:33:42+00:00","og_image":[{"width":1000,"height":1000,"url":"https:\/\/make-up-factory.com\/app\/uploads\/2023\/03\/40d76ba3dc06f581cb0165035b10799021a42146_Website__format_JPG_2662.07_Mineral_Mat_Bronzer.jpg","type":"image\/jpeg"}],"twitter_card":"summary_large_image","schema":{"@context":"https:\/\/schema.org","@graph":[{"@type":"WebPage","@id":"https:\/\/make-up-factory.com\/de\/produkt\/mineral-mat-bronzer-mf2662-xx\/","url":"https:\/\/make-up-factory.com\/de\/produkt\/mineral-mat-bronzer-mf2662-xx\/","name":"Mineral Mat Bronzer - Make up Factory","isPartOf":{"@id":"https:\/\/make-up-factory.com\/de\/#website"},"primaryImageOfPage":{"@id":"https:\/\/make-up-factory.com\/de\/produkt\/mineral-mat-bronzer-mf2662-xx\/#primaryimage"},"image":{"@id":"https:\/\/make-up-factory.com\/de\/produkt\/mineral-mat-bronzer-mf2662-xx\/#primaryimage"},"thumbnailUrl":"https:\/\/make-up-factory.com\/app\/uploads\/2023\/03\/40d76ba3dc06f581cb0165035b10799021a42146_Website__format_JPG_2662.07_Mineral_Mat_Bronzer.jpg","datePublished":"2023-01-13T05:30:37+00:00","dateModified":"2026-04-07T23:33:42+00:00","breadcrumb":{"@id":"https:\/\/make-up-factory.com\/de\/produkt\/mineral-mat-bronzer-mf2662-xx\/#breadcrumb"},"inLanguage":"de","potentialAction":[{"@type":"ReadAction","target":["https:\/\/make-up-factory.com\/de\/produkt\/mineral-mat-bronzer-mf2662-xx\/"]}]},{"@type":"ImageObject","inLanguage":"de","@id":"https:\/\/make-up-factory.com\/de\/produkt\/mineral-mat-bronzer-mf2662-xx\/#primaryimage","url":"https:\/\/make-up-factory.com\/app\/uploads\/2023\/03\/40d76ba3dc06f581cb0165035b10799021a42146_Website__format_JPG_2662.07_Mineral_Mat_Bronzer.jpg","contentUrl":"https:\/\/make-up-factory.com\/app\/uploads\/2023\/03\/40d76ba3dc06f581cb0165035b10799021a42146_Website__format_JPG_2662.07_Mineral_Mat_Bronzer.jpg","width":1000,"height":1000},{"@type":"BreadcrumbList","@id":"https:\/\/make-up-factory.com\/de\/produkt\/mineral-mat-bronzer-mf2662-xx\/#breadcrumb","itemListElement":[{"@type":"ListItem","position":1,"name":"Home","item":"https:\/\/make-up-factory.com\/de\/"},{"@type":"ListItem","position":2,"name":"Produkte","item":"https:\/\/make-up-factory.com\/de\/produkte\/"},{"@type":"ListItem","position":3,"name":"Teint","item":"https:\/\/make-up-factory.com\/de\/produkte\/teint\/"},{"@type":"ListItem","position":4,"name":"Rouge &amp; Bronzers","item":"https:\/\/make-up-factory.com\/de\/produkte\/teint\/teint-rouge-bronzer\/"},{"@type":"ListItem","position":5,"name":"Mineral Mat Bronzer"}]},{"@type":"WebSite","@id":"https:\/\/make-up-factory.com\/de\/#website","url":"https:\/\/make-up-factory.com\/de\/","name":"Make up Factory","description":"","publisher":{"@id":"https:\/\/make-up-factory.com\/de\/#organization"},"potentialAction":[{"@type":"SearchAction","target":{"@type":"EntryPoint","urlTemplate":"https:\/\/make-up-factory.com\/de\/?s={search_term_string}"},"query-input":{"@type":"PropertyValueSpecification","valueRequired":true,"valueName":"search_term_string"}}],"inLanguage":"de"},{"@type":"Organization","@id":"https:\/\/make-up-factory.com\/de\/#organization","name":"ICB innovative cosmetic brands GmbH","url":"https:\/\/make-up-factory.com\/de\/","logo":{"@type":"ImageObject","inLanguage":"de","@id":"https:\/\/make-up-factory.com\/de\/#\/schema\/logo\/image\/","url":"https:\/\/make-up-factory.com\/app\/uploads\/2021\/02\/muf-logo-1.png","contentUrl":"https:\/\/make-up-factory.com\/app\/uploads\/2021\/02\/muf-logo-1.png","width":119,"height":209,"caption":"ICB innovative cosmetic brands GmbH"},"image":{"@id":"https:\/\/make-up-factory.com\/de\/#\/schema\/logo\/image\/"},"sameAs":["https:\/\/www.facebook.com\/Makeupfactory\/","https:\/\/www.instagram.com\/make_up_factory\/","https:\/\/www.youtube.com\/channel\/UCleVbgsF0ox7ZnTLV6kG5hA"]}]}},"_links":{"self":[{"href":"https:\/\/make-up-factory.com\/de\/wp-json\/wp\/v2\/product\/108098","targetHints":{"allow":["GET"]}}],"collection":[{"href":"https:\/\/make-up-factory.com\/de\/wp-json\/wp\/v2\/product"}],"about":[{"href":"https:\/\/make-up-factory.com\/de\/wp-json\/wp\/v2\/types\/product"}],"version-history":[{"count":3,"href":"https:\/\/make-up-factory.com\/de\/wp-json\/wp\/v2\/product\/108098\/revisions"}],"predecessor-version":[{"id":117135,"href":"https:\/\/make-up-factory.com\/de\/wp-json\/wp\/v2\/product\/108098\/revisions\/117135"}],"wp:featuredmedia":[{"embeddable":true,"href":"https:\/\/make-up-factory.com\/de\/wp-json\/wp\/v2\/media\/108833"}],"wp:attachment":[{"href":"https:\/\/make-up-factory.com\/de\/wp-json\/wp\/v2\/media?parent=108098"}],"wp:term":[{"taxonomy":"product_cat","embeddable":true,"href":"https:\/\/make-up-factory.com\/de\/wp-json\/wp\/v2\/product_cat?post=108098"},{"taxonomy":"product_tag","embeddable":true,"href":"https:\/\/make-up-factory.com\/de\/wp-json\/wp\/v2\/product_tag?post=108098"}],"curies":[{"name":"wp","href":"https:\/\/api.w.org\/{rel}","templated":true}]}}