{"id":107698,"date":"2022-11-29T06:30:29","date_gmt":"2022-11-29T05:30:29","guid":{"rendered":"https:\/\/make-up-factory.com\/product\/statement-lashes-mf2494-xx\/"},"modified":"2026-04-10T21:56:55","modified_gmt":"2026-04-10T19:56:55","slug":"statement-lashes-mf2494-xx","status":"publish","type":"product","link":"https:\/\/make-up-factory.com\/de\/produkt\/statement-lashes-mf2494-xx\/","title":{"rendered":"Statement Lashes"},"content":{"rendered":"<p>Gib Deinem Augen Make-up den perfekten letzten Touch und setze Deine Augen mit unseren hochwertigen Statement Lashes perfekt in Szene. Verschiedene Wimperntypen verleihen Deinen eigenen Wimpern in Sekunden mehr Ausdruckskraft, f\u00fcr einen atemberaubenden Augenaufschlag. Diese Wimpern passen sich optimal dem nat\u00fcrlichen Wimpernbogen an und bieten sofortige Verdichtung sowie Verl\u00e4ngerung des Wimpernf\u00e4chers und sind zudem wiederverwendbar. Die Wimpern kommen mit einem beiliegenden Mini-Kleber. Dank hoher Qualit\u00e4t sind einfaches Anbringen und schnelles Entfernen garantiert.<\/p>\n","protected":false},"excerpt":{"rendered":"<p>K\u00fcnstliche Wimpern mit Mini-Kleber<\/p>\n","protected":false},"featured_media":111818,"template":"","meta":{"_acf_changed":false},"product_cat":[845],"product_tag":[],"class_list":{"0":"post-107698","1":"product","2":"type-product","3":"status-publish","4":"has-post-thumbnail","6":"product_cat-augen-kuenstliche-wimpern","8":"first","9":"instock","10":"sold-individually","11":"shipping-taxable","12":"purchasable","13":"product-type-variable","14":"has-default-attributes"},"acf":[],"yoast_head":"<!-- This site is optimized with the Yoast SEO plugin v25.6 - https:\/\/yoast.com\/wordpress\/plugins\/seo\/ -->\n<title>Statement Lashes - Make up Factory<\/title>\n<meta name=\"robots\" content=\"index, follow, max-snippet:-1, max-image-preview:large, max-video-preview:-1\" \/>\n<link rel=\"canonical\" href=\"https:\/\/make-up-factory.com\/de\/produkt\/statement-lashes-mf2494-xx\/\" \/>\n<meta property=\"og:locale\" content=\"de_DE\" \/>\n<meta property=\"og:type\" content=\"article\" \/>\n<meta property=\"og:title\" content=\"Statement Lashes - Make up Factory\" \/>\n<meta property=\"og:description\" content=\"K\u00fcnstliche Wimpern mit Mini-Kleber\" \/>\n<meta property=\"og:url\" content=\"https:\/\/make-up-factory.com\/de\/produkt\/statement-lashes-mf2494-xx\/\" \/>\n<meta property=\"og:site_name\" content=\"Make up Factory\" \/>\n<meta property=\"article:publisher\" content=\"https:\/\/www.facebook.com\/Makeupfactory\/\" \/>\n<meta property=\"article:modified_time\" content=\"2026-04-10T19:56:55+00:00\" \/>\n<meta property=\"og:image\" content=\"https:\/\/make-up-factory.com\/app\/uploads\/2024\/03\/83cfe37cc53eab6220e844d1095b5f7e089cdf7c_Website_format_JPG_2494.17_Statement_Lashes.jpg\" \/>\n\t<meta property=\"og:image:width\" content=\"2000\" \/>\n\t<meta property=\"og:image:height\" content=\"2000\" \/>\n\t<meta property=\"og:image:type\" content=\"image\/jpeg\" \/>\n<meta name=\"twitter:card\" content=\"summary_large_image\" \/>\n<script type=\"application\/ld+json\" class=\"yoast-schema-graph\">{\"@context\":\"https:\/\/schema.org\",\"@graph\":[{\"@type\":\"WebPage\",\"@id\":\"https:\/\/make-up-factory.com\/de\/produkt\/statement-lashes-mf2494-xx\/\",\"url\":\"https:\/\/make-up-factory.com\/de\/produkt\/statement-lashes-mf2494-xx\/\",\"name\":\"Statement Lashes - Make up Factory\",\"isPartOf\":{\"@id\":\"https:\/\/make-up-factory.com\/de\/#website\"},\"primaryImageOfPage\":{\"@id\":\"https:\/\/make-up-factory.com\/de\/produkt\/statement-lashes-mf2494-xx\/#primaryimage\"},\"image\":{\"@id\":\"https:\/\/make-up-factory.com\/de\/produkt\/statement-lashes-mf2494-xx\/#primaryimage\"},\"thumbnailUrl\":\"https:\/\/make-up-factory.com\/app\/uploads\/2024\/03\/83cfe37cc53eab6220e844d1095b5f7e089cdf7c_Website_format_JPG_2494.17_Statement_Lashes.jpg\",\"datePublished\":\"2022-11-29T05:30:29+00:00\",\"dateModified\":\"2026-04-10T19:56:55+00:00\",\"breadcrumb\":{\"@id\":\"https:\/\/make-up-factory.com\/de\/produkt\/statement-lashes-mf2494-xx\/#breadcrumb\"},\"inLanguage\":\"de\",\"potentialAction\":[{\"@type\":\"ReadAction\",\"target\":[\"https:\/\/make-up-factory.com\/de\/produkt\/statement-lashes-mf2494-xx\/\"]}]},{\"@type\":\"ImageObject\",\"inLanguage\":\"de\",\"@id\":\"https:\/\/make-up-factory.com\/de\/produkt\/statement-lashes-mf2494-xx\/#primaryimage\",\"url\":\"https:\/\/make-up-factory.com\/app\/uploads\/2024\/03\/83cfe37cc53eab6220e844d1095b5f7e089cdf7c_Website_format_JPG_2494.17_Statement_Lashes.jpg\",\"contentUrl\":\"https:\/\/make-up-factory.com\/app\/uploads\/2024\/03\/83cfe37cc53eab6220e844d1095b5f7e089cdf7c_Website_format_JPG_2494.17_Statement_Lashes.jpg\",\"width\":2000,\"height\":2000},{\"@type\":\"BreadcrumbList\",\"@id\":\"https:\/\/make-up-factory.com\/de\/produkt\/statement-lashes-mf2494-xx\/#breadcrumb\",\"itemListElement\":[{\"@type\":\"ListItem\",\"position\":1,\"name\":\"Home\",\"item\":\"https:\/\/make-up-factory.com\/de\/\"},{\"@type\":\"ListItem\",\"position\":2,\"name\":\"Produkte\",\"item\":\"https:\/\/make-up-factory.com\/de\/produkte\/\"},{\"@type\":\"ListItem\",\"position\":3,\"name\":\"Augen\",\"item\":\"https:\/\/make-up-factory.com\/de\/produkte\/augen\/\"},{\"@type\":\"ListItem\",\"position\":4,\"name\":\"K\u00fcnstliche Wimpern\",\"item\":\"https:\/\/make-up-factory.com\/de\/produkte\/augen\/augen-kuenstliche-wimpern\/\"},{\"@type\":\"ListItem\",\"position\":5,\"name\":\"Statement Lashes\"}]},{\"@type\":\"WebSite\",\"@id\":\"https:\/\/make-up-factory.com\/de\/#website\",\"url\":\"https:\/\/make-up-factory.com\/de\/\",\"name\":\"Make up Factory\",\"description\":\"\",\"publisher\":{\"@id\":\"https:\/\/make-up-factory.com\/de\/#organization\"},\"potentialAction\":[{\"@type\":\"SearchAction\",\"target\":{\"@type\":\"EntryPoint\",\"urlTemplate\":\"https:\/\/make-up-factory.com\/de\/?s={search_term_string}\"},\"query-input\":{\"@type\":\"PropertyValueSpecification\",\"valueRequired\":true,\"valueName\":\"search_term_string\"}}],\"inLanguage\":\"de\"},{\"@type\":\"Organization\",\"@id\":\"https:\/\/make-up-factory.com\/de\/#organization\",\"name\":\"ICB innovative cosmetic brands GmbH\",\"url\":\"https:\/\/make-up-factory.com\/de\/\",\"logo\":{\"@type\":\"ImageObject\",\"inLanguage\":\"de\",\"@id\":\"https:\/\/make-up-factory.com\/de\/#\/schema\/logo\/image\/\",\"url\":\"https:\/\/make-up-factory.com\/app\/uploads\/2021\/02\/muf-logo-1.png\",\"contentUrl\":\"https:\/\/make-up-factory.com\/app\/uploads\/2021\/02\/muf-logo-1.png\",\"width\":119,\"height\":209,\"caption\":\"ICB innovative cosmetic brands GmbH\"},\"image\":{\"@id\":\"https:\/\/make-up-factory.com\/de\/#\/schema\/logo\/image\/\"},\"sameAs\":[\"https:\/\/www.facebook.com\/Makeupfactory\/\",\"https:\/\/www.instagram.com\/make_up_factory\/\",\"https:\/\/www.youtube.com\/channel\/UCleVbgsF0ox7ZnTLV6kG5hA\"]}]}<\/script>\n<!-- \/ Yoast SEO plugin. -->","yoast_head_json":{"title":"Statement Lashes - Make up Factory","robots":{"index":"index","follow":"follow","max-snippet":"max-snippet:-1","max-image-preview":"max-image-preview:large","max-video-preview":"max-video-preview:-1"},"canonical":"https:\/\/make-up-factory.com\/de\/produkt\/statement-lashes-mf2494-xx\/","og_locale":"de_DE","og_type":"article","og_title":"Statement Lashes - Make up Factory","og_description":"K\u00fcnstliche Wimpern mit Mini-Kleber","og_url":"https:\/\/make-up-factory.com\/de\/produkt\/statement-lashes-mf2494-xx\/","og_site_name":"Make up Factory","article_publisher":"https:\/\/www.facebook.com\/Makeupfactory\/","article_modified_time":"2026-04-10T19:56:55+00:00","og_image":[{"width":2000,"height":2000,"url":"https:\/\/make-up-factory.com\/app\/uploads\/2024\/03\/83cfe37cc53eab6220e844d1095b5f7e089cdf7c_Website_format_JPG_2494.17_Statement_Lashes.jpg","type":"image\/jpeg"}],"twitter_card":"summary_large_image","schema":{"@context":"https:\/\/schema.org","@graph":[{"@type":"WebPage","@id":"https:\/\/make-up-factory.com\/de\/produkt\/statement-lashes-mf2494-xx\/","url":"https:\/\/make-up-factory.com\/de\/produkt\/statement-lashes-mf2494-xx\/","name":"Statement Lashes - Make up Factory","isPartOf":{"@id":"https:\/\/make-up-factory.com\/de\/#website"},"primaryImageOfPage":{"@id":"https:\/\/make-up-factory.com\/de\/produkt\/statement-lashes-mf2494-xx\/#primaryimage"},"image":{"@id":"https:\/\/make-up-factory.com\/de\/produkt\/statement-lashes-mf2494-xx\/#primaryimage"},"thumbnailUrl":"https:\/\/make-up-factory.com\/app\/uploads\/2024\/03\/83cfe37cc53eab6220e844d1095b5f7e089cdf7c_Website_format_JPG_2494.17_Statement_Lashes.jpg","datePublished":"2022-11-29T05:30:29+00:00","dateModified":"2026-04-10T19:56:55+00:00","breadcrumb":{"@id":"https:\/\/make-up-factory.com\/de\/produkt\/statement-lashes-mf2494-xx\/#breadcrumb"},"inLanguage":"de","potentialAction":[{"@type":"ReadAction","target":["https:\/\/make-up-factory.com\/de\/produkt\/statement-lashes-mf2494-xx\/"]}]},{"@type":"ImageObject","inLanguage":"de","@id":"https:\/\/make-up-factory.com\/de\/produkt\/statement-lashes-mf2494-xx\/#primaryimage","url":"https:\/\/make-up-factory.com\/app\/uploads\/2024\/03\/83cfe37cc53eab6220e844d1095b5f7e089cdf7c_Website_format_JPG_2494.17_Statement_Lashes.jpg","contentUrl":"https:\/\/make-up-factory.com\/app\/uploads\/2024\/03\/83cfe37cc53eab6220e844d1095b5f7e089cdf7c_Website_format_JPG_2494.17_Statement_Lashes.jpg","width":2000,"height":2000},{"@type":"BreadcrumbList","@id":"https:\/\/make-up-factory.com\/de\/produkt\/statement-lashes-mf2494-xx\/#breadcrumb","itemListElement":[{"@type":"ListItem","position":1,"name":"Home","item":"https:\/\/make-up-factory.com\/de\/"},{"@type":"ListItem","position":2,"name":"Produkte","item":"https:\/\/make-up-factory.com\/de\/produkte\/"},{"@type":"ListItem","position":3,"name":"Augen","item":"https:\/\/make-up-factory.com\/de\/produkte\/augen\/"},{"@type":"ListItem","position":4,"name":"K\u00fcnstliche Wimpern","item":"https:\/\/make-up-factory.com\/de\/produkte\/augen\/augen-kuenstliche-wimpern\/"},{"@type":"ListItem","position":5,"name":"Statement Lashes"}]},{"@type":"WebSite","@id":"https:\/\/make-up-factory.com\/de\/#website","url":"https:\/\/make-up-factory.com\/de\/","name":"Make up Factory","description":"","publisher":{"@id":"https:\/\/make-up-factory.com\/de\/#organization"},"potentialAction":[{"@type":"SearchAction","target":{"@type":"EntryPoint","urlTemplate":"https:\/\/make-up-factory.com\/de\/?s={search_term_string}"},"query-input":{"@type":"PropertyValueSpecification","valueRequired":true,"valueName":"search_term_string"}}],"inLanguage":"de"},{"@type":"Organization","@id":"https:\/\/make-up-factory.com\/de\/#organization","name":"ICB innovative cosmetic brands GmbH","url":"https:\/\/make-up-factory.com\/de\/","logo":{"@type":"ImageObject","inLanguage":"de","@id":"https:\/\/make-up-factory.com\/de\/#\/schema\/logo\/image\/","url":"https:\/\/make-up-factory.com\/app\/uploads\/2021\/02\/muf-logo-1.png","contentUrl":"https:\/\/make-up-factory.com\/app\/uploads\/2021\/02\/muf-logo-1.png","width":119,"height":209,"caption":"ICB innovative cosmetic brands GmbH"},"image":{"@id":"https:\/\/make-up-factory.com\/de\/#\/schema\/logo\/image\/"},"sameAs":["https:\/\/www.facebook.com\/Makeupfactory\/","https:\/\/www.instagram.com\/make_up_factory\/","https:\/\/www.youtube.com\/channel\/UCleVbgsF0ox7ZnTLV6kG5hA"]}]}},"_links":{"self":[{"href":"https:\/\/make-up-factory.com\/de\/wp-json\/wp\/v2\/product\/107698","targetHints":{"allow":["GET"]}}],"collection":[{"href":"https:\/\/make-up-factory.com\/de\/wp-json\/wp\/v2\/product"}],"about":[{"href":"https:\/\/make-up-factory.com\/de\/wp-json\/wp\/v2\/types\/product"}],"version-history":[{"count":2,"href":"https:\/\/make-up-factory.com\/de\/wp-json\/wp\/v2\/product\/107698\/revisions"}],"predecessor-version":[{"id":117149,"href":"https:\/\/make-up-factory.com\/de\/wp-json\/wp\/v2\/product\/107698\/revisions\/117149"}],"wp:featuredmedia":[{"embeddable":true,"href":"https:\/\/make-up-factory.com\/de\/wp-json\/wp\/v2\/media\/111818"}],"wp:attachment":[{"href":"https:\/\/make-up-factory.com\/de\/wp-json\/wp\/v2\/media?parent=107698"}],"wp:term":[{"taxonomy":"product_cat","embeddable":true,"href":"https:\/\/make-up-factory.com\/de\/wp-json\/wp\/v2\/product_cat?post=107698"},{"taxonomy":"product_tag","embeddable":true,"href":"https:\/\/make-up-factory.com\/de\/wp-json\/wp\/v2\/product_tag?post=107698"}],"curies":[{"name":"wp","href":"https:\/\/api.w.org\/{rel}","templated":true}]}}