{"id":107170,"date":"2022-09-13T06:30:41","date_gmt":"2022-09-13T04:30:41","guid":{"rendered":"https:\/\/make-up-factory.com\/product\/uv-protection-spf-50-primer-mf25840\/"},"modified":"2026-02-02T03:09:17","modified_gmt":"2026-02-02T02:09:17","slug":"uv-protection-spf-50-primer-mf25840","status":"publish","type":"product","link":"https:\/\/make-up-factory.com\/de\/produkt\/uv-protection-spf-50-primer-mf25840\/","title":{"rendered":"UV Protection SPF 50 Primer"},"content":{"rendered":"<p>Der silikonfreie UV PROTECTION SPF 50 Primer sch\u00fctzt vor sch\u00e4dlicher UV-A- sowie UV-B-Strahlung und sorgt mit seiner intensiv feuchtigkeitsspendenden Formel f\u00fcr ein seidig glattes Hautgef\u00fchl. Dank Hyalurons\u00e4ure wird die Haut aufgepolstert. Ectoin stoppt UV induzierte Hautsch\u00e4digungen und steigert den Feuchtigkeitsgehalt der Haut.<\/p>\n<p>Hinweis: Bleiben Sie, trotz Verwendung eines Sonnenschutzmittels, nicht zu lange in der Sonne. S\u00e4uglinge und Kleinkinder nicht dem direkten Sonnenlicht aussetzen. Exzessive Sonnenexposition stellt ein ernsthaftes Gesundheitsrisiko dar. Sonnenschutzmittel gro\u00dfz\u00fcgig vor dem Sonnenaufenthalt auftragen. Mittel mehrfach anwenden, um den Schutz aufrechtzuerhalten. Dies gilt besonders bei Schwitzen oder nach dem Schwimmen und Abtrocknen. Schutz wird durch Anwendung einer geringeren Menge erheblich gesenkt.\u00a0\u00a0<\/p>\n","protected":false},"excerpt":{"rendered":"<p>Vor UV-Strahlen und Sch\u00e4den sch\u00fctzender Primer<\/p>\n","protected":false},"featured_media":108955,"template":"","meta":{"_acf_changed":false},"product_cat":[836],"product_tag":[],"class_list":{"0":"post-107170","1":"product","2":"type-product","3":"status-publish","4":"has-post-thumbnail","6":"product_cat-teint-teint-specials","8":"first","9":"instock","10":"sold-individually","11":"shipping-taxable","12":"purchasable","13":"product-type-simple"},"acf":[],"yoast_head":"<!-- This site is optimized with the Yoast SEO plugin v25.6 - https:\/\/yoast.com\/wordpress\/plugins\/seo\/ -->\n<title>UV Protection SPF 50 Primer - Make up Factory<\/title>\n<meta name=\"robots\" content=\"index, follow, max-snippet:-1, max-image-preview:large, max-video-preview:-1\" \/>\n<link rel=\"canonical\" href=\"https:\/\/make-up-factory.com\/de\/produkt\/uv-protection-spf-50-primer-mf25840\/\" \/>\n<meta property=\"og:locale\" content=\"de_DE\" \/>\n<meta property=\"og:type\" content=\"article\" \/>\n<meta property=\"og:title\" content=\"UV Protection SPF 50 Primer - Make up Factory\" \/>\n<meta property=\"og:description\" content=\"Vor UV-Strahlen und Sch\u00e4den sch\u00fctzender Primer\" \/>\n<meta property=\"og:url\" content=\"https:\/\/make-up-factory.com\/de\/produkt\/uv-protection-spf-50-primer-mf25840\/\" \/>\n<meta property=\"og:site_name\" content=\"Make up Factory\" \/>\n<meta property=\"article:publisher\" content=\"https:\/\/www.facebook.com\/Makeupfactory\/\" \/>\n<meta property=\"article:modified_time\" content=\"2026-02-02T02:09:17+00:00\" \/>\n<meta property=\"og:image\" content=\"https:\/\/make-up-factory.com\/app\/uploads\/2023\/04\/62d93b5e11256fd53710e9a884ebd027c75307bd_Website_format_JPG_25840_UV_Protection_SPF_50_Primer.jpg\" \/>\n\t<meta property=\"og:image:width\" content=\"2000\" \/>\n\t<meta property=\"og:image:height\" content=\"2000\" \/>\n\t<meta property=\"og:image:type\" content=\"image\/jpeg\" \/>\n<meta name=\"twitter:card\" content=\"summary_large_image\" \/>\n<meta name=\"twitter:label1\" content=\"Est. reading time\" \/>\n\t<meta name=\"twitter:data1\" content=\"1\u00a0Minute\" \/>\n<script type=\"application\/ld+json\" class=\"yoast-schema-graph\">{\"@context\":\"https:\/\/schema.org\",\"@graph\":[{\"@type\":\"WebPage\",\"@id\":\"https:\/\/make-up-factory.com\/de\/produkt\/uv-protection-spf-50-primer-mf25840\/\",\"url\":\"https:\/\/make-up-factory.com\/de\/produkt\/uv-protection-spf-50-primer-mf25840\/\",\"name\":\"UV Protection SPF 50 Primer - Make up Factory\",\"isPartOf\":{\"@id\":\"https:\/\/make-up-factory.com\/de\/#website\"},\"primaryImageOfPage\":{\"@id\":\"https:\/\/make-up-factory.com\/de\/produkt\/uv-protection-spf-50-primer-mf25840\/#primaryimage\"},\"image\":{\"@id\":\"https:\/\/make-up-factory.com\/de\/produkt\/uv-protection-spf-50-primer-mf25840\/#primaryimage\"},\"thumbnailUrl\":\"https:\/\/make-up-factory.com\/app\/uploads\/2023\/04\/62d93b5e11256fd53710e9a884ebd027c75307bd_Website_format_JPG_25840_UV_Protection_SPF_50_Primer.jpg\",\"datePublished\":\"2022-09-13T04:30:41+00:00\",\"dateModified\":\"2026-02-02T02:09:17+00:00\",\"breadcrumb\":{\"@id\":\"https:\/\/make-up-factory.com\/de\/produkt\/uv-protection-spf-50-primer-mf25840\/#breadcrumb\"},\"inLanguage\":\"de\",\"potentialAction\":[{\"@type\":\"ReadAction\",\"target\":[\"https:\/\/make-up-factory.com\/de\/produkt\/uv-protection-spf-50-primer-mf25840\/\"]}]},{\"@type\":\"ImageObject\",\"inLanguage\":\"de\",\"@id\":\"https:\/\/make-up-factory.com\/de\/produkt\/uv-protection-spf-50-primer-mf25840\/#primaryimage\",\"url\":\"https:\/\/make-up-factory.com\/app\/uploads\/2023\/04\/62d93b5e11256fd53710e9a884ebd027c75307bd_Website_format_JPG_25840_UV_Protection_SPF_50_Primer.jpg\",\"contentUrl\":\"https:\/\/make-up-factory.com\/app\/uploads\/2023\/04\/62d93b5e11256fd53710e9a884ebd027c75307bd_Website_format_JPG_25840_UV_Protection_SPF_50_Primer.jpg\",\"width\":2000,\"height\":2000,\"caption\":\"UV Protection SPF 50 Primer | Make up Factory\"},{\"@type\":\"BreadcrumbList\",\"@id\":\"https:\/\/make-up-factory.com\/de\/produkt\/uv-protection-spf-50-primer-mf25840\/#breadcrumb\",\"itemListElement\":[{\"@type\":\"ListItem\",\"position\":1,\"name\":\"Home\",\"item\":\"https:\/\/make-up-factory.com\/de\/\"},{\"@type\":\"ListItem\",\"position\":2,\"name\":\"Produkte\",\"item\":\"https:\/\/make-up-factory.com\/de\/produkte\/\"},{\"@type\":\"ListItem\",\"position\":3,\"name\":\"Teint\",\"item\":\"https:\/\/make-up-factory.com\/de\/produkte\/teint\/\"},{\"@type\":\"ListItem\",\"position\":4,\"name\":\"Teint Specials\",\"item\":\"https:\/\/make-up-factory.com\/de\/produkte\/teint\/teint-teint-specials\/\"},{\"@type\":\"ListItem\",\"position\":5,\"name\":\"UV Protection SPF 50 Primer\"}]},{\"@type\":\"WebSite\",\"@id\":\"https:\/\/make-up-factory.com\/de\/#website\",\"url\":\"https:\/\/make-up-factory.com\/de\/\",\"name\":\"Make up Factory\",\"description\":\"\",\"publisher\":{\"@id\":\"https:\/\/make-up-factory.com\/de\/#organization\"},\"potentialAction\":[{\"@type\":\"SearchAction\",\"target\":{\"@type\":\"EntryPoint\",\"urlTemplate\":\"https:\/\/make-up-factory.com\/de\/?s={search_term_string}\"},\"query-input\":{\"@type\":\"PropertyValueSpecification\",\"valueRequired\":true,\"valueName\":\"search_term_string\"}}],\"inLanguage\":\"de\"},{\"@type\":\"Organization\",\"@id\":\"https:\/\/make-up-factory.com\/de\/#organization\",\"name\":\"ICB innovative cosmetic brands GmbH\",\"url\":\"https:\/\/make-up-factory.com\/de\/\",\"logo\":{\"@type\":\"ImageObject\",\"inLanguage\":\"de\",\"@id\":\"https:\/\/make-up-factory.com\/de\/#\/schema\/logo\/image\/\",\"url\":\"https:\/\/make-up-factory.com\/app\/uploads\/2021\/02\/muf-logo-1.png\",\"contentUrl\":\"https:\/\/make-up-factory.com\/app\/uploads\/2021\/02\/muf-logo-1.png\",\"width\":119,\"height\":209,\"caption\":\"ICB innovative cosmetic brands GmbH\"},\"image\":{\"@id\":\"https:\/\/make-up-factory.com\/de\/#\/schema\/logo\/image\/\"},\"sameAs\":[\"https:\/\/www.facebook.com\/Makeupfactory\/\",\"https:\/\/www.instagram.com\/make_up_factory\/\",\"https:\/\/www.youtube.com\/channel\/UCleVbgsF0ox7ZnTLV6kG5hA\"]}]}<\/script>\n<!-- \/ Yoast SEO plugin. -->","yoast_head_json":{"title":"UV Protection SPF 50 Primer - Make up Factory","robots":{"index":"index","follow":"follow","max-snippet":"max-snippet:-1","max-image-preview":"max-image-preview:large","max-video-preview":"max-video-preview:-1"},"canonical":"https:\/\/make-up-factory.com\/de\/produkt\/uv-protection-spf-50-primer-mf25840\/","og_locale":"de_DE","og_type":"article","og_title":"UV Protection SPF 50 Primer - Make up Factory","og_description":"Vor UV-Strahlen und Sch\u00e4den sch\u00fctzender Primer","og_url":"https:\/\/make-up-factory.com\/de\/produkt\/uv-protection-spf-50-primer-mf25840\/","og_site_name":"Make up Factory","article_publisher":"https:\/\/www.facebook.com\/Makeupfactory\/","article_modified_time":"2026-02-02T02:09:17+00:00","og_image":[{"width":2000,"height":2000,"url":"https:\/\/make-up-factory.com\/app\/uploads\/2023\/04\/62d93b5e11256fd53710e9a884ebd027c75307bd_Website_format_JPG_25840_UV_Protection_SPF_50_Primer.jpg","type":"image\/jpeg"}],"twitter_card":"summary_large_image","twitter_misc":{"Est. reading time":"1\u00a0Minute"},"schema":{"@context":"https:\/\/schema.org","@graph":[{"@type":"WebPage","@id":"https:\/\/make-up-factory.com\/de\/produkt\/uv-protection-spf-50-primer-mf25840\/","url":"https:\/\/make-up-factory.com\/de\/produkt\/uv-protection-spf-50-primer-mf25840\/","name":"UV Protection SPF 50 Primer - Make up Factory","isPartOf":{"@id":"https:\/\/make-up-factory.com\/de\/#website"},"primaryImageOfPage":{"@id":"https:\/\/make-up-factory.com\/de\/produkt\/uv-protection-spf-50-primer-mf25840\/#primaryimage"},"image":{"@id":"https:\/\/make-up-factory.com\/de\/produkt\/uv-protection-spf-50-primer-mf25840\/#primaryimage"},"thumbnailUrl":"https:\/\/make-up-factory.com\/app\/uploads\/2023\/04\/62d93b5e11256fd53710e9a884ebd027c75307bd_Website_format_JPG_25840_UV_Protection_SPF_50_Primer.jpg","datePublished":"2022-09-13T04:30:41+00:00","dateModified":"2026-02-02T02:09:17+00:00","breadcrumb":{"@id":"https:\/\/make-up-factory.com\/de\/produkt\/uv-protection-spf-50-primer-mf25840\/#breadcrumb"},"inLanguage":"de","potentialAction":[{"@type":"ReadAction","target":["https:\/\/make-up-factory.com\/de\/produkt\/uv-protection-spf-50-primer-mf25840\/"]}]},{"@type":"ImageObject","inLanguage":"de","@id":"https:\/\/make-up-factory.com\/de\/produkt\/uv-protection-spf-50-primer-mf25840\/#primaryimage","url":"https:\/\/make-up-factory.com\/app\/uploads\/2023\/04\/62d93b5e11256fd53710e9a884ebd027c75307bd_Website_format_JPG_25840_UV_Protection_SPF_50_Primer.jpg","contentUrl":"https:\/\/make-up-factory.com\/app\/uploads\/2023\/04\/62d93b5e11256fd53710e9a884ebd027c75307bd_Website_format_JPG_25840_UV_Protection_SPF_50_Primer.jpg","width":2000,"height":2000,"caption":"UV Protection SPF 50 Primer | Make up Factory"},{"@type":"BreadcrumbList","@id":"https:\/\/make-up-factory.com\/de\/produkt\/uv-protection-spf-50-primer-mf25840\/#breadcrumb","itemListElement":[{"@type":"ListItem","position":1,"name":"Home","item":"https:\/\/make-up-factory.com\/de\/"},{"@type":"ListItem","position":2,"name":"Produkte","item":"https:\/\/make-up-factory.com\/de\/produkte\/"},{"@type":"ListItem","position":3,"name":"Teint","item":"https:\/\/make-up-factory.com\/de\/produkte\/teint\/"},{"@type":"ListItem","position":4,"name":"Teint Specials","item":"https:\/\/make-up-factory.com\/de\/produkte\/teint\/teint-teint-specials\/"},{"@type":"ListItem","position":5,"name":"UV Protection SPF 50 Primer"}]},{"@type":"WebSite","@id":"https:\/\/make-up-factory.com\/de\/#website","url":"https:\/\/make-up-factory.com\/de\/","name":"Make up Factory","description":"","publisher":{"@id":"https:\/\/make-up-factory.com\/de\/#organization"},"potentialAction":[{"@type":"SearchAction","target":{"@type":"EntryPoint","urlTemplate":"https:\/\/make-up-factory.com\/de\/?s={search_term_string}"},"query-input":{"@type":"PropertyValueSpecification","valueRequired":true,"valueName":"search_term_string"}}],"inLanguage":"de"},{"@type":"Organization","@id":"https:\/\/make-up-factory.com\/de\/#organization","name":"ICB innovative cosmetic brands GmbH","url":"https:\/\/make-up-factory.com\/de\/","logo":{"@type":"ImageObject","inLanguage":"de","@id":"https:\/\/make-up-factory.com\/de\/#\/schema\/logo\/image\/","url":"https:\/\/make-up-factory.com\/app\/uploads\/2021\/02\/muf-logo-1.png","contentUrl":"https:\/\/make-up-factory.com\/app\/uploads\/2021\/02\/muf-logo-1.png","width":119,"height":209,"caption":"ICB innovative cosmetic brands GmbH"},"image":{"@id":"https:\/\/make-up-factory.com\/de\/#\/schema\/logo\/image\/"},"sameAs":["https:\/\/www.facebook.com\/Makeupfactory\/","https:\/\/www.instagram.com\/make_up_factory\/","https:\/\/www.youtube.com\/channel\/UCleVbgsF0ox7ZnTLV6kG5hA"]}]}},"_links":{"self":[{"href":"https:\/\/make-up-factory.com\/de\/wp-json\/wp\/v2\/product\/107170","targetHints":{"allow":["GET"]}}],"collection":[{"href":"https:\/\/make-up-factory.com\/de\/wp-json\/wp\/v2\/product"}],"about":[{"href":"https:\/\/make-up-factory.com\/de\/wp-json\/wp\/v2\/types\/product"}],"version-history":[{"count":2,"href":"https:\/\/make-up-factory.com\/de\/wp-json\/wp\/v2\/product\/107170\/revisions"}],"predecessor-version":[{"id":118612,"href":"https:\/\/make-up-factory.com\/de\/wp-json\/wp\/v2\/product\/107170\/revisions\/118612"}],"wp:featuredmedia":[{"embeddable":true,"href":"https:\/\/make-up-factory.com\/de\/wp-json\/wp\/v2\/media\/108955"}],"wp:attachment":[{"href":"https:\/\/make-up-factory.com\/de\/wp-json\/wp\/v2\/media?parent=107170"}],"wp:term":[{"taxonomy":"product_cat","embeddable":true,"href":"https:\/\/make-up-factory.com\/de\/wp-json\/wp\/v2\/product_cat?post=107170"},{"taxonomy":"product_tag","embeddable":true,"href":"https:\/\/make-up-factory.com\/de\/wp-json\/wp\/v2\/product_tag?post=107170"}],"curies":[{"name":"wp","href":"https:\/\/api.w.org\/{rel}","templated":true}]}}