{"id":106185,"date":"2022-03-14T12:40:38","date_gmt":"2022-03-14T11:40:38","guid":{"rendered":"https:\/\/make-up-factory.com\/product\/ultra-coverage-concealer-06-mf2639-xx\/"},"modified":"2026-04-25T19:28:53","modified_gmt":"2026-04-25T17:28:53","slug":"ultra-coverage-concealer-06-mf2639-xx","status":"publish","type":"product","link":"https:\/\/make-up-factory.com\/de\/produkt\/ultra-coverage-concealer-06-mf2639-xx\/","title":{"rendered":"Ultra Coverage Concealer"},"content":{"rendered":"<p>Der Concealer mit hochpigmentierter Textur und ultradeckendem Finish zaubert im Handumdrehen einen makellosen, frischen Teint mit bis zu 12 Stunden Halt. Er l\u00e4sst Augenringe, R\u00f6tungen und Unebenheiten verschwinden und hat zus\u00e4tzlich eine Anti-Aging-Wirkung. Der dicke Flock-Applikator eignet sich, dank seiner abgerundeten spitzen Form sowohl f\u00fcr einen punktuellen Auftrag als auch f\u00fcr eine Kaschierung auf dem ganzen Gesicht. Extrakte aus Rosmarin-\u00d6l wirken Antioxidativ. Anti-Aging Wirkstoff Dermaxyl wirkt F\u00e4ltchen mindernd. Wasser-, Transfer- und Sweatproof.<\/p>\n","protected":false},"excerpt":{"rendered":"<p>Extrem deckender, hochpigmentierter Abdeckstift<\/p>\n","protected":false},"featured_media":106822,"template":"","meta":{"_acf_changed":false},"product_cat":[829],"product_tag":[],"class_list":{"0":"post-106185","1":"product","2":"type-product","3":"status-publish","4":"has-post-thumbnail","6":"product_cat-teint-concealer","8":"first","9":"instock","10":"sold-individually","11":"shipping-taxable","12":"purchasable","13":"product-type-variable","14":"has-default-attributes"},"acf":[],"yoast_head":"<!-- This site is optimized with the Yoast SEO plugin v25.6 - https:\/\/yoast.com\/wordpress\/plugins\/seo\/ -->\n<title>Ultra Coverage Concealer - Make up Factory<\/title>\n<meta name=\"robots\" content=\"index, follow, max-snippet:-1, max-image-preview:large, max-video-preview:-1\" \/>\n<link rel=\"canonical\" href=\"https:\/\/make-up-factory.com\/de\/produkt\/ultra-coverage-concealer-06-mf2639-xx\/\" \/>\n<meta property=\"og:locale\" content=\"de_DE\" \/>\n<meta property=\"og:type\" content=\"article\" \/>\n<meta property=\"og:title\" content=\"Ultra Coverage Concealer - Make up Factory\" \/>\n<meta property=\"og:description\" content=\"Extrem deckender, hochpigmentierter Abdeckstift\" \/>\n<meta property=\"og:url\" content=\"https:\/\/make-up-factory.com\/de\/produkt\/ultra-coverage-concealer-06-mf2639-xx\/\" \/>\n<meta property=\"og:site_name\" content=\"Make up Factory\" \/>\n<meta property=\"article:publisher\" content=\"https:\/\/www.facebook.com\/Makeupfactory\/\" \/>\n<meta property=\"article:modified_time\" content=\"2026-04-25T17:28:53+00:00\" \/>\n<meta property=\"og:image\" content=\"https:\/\/make-up-factory.com\/app\/uploads\/2022\/07\/60a85225cd1b681cd528d38fc2b19f294e15e675_Website_format_JPG_2639.06_Ultra_Coverage_Concealer.jpg\" \/>\n\t<meta property=\"og:image:width\" content=\"2000\" \/>\n\t<meta property=\"og:image:height\" content=\"2000\" \/>\n\t<meta property=\"og:image:type\" content=\"image\/jpeg\" \/>\n<meta name=\"twitter:card\" content=\"summary_large_image\" \/>\n<script type=\"application\/ld+json\" class=\"yoast-schema-graph\">{\"@context\":\"https:\/\/schema.org\",\"@graph\":[{\"@type\":\"WebPage\",\"@id\":\"https:\/\/make-up-factory.com\/de\/produkt\/ultra-coverage-concealer-06-mf2639-xx\/\",\"url\":\"https:\/\/make-up-factory.com\/de\/produkt\/ultra-coverage-concealer-06-mf2639-xx\/\",\"name\":\"Ultra Coverage Concealer - Make up Factory\",\"isPartOf\":{\"@id\":\"https:\/\/make-up-factory.com\/de\/#website\"},\"primaryImageOfPage\":{\"@id\":\"https:\/\/make-up-factory.com\/de\/produkt\/ultra-coverage-concealer-06-mf2639-xx\/#primaryimage\"},\"image\":{\"@id\":\"https:\/\/make-up-factory.com\/de\/produkt\/ultra-coverage-concealer-06-mf2639-xx\/#primaryimage\"},\"thumbnailUrl\":\"https:\/\/make-up-factory.com\/app\/uploads\/2022\/07\/60a85225cd1b681cd528d38fc2b19f294e15e675_Website_format_JPG_2639.06_Ultra_Coverage_Concealer.jpg\",\"datePublished\":\"2022-03-14T11:40:38+00:00\",\"dateModified\":\"2026-04-25T17:28:53+00:00\",\"breadcrumb\":{\"@id\":\"https:\/\/make-up-factory.com\/de\/produkt\/ultra-coverage-concealer-06-mf2639-xx\/#breadcrumb\"},\"inLanguage\":\"de\",\"potentialAction\":[{\"@type\":\"ReadAction\",\"target\":[\"https:\/\/make-up-factory.com\/de\/produkt\/ultra-coverage-concealer-06-mf2639-xx\/\"]}]},{\"@type\":\"ImageObject\",\"inLanguage\":\"de\",\"@id\":\"https:\/\/make-up-factory.com\/de\/produkt\/ultra-coverage-concealer-06-mf2639-xx\/#primaryimage\",\"url\":\"https:\/\/make-up-factory.com\/app\/uploads\/2022\/07\/60a85225cd1b681cd528d38fc2b19f294e15e675_Website_format_JPG_2639.06_Ultra_Coverage_Concealer.jpg\",\"contentUrl\":\"https:\/\/make-up-factory.com\/app\/uploads\/2022\/07\/60a85225cd1b681cd528d38fc2b19f294e15e675_Website_format_JPG_2639.06_Ultra_Coverage_Concealer.jpg\",\"width\":2000,\"height\":2000},{\"@type\":\"BreadcrumbList\",\"@id\":\"https:\/\/make-up-factory.com\/de\/produkt\/ultra-coverage-concealer-06-mf2639-xx\/#breadcrumb\",\"itemListElement\":[{\"@type\":\"ListItem\",\"position\":1,\"name\":\"Home\",\"item\":\"https:\/\/make-up-factory.com\/de\/\"},{\"@type\":\"ListItem\",\"position\":2,\"name\":\"Produkte\",\"item\":\"https:\/\/make-up-factory.com\/de\/produkte\/\"},{\"@type\":\"ListItem\",\"position\":3,\"name\":\"Teint\",\"item\":\"https:\/\/make-up-factory.com\/de\/produkte\/teint\/\"},{\"@type\":\"ListItem\",\"position\":4,\"name\":\"Concealer\",\"item\":\"https:\/\/make-up-factory.com\/de\/produkte\/teint\/teint-concealer\/\"},{\"@type\":\"ListItem\",\"position\":5,\"name\":\"Ultra Coverage Concealer\"}]},{\"@type\":\"WebSite\",\"@id\":\"https:\/\/make-up-factory.com\/de\/#website\",\"url\":\"https:\/\/make-up-factory.com\/de\/\",\"name\":\"Make up Factory\",\"description\":\"\",\"publisher\":{\"@id\":\"https:\/\/make-up-factory.com\/de\/#organization\"},\"potentialAction\":[{\"@type\":\"SearchAction\",\"target\":{\"@type\":\"EntryPoint\",\"urlTemplate\":\"https:\/\/make-up-factory.com\/de\/?s={search_term_string}\"},\"query-input\":{\"@type\":\"PropertyValueSpecification\",\"valueRequired\":true,\"valueName\":\"search_term_string\"}}],\"inLanguage\":\"de\"},{\"@type\":\"Organization\",\"@id\":\"https:\/\/make-up-factory.com\/de\/#organization\",\"name\":\"ICB innovative cosmetic brands GmbH\",\"url\":\"https:\/\/make-up-factory.com\/de\/\",\"logo\":{\"@type\":\"ImageObject\",\"inLanguage\":\"de\",\"@id\":\"https:\/\/make-up-factory.com\/de\/#\/schema\/logo\/image\/\",\"url\":\"https:\/\/make-up-factory.com\/app\/uploads\/2021\/02\/muf-logo-1.png\",\"contentUrl\":\"https:\/\/make-up-factory.com\/app\/uploads\/2021\/02\/muf-logo-1.png\",\"width\":119,\"height\":209,\"caption\":\"ICB innovative cosmetic brands GmbH\"},\"image\":{\"@id\":\"https:\/\/make-up-factory.com\/de\/#\/schema\/logo\/image\/\"},\"sameAs\":[\"https:\/\/www.facebook.com\/Makeupfactory\/\",\"https:\/\/www.instagram.com\/make_up_factory\/\",\"https:\/\/www.youtube.com\/channel\/UCleVbgsF0ox7ZnTLV6kG5hA\"]}]}<\/script>\n<!-- \/ Yoast SEO plugin. -->","yoast_head_json":{"title":"Ultra Coverage Concealer - Make up Factory","robots":{"index":"index","follow":"follow","max-snippet":"max-snippet:-1","max-image-preview":"max-image-preview:large","max-video-preview":"max-video-preview:-1"},"canonical":"https:\/\/make-up-factory.com\/de\/produkt\/ultra-coverage-concealer-06-mf2639-xx\/","og_locale":"de_DE","og_type":"article","og_title":"Ultra Coverage Concealer - Make up Factory","og_description":"Extrem deckender, hochpigmentierter Abdeckstift","og_url":"https:\/\/make-up-factory.com\/de\/produkt\/ultra-coverage-concealer-06-mf2639-xx\/","og_site_name":"Make up Factory","article_publisher":"https:\/\/www.facebook.com\/Makeupfactory\/","article_modified_time":"2026-04-25T17:28:53+00:00","og_image":[{"width":2000,"height":2000,"url":"https:\/\/make-up-factory.com\/app\/uploads\/2022\/07\/60a85225cd1b681cd528d38fc2b19f294e15e675_Website_format_JPG_2639.06_Ultra_Coverage_Concealer.jpg","type":"image\/jpeg"}],"twitter_card":"summary_large_image","schema":{"@context":"https:\/\/schema.org","@graph":[{"@type":"WebPage","@id":"https:\/\/make-up-factory.com\/de\/produkt\/ultra-coverage-concealer-06-mf2639-xx\/","url":"https:\/\/make-up-factory.com\/de\/produkt\/ultra-coverage-concealer-06-mf2639-xx\/","name":"Ultra Coverage Concealer - Make up Factory","isPartOf":{"@id":"https:\/\/make-up-factory.com\/de\/#website"},"primaryImageOfPage":{"@id":"https:\/\/make-up-factory.com\/de\/produkt\/ultra-coverage-concealer-06-mf2639-xx\/#primaryimage"},"image":{"@id":"https:\/\/make-up-factory.com\/de\/produkt\/ultra-coverage-concealer-06-mf2639-xx\/#primaryimage"},"thumbnailUrl":"https:\/\/make-up-factory.com\/app\/uploads\/2022\/07\/60a85225cd1b681cd528d38fc2b19f294e15e675_Website_format_JPG_2639.06_Ultra_Coverage_Concealer.jpg","datePublished":"2022-03-14T11:40:38+00:00","dateModified":"2026-04-25T17:28:53+00:00","breadcrumb":{"@id":"https:\/\/make-up-factory.com\/de\/produkt\/ultra-coverage-concealer-06-mf2639-xx\/#breadcrumb"},"inLanguage":"de","potentialAction":[{"@type":"ReadAction","target":["https:\/\/make-up-factory.com\/de\/produkt\/ultra-coverage-concealer-06-mf2639-xx\/"]}]},{"@type":"ImageObject","inLanguage":"de","@id":"https:\/\/make-up-factory.com\/de\/produkt\/ultra-coverage-concealer-06-mf2639-xx\/#primaryimage","url":"https:\/\/make-up-factory.com\/app\/uploads\/2022\/07\/60a85225cd1b681cd528d38fc2b19f294e15e675_Website_format_JPG_2639.06_Ultra_Coverage_Concealer.jpg","contentUrl":"https:\/\/make-up-factory.com\/app\/uploads\/2022\/07\/60a85225cd1b681cd528d38fc2b19f294e15e675_Website_format_JPG_2639.06_Ultra_Coverage_Concealer.jpg","width":2000,"height":2000},{"@type":"BreadcrumbList","@id":"https:\/\/make-up-factory.com\/de\/produkt\/ultra-coverage-concealer-06-mf2639-xx\/#breadcrumb","itemListElement":[{"@type":"ListItem","position":1,"name":"Home","item":"https:\/\/make-up-factory.com\/de\/"},{"@type":"ListItem","position":2,"name":"Produkte","item":"https:\/\/make-up-factory.com\/de\/produkte\/"},{"@type":"ListItem","position":3,"name":"Teint","item":"https:\/\/make-up-factory.com\/de\/produkte\/teint\/"},{"@type":"ListItem","position":4,"name":"Concealer","item":"https:\/\/make-up-factory.com\/de\/produkte\/teint\/teint-concealer\/"},{"@type":"ListItem","position":5,"name":"Ultra Coverage Concealer"}]},{"@type":"WebSite","@id":"https:\/\/make-up-factory.com\/de\/#website","url":"https:\/\/make-up-factory.com\/de\/","name":"Make up Factory","description":"","publisher":{"@id":"https:\/\/make-up-factory.com\/de\/#organization"},"potentialAction":[{"@type":"SearchAction","target":{"@type":"EntryPoint","urlTemplate":"https:\/\/make-up-factory.com\/de\/?s={search_term_string}"},"query-input":{"@type":"PropertyValueSpecification","valueRequired":true,"valueName":"search_term_string"}}],"inLanguage":"de"},{"@type":"Organization","@id":"https:\/\/make-up-factory.com\/de\/#organization","name":"ICB innovative cosmetic brands GmbH","url":"https:\/\/make-up-factory.com\/de\/","logo":{"@type":"ImageObject","inLanguage":"de","@id":"https:\/\/make-up-factory.com\/de\/#\/schema\/logo\/image\/","url":"https:\/\/make-up-factory.com\/app\/uploads\/2021\/02\/muf-logo-1.png","contentUrl":"https:\/\/make-up-factory.com\/app\/uploads\/2021\/02\/muf-logo-1.png","width":119,"height":209,"caption":"ICB innovative cosmetic brands GmbH"},"image":{"@id":"https:\/\/make-up-factory.com\/de\/#\/schema\/logo\/image\/"},"sameAs":["https:\/\/www.facebook.com\/Makeupfactory\/","https:\/\/www.instagram.com\/make_up_factory\/","https:\/\/www.youtube.com\/channel\/UCleVbgsF0ox7ZnTLV6kG5hA"]}]}},"_links":{"self":[{"href":"https:\/\/make-up-factory.com\/de\/wp-json\/wp\/v2\/product\/106185","targetHints":{"allow":["GET"]}}],"collection":[{"href":"https:\/\/make-up-factory.com\/de\/wp-json\/wp\/v2\/product"}],"about":[{"href":"https:\/\/make-up-factory.com\/de\/wp-json\/wp\/v2\/types\/product"}],"version-history":[{"count":4,"href":"https:\/\/make-up-factory.com\/de\/wp-json\/wp\/v2\/product\/106185\/revisions"}],"predecessor-version":[{"id":117125,"href":"https:\/\/make-up-factory.com\/de\/wp-json\/wp\/v2\/product\/106185\/revisions\/117125"}],"wp:featuredmedia":[{"embeddable":true,"href":"https:\/\/make-up-factory.com\/de\/wp-json\/wp\/v2\/media\/106822"}],"wp:attachment":[{"href":"https:\/\/make-up-factory.com\/de\/wp-json\/wp\/v2\/media?parent=106185"}],"wp:term":[{"taxonomy":"product_cat","embeddable":true,"href":"https:\/\/make-up-factory.com\/de\/wp-json\/wp\/v2\/product_cat?post=106185"},{"taxonomy":"product_tag","embeddable":true,"href":"https:\/\/make-up-factory.com\/de\/wp-json\/wp\/v2\/product_tag?post=106185"}],"curies":[{"name":"wp","href":"https:\/\/api.w.org\/{rel}","templated":true}]}}