{"id":104922,"date":"2021-11-30T06:41:11","date_gmt":"2021-11-30T05:41:11","guid":{"rendered":"https:\/\/make-up-factory.com\/product\/long-wear-primer-mf25900\/"},"modified":"2026-02-02T03:09:22","modified_gmt":"2026-02-02T02:09:22","slug":"long-wear-primer-mf25900","status":"publish","type":"product","link":"https:\/\/make-up-factory.com\/de\/produkt\/long-wear-primer-mf25900\/","title":{"rendered":"Long Wear Primer"},"content":{"rendered":"<p>Der Long Wear Primer schenkt der Haut sofort nach dem Auftragen einen ebenm\u00e4\u00dfigen Teint und bereitet sie auf ein perfektes Make-up vor. Die Haut f\u00fchlt sich sofort weicher an und wirkt j\u00fcnger. Erleichtert ein gleichm\u00e4\u00dfiges Auftragen der Foundation. Optimiert wesentlich die Haltbarkeit des Make-ups und enth\u00e4lt mattierenden Puder, der \u00f6lige Haut ausgleicht.<\/p>\n","protected":false},"excerpt":{"rendered":"<p>Langanhaltende Make-up Grundierung<\/p>\n","protected":false},"featured_media":108568,"template":"","meta":{"_acf_changed":false},"product_cat":[836],"product_tag":[],"class_list":{"0":"post-104922","1":"product","2":"type-product","3":"status-publish","4":"has-post-thumbnail","6":"product_cat-teint-teint-specials","8":"first","9":"instock","10":"sold-individually","11":"shipping-taxable","12":"purchasable","13":"product-type-simple"},"acf":[],"yoast_head":"<!-- This site is optimized with the Yoast SEO plugin v25.6 - https:\/\/yoast.com\/wordpress\/plugins\/seo\/ -->\n<title>Long Wear Primer - Make up Factory<\/title>\n<meta name=\"robots\" content=\"index, follow, max-snippet:-1, max-image-preview:large, max-video-preview:-1\" \/>\n<link rel=\"canonical\" href=\"https:\/\/make-up-factory.com\/de\/produkt\/long-wear-primer-mf25900\/\" \/>\n<meta property=\"og:locale\" content=\"de_DE\" \/>\n<meta property=\"og:type\" content=\"article\" \/>\n<meta property=\"og:title\" content=\"Long Wear Primer - Make up Factory\" \/>\n<meta property=\"og:description\" content=\"Langanhaltende Make-up Grundierung\" \/>\n<meta property=\"og:url\" content=\"https:\/\/make-up-factory.com\/de\/produkt\/long-wear-primer-mf25900\/\" \/>\n<meta property=\"og:site_name\" content=\"Make up Factory\" \/>\n<meta property=\"article:publisher\" content=\"https:\/\/www.facebook.com\/Makeupfactory\/\" \/>\n<meta property=\"article:modified_time\" content=\"2026-02-02T02:09:22+00:00\" \/>\n<meta property=\"og:image\" content=\"https:\/\/make-up-factory.com\/app\/uploads\/2023\/01\/c3635de4bc7b78b25d670d28bbb75903cc8b8131_25900_Long_Wear_Primer.jpg\" \/>\n\t<meta property=\"og:image:width\" content=\"1200\" \/>\n\t<meta property=\"og:image:height\" content=\"1200\" \/>\n\t<meta property=\"og:image:type\" content=\"image\/jpeg\" \/>\n<meta name=\"twitter:card\" content=\"summary_large_image\" \/>\n<script type=\"application\/ld+json\" class=\"yoast-schema-graph\">{\"@context\":\"https:\/\/schema.org\",\"@graph\":[{\"@type\":\"WebPage\",\"@id\":\"https:\/\/make-up-factory.com\/de\/produkt\/long-wear-primer-mf25900\/\",\"url\":\"https:\/\/make-up-factory.com\/de\/produkt\/long-wear-primer-mf25900\/\",\"name\":\"Long Wear Primer - Make up Factory\",\"isPartOf\":{\"@id\":\"https:\/\/make-up-factory.com\/de\/#website\"},\"primaryImageOfPage\":{\"@id\":\"https:\/\/make-up-factory.com\/de\/produkt\/long-wear-primer-mf25900\/#primaryimage\"},\"image\":{\"@id\":\"https:\/\/make-up-factory.com\/de\/produkt\/long-wear-primer-mf25900\/#primaryimage\"},\"thumbnailUrl\":\"https:\/\/make-up-factory.com\/app\/uploads\/2023\/01\/c3635de4bc7b78b25d670d28bbb75903cc8b8131_25900_Long_Wear_Primer.jpg\",\"datePublished\":\"2021-11-30T05:41:11+00:00\",\"dateModified\":\"2026-02-02T02:09:22+00:00\",\"breadcrumb\":{\"@id\":\"https:\/\/make-up-factory.com\/de\/produkt\/long-wear-primer-mf25900\/#breadcrumb\"},\"inLanguage\":\"de\",\"potentialAction\":[{\"@type\":\"ReadAction\",\"target\":[\"https:\/\/make-up-factory.com\/de\/produkt\/long-wear-primer-mf25900\/\"]}]},{\"@type\":\"ImageObject\",\"inLanguage\":\"de\",\"@id\":\"https:\/\/make-up-factory.com\/de\/produkt\/long-wear-primer-mf25900\/#primaryimage\",\"url\":\"https:\/\/make-up-factory.com\/app\/uploads\/2023\/01\/c3635de4bc7b78b25d670d28bbb75903cc8b8131_25900_Long_Wear_Primer.jpg\",\"contentUrl\":\"https:\/\/make-up-factory.com\/app\/uploads\/2023\/01\/c3635de4bc7b78b25d670d28bbb75903cc8b8131_25900_Long_Wear_Primer.jpg\",\"width\":1200,\"height\":1200},{\"@type\":\"BreadcrumbList\",\"@id\":\"https:\/\/make-up-factory.com\/de\/produkt\/long-wear-primer-mf25900\/#breadcrumb\",\"itemListElement\":[{\"@type\":\"ListItem\",\"position\":1,\"name\":\"Home\",\"item\":\"https:\/\/make-up-factory.com\/de\/\"},{\"@type\":\"ListItem\",\"position\":2,\"name\":\"Produkte\",\"item\":\"https:\/\/make-up-factory.com\/de\/produkte\/\"},{\"@type\":\"ListItem\",\"position\":3,\"name\":\"Teint\",\"item\":\"https:\/\/make-up-factory.com\/de\/produkte\/teint\/\"},{\"@type\":\"ListItem\",\"position\":4,\"name\":\"Teint Specials\",\"item\":\"https:\/\/make-up-factory.com\/de\/produkte\/teint\/teint-teint-specials\/\"},{\"@type\":\"ListItem\",\"position\":5,\"name\":\"Long Wear Primer\"}]},{\"@type\":\"WebSite\",\"@id\":\"https:\/\/make-up-factory.com\/de\/#website\",\"url\":\"https:\/\/make-up-factory.com\/de\/\",\"name\":\"Make up Factory\",\"description\":\"\",\"publisher\":{\"@id\":\"https:\/\/make-up-factory.com\/de\/#organization\"},\"potentialAction\":[{\"@type\":\"SearchAction\",\"target\":{\"@type\":\"EntryPoint\",\"urlTemplate\":\"https:\/\/make-up-factory.com\/de\/?s={search_term_string}\"},\"query-input\":{\"@type\":\"PropertyValueSpecification\",\"valueRequired\":true,\"valueName\":\"search_term_string\"}}],\"inLanguage\":\"de\"},{\"@type\":\"Organization\",\"@id\":\"https:\/\/make-up-factory.com\/de\/#organization\",\"name\":\"ICB innovative cosmetic brands GmbH\",\"url\":\"https:\/\/make-up-factory.com\/de\/\",\"logo\":{\"@type\":\"ImageObject\",\"inLanguage\":\"de\",\"@id\":\"https:\/\/make-up-factory.com\/de\/#\/schema\/logo\/image\/\",\"url\":\"https:\/\/make-up-factory.com\/app\/uploads\/2021\/02\/muf-logo-1.png\",\"contentUrl\":\"https:\/\/make-up-factory.com\/app\/uploads\/2021\/02\/muf-logo-1.png\",\"width\":119,\"height\":209,\"caption\":\"ICB innovative cosmetic brands GmbH\"},\"image\":{\"@id\":\"https:\/\/make-up-factory.com\/de\/#\/schema\/logo\/image\/\"},\"sameAs\":[\"https:\/\/www.facebook.com\/Makeupfactory\/\",\"https:\/\/www.instagram.com\/make_up_factory\/\",\"https:\/\/www.youtube.com\/channel\/UCleVbgsF0ox7ZnTLV6kG5hA\"]}]}<\/script>\n<!-- \/ Yoast SEO plugin. -->","yoast_head_json":{"title":"Long Wear Primer - Make up Factory","robots":{"index":"index","follow":"follow","max-snippet":"max-snippet:-1","max-image-preview":"max-image-preview:large","max-video-preview":"max-video-preview:-1"},"canonical":"https:\/\/make-up-factory.com\/de\/produkt\/long-wear-primer-mf25900\/","og_locale":"de_DE","og_type":"article","og_title":"Long Wear Primer - Make up Factory","og_description":"Langanhaltende Make-up Grundierung","og_url":"https:\/\/make-up-factory.com\/de\/produkt\/long-wear-primer-mf25900\/","og_site_name":"Make up Factory","article_publisher":"https:\/\/www.facebook.com\/Makeupfactory\/","article_modified_time":"2026-02-02T02:09:22+00:00","og_image":[{"width":1200,"height":1200,"url":"https:\/\/make-up-factory.com\/app\/uploads\/2023\/01\/c3635de4bc7b78b25d670d28bbb75903cc8b8131_25900_Long_Wear_Primer.jpg","type":"image\/jpeg"}],"twitter_card":"summary_large_image","schema":{"@context":"https:\/\/schema.org","@graph":[{"@type":"WebPage","@id":"https:\/\/make-up-factory.com\/de\/produkt\/long-wear-primer-mf25900\/","url":"https:\/\/make-up-factory.com\/de\/produkt\/long-wear-primer-mf25900\/","name":"Long Wear Primer - Make up Factory","isPartOf":{"@id":"https:\/\/make-up-factory.com\/de\/#website"},"primaryImageOfPage":{"@id":"https:\/\/make-up-factory.com\/de\/produkt\/long-wear-primer-mf25900\/#primaryimage"},"image":{"@id":"https:\/\/make-up-factory.com\/de\/produkt\/long-wear-primer-mf25900\/#primaryimage"},"thumbnailUrl":"https:\/\/make-up-factory.com\/app\/uploads\/2023\/01\/c3635de4bc7b78b25d670d28bbb75903cc8b8131_25900_Long_Wear_Primer.jpg","datePublished":"2021-11-30T05:41:11+00:00","dateModified":"2026-02-02T02:09:22+00:00","breadcrumb":{"@id":"https:\/\/make-up-factory.com\/de\/produkt\/long-wear-primer-mf25900\/#breadcrumb"},"inLanguage":"de","potentialAction":[{"@type":"ReadAction","target":["https:\/\/make-up-factory.com\/de\/produkt\/long-wear-primer-mf25900\/"]}]},{"@type":"ImageObject","inLanguage":"de","@id":"https:\/\/make-up-factory.com\/de\/produkt\/long-wear-primer-mf25900\/#primaryimage","url":"https:\/\/make-up-factory.com\/app\/uploads\/2023\/01\/c3635de4bc7b78b25d670d28bbb75903cc8b8131_25900_Long_Wear_Primer.jpg","contentUrl":"https:\/\/make-up-factory.com\/app\/uploads\/2023\/01\/c3635de4bc7b78b25d670d28bbb75903cc8b8131_25900_Long_Wear_Primer.jpg","width":1200,"height":1200},{"@type":"BreadcrumbList","@id":"https:\/\/make-up-factory.com\/de\/produkt\/long-wear-primer-mf25900\/#breadcrumb","itemListElement":[{"@type":"ListItem","position":1,"name":"Home","item":"https:\/\/make-up-factory.com\/de\/"},{"@type":"ListItem","position":2,"name":"Produkte","item":"https:\/\/make-up-factory.com\/de\/produkte\/"},{"@type":"ListItem","position":3,"name":"Teint","item":"https:\/\/make-up-factory.com\/de\/produkte\/teint\/"},{"@type":"ListItem","position":4,"name":"Teint Specials","item":"https:\/\/make-up-factory.com\/de\/produkte\/teint\/teint-teint-specials\/"},{"@type":"ListItem","position":5,"name":"Long Wear Primer"}]},{"@type":"WebSite","@id":"https:\/\/make-up-factory.com\/de\/#website","url":"https:\/\/make-up-factory.com\/de\/","name":"Make up Factory","description":"","publisher":{"@id":"https:\/\/make-up-factory.com\/de\/#organization"},"potentialAction":[{"@type":"SearchAction","target":{"@type":"EntryPoint","urlTemplate":"https:\/\/make-up-factory.com\/de\/?s={search_term_string}"},"query-input":{"@type":"PropertyValueSpecification","valueRequired":true,"valueName":"search_term_string"}}],"inLanguage":"de"},{"@type":"Organization","@id":"https:\/\/make-up-factory.com\/de\/#organization","name":"ICB innovative cosmetic brands GmbH","url":"https:\/\/make-up-factory.com\/de\/","logo":{"@type":"ImageObject","inLanguage":"de","@id":"https:\/\/make-up-factory.com\/de\/#\/schema\/logo\/image\/","url":"https:\/\/make-up-factory.com\/app\/uploads\/2021\/02\/muf-logo-1.png","contentUrl":"https:\/\/make-up-factory.com\/app\/uploads\/2021\/02\/muf-logo-1.png","width":119,"height":209,"caption":"ICB innovative cosmetic brands GmbH"},"image":{"@id":"https:\/\/make-up-factory.com\/de\/#\/schema\/logo\/image\/"},"sameAs":["https:\/\/www.facebook.com\/Makeupfactory\/","https:\/\/www.instagram.com\/make_up_factory\/","https:\/\/www.youtube.com\/channel\/UCleVbgsF0ox7ZnTLV6kG5hA"]}]}},"_links":{"self":[{"href":"https:\/\/make-up-factory.com\/de\/wp-json\/wp\/v2\/product\/104922","targetHints":{"allow":["GET"]}}],"collection":[{"href":"https:\/\/make-up-factory.com\/de\/wp-json\/wp\/v2\/product"}],"about":[{"href":"https:\/\/make-up-factory.com\/de\/wp-json\/wp\/v2\/types\/product"}],"version-history":[{"count":3,"href":"https:\/\/make-up-factory.com\/de\/wp-json\/wp\/v2\/product\/104922\/revisions"}],"predecessor-version":[{"id":118629,"href":"https:\/\/make-up-factory.com\/de\/wp-json\/wp\/v2\/product\/104922\/revisions\/118629"}],"wp:featuredmedia":[{"embeddable":true,"href":"https:\/\/make-up-factory.com\/de\/wp-json\/wp\/v2\/media\/108568"}],"wp:attachment":[{"href":"https:\/\/make-up-factory.com\/de\/wp-json\/wp\/v2\/media?parent=104922"}],"wp:term":[{"taxonomy":"product_cat","embeddable":true,"href":"https:\/\/make-up-factory.com\/de\/wp-json\/wp\/v2\/product_cat?post=104922"},{"taxonomy":"product_tag","embeddable":true,"href":"https:\/\/make-up-factory.com\/de\/wp-json\/wp\/v2\/product_tag?post=104922"}],"curies":[{"name":"wp","href":"https:\/\/api.w.org\/{rel}","templated":true}]}}