{"id":114376,"date":"2025-06-30T08:57:59","date_gmt":"2025-06-30T06:57:59","guid":{"rendered":"https:\/\/make-up-factory.com\/?page_id=114376"},"modified":"2025-06-30T11:32:18","modified_gmt":"2025-06-30T09:32:18","slug":"barrierefreiheitserklaerung","status":"publish","type":"page","link":"https:\/\/make-up-factory.com\/de\/barrierefreiheitserklaerung\/","title":{"rendered":"Barrierefreiheitserkl\u00e4rung"},"content":{"rendered":"<p><strong>Stand der Erkl\u00e4rung:<\/strong> Juni 2025<\/p>\n<p>Die ICB innovative cosmetic brands GmbH ist bem\u00fcht, ihre Website https:\/\/make-up-factory.com\/ barrierefrei zug\u00e4nglich zu machen. Rechtsgrundlage hierf\u00fcr ist das <strong>Barrierefreiheitsst\u00e4rkungsgesetz (BFSG)<\/strong> in Verbindung mit der V<strong>erordnung zur Schaffung barrierefreier Informationstechnik nach dem Behindertengleichstellungsgesetz (BITV 2.0)<\/strong>.<\/p>\n<h2>Stand der Vereinbarkeit mit den Anforderungen<\/h2>\n<p>Diese Website ist <strong>teilweise barrierefrei<\/strong> gem\u00e4\u00df den Vorgaben der BITV 2.0. Es wurden bereits umfangreiche technische Ma\u00dfnahmen zur Verbesserung der Barrierefreiheit umgesetzt.<\/p>\n<h2>Methodik der Bewertung<\/h2>\n<p>Die \u00dcberpr\u00fcfung der Barrierefreiheit erfolgte im <strong>Juni 2025<\/strong> durch eine interne Selbstbewertung anhand der Kriterien der <strong>WCAG 2.1 \u2013 Konformit\u00e4tsstufe AA<\/strong> sowie EN 301 549.<\/p>\n<h2>Nicht barrierefreie Inhalte<\/h2>\n<p>Die nachstehend aufgef\u00fchrten Inhalte sind aktuell noch nicht vollst\u00e4ndig barrierefrei:<\/p>\n<p>Eingebettete Inhalte von Drittanbietern (z.\u202fB. Cross-Selling von Produkten auf der Produktdetailseite, Help Center Flows, Popups)<br \/>\nVideos ohne Untertitel oder Audiodeskription<br \/>\nWir arbeiten daran, diese Inhalte nach und nach barrierefrei bereitzustellen.<\/p>\n<h2>Feedback und Kontakt<\/h2>\n<p>Sollten Dir M\u00e4ngel in Bezug auf die barrierefreie Gestaltung dieser Website auffallen oder solltest Du Informationen ben\u00f6tigen, die nicht barrierefrei zug\u00e4nglich sind, nutze bitte unser <a title=\"Zum Kontaktformular\" href=\"https:\/\/make-up-factory.com\/de\/kontakt\/\">Kontaktformular<\/a> oder schreibe eine E-Mail an <a title=\"Nachricht schreiben an info@make-up-factory.de\" href=\"mailto:info@make-up-factory.de\">info@make-up-factory.de<\/a>.<\/p>\n<p>Wir bem\u00fchen uns, Deine Anfrage zeitnah zu beantworten.<\/p>\n<h2>Durchsetzungsverfahren<\/h2>\n<p>Falls Deine Anfrage zur Barrierefreiheit unserer Website nicht innerhalb von sechs Wochen zufriedenstellend beantwortet wird, kannst Du dich an die zust\u00e4ndige Durchsetzungsstelle wenden:<\/p>\n<p>Durchsetzungsstelle f\u00fcr barrierefreie Informationstechnik Bayern<br \/>\nBayerisches Staatsministerium f\u00fcr Digitales<br \/>\nOskar-von-Miller-Ring 35<br \/>\n80333 M\u00fcnchen<br \/>\nE-Mail: durchsetzungsstelle@stmud.bayern.de<br \/>\nWebsite: https:\/\/www.stmd.bayern.de<\/p>\n","protected":false},"excerpt":{"rendered":"<p>Stand der Erkl\u00e4rung: Juni 2025 Die ICB innovative cosmetic brands GmbH ist bem\u00fcht, ihre Website https:\/\/make-up-factory.com\/ barrierefrei zug\u00e4nglich&hellip;<\/p>\n","protected":false},"author":7,"featured_media":0,"parent":0,"menu_order":0,"comment_status":"closed","ping_status":"closed","template":"","meta":{"_acf_changed":false,"footnotes":""},"class_list":["post-114376","page","type-page","status-publish","hentry"],"acf":[],"yoast_head":"<!-- This site is optimized with the Yoast SEO plugin v25.6 - https:\/\/yoast.com\/wordpress\/plugins\/seo\/ -->\n<title>Barrierefreiheitserkl\u00e4rung - Make up Factory<\/title>\n<meta name=\"robots\" content=\"index, follow, max-snippet:-1, max-image-preview:large, max-video-preview:-1\" \/>\n<link rel=\"canonical\" href=\"https:\/\/make-up-factory.com\/de\/barrierefreiheitserklaerung\/\" \/>\n<meta property=\"og:locale\" content=\"de_DE\" \/>\n<meta property=\"og:type\" content=\"article\" \/>\n<meta property=\"og:title\" content=\"Barrierefreiheitserkl\u00e4rung - Make up Factory\" \/>\n<meta property=\"og:description\" content=\"Stand der Erkl\u00e4rung: Juni 2025 Die ICB innovative cosmetic brands GmbH ist bem\u00fcht, ihre Website https:\/\/make-up-factory.com\/ barrierefrei zug\u00e4nglich&hellip;\" \/>\n<meta property=\"og:url\" content=\"https:\/\/make-up-factory.com\/de\/barrierefreiheitserklaerung\/\" \/>\n<meta property=\"og:site_name\" content=\"Make up Factory\" \/>\n<meta property=\"article:publisher\" content=\"https:\/\/www.facebook.com\/Makeupfactory\/\" \/>\n<meta property=\"article:modified_time\" content=\"2025-06-30T09:32:18+00:00\" \/>\n<meta name=\"twitter:card\" content=\"summary_large_image\" \/>\n<meta name=\"twitter:label1\" content=\"Est. reading time\" \/>\n\t<meta name=\"twitter:data1\" content=\"1\u00a0Minute\" \/>\n<script type=\"application\/ld+json\" class=\"yoast-schema-graph\">{\"@context\":\"https:\/\/schema.org\",\"@graph\":[{\"@type\":\"WebPage\",\"@id\":\"https:\/\/make-up-factory.com\/de\/barrierefreiheitserklaerung\/\",\"url\":\"https:\/\/make-up-factory.com\/de\/barrierefreiheitserklaerung\/\",\"name\":\"Barrierefreiheitserkl\u00e4rung - Make up Factory\",\"isPartOf\":{\"@id\":\"https:\/\/make-up-factory.com\/de\/#website\"},\"datePublished\":\"2025-06-30T06:57:59+00:00\",\"dateModified\":\"2025-06-30T09:32:18+00:00\",\"breadcrumb\":{\"@id\":\"https:\/\/make-up-factory.com\/de\/barrierefreiheitserklaerung\/#breadcrumb\"},\"inLanguage\":\"de\",\"potentialAction\":[{\"@type\":\"ReadAction\",\"target\":[\"https:\/\/make-up-factory.com\/de\/barrierefreiheitserklaerung\/\"]}]},{\"@type\":\"BreadcrumbList\",\"@id\":\"https:\/\/make-up-factory.com\/de\/barrierefreiheitserklaerung\/#breadcrumb\",\"itemListElement\":[{\"@type\":\"ListItem\",\"position\":1,\"name\":\"Home\",\"item\":\"https:\/\/make-up-factory.com\/de\/\"},{\"@type\":\"ListItem\",\"position\":2,\"name\":\"Barrierefreiheitserkl\u00e4rung\"}]},{\"@type\":\"WebSite\",\"@id\":\"https:\/\/make-up-factory.com\/de\/#website\",\"url\":\"https:\/\/make-up-factory.com\/de\/\",\"name\":\"Make up Factory\",\"description\":\"\",\"publisher\":{\"@id\":\"https:\/\/make-up-factory.com\/de\/#organization\"},\"potentialAction\":[{\"@type\":\"SearchAction\",\"target\":{\"@type\":\"EntryPoint\",\"urlTemplate\":\"https:\/\/make-up-factory.com\/de\/?s={search_term_string}\"},\"query-input\":{\"@type\":\"PropertyValueSpecification\",\"valueRequired\":true,\"valueName\":\"search_term_string\"}}],\"inLanguage\":\"de\"},{\"@type\":\"Organization\",\"@id\":\"https:\/\/make-up-factory.com\/de\/#organization\",\"name\":\"ICB innovative cosmetic brands GmbH\",\"url\":\"https:\/\/make-up-factory.com\/de\/\",\"logo\":{\"@type\":\"ImageObject\",\"inLanguage\":\"de\",\"@id\":\"https:\/\/make-up-factory.com\/de\/#\/schema\/logo\/image\/\",\"url\":\"https:\/\/make-up-factory.com\/app\/uploads\/2021\/02\/muf-logo-1.png\",\"contentUrl\":\"https:\/\/make-up-factory.com\/app\/uploads\/2021\/02\/muf-logo-1.png\",\"width\":119,\"height\":209,\"caption\":\"ICB innovative cosmetic brands GmbH\"},\"image\":{\"@id\":\"https:\/\/make-up-factory.com\/de\/#\/schema\/logo\/image\/\"},\"sameAs\":[\"https:\/\/www.facebook.com\/Makeupfactory\/\",\"https:\/\/www.instagram.com\/make_up_factory\/\",\"https:\/\/www.youtube.com\/channel\/UCleVbgsF0ox7ZnTLV6kG5hA\"]}]}<\/script>\n<!-- \/ Yoast SEO plugin. -->","yoast_head_json":{"title":"Barrierefreiheitserkl\u00e4rung - Make up Factory","robots":{"index":"index","follow":"follow","max-snippet":"max-snippet:-1","max-image-preview":"max-image-preview:large","max-video-preview":"max-video-preview:-1"},"canonical":"https:\/\/make-up-factory.com\/de\/barrierefreiheitserklaerung\/","og_locale":"de_DE","og_type":"article","og_title":"Barrierefreiheitserkl\u00e4rung - Make up Factory","og_description":"Stand der Erkl\u00e4rung: Juni 2025 Die ICB innovative cosmetic brands GmbH ist bem\u00fcht, ihre Website https:\/\/make-up-factory.com\/ barrierefrei zug\u00e4nglich&hellip;","og_url":"https:\/\/make-up-factory.com\/de\/barrierefreiheitserklaerung\/","og_site_name":"Make up Factory","article_publisher":"https:\/\/www.facebook.com\/Makeupfactory\/","article_modified_time":"2025-06-30T09:32:18+00:00","twitter_card":"summary_large_image","twitter_misc":{"Est. reading time":"1\u00a0Minute"},"schema":{"@context":"https:\/\/schema.org","@graph":[{"@type":"WebPage","@id":"https:\/\/make-up-factory.com\/de\/barrierefreiheitserklaerung\/","url":"https:\/\/make-up-factory.com\/de\/barrierefreiheitserklaerung\/","name":"Barrierefreiheitserkl\u00e4rung - Make up Factory","isPartOf":{"@id":"https:\/\/make-up-factory.com\/de\/#website"},"datePublished":"2025-06-30T06:57:59+00:00","dateModified":"2025-06-30T09:32:18+00:00","breadcrumb":{"@id":"https:\/\/make-up-factory.com\/de\/barrierefreiheitserklaerung\/#breadcrumb"},"inLanguage":"de","potentialAction":[{"@type":"ReadAction","target":["https:\/\/make-up-factory.com\/de\/barrierefreiheitserklaerung\/"]}]},{"@type":"BreadcrumbList","@id":"https:\/\/make-up-factory.com\/de\/barrierefreiheitserklaerung\/#breadcrumb","itemListElement":[{"@type":"ListItem","position":1,"name":"Home","item":"https:\/\/make-up-factory.com\/de\/"},{"@type":"ListItem","position":2,"name":"Barrierefreiheitserkl\u00e4rung"}]},{"@type":"WebSite","@id":"https:\/\/make-up-factory.com\/de\/#website","url":"https:\/\/make-up-factory.com\/de\/","name":"Make up Factory","description":"","publisher":{"@id":"https:\/\/make-up-factory.com\/de\/#organization"},"potentialAction":[{"@type":"SearchAction","target":{"@type":"EntryPoint","urlTemplate":"https:\/\/make-up-factory.com\/de\/?s={search_term_string}"},"query-input":{"@type":"PropertyValueSpecification","valueRequired":true,"valueName":"search_term_string"}}],"inLanguage":"de"},{"@type":"Organization","@id":"https:\/\/make-up-factory.com\/de\/#organization","name":"ICB innovative cosmetic brands GmbH","url":"https:\/\/make-up-factory.com\/de\/","logo":{"@type":"ImageObject","inLanguage":"de","@id":"https:\/\/make-up-factory.com\/de\/#\/schema\/logo\/image\/","url":"https:\/\/make-up-factory.com\/app\/uploads\/2021\/02\/muf-logo-1.png","contentUrl":"https:\/\/make-up-factory.com\/app\/uploads\/2021\/02\/muf-logo-1.png","width":119,"height":209,"caption":"ICB innovative cosmetic brands GmbH"},"image":{"@id":"https:\/\/make-up-factory.com\/de\/#\/schema\/logo\/image\/"},"sameAs":["https:\/\/www.facebook.com\/Makeupfactory\/","https:\/\/www.instagram.com\/make_up_factory\/","https:\/\/www.youtube.com\/channel\/UCleVbgsF0ox7ZnTLV6kG5hA"]}]}},"_links":{"self":[{"href":"https:\/\/make-up-factory.com\/de\/wp-json\/wp\/v2\/pages\/114376","targetHints":{"allow":["GET"]}}],"collection":[{"href":"https:\/\/make-up-factory.com\/de\/wp-json\/wp\/v2\/pages"}],"about":[{"href":"https:\/\/make-up-factory.com\/de\/wp-json\/wp\/v2\/types\/page"}],"author":[{"embeddable":true,"href":"https:\/\/make-up-factory.com\/de\/wp-json\/wp\/v2\/users\/7"}],"replies":[{"embeddable":true,"href":"https:\/\/make-up-factory.com\/de\/wp-json\/wp\/v2\/comments?post=114376"}],"version-history":[{"count":10,"href":"https:\/\/make-up-factory.com\/de\/wp-json\/wp\/v2\/pages\/114376\/revisions"}],"predecessor-version":[{"id":114391,"href":"https:\/\/make-up-factory.com\/de\/wp-json\/wp\/v2\/pages\/114376\/revisions\/114391"}],"wp:attachment":[{"href":"https:\/\/make-up-factory.com\/de\/wp-json\/wp\/v2\/media?parent=114376"}],"curies":[{"name":"wp","href":"https:\/\/api.w.org\/{rel}","templated":true}]}}